{"id":1045,"date":"2019-12-31T14:47:06","date_gmt":"2019-12-31T13:47:06","guid":{"rendered":"http:\/\/savourturkey.com\/cz\/?page_id=1045"},"modified":"2025-11-18T08:48:01","modified_gmt":"2025-11-18T07:48:01","slug":"reference","status":"publish","type":"page","link":"https:\/\/savourturkey.com\/cz\/o-nas\/reference\/","title":{"rendered":"Reference"},"content":{"rendered":"<p><a href=\"https:\/\/savourturkey.com\/cz\/wp-content\/uploads\/sites\/2\/2015\/12\/ST-Galata-tower-street.jpg\"><img loading=\"lazy\" decoding=\"async\" class=\"alignnone size-full wp-image-602\" src=\"https:\/\/savourturkey.com\/cz\/wp-content\/uploads\/sites\/2\/2015\/12\/ST-Galata-tower-street.jpg\" alt=\"\" width=\"720\" height=\"720\" srcset=\"https:\/\/savourturkey.com\/cz\/wp-content\/uploads\/sites\/2\/2015\/12\/ST-Galata-tower-street.jpg 720w, https:\/\/savourturkey.com\/cz\/wp-content\/uploads\/sites\/2\/2015\/12\/ST-Galata-tower-street-150x150.jpg 150w, https:\/\/savourturkey.com\/cz\/wp-content\/uploads\/sites\/2\/2015\/12\/ST-Galata-tower-street-300x300.jpg 300w, https:\/\/savourturkey.com\/cz\/wp-content\/uploads\/sites\/2\/2015\/12\/ST-Galata-tower-street-230x230.jpg 230w\" sizes=\"auto, (max-width: 720px) 100vw, 720px\" \/><\/a><\/p>\n<p>\u00a9 Savour Turkey &#8211;\u00a0Galatsk\u00e1 v\u011b\u017e v Istanbulu<\/p>\n<p>Pan\u00ed Pavlo, s v\u00e1mi byl Istanbul TOP! Moc d\u011bkujeme. <strong>Ren\u00e9, Praha<\/strong><\/p>\n<p>Dobr\u00fd den pan\u00ed Apostolaki, jak vyprav\u00edme z\u00e1\u017eitky z Istanbulu, tak \u0159\u00edk\u00e1me, \u017ee bez v\u00e1s a va\u0161eho vypr\u00e1v\u011bn\u00ed by byly dojmy a pozn\u00e1n\u00ed mnohem men\u0161\u00ed. M\u011bla jste to moc hezky p\u0159ipraven\u00e9, ty okruhy spojen\u00e9 s pam\u00e1tkami, i ty modern\u011bj\u0161\u00ed v\u011bci, a samoz\u0159ejm\u011b tureck\u00e9 zvyky a tradice. R\u00e1da v\u00e1s budu doporu\u010dovat a d\u011bkuji za va\u0161i p\u00e9\u010di. <strong>Kate\u0159ina, Znojmo<\/strong><\/p>\n<p>Pan\u00ed Apostolaki,\u00a0chceme pod\u011bkovat za va\u0161e pr\u016fvodcovsk\u00e9 slu\u017eby v Istanbulu. Bylo to s v\u00e1mi velice p\u0159\u00edjemn\u00e9. <strong>Martin, Brno<\/strong><\/p>\n<p>Mil\u00e1 pani Pavla,\u00a0 \u010fakujeme za v\u00e1\u0161 skvel\u00fd a zauj\u00edmav\u00fd v\u00fdklad v Istanbule. <strong>M\u00e1jovi, Bratislava<\/strong><\/p>\n<p style=\"font-weight: 400;\">Dobr\u00fd den, chci v\u00e1m pod\u011bkovat za u\u017easnou prohl\u00eddku Istanbulu. Bylo to super a budu V\u00e1s doporu\u010dovat. <strong>Martin, Brno<\/strong><\/p>\n<p>Pavlo, je\u0161t\u011b jednou moc, moc, moc d\u011bkujeme za prohl\u00eddku Istanbulu. Bylo to opravdu moc pou\u010dn\u00e9 a inspirativn\u00ed. Kr\u00e1sn\u00e1 pr\u00e1ce. Jste prof\u00edk.\u00a0<strong>Petr, Hav\u00ed\u0159ov<\/strong><\/p>\n<p>Pavlo, mus\u00edm konstatovat, \u017ee jsem se v \u017eivot\u011b jen m\u00e1lokdy setkal s tak vysokou m\u00edrou profesionality a nad\u0161en\u00ed\u00a0 jako u v\u00e1s p\u0159i na\u0161\u00ed prohl\u00eddce Istanbulu.\u00a0 V\u017edy mi bylo a snad je\u0161t\u011b bude ct\u00ed s v\u00e1mi n\u011bco kr\u00e1sn\u00e9ho pro\u017e\u00edt.\u00a0<strong>Pavel, Uhersk\u00e9 Hradi\u0161t\u011b<\/strong><\/p>\n<p>Mil\u00e1 pan\u00ed Apostolaki, zaj\u00edmav\u011b a s hlubok\u00fdmi znalostmi prov\u00e1d\u00edte Istanbulem. V\u0161ichni jsme se shodli,\u00a0\u017ee pr\u00e1v\u011b d\u00edky v\u00e1m se n\u00e1m n\u00e1v\u0161t\u011bva Istanbulu vyda\u0159ila. Sami bychom nevid\u011bli (a ani nena\u0161li) v\u0161echny ty zaj\u00edmavosti m\u011bsta. Moc d\u011bkuji.\u00a0<strong>Jana, Brno<\/strong><\/p>\n<p>Bylo n\u00e1m pot\u011b\u0161en\u00edm vyu\u017e\u00edt va\u0161ich profesion\u00e1ln\u00edch slu\u017eeb v Turecku. <strong>Pavel, Karvin\u00e1<\/strong><\/p>\n<p>Chcem se po\u010fakova\u0165 za pr\u00edjemn\u00e9 str\u00e1ven\u00e9 dni v\u00a0Istanbule. V\u010faka v\u00e1m sme aspo\u0148 spoznali t\u00fato destin\u00e1ciu. \u010eakujeme za Va\u0161e slu\u017eby.\u00a0<strong>Branislav, Bansk\u00e1 Bystrica<\/strong><\/p>\n<p>Jsem r\u00e1d, \u017ee jsem jel na t\u00faru Nemrut \u2013 S\u00fcphan \u2013 Ararat. Byl to vzru\u0161uj\u00edc\u00ed z\u00e1\u017eitek! <strong>Marc, \u0160v\u00fdcarsko<\/strong><\/p>\n<p>Dobr\u00fd den pan\u00ed Apostolaki,\u00a0mockr\u00e1t d\u011bkujeme za prohl\u00eddku Istanbulu, velmi jsme si to u\u017eili \ud83d\ude42 Istanbul byl \u00fa\u017easn\u00fd a jsme rozhodnuti,\u00a0\u017ee toto nebyla na\u0161e posledn\u00ed n\u00e1v\u0161t\u011bva \ud83d\ude42\u00a0 <strong>Tereza, Litom\u011b\u0159ice<\/strong><\/p>\n<p>D\u011bkuji Pavle Apostolaki za skv\u011bl\u00e9 pr\u016fvodcovsk\u00e9 slu\u017eby. Je vid\u011bt, \u017ee Istanbul m\u00e1 v\u00a0mal\u00edku. A\u0165 se v\u00e1m da\u0159\u00ed a m\u00e1te hodn\u011b dal\u0161\u00edch spokojen\u00fdch klient\u016f.\u00a0<strong>Helena, Olomouc<\/strong><\/p>\n<p>Savour Turkey je zcela profesion\u00e1ln\u00ed t\u00fdm. Dostali jsme informace dop\u0159edu a t\u00fdm p\u0159ipravil v\u0161e pot\u0159ebn\u00e9 pro na\u0161i cestu. N\u00e1\u0161 pobyt ve v\u00fdchodn\u00ed Anatolii byl naprosto skv\u011bl\u00fd. Mnohokr\u00e1t d\u011bkujeme a r\u00e1di p\u0159ijedeme znovu. <strong>Paul a Kate, Irsko<\/strong><\/p>\n<p>V\u00fdstup na Ararat byl jedine\u010dn\u00fd! D\u00edky moc.\u00a0<strong>Udo, N\u011bmecko<\/strong><\/p>\n<p>V\u00e1\u0161 trek na Ka\u00e7karu m\u011b dostal! N\u00e1dhern\u00e1 p\u0159\u00edroda, pohostinn\u00ed lid\u00e9 a v\u00fdborn\u00e1 kuchyn\u011b.<strong> Franz, Rakousko<\/strong><\/p>\n<p>Mil\u00e1 Pavlo, je\u0161t\u011b jednou velk\u00e9 d\u00edky za Istanbul. Ihned jak jsme v\u00e1s opustili, uv\u011bdomili jsme si tu t\u00edhu samoty.\u00a0 Va\u0161e mil\u00e1 a nevt\u00edrav\u00e1 osobnost n\u00e1m moc chyb\u011bla. Budu na v\u00e1s moc vzpom\u00ednat a v hlav\u011b p\u0159ehr\u00e1vat v\u0161e, co jste pro n\u00e1s p\u0159ipravila. Bylo to skv\u011bl\u00e9!\u00a0<strong>Pavel, Uhersk\u00e9 Hradi\u0161t\u011b<\/strong><\/p>\n<p>Mil\u00e1 pan\u00ed Apostolaki, d\u011bkuji za va\u0161i milou spole\u010dnost. D\u00edky v\u00e1m byl pro n\u00e1s Istanbul velice p\u0159\u00edjemn\u00fd.\u00a0<strong>Jarmila, Praha<\/strong><\/p>\n<p>D\u011bkujeme Pavle Apostolaki za prohl\u00eddku Istanbulu. Prohl\u00eddka byla n\u00e1dhern\u00e1, kr\u00e1sn\u00e1 a nad o\u010dek\u00e1v\u00e1n\u00ed.\u00a0<strong>Vlastimil, Praha<\/strong><\/p>\n<p>Na bazaru jsem si nakoupila spoustu ko\u0159en\u00ed a \u010daj\u016f. Poka\u017ed\u00e9, kdy\u017e je doma otev\u0159u, vzpomenu si n\u00e1\u0161 kr\u00e1sn\u00fd pobyt v\u00a0Istanbulu<strong>. Darina, T\u00e1bor<\/strong><\/p>\n<p>Prohl\u00eddka Istanbulu v pod\u00e1n\u00ed Pavly Apostolaki m\u011b absolutn\u011b nadchla. Vid\u011bla jsem m\u00edsta zn\u00e1m\u00e1 i nezn\u00e1m\u00e1, ochutnala tureck\u00e9 speciality a u\u017eila si luxusn\u00ed hamam.\u00a0<strong>Daniela, M\u011bln\u00edk<\/strong><\/p>\n<p>Jsem fanynka historick\u00e9ho seri\u00e1lu Sult\u00e1n (Velkolep\u00e9 stolet\u00ed). D\u00edky v\u00e1m jsem vid\u011bla Topkapi pal\u00e1c (v\u010detn\u011b har\u00e9mu), hrobku sult\u00e1nky H\u00fcrrem, me\u0161itu R\u00fcstema pa\u0161i a dal\u0161\u00ed m\u00edsta spojen\u00e1 se seri\u00e1lem. Wow, jsem nad\u0161en\u00e1!\u00a0<strong>Gabika, Bratislava<\/strong><\/p>\n<p>V\u017edycky jsem si p\u0159\u00e1la nav\u0161t\u00edvit Istanbul a Modrou me\u0161itu. S\u00a0v\u00e1mi se mi moje p\u0159\u00e1n\u00ed splnilo a je\u0161t\u011b nav\u00edc jsem poznala Sulejm\u00e1nii. V\u016fbec jsem netu\u0161ila, jak je kr\u00e1sn\u00e1.\u00a0<strong>Alena, Pod\u011bbrady<\/strong><\/p>\n","protected":false},"excerpt":{"rendered":"<p>\u00a9 Savour Turkey &#8211;\u00a0Galatsk\u00e1 v\u011b\u017e v Istanbulu Pan\u00ed Pavlo, s v\u00e1mi byl Istanbul TOP! Moc d\u011bkujeme. Ren\u00e9, Praha Dobr\u00fd den pan\u00ed Apostolaki, jak vyprav\u00edme z\u00e1\u017eitky z Istanbulu, tak \u0159\u00edk\u00e1me, \u017ee bez v\u00e1s a va\u0161eho vypr\u00e1v\u011bn\u00ed by byly dojmy a pozn\u00e1n\u00ed&hellip; <\/p>\n","protected":false},"author":1,"featured_media":0,"parent":28,"menu_order":0,"comment_status":"closed","ping_status":"closed","template":"","meta":{"_acf_changed":false,"footnotes":""},"tags":[560,442,394,455],"class_list":["post-1045","page","type-page","status-publish","hentry","tag-prohlidka-istanbulu","tag-pruvodce-turecko","tag-pruvodce-v-istanbulu","tag-pruvodce-v-turecku"],"acf":[],"_links":{"self":[{"href":"https:\/\/savourturkey.com\/cz\/wp-json\/wp\/v2\/pages\/1045","targetHints":{"allow":["GET"]}}],"collection":[{"href":"https:\/\/savourturkey.com\/cz\/wp-json\/wp\/v2\/pages"}],"about":[{"href":"https:\/\/savourturkey.com\/cz\/wp-json\/wp\/v2\/types\/page"}],"author":[{"embeddable":true,"href":"https:\/\/savourturkey.com\/cz\/wp-json\/wp\/v2\/users\/1"}],"replies":[{"embeddable":true,"href":"https:\/\/savourturkey.com\/cz\/wp-json\/wp\/v2\/comments?post=1045"}],"version-history":[{"count":8,"href":"https:\/\/savourturkey.com\/cz\/wp-json\/wp\/v2\/pages\/1045\/revisions"}],"predecessor-version":[{"id":1204,"href":"https:\/\/savourturkey.com\/cz\/wp-json\/wp\/v2\/pages\/1045\/revisions\/1204"}],"up":[{"embeddable":true,"href":"https:\/\/savourturkey.com\/cz\/wp-json\/wp\/v2\/pages\/28"}],"wp:attachment":[{"href":"https:\/\/savourturkey.com\/cz\/wp-json\/wp\/v2\/media?parent=1045"}],"wp:term":[{"taxonomy":"post_tag","embeddable":true,"href":"https:\/\/savourturkey.com\/cz\/wp-json\/wp\/v2\/tags?post=1045"}],"curies":[{"name":"wp","href":"https:\/\/api.w.org\/{rel}","templated":true}]}}