{"id":1066,"date":"2021-04-13T14:48:53","date_gmt":"2021-04-13T13:48:53","guid":{"rendered":"http:\/\/savourturkey.com\/cz\/?page_id=1066"},"modified":"2022-08-15T13:00:53","modified_gmt":"2022-08-15T12:00:53","slug":"cestovani-do-turecka-covid","status":"publish","type":"page","link":"https:\/\/savourturkey.com\/cz\/faq\/cestovani-do-turecka-covid\/","title":{"rendered":"Cestov\u00e1n\u00ed do Turecka covid"},"content":{"rendered":"<p>&nbsp;<\/p>\n<p><a href=\"https:\/\/savourturkey.com\/cz\/wp-content\/uploads\/sites\/2\/2021\/04\/Bospor-n\u00e1b\u0159e\u017e\u00ed.jpg\"><img loading=\"lazy\" decoding=\"async\" class=\"alignnone size-full wp-image-1069\" src=\"https:\/\/savourturkey.com\/cz\/wp-content\/uploads\/sites\/2\/2021\/04\/Bospor-n\u00e1b\u0159e\u017e\u00ed.jpg\" alt=\"\" width=\"1600\" height=\"900\" srcset=\"https:\/\/savourturkey.com\/cz\/wp-content\/uploads\/sites\/2\/2021\/04\/Bospor-n\u00e1b\u0159e\u017e\u00ed.jpg 1600w, https:\/\/savourturkey.com\/cz\/wp-content\/uploads\/sites\/2\/2021\/04\/Bospor-n\u00e1b\u0159e\u017e\u00ed-300x169.jpg 300w, https:\/\/savourturkey.com\/cz\/wp-content\/uploads\/sites\/2\/2021\/04\/Bospor-n\u00e1b\u0159e\u017e\u00ed-768x432.jpg 768w, https:\/\/savourturkey.com\/cz\/wp-content\/uploads\/sites\/2\/2021\/04\/Bospor-n\u00e1b\u0159e\u017e\u00ed-1024x576.jpg 1024w\" sizes=\"auto, (max-width: 1600px) 100vw, 1600px\" \/><\/a><\/p>\n<p>\u00a9 Savour Turkey &#8211; Bospor<\/p>\n<p>&nbsp;<\/p>\n<p>&nbsp;<\/p>\n<p>Cestov\u00e1n\u00ed do Turecka je mo\u017en\u00e9, aktu\u00e1ln\u00ed informace najdete na tomto odkazu<\/p>\n<p><a href=\"https:\/\/www.mzv.cz\/ankara\/cz\/viza_a_konzularni_informace\/covid_19\/souhrnna_aktulizace_opatreni_opatreni_v.html\">https:\/\/www.mzv.cz\/ankara\/cz\/viza_a_konzularni_informace\/covid_19\/souhrnna_aktulizace_opatreni_opatreni_v.html<\/a><\/p>\n<p>&nbsp;<\/p>\n","protected":false},"excerpt":{"rendered":"<p>&nbsp; \u00a9 Savour Turkey &#8211; Bospor &nbsp; &nbsp; Cestov\u00e1n\u00ed do Turecka je mo\u017en\u00e9, aktu\u00e1ln\u00ed informace najdete na tomto odkazu https:\/\/www.mzv.cz\/ankara\/cz\/viza_a_konzularni_informace\/covid_19\/souhrnna_aktulizace_opatreni_opatreni_v.html &nbsp;<\/p>\n","protected":false},"author":1,"featured_media":0,"parent":58,"menu_order":0,"comment_status":"closed","ping_status":"closed","template":"","meta":{"_acf_changed":false,"footnotes":""},"tags":[598,434,591,592,589,590,593],"class_list":["post-1066","page","type-page","status-publish","hentry","tag-aktualni-podminky-cestovani-do-turecka","tag-cestovani-do-turecka","tag-cestovani-do-turecka-covid","tag-cestovani-do-turecka-koronavirus","tag-cestovani-turecko-covid","tag-cestovani-turecko-koronavirus","tag-turecko-covid"],"acf":[],"_links":{"self":[{"href":"https:\/\/savourturkey.com\/cz\/wp-json\/wp\/v2\/pages\/1066","targetHints":{"allow":["GET"]}}],"collection":[{"href":"https:\/\/savourturkey.com\/cz\/wp-json\/wp\/v2\/pages"}],"about":[{"href":"https:\/\/savourturkey.com\/cz\/wp-json\/wp\/v2\/types\/page"}],"author":[{"embeddable":true,"href":"https:\/\/savourturkey.com\/cz\/wp-json\/wp\/v2\/users\/1"}],"replies":[{"embeddable":true,"href":"https:\/\/savourturkey.com\/cz\/wp-json\/wp\/v2\/comments?post=1066"}],"version-history":[{"count":3,"href":"https:\/\/savourturkey.com\/cz\/wp-json\/wp\/v2\/pages\/1066\/revisions"}],"predecessor-version":[{"id":1085,"href":"https:\/\/savourturkey.com\/cz\/wp-json\/wp\/v2\/pages\/1066\/revisions\/1085"}],"up":[{"embeddable":true,"href":"https:\/\/savourturkey.com\/cz\/wp-json\/wp\/v2\/pages\/58"}],"wp:attachment":[{"href":"https:\/\/savourturkey.com\/cz\/wp-json\/wp\/v2\/media?parent=1066"}],"wp:term":[{"taxonomy":"post_tag","embeddable":true,"href":"https:\/\/savourturkey.com\/cz\/wp-json\/wp\/v2\/tags?post=1066"}],"curies":[{"name":"wp","href":"https:\/\/api.w.org\/{rel}","templated":true}]}}