{"id":1145,"date":"2025-06-13T16:43:58","date_gmt":"2025-06-13T15:43:58","guid":{"rendered":"http:\/\/savourturkey.com\/cz\/?page_id=1145"},"modified":"2025-09-26T17:30:24","modified_gmt":"2025-09-26T16:30:24","slug":"nocni-prohlidky-istanbulu","status":"publish","type":"page","link":"https:\/\/savourturkey.com\/cz\/turistika\/istanbul\/nocni-prohlidky-istanbulu\/","title":{"rendered":"No\u010dn\u00ed prohl\u00eddky Istanbulu"},"content":{"rendered":"<p>&nbsp;<\/p>\n<p><a href=\"https:\/\/savourturkey.com\/cz\/wp-content\/uploads\/sites\/2\/2025\/06\/20250517_220923.jpg\"><img loading=\"lazy\" decoding=\"async\" class=\"alignnone size-full wp-image-1150\" src=\"https:\/\/savourturkey.com\/cz\/wp-content\/uploads\/sites\/2\/2025\/06\/20250517_220923.jpg\" alt=\"\" width=\"4000\" height=\"3000\" srcset=\"https:\/\/savourturkey.com\/cz\/wp-content\/uploads\/sites\/2\/2025\/06\/20250517_220923.jpg 4000w, https:\/\/savourturkey.com\/cz\/wp-content\/uploads\/sites\/2\/2025\/06\/20250517_220923-300x225.jpg 300w, https:\/\/savourturkey.com\/cz\/wp-content\/uploads\/sites\/2\/2025\/06\/20250517_220923-768x576.jpg 768w, https:\/\/savourturkey.com\/cz\/wp-content\/uploads\/sites\/2\/2025\/06\/20250517_220923-1024x768.jpg 1024w\" sizes=\"auto, (max-width: 4000px) 100vw, 4000px\" \/><\/a><\/p>\n<p>\u00a9Savour Turkey &#8211; no\u010dn\u00ed Istanbul<\/p>\n<p>&nbsp;<\/p>\n<p>&nbsp;<\/p>\n<p><span id=\"m_7547321802564616873gmail-from-fiery-festivals-to-nature's-most-dazzling-&quot;sky-dance&quot;,-interest-in-the-night-skies-is-booming,-with-&quot;noctourism&quot;-poised-to-be-a-major-travel-trend-in-2025.\"><span style=\"font-family: verdana, sans-serif;\">Noctourism (no\u010dn\u00ed turistika) je nyn\u00ed\u00a0 ve sv\u011bt\u011b hlavn\u00edm cestovn\u00edm trendem.<\/span><\/span><\/p>\n<p><span style=\"font-family: verdana, sans-serif;\">\u00a0<\/span><\/p>\n<p><span style=\"font-family: verdana, sans-serif;\">V dne\u0161n\u00ed hektick\u00e9 dob\u011b lid\u00e9 hledaj\u00ed klid a hlub\u0161\u00ed, uvoln\u011bn\u011bj\u0161\u00ed z\u00e1\u017eitky, kter\u00e9 si pln\u011b\u00a0<\/span><\/p>\n<p><span style=\"font-family: verdana, sans-serif;\">vychutnaj\u00ed bez ru\u0161iv\u00fdch vliv\u016f a dav\u016f turist\u016f.<\/span><\/p>\n<p><span style=\"font-family: verdana, sans-serif;\">\u00a0<\/span><\/p>\n<p><span style=\"font-family: verdana, sans-serif;\">I na\u0161e no\u010dn\u00ed prohl\u00eddky Istanbulu maj\u00ed zcela jin\u00fd n\u00e1dech. <\/span><\/p>\n<p><span style=\"font-family: verdana, sans-serif;\">Jsou tajupln\u00e9, p\u0159in\u00e1\u0161\u00ed\u00a0romantiku, vzru\u0161en\u00ed,\u00a0kr\u00e1su noci a novou perspektivu, kter\u00e1 ve\u00a0<\/span><\/p>\n<p><span style=\"font-family: verdana, sans-serif;\">dne neexistuje.\u00a0<\/span><\/p>\n<p><span style=\"font-family: verdana, sans-serif;\">\u00a0<\/span><\/p>\n<p><span style=\"font-family: verdana, sans-serif;\">Z\u00e1rove\u0148 jsou\u00a0 pln\u00e9 klidu a pohodl\u00ed, proto\u017ee lokality jsou v\u00a0noci t\u00e9m\u011b\u0159 lidupr\u00e1zdn\u00e9.<\/span><\/p>\n<p><span style=\"font-family: verdana, sans-serif; font-size: 14px;\">N\u011bkter\u00e9 pam\u00e1tky kr\u00e1\u0161l\u00ed no\u010dn\u00ed osv\u011btlen\u00ed, jin\u00e9 hal\u00ed tajemn\u00e9 \u0161ero a dal\u0161\u00ed se lesknou pod <\/span><\/p>\n<p><span style=\"font-family: verdana, sans-serif;\">svitem m\u011bs\u00edce a hv\u011bzd.<\/span><\/p>\n<p><span style=\"font-family: verdana, sans-serif;\">\u00a0<\/span><\/p>\n<p><span style=\"font-family: verdana, sans-serif;\">N\u00e1dhern\u00e1 architektura dost\u00e1v\u00e1 v noci zcela jin\u00fd rozm\u011br, jinou podobu a zrovna tak\u00a0<\/span><\/p>\n<p><span style=\"font-family: verdana, sans-serif;\">Bospor se st\u00e1v\u00e1 magick\u00fdm, sv\u011bt\u00e9lkuj\u00edc\u00edm m\u00edstem s \u0161um\u011bn\u00edm mo\u0159sk\u00fdch vln.<\/span><\/p>\n<p><span style=\"font-family: verdana, sans-serif;\">\u00a0<\/span><\/p>\n<p><span style=\"font-family: verdana, sans-serif;\">V noci jsou tak\u00e9 na\u0161e smysly intenzivn\u011bj\u0161\u00ed a ve tm\u011b vid\u00edme v\u011bci, kter\u00e9 ve dne <\/span><\/p>\n<p><span style=\"font-family: verdana, sans-serif;\">nepost\u0159ehneme.\u00a0<\/span><\/p>\n<p><span style=\"font-family: verdana, sans-serif;\">\u00a0<\/span><\/p>\n<p><span style=\"font-family: verdana, sans-serif;\">P\u0159i na\u0161ich no\u010dn\u00edch prohl\u00eddk\u00e1ch Istanbulu za\u017eijete<\/span>\u00a0okouzluj\u00edc\u00ed vizu\u00e1ln\u00ed\u00a0 a sv\u011bteln\u00e9 vjemy,<\/p>\n<p>\u00fa\u017easn\u00e9, jedine\u010dn\u00e9 pohledy a \u00fachvatn\u00e9 dojmy.<\/p>\n<p>&nbsp;<\/p>\n<p>Za doprovodu na\u0161eho \u010desky mluv\u00edc\u00edho pr\u016fvodce v Istanbulu se tak\u00e9 pod\u00edv\u00e1te do m\u00edst, kam se<\/p>\n<p>b\u011b\u017en\u00ed turist\u00e9 nedostanou a pozn\u00e1te autentick\u00fd, no\u010dn\u00ed \u017eivot Istanbulu.<\/p>\n<p><span style=\"font-family: verdana, sans-serif;\">\u00a0<\/span><\/p>\n<p>&nbsp;<\/p>\n<p><strong>INFORMACE A REZERVACE:<\/strong><\/p>\n<p>Chcete-li si objednat no\u010dn\u00ed prohl\u00eddku Istanbulu, pi\u0161te na:<\/p>\n<p>savourturkey@gmail.com<\/p>\n","protected":false},"excerpt":{"rendered":"<p>&nbsp; \u00a9Savour Turkey &#8211; no\u010dn\u00ed Istanbul &nbsp; &nbsp; Noctourism (no\u010dn\u00ed turistika) je nyn\u00ed\u00a0 ve sv\u011bt\u011b hlavn\u00edm cestovn\u00edm trendem. \u00a0 V dne\u0161n\u00ed hektick\u00e9 dob\u011b lid\u00e9 hledaj\u00ed klid a hlub\u0161\u00ed, uvoln\u011bn\u011bj\u0161\u00ed z\u00e1\u017eitky, kter\u00e9 si pln\u011b\u00a0 vychutnaj\u00ed bez ru\u0161iv\u00fdch vliv\u016f a dav\u016f turist\u016f.&hellip; <\/p>\n","protected":false},"author":1,"featured_media":0,"parent":32,"menu_order":0,"comment_status":"closed","ping_status":"closed","template":"","meta":{"_acf_changed":false,"footnotes":""},"tags":[637,627,628,632,630,626,629,631,633],"class_list":["post-1145","page","type-page","status-publish","hentry","tag-cesky-mluvici-pruvodce-v-istanbulu","tag-istanbul-nocni-prohlidka","tag-istanbul-nocni-prohlidky","tag-istanbul-v-noci","tag-nocni-istanbul","tag-nocni-prohlidka-istanbulu","tag-nocni-prohlidky-istanbulu","tag-nocni-turistika-istanbul","tag-noctourism"],"acf":[],"_links":{"self":[{"href":"https:\/\/savourturkey.com\/cz\/wp-json\/wp\/v2\/pages\/1145","targetHints":{"allow":["GET"]}}],"collection":[{"href":"https:\/\/savourturkey.com\/cz\/wp-json\/wp\/v2\/pages"}],"about":[{"href":"https:\/\/savourturkey.com\/cz\/wp-json\/wp\/v2\/types\/page"}],"author":[{"embeddable":true,"href":"https:\/\/savourturkey.com\/cz\/wp-json\/wp\/v2\/users\/1"}],"replies":[{"embeddable":true,"href":"https:\/\/savourturkey.com\/cz\/wp-json\/wp\/v2\/comments?post=1145"}],"version-history":[{"count":7,"href":"https:\/\/savourturkey.com\/cz\/wp-json\/wp\/v2\/pages\/1145\/revisions"}],"predecessor-version":[{"id":1169,"href":"https:\/\/savourturkey.com\/cz\/wp-json\/wp\/v2\/pages\/1145\/revisions\/1169"}],"up":[{"embeddable":true,"href":"https:\/\/savourturkey.com\/cz\/wp-json\/wp\/v2\/pages\/32"}],"wp:attachment":[{"href":"https:\/\/savourturkey.com\/cz\/wp-json\/wp\/v2\/media?parent=1145"}],"wp:term":[{"taxonomy":"post_tag","embeddable":true,"href":"https:\/\/savourturkey.com\/cz\/wp-json\/wp\/v2\/tags?post=1145"}],"curies":[{"name":"wp","href":"https:\/\/api.w.org\/{rel}","templated":true}]}}