{"id":115,"date":"2015-10-21T14:44:30","date_gmt":"2015-10-21T13:44:30","guid":{"rendered":"http:\/\/savourturkey.com\/cz\/?page_id=115"},"modified":"2022-12-27T18:48:55","modified_gmt":"2022-12-27T17:48:55","slug":"potrebuji-vizum-do-turecka","status":"publish","type":"page","link":"https:\/\/savourturkey.com\/cz\/faq\/potrebuji-vizum-do-turecka\/","title":{"rendered":"Pot\u0159ebuji v\u00edzum do Turecka?"},"content":{"rendered":"<p>&nbsp;<\/p>\n<p><a href=\"https:\/\/savourturkey.com\/cz\/wp-content\/uploads\/sites\/2\/2015\/11\/ST-Modr\u00e1-me\u0161ita-night-blue-e1448225372727.jpg\"><img loading=\"lazy\" decoding=\"async\" class=\"alignnone size-full wp-image-507\" src=\"https:\/\/savourturkey.com\/cz\/wp-content\/uploads\/sites\/2\/2015\/11\/ST-Modr\u00e1-me\u0161ita-night-blue-e1448225372727.jpg\" alt=\"\" width=\"1000\" height=\"750\" \/><\/a><\/p>\n<p>\u00a9Savour Turkey &#8211; Modr\u00e1 me\u0161ita v Istanbulu<\/p>\n<p>&nbsp;<\/p>\n<p>Pro vstup do Turecka pot\u0159ebujete platn\u00fd cestovn\u00ed pas (na ob\u010dansk\u00fd pr\u016fkaz v\u00e1s celn\u00edci do zem\u011b nepust\u00ed).<\/p>\n<p style=\"text-align: justify;\">Jste-li dr\u017eitel cestovn\u00edho pasu \u010cesk\u00e9 republiky, cestujete do Turecka za turistick\u00fdm \u00fa\u010delem a v\u00e1\u0161 pobyt nep\u0159es\u00e1hne 90 dn\u016f v pr\u016fb\u011bhu 180 dn\u016f, v\u00edzum nepot\u0159ebujete.<\/p>\n<p style=\"text-align: justify;\">Po p\u0159\u00edletu do Turecka projdetejen\u00a0 na leti\u0161ti pasovou kontrolou, kde automaticky dostanete raz\u00edtko do pasu (turistick\u00e9 v\u00edzum).<\/p>\n<p style=\"text-align: justify;\">Zkontrolujte si v\u0161ak platnost va\u0161eho pasu! Mus\u00ed b\u00fdt platn\u00fd je\u0161t\u011b minim\u00e1ln\u011b 6 m\u011bs\u00edc\u016f od data vstupu na \u00fazem\u00ed Tureck\u00e9 republiky.<\/p>\n<p>&nbsp;<\/p>\n<p style=\"text-align: justify;\">Aktu\u00e1ln\u00ed informace naleznete tak\u00e9 na ofici\u00e1ln\u00edch str\u00e1nk\u00e1ch Ministerstva zahrani\u010dn\u00edch v\u011bc\u00ed \u010cR<\/p>\n<p style=\"text-align: justify;\">http:\/\/www.mzv.cz\/jnp\/cz\/encyklopedie_statu\/evropa\/turecko\/cestovani\/documents.html<\/p>\n","protected":false},"excerpt":{"rendered":"<p>&nbsp; \u00a9Savour Turkey &#8211; Modr\u00e1 me\u0161ita v Istanbulu &nbsp; Pro vstup do Turecka pot\u0159ebujete platn\u00fd cestovn\u00ed pas (na ob\u010dansk\u00fd pr\u016fkaz v\u00e1s celn\u00edci do zem\u011b nepust\u00ed). Jste-li dr\u017eitel cestovn\u00edho pasu \u010cesk\u00e9 republiky, cestujete do Turecka za turistick\u00fdm \u00fa\u010delem a v\u00e1\u0161 pobyt&hellip; <\/p>\n","protected":false},"author":1,"featured_media":0,"parent":58,"menu_order":0,"comment_status":"closed","ping_status":"closed","template":"","meta":{"_acf_changed":false,"footnotes":""},"tags":[434,554,439,453,555,13,433],"class_list":["post-115","page","type-page","status-publish","hentry","tag-cestovani-do-turecka","tag-cestovni-doklady-do-turecka","tag-dovolena-turecko","tag-dovolena-v-turecku","tag-platnost-pasu-do-turecka","tag-turecko","tag-vizum-do-turecka"],"acf":[],"_links":{"self":[{"href":"https:\/\/savourturkey.com\/cz\/wp-json\/wp\/v2\/pages\/115","targetHints":{"allow":["GET"]}}],"collection":[{"href":"https:\/\/savourturkey.com\/cz\/wp-json\/wp\/v2\/pages"}],"about":[{"href":"https:\/\/savourturkey.com\/cz\/wp-json\/wp\/v2\/types\/page"}],"author":[{"embeddable":true,"href":"https:\/\/savourturkey.com\/cz\/wp-json\/wp\/v2\/users\/1"}],"replies":[{"embeddable":true,"href":"https:\/\/savourturkey.com\/cz\/wp-json\/wp\/v2\/comments?post=115"}],"version-history":[{"count":9,"href":"https:\/\/savourturkey.com\/cz\/wp-json\/wp\/v2\/pages\/115\/revisions"}],"predecessor-version":[{"id":1121,"href":"https:\/\/savourturkey.com\/cz\/wp-json\/wp\/v2\/pages\/115\/revisions\/1121"}],"up":[{"embeddable":true,"href":"https:\/\/savourturkey.com\/cz\/wp-json\/wp\/v2\/pages\/58"}],"wp:attachment":[{"href":"https:\/\/savourturkey.com\/cz\/wp-json\/wp\/v2\/media?parent=115"}],"wp:term":[{"taxonomy":"post_tag","embeddable":true,"href":"https:\/\/savourturkey.com\/cz\/wp-json\/wp\/v2\/tags?post=115"}],"curies":[{"name":"wp","href":"https:\/\/api.w.org\/{rel}","templated":true}]}}