{"id":135,"date":"2015-10-22T16:00:10","date_gmt":"2015-10-22T15:00:10","guid":{"rendered":"http:\/\/savourturkey.com\/cz\/?page_id=135"},"modified":"2019-12-20T17:08:09","modified_gmt":"2019-12-20T16:08:09","slug":"ararat","status":"publish","type":"page","link":"https:\/\/savourturkey.com\/cz\/turistika\/horska-turistika\/ararat\/","title":{"rendered":"Ararat"},"content":{"rendered":"<p>&nbsp;<\/p>\n<p><a href=\"https:\/\/savourturkey.com\/cz\/wp-content\/uploads\/sites\/2\/2015\/10\/113.jpg\"><img loading=\"lazy\" decoding=\"async\" class=\"alignnone size-full wp-image-246\" src=\"https:\/\/savourturkey.com\/cz\/wp-content\/uploads\/sites\/2\/2015\/10\/113.jpg\" alt=\"\" width=\"4608\" height=\"3456\" srcset=\"https:\/\/savourturkey.com\/cz\/wp-content\/uploads\/sites\/2\/2015\/10\/113.jpg 4608w, https:\/\/savourturkey.com\/cz\/wp-content\/uploads\/sites\/2\/2015\/10\/113-300x225.jpg 300w, https:\/\/savourturkey.com\/cz\/wp-content\/uploads\/sites\/2\/2015\/10\/113-1024x768.jpg 1024w\" sizes=\"auto, (max-width: 4608px) 100vw, 4608px\" \/><\/a><\/p>\n<p>Ararat, Turecko<\/p>\n<p>\u00a9 Savour Turkey<\/p>\n<p>&nbsp;<\/p>\n<p><strong>D\u00e9lka programu:<\/strong> 8 dn\u00ed<\/p>\n<p><strong>Term\u00edn:<\/strong>\u00a0kv\u011bten &#8211; z\u00e1\u0159\u00ed<\/p>\n<p>&nbsp;<\/p>\n<p><strong>Podm\u00ednky pro realizaci:<\/strong><\/p>\n<p>Skupina minim\u00e1ln\u011b osmi lid\u00ed.<\/p>\n<p>Je-li v\u00e1s men\u0161\u00ed po\u010det osob, napi\u0161te n\u00e1m.<\/p>\n<p>&nbsp;<\/p>\n<p style=\"text-align: justify;\"><strong>PROGRAM:<\/strong><\/p>\n<p style=\"text-align: justify;\">Nav\u0161t\u00edv\u00edme vodop\u00e1dov\u00fd r\u00e1j &#8211;<strong>\u00a0<em>Muradiye<\/em><\/strong>, na n\u011bj\u017e se dostaneme po d\u0159ev\u011bn\u00e9m visut\u00e9m most\u011b.<\/p>\n<p style=\"text-align: justify;\">Vystoup\u00edme na nejvy\u0161\u0161\u00ed horu Turecka, na b\u00e1jn\u00fd<em><strong> Ararat<\/strong><\/em> (5.165 m), kter\u00fd je uct\u00edvan\u00fd jako svat\u00e1 hora. V\u00fdstup je technicky snadn\u00fd a prob\u00edh\u00e1 po jedin\u00e9 povolen\u00e9 trase.\u00a0Cestou uvid\u00edte kurdsk\u00e9 rodiny \u017eij\u00edc\u00ed na svaz\u00edch Araratu jako nom\u00e1di.<\/p>\n<p style=\"text-align: justify;\">U\u017eijete si kurdskou pohostinnost a va\u0161e chu\u0165ov\u00e9 bu\u0148ky pot\u011b\u0161\u00ed <em><strong>v\u00fdborn\u00e1, dom\u00e1c\u00ed kurdsk\u00e1 kuchyn\u011b.<\/strong><\/em><\/p>\n<p style=\"text-align: justify;\">Po v\u00fdstupu si dop\u0159ejeme b\u00e1je\u010dnou relaxaci v tureck\u00e9 l\u00e1zni &#8211; <em><strong>v hamamu v\u00a0Do\u011fubayazitu.<\/strong><\/em><\/p>\n<p>&nbsp;<\/p>\n<p><img loading=\"lazy\" decoding=\"async\" class=\"alignnone size-full wp-image-260\" src=\"https:\/\/savourturkey.com\/cz\/wp-content\/uploads\/sites\/2\/2015\/10\/ST-Germany-group-e1446142876236.jpg\" alt=\"\" width=\"800\" height=\"1067\" \/><\/p>\n<p>V\u00fdstup na Ararat<\/p>\n<p>\u00a9 Savour Turkey<\/p>\n<p>&nbsp;<\/p>\n<p>&nbsp;<\/p>\n<p><strong>POD\u00cdVEJTE SE NA MAPU, NA M\u00cdSTO NA\u0160\u00cd CESTY<\/strong><\/p>\n<p style=\"text-align: justify;\"><a href=\"https:\/\/www.google.com\/maps\/place\/Ararat,+76000+Karag%C3%BCney%2FI%C4%9Fd%C4%B1r+Merkez%2FI%C4%9Fd%C4%B1r,+Turecko\/@39.5551004,43.7912809,10z\/data=!4m2!3m1!1s0x4014d232638342ad:0xaaa6fa54b6b1247c\">https:\/\/www.google.com\/maps\/place\/Ararat,+76000+Karag%C3%BCney%2FI%C4%9Fd%C4%B1r+Merkez%2FI%C4%9Fd%C4%B1r,+Turecko\/@39.5551004,43.7912809,10z\/data=!4m2!3m1!1s0x4014d232638342ad:0xaaa6fa54b6b1247c<\/a><\/p>\n<p>&nbsp;<\/p>\n<p><strong>ITINER\u00c1\u0158:\u00a0<\/strong><\/p>\n<p style=\"text-align: justify;\"><strong>1.den<\/strong><\/p>\n<p style=\"text-align: justify;\">p\u0159\u00edlet do Vanu, transfer do hotelu, ve\u010de\u0159e a p\u0159enocov\u00e1n\u00ed<\/p>\n<p style=\"text-align: justify;\"><strong>2.den<\/strong><\/p>\n<p style=\"text-align: justify;\">sn\u00eddan\u011b, transfer z\u00a0Vanu do Do\u011fubayazitu, cestou n\u00e1v\u0161t\u011bva vodop\u00e1d\u016f Muradiye, ob\u011bd (bal\u00ed\u010dek), ubytov\u00e1n\u00ed v\u00a0hotelu, ve\u010de\u0159e<\/p>\n<p style=\"text-align: justify;\"><strong>3.den<\/strong><\/p>\n<p style=\"text-align: justify;\">Sn\u00eddan\u011b, transfer z\u00a0hotelu k\u00a0v\u00fdchoz\u00edmu bodu v\u00fdstupu na Ararat (2.200 m), cca 4 hodinov\u00fd v\u00fdstup do z\u00e1kladn\u00edho t\u00e1bora do v\u00fd\u0161ky 3.200 m (zavazadla budou p\u0159evezena ko\u0148mi), ob\u011bd (ob\u011bdov\u00fd bal\u00ed\u010dek), ve\u010de\u0159e, p\u0159enocov\u00e1n\u00ed ve stanech.<\/p>\n<p style=\"text-align: justify;\"><strong>4. den<\/strong><\/p>\n<p style=\"text-align: justify;\">Sn\u00eddan\u011b, aklimatiza\u010dn\u00ed v\u00fdstup (5 hodin) bez zavazadel. B\u011bhem t\u00fary se m\u016f\u017eete pokochat n\u00e1dhern\u00fdmi pohledy na Mal\u00fd Ararat a v\u00fdhledem do \u00cdr\u00e1nu. Ob\u011bd (ob\u011bdov\u00fd bal\u00ed\u010dek). Sestup do z\u00e1kladn\u00edho t\u00e1bora, voln\u00fd \u010das na odpo\u010dinek, ve\u010de\u0159e, p\u0159enocov\u00e1n\u00ed ve stanech.<\/p>\n<p style=\"text-align: justify;\"><strong>5. den<\/strong><\/p>\n<p style=\"text-align: justify;\">Sn\u00eddan\u011b, balen\u00ed stan\u016f a cca 5 hodinov\u00fd v\u00fdstup do druh\u00e9ho v\u00fd\u0161kov\u00e9ho t\u00e1bora (4.200 m); zavazadla budou p\u0159evezena ko\u0148mi; ob\u011bd (ob\u011bdov\u00fd bal\u00ed\u010dek, ve\u010de\u0159e, kr\u00e1tk\u00fd pobyt p\u0159es noc ve stanech (stany jsou chr\u00e1n\u011bny p\u0159ed v\u011btrem ze zd\u00ed kamen\u016f)<\/p>\n<p style=\"text-align: justify;\"><strong>6.den<\/strong><\/p>\n<p style=\"text-align: justify;\">Sn\u00eddan\u011b, 4 &#8211; 5 hodinov\u00fd v\u00fdstup na vrchol (5.165 m). V\u00fdstup za\u010d\u00edn\u00e1 ve 3 hodiny r\u00e1no. Nejprve polezeme p\u0159es balvany, pot\u00e9 budeme pokra\u010dovat na sn\u011bhu a ledu a\u017e na vrchol, kde v z\u00e1vislosti na podm\u00ednk\u00e1ch, pou\u017eijeme ma\u010dky. Ob\u011bd (ob\u011bdov\u00fd bal\u00ed\u010dek). V\u00a0p\u0159\u00edpad\u011b dobr\u00e9ho po\u010das\u00ed, \u010das na v\u011bt\u0161\u00ed odpo\u010dinek na vrcholu. U\u017eijete si n\u00e1dhern\u00fd v\u00fdhled do Arm\u00e9nie, \u00cdr\u00e1nu, na Do\u011fubayazit a S\u00fcphan. Pot\u00e9 sestoup\u00edme do druh\u00e9ho v\u00fd\u0161kov\u00e9ho t\u00e1bora a n\u00e1sledn\u011b do z\u00e1kladn\u00edho t\u00e1bora (sestup trv\u00e1 5 \u2013 6 hodin). Ve\u010de\u0159e a oslava va\u0161eho \u00fasp\u011b\u0161n\u00e9ho dobit\u00ed vrcholu Araratu. P\u0159enocov\u00e1n\u00ed ve stanech.<\/p>\n<p style=\"text-align: justify;\"><strong>7. den<\/strong><\/p>\n<p style=\"text-align: justify;\">Sn\u00eddan\u011b, sestup ze z\u00e1kladn\u00edho t\u00e1bora do Eli, transfer do Do\u011fubayazitu, ubytov\u00e1n\u00ed v\u00a0hotelu. Ob\u011bd (ob\u011bdov\u00fd bal\u00ed\u010dek). Nave\u010der hamam, ve\u010de\u0159e, p\u0159enocov\u00e1n\u00ed v\u00a0hotelu.<\/p>\n<p style=\"text-align: justify;\"><strong>8. den<\/strong><\/p>\n<p>sn\u00eddan\u011b, transfer z\u00a0Do\u011fubayazitu na leti\u0161t\u011b do Vanu, odlet<\/p>\n<p>&nbsp;<\/p>\n<p><img loading=\"lazy\" decoding=\"async\" class=\"alignnone size-full wp-image-539\" src=\"https:\/\/savourturkey.com\/cz\/wp-content\/uploads\/sites\/2\/2015\/11\/ST-Ararat-basic-camp-e1448894806291.jpg\" alt=\"\" width=\"1000\" height=\"750\" \/><\/p>\n<p>Ararat &#8211; z\u00e1kladn\u00ed t\u00e1bor<\/p>\n<p>\u00a9 Savour Turkey<\/p>\n<p>&nbsp;<\/p>\n<p>&nbsp;<\/p>\n<p><strong>PRAKTICK\u00c9 INFORMACE:<\/strong><\/p>\n<p style=\"text-align: justify;\">Stany jsou v t\u00e1borech chr\u00e1n\u011bny p\u0159ed v\u011btrem kamenn\u00fdmi zdmi.<\/p>\n<p style=\"text-align: justify;\">Pro v\u00fdstup na Ararat mus\u00edte b\u00fdt sezn\u00e1meni s\u00a0technikou lezen\u00ed ve sn\u011bhu s\u00a0ma\u010dkami ve v\u00fd\u0161k\u00e1ch nad 4.800 m.<\/p>\n<p>Od v\u00fd\u0161ky 4.400 m se ji\u017e objevuje sn\u00edh, o 400 metr\u016f d\u00e1l za\u010d\u00edn\u00e1 ledovec.<\/p>\n<p>&nbsp;<\/p>\n<p style=\"text-align: justify;\"><strong>CENA:<\/strong> na vy\u017e\u00e1d\u00e1n\u00ed<\/p>\n<p>&nbsp;<\/p>\n<p><strong>CENA OBSAHUJE:<\/strong><\/p>\n<p style=\"text-align: justify;\">Transfer z leti\u0161t\u011b Van do Do\u011fubayazitu a zp\u011bt.<\/p>\n<p style=\"text-align: justify;\">Dopravu b\u011bhem pobytu.<\/p>\n<p style=\"text-align: justify;\">3x nocleh v\u00a0hotelu (dvoul\u016f\u017ekov\u00e9 pokoje s\u00a0vlastn\u00ed sprchou a toaletou).<\/p>\n<p style=\"text-align: justify;\">Vstup do hamamu.<\/p>\n<p style=\"text-align: justify;\">Stravov\u00e1n\u00ed (sn\u00eddan\u011b, ob\u011bdov\u00e9 bal\u00ed\u010dky, tepl\u00e9 ve\u010de\u0159e, n\u00e1poje \u2013 all inclusive).<\/p>\n<p style=\"text-align: justify;\">Povolen\u00ed tureck\u00e9 vl\u00e1dy pro v\u00fdstup na Ararat.<\/p>\n<p style=\"text-align: justify;\">Vstupn\u00e9 do n\u00e1rodn\u00ed parku Ararat.<\/p>\n<p style=\"text-align: justify;\">Licencovan\u00e9ho kurdsk\u00e9ho horsk\u00e9ho v\u016fdce mluv\u00edc\u00edho anglicky nebo n\u011bmecky.<\/p>\n<p style=\"text-align: justify;\">Kurdsk\u00e9ho kucha\u0159e.<\/p>\n<p style=\"text-align: justify;\">Dopravu zavazadel na kon\u00edch od v\u00fdchoz\u00edho bodu v\u00fdstupu a\u017e do druh\u00e9ho v\u00fd\u0161kov\u00e9ho t\u00e1bora.<\/p>\n<p style=\"text-align: justify;\">Stan pro dv\u011b osoby v\u010detn\u011b dvou karimatek (stan pro jednu osoba je mo\u017en\u00fd za p\u0159\u00edplatek).<\/p>\n<p>&nbsp;<\/p>\n<p><b>CENA NEOBSAHUJE:<\/b><\/p>\n<p style=\"text-align: justify;\">Letenku<\/p>\n<p>Zdravotn\u00ed a jin\u00e1 poji\u0161t\u011bn\u00ed<\/p>\n<p>Alkoholick\u00e9 n\u00e1poje<\/p>\n<p>Spropitn\u00e9 pro pr\u016fvodce<\/p>\n<p>&nbsp;<\/p>\n<p>&nbsp;<\/p>\n<p><strong>INFORMACE A REZERVACE:<\/strong><\/p>\n<p>e-mail: savourturkey@gmail.com<\/p>\n<p>tel. 603 520 697<\/p>\n","protected":false},"excerpt":{"rendered":"<p>&nbsp; Ararat, Turecko \u00a9 Savour Turkey &nbsp; D\u00e9lka programu: 8 dn\u00ed Term\u00edn:\u00a0kv\u011bten &#8211; z\u00e1\u0159\u00ed &nbsp; Podm\u00ednky pro realizaci: Skupina minim\u00e1ln\u011b osmi lid\u00ed. Je-li v\u00e1s men\u0161\u00ed po\u010det osob, napi\u0161te n\u00e1m. &nbsp; PROGRAM: Nav\u0161t\u00edv\u00edme vodop\u00e1dov\u00fd r\u00e1j &#8211;\u00a0Muradiye, na n\u011bj\u017e se dostaneme po&hellip; <\/p>\n","protected":false},"author":1,"featured_media":0,"parent":34,"menu_order":0,"comment_status":"closed","ping_status":"closed","template":"","meta":{"_acf_changed":false,"footnotes":""},"tags":[17,529,527,526,121,21,528,20,33,13,34,525],"class_list":["post-135","page","type-page","status-publish","hentry","tag-ararat","tag-ararat-hora","tag-ararat-turecko","tag-ararat-zajezd","tag-armenie","tag-dogubayazit","tag-horsky-vudce-ararat","tag-savour-turkey","tag-suphan","tag-turecko","tag-van","tag-vystup-na-ararat"],"acf":[],"_links":{"self":[{"href":"https:\/\/savourturkey.com\/cz\/wp-json\/wp\/v2\/pages\/135","targetHints":{"allow":["GET"]}}],"collection":[{"href":"https:\/\/savourturkey.com\/cz\/wp-json\/wp\/v2\/pages"}],"about":[{"href":"https:\/\/savourturkey.com\/cz\/wp-json\/wp\/v2\/types\/page"}],"author":[{"embeddable":true,"href":"https:\/\/savourturkey.com\/cz\/wp-json\/wp\/v2\/users\/1"}],"replies":[{"embeddable":true,"href":"https:\/\/savourturkey.com\/cz\/wp-json\/wp\/v2\/comments?post=135"}],"version-history":[{"count":40,"href":"https:\/\/savourturkey.com\/cz\/wp-json\/wp\/v2\/pages\/135\/revisions"}],"predecessor-version":[{"id":355,"href":"https:\/\/savourturkey.com\/cz\/wp-json\/wp\/v2\/pages\/135\/revisions\/355"}],"up":[{"embeddable":true,"href":"https:\/\/savourturkey.com\/cz\/wp-json\/wp\/v2\/pages\/34"}],"wp:attachment":[{"href":"https:\/\/savourturkey.com\/cz\/wp-json\/wp\/v2\/media?parent=135"}],"wp:term":[{"taxonomy":"post_tag","embeddable":true,"href":"https:\/\/savourturkey.com\/cz\/wp-json\/wp\/v2\/tags?post=135"}],"curies":[{"name":"wp","href":"https:\/\/api.w.org\/{rel}","templated":true}]}}