{"id":180,"date":"2015-10-25T17:18:14","date_gmt":"2015-10-25T16:18:14","guid":{"rendered":"http:\/\/savourturkey.com\/cz\/?page_id=180"},"modified":"2019-12-28T17:44:30","modified_gmt":"2019-12-28T16:44:30","slug":"kde-sezenu-letenky-do-turecka","status":"publish","type":"page","link":"https:\/\/savourturkey.com\/cz\/faq\/kde-sezenu-letenky-do-turecka\/","title":{"rendered":"Kde se\u017eenu letenky do Turecka?"},"content":{"rendered":"<p><a href=\"https:\/\/savourturkey.com\/cz\/wp-content\/uploads\/sites\/2\/2019\/05\/nad-bosporem.jpg\"><img loading=\"lazy\" decoding=\"async\" class=\"alignnone size-large wp-image-961\" src=\"https:\/\/savourturkey.com\/cz\/wp-content\/uploads\/sites\/2\/2019\/05\/nad-bosporem-1024x806.jpg\" alt=\"\" width=\"700\" height=\"551\" srcset=\"https:\/\/savourturkey.com\/cz\/wp-content\/uploads\/sites\/2\/2019\/05\/nad-bosporem-1024x806.jpg 1024w, https:\/\/savourturkey.com\/cz\/wp-content\/uploads\/sites\/2\/2019\/05\/nad-bosporem-300x236.jpg 300w, https:\/\/savourturkey.com\/cz\/wp-content\/uploads\/sites\/2\/2019\/05\/nad-bosporem-768x605.jpg 768w\" sizes=\"auto, (max-width: 700px) 100vw, 700px\" \/><\/a><\/p>\n<p>Istanbul &#8211; p\u0159elet nad Bosporem\u00a0 \u00a0 \u00a0 \u00a0 \u00a0 \u00a0 \u00a0 \u00a0 \u00a0 \u00a0 \u00a0 \u00a0 \u00a0 \u00a0 \u00a0 \u00a0 \u00a0 \u00a0 \u00a0 \u00a0 \u00a0 \u00a0 \u00a0 \u00a0 \u00a0 \u00a0 \u00a0 \u00a0 \u00a0 \u00a0 \u00a0 \u00a0 \u00a0 \u00a0 \u00a0 \u00a0 \u00a0 \u00a0 \u00a0 \u00a9 Savour Turkey<\/p>\n<p>&nbsp;<\/p>\n<p>&nbsp;<\/p>\n<p><strong>Letenky pro mezin\u00e1rodn\u00ed lety si m\u016f\u017eete rezervovat na:<\/strong><\/p>\n<p>www.turkishairlines.com<\/p>\n<p>www.flypgs.com<\/p>\n<p>www.sunexpress.com.tr<\/p>\n<p><span style=\"color: #000000;\"><a style=\"color: #000000;\" href=\"http:\/\/www.austrian.com\">www.austrian.com<\/a><\/span><\/p>\n<p>www.airserbia.com<\/p>\n<p><a style=\"color: #000000;\" href=\"http:\/\/www.studentagency.cz\">www.studentagency.cz<\/a><\/p>\n<p><span style=\"color: #000000;\"><a style=\"color: #000000;\" href=\"http:\/\/www.letuska.cz\">www.letuska.cz<\/a><\/span><\/p>\n<p>www.levneletenky.cz<\/p>\n<p><span style=\"color: #000000;\">www.terminalok.cz<\/span><\/p>\n<p>https:\/\/cz.skypicker.com\/<\/p>\n<p>&nbsp;<\/p>\n<p>&nbsp;<\/p>\n<p><strong>Letenky pro vnitrost\u00e1tn\u00ed lety si m\u016f\u017eete rezervovat na:<\/strong><\/p>\n<p>www.turkishairlines.com<\/p>\n<p>www.onurair.com.tr<\/p>\n<p>www.flypgs.com<\/p>\n<p>www.sunexpress.com.tr<\/p>\n<p>&nbsp;<\/p>\n<p>&nbsp;<\/p>\n","protected":false},"excerpt":{"rendered":"<p>Istanbul &#8211; p\u0159elet nad Bosporem\u00a0 \u00a0 \u00a0 \u00a0 \u00a0 \u00a0 \u00a0 \u00a0 \u00a0 \u00a0 \u00a0 \u00a0 \u00a0 \u00a0 \u00a0 \u00a0 \u00a0 \u00a0 \u00a0 \u00a0 \u00a0 \u00a0 \u00a0 \u00a0 \u00a0 \u00a0 \u00a0 \u00a0 \u00a0 \u00a0 \u00a0 \u00a0 \u00a0 \u00a0 \u00a0 \u00a0&hellip; <\/p>\n","protected":false},"author":1,"featured_media":0,"parent":58,"menu_order":0,"comment_status":"closed","ping_status":"closed","template":"","meta":{"_acf_changed":false,"footnotes":""},"tags":[29,550,551,509,508,544,510,545,13],"class_list":["post-180","page","type-page","status-publish","hentry","tag-istanbul","tag-istanbul-letenky","tag-istanbul-letiste","tag-letenky-do-istanbulu","tag-letenky-do-turecka","tag-letenky-istanbul","tag-letenky-turecko","tag-levne-letenky-turecko","tag-turecko"],"acf":[],"_links":{"self":[{"href":"https:\/\/savourturkey.com\/cz\/wp-json\/wp\/v2\/pages\/180","targetHints":{"allow":["GET"]}}],"collection":[{"href":"https:\/\/savourturkey.com\/cz\/wp-json\/wp\/v2\/pages"}],"about":[{"href":"https:\/\/savourturkey.com\/cz\/wp-json\/wp\/v2\/types\/page"}],"author":[{"embeddable":true,"href":"https:\/\/savourturkey.com\/cz\/wp-json\/wp\/v2\/users\/1"}],"replies":[{"embeddable":true,"href":"https:\/\/savourturkey.com\/cz\/wp-json\/wp\/v2\/comments?post=180"}],"version-history":[{"count":10,"href":"https:\/\/savourturkey.com\/cz\/wp-json\/wp\/v2\/pages\/180\/revisions"}],"predecessor-version":[{"id":1020,"href":"https:\/\/savourturkey.com\/cz\/wp-json\/wp\/v2\/pages\/180\/revisions\/1020"}],"up":[{"embeddable":true,"href":"https:\/\/savourturkey.com\/cz\/wp-json\/wp\/v2\/pages\/58"}],"wp:attachment":[{"href":"https:\/\/savourturkey.com\/cz\/wp-json\/wp\/v2\/media?parent=180"}],"wp:term":[{"taxonomy":"post_tag","embeddable":true,"href":"https:\/\/savourturkey.com\/cz\/wp-json\/wp\/v2\/tags?post=180"}],"curies":[{"name":"wp","href":"https:\/\/api.w.org\/{rel}","templated":true}]}}