{"id":21,"date":"2015-10-21T11:06:44","date_gmt":"2015-10-21T10:06:44","guid":{"rendered":"http:\/\/savourturkey.com\/cz\/?page_id=21"},"modified":"2019-12-28T19:01:54","modified_gmt":"2019-12-28T18:01:54","slug":"homepage","status":"publish","type":"page","link":"https:\/\/savourturkey.com\/cz\/","title":{"rendered":"V\u00e1\u017een\u00ed a mil\u00ed,"},"content":{"rendered":"<p>v Turecku v\u011b\u0159\u00edme, \u017ee host\u00e9 jsou darem od Boha.<\/p>\n<p>Proto pohostinnost nen\u00ed pro n\u00e1s jen oby\u010dejn\u00e9 slovo.<\/p>\n<p>Pohostinnost vych\u00e1z\u00ed z na\u0161eho srdce a je to n\u00e1\u0161 zp\u016fsob \u017eivota i styl na\u0161\u00ed pr\u00e1ce.<\/p>\n<p>Velmi n\u00e1m z\u00e1le\u017e\u00ed na tom, aby jste se s n\u00e1mi c\u00edtili v Turecku skv\u011ble.<\/p>\n<p>Aby jste poznali na\u0161i bohatou kulturu, okouzluj\u00edc\u00ed krajinu, \u00fachvatn\u00e9 hory, p\u0159ekr\u00e1sn\u00e9 pam\u00e1tky, ochutnali vynikaj\u00edc\u00ed tureckou kuchyni a u\u017eili si hamam.<\/p>\n<p>&nbsp;<\/p>\n<p>Pokud tedy r\u00e1di pozn\u00e1v\u00e1te, objevujete a cestujete, jste u n\u00e1s na spr\u00e1vn\u00e9 adrese, nebo\u0165 s n\u00e1mi za\u017eijete b\u00e1je\u010dn\u00e9, autentick\u00e9 z\u00e1\u017eitky.<\/p>\n<p style=\"text-align: justify;\">N\u00e1\u0161 t\u00fdm toti\u017e tvo\u0159\u00ed lid\u00e9, kte\u0159\u00ed v Turecku p\u0159\u00edmo \u017eij\u00ed a poskytnou v\u00e1m tak skv\u011blou p\u0159\u00edle\u017eitost poznat jejich zemi, pr\u00e1ci, zvyky, gastronomii, kulturu a jejich \u017eivot.<\/p>\n<p>&nbsp;<\/p>\n<p style=\"text-align: justify;\">T\u011b\u0161\u00edme se, \u017ee se stanete na\u0161imi hosty u n\u00e1s v Turecku.<\/p>\n<p style=\"text-align: justify;\">\u00a0 \u00a0 \u00a0 \u00a0 \u00a0 \u00a0 \u00a0 \u00a0 \u00a0 \u00a0 \u00a0 \u00a0 \u00a0 \u00a0 \u00a0 \u00a0 \u00a0 \u00a0 \u00a0 \u00a0 \u00a0 \u00a0 \u00a0 \u00a0 \u00a0 \u00a0 \u00a0 \u00a0 \u00a0 \u00a0 \u00a0 \u00a0 \u00a0 \u00a0 \u00a0 \u00a0 \u00a0 \u00a0 \u00a0 \u00a0 \u00a0 \u00a0 \u00a0 \u00a0 \u00a0 \u00a0 \u00a0 \u00a0 \u00a0 \u00a0 \u00a0 \u00a0 \u00a0 \u00a0 Savour Turkey t\u00fdm<\/p>\n<p>&nbsp;<\/p>\n","protected":false},"excerpt":{"rendered":"<p>v Turecku v\u011b\u0159\u00edme, \u017ee host\u00e9 jsou darem od Boha. Proto pohostinnost nen\u00ed pro n\u00e1s jen oby\u010dejn\u00e9 slovo. Pohostinnost vych\u00e1z\u00ed z na\u0161eho srdce a je to n\u00e1\u0161 zp\u016fsob \u017eivota i styl na\u0161\u00ed pr\u00e1ce. Velmi n\u00e1m z\u00e1le\u017e\u00ed na tom, aby jste se&hellip; <\/p>\n","protected":false},"author":1,"featured_media":0,"parent":0,"menu_order":0,"comment_status":"closed","ping_status":"closed","template":"","meta":{"_acf_changed":false,"footnotes":""},"tags":[],"class_list":["post-21","page","type-page","status-publish","hentry"],"acf":[],"_links":{"self":[{"href":"https:\/\/savourturkey.com\/cz\/wp-json\/wp\/v2\/pages\/21","targetHints":{"allow":["GET"]}}],"collection":[{"href":"https:\/\/savourturkey.com\/cz\/wp-json\/wp\/v2\/pages"}],"about":[{"href":"https:\/\/savourturkey.com\/cz\/wp-json\/wp\/v2\/types\/page"}],"author":[{"embeddable":true,"href":"https:\/\/savourturkey.com\/cz\/wp-json\/wp\/v2\/users\/1"}],"replies":[{"embeddable":true,"href":"https:\/\/savourturkey.com\/cz\/wp-json\/wp\/v2\/comments?post=21"}],"version-history":[{"count":13,"href":"https:\/\/savourturkey.com\/cz\/wp-json\/wp\/v2\/pages\/21\/revisions"}],"predecessor-version":[{"id":1029,"href":"https:\/\/savourturkey.com\/cz\/wp-json\/wp\/v2\/pages\/21\/revisions\/1029"}],"wp:attachment":[{"href":"https:\/\/savourturkey.com\/cz\/wp-json\/wp\/v2\/media?parent=21"}],"wp:term":[{"taxonomy":"post_tag","embeddable":true,"href":"https:\/\/savourturkey.com\/cz\/wp-json\/wp\/v2\/tags?post=21"}],"curies":[{"name":"wp","href":"https:\/\/api.w.org\/{rel}","templated":true}]}}