{"id":213,"date":"2015-10-25T22:09:16","date_gmt":"2015-10-25T21:09:16","guid":{"rendered":"http:\/\/savourturkey.com\/cz\/?page_id=213"},"modified":"2019-12-28T17:00:41","modified_gmt":"2019-12-28T16:00:41","slug":"jake-je-v-turecku-pocasi","status":"publish","type":"page","link":"https:\/\/savourturkey.com\/cz\/faq\/jake-je-v-turecku-pocasi\/","title":{"rendered":"Jak\u00e9 je v Turecku po\u010das\u00ed?"},"content":{"rendered":"<p><a href=\"https:\/\/savourturkey.com\/cz\/wp-content\/uploads\/sites\/2\/2019\/03\/003.jpeg\"><img loading=\"lazy\" decoding=\"async\" class=\"alignnone size-full wp-image-915\" src=\"https:\/\/savourturkey.com\/cz\/wp-content\/uploads\/sites\/2\/2019\/03\/003.jpeg\" alt=\"\" width=\"4608\" height=\"3456\" srcset=\"https:\/\/savourturkey.com\/cz\/wp-content\/uploads\/sites\/2\/2019\/03\/003.jpeg 4608w, https:\/\/savourturkey.com\/cz\/wp-content\/uploads\/sites\/2\/2019\/03\/003-300x225.jpeg 300w, https:\/\/savourturkey.com\/cz\/wp-content\/uploads\/sites\/2\/2019\/03\/003-768x576.jpeg 768w, https:\/\/savourturkey.com\/cz\/wp-content\/uploads\/sites\/2\/2019\/03\/003-1024x768.jpeg 1024w\" sizes=\"auto, (max-width: 4608px) 100vw, 4608px\" \/><\/a><\/p>\n<p>&nbsp;<\/p>\n<p>Aktu\u00e1ln\u00ed i v\u00fdhledov\u00e9 p\u0159edpov\u011bdi po\u010das\u00ed pro cel\u00e9 Turecko naleznete na n\u00ed\u017ee uveden\u00fdch odkazech:<\/p>\n<p><a href=\"http:\/\/www.accuweather.com\/en\/tr\/turkey-weather\">http:\/\/www.accuweather.com\/en\/tr\/turkey-weather<\/a><\/p>\n<p><a href=\"http:\/\/www.timeanddate.com\/weather\/turkey\">http:\/\/www.timeanddate.com\/weather\/turkey<\/a><\/p>\n<p>&nbsp;<\/p>\n<p>Kr\u00e1tkodobou i dlouhodobou p\u0159edpov\u011b\u010f po\u010das\u00ed v Istanbulu najdete na tomto odkazu<\/p>\n<p><a href=\"https:\/\/www.yr.no\/place\/Turkey\/Istanbul\/Istanbul\/\">https:\/\/www.yr.no\/place\/Turkey\/Istanbul\/Istanbul\/<\/a><\/p>\n","protected":false},"excerpt":{"rendered":"<p>&nbsp; Aktu\u00e1ln\u00ed i v\u00fdhledov\u00e9 p\u0159edpov\u011bdi po\u010das\u00ed pro cel\u00e9 Turecko naleznete na n\u00ed\u017ee uveden\u00fdch odkazech: http:\/\/www.accuweather.com\/en\/tr\/turkey-weather http:\/\/www.timeanddate.com\/weather\/turkey &nbsp; Kr\u00e1tkodobou i dlouhodobou p\u0159edpov\u011b\u010f po\u010das\u00ed v Istanbulu najdete na tomto odkazu https:\/\/www.yr.no\/place\/Turkey\/Istanbul\/Istanbul\/<\/p>\n","protected":false},"author":1,"featured_media":0,"parent":58,"menu_order":0,"comment_status":"closed","ping_status":"closed","template":"","meta":{"_acf_changed":false,"footnotes":""},"tags":[549,548,472,473,13],"class_list":["post-213","page","type-page","status-publish","hentry","tag-pocasi-istanbul","tag-pocasi-turecko","tag-pocasi-v-turecku","tag-predpoved-pocasi-turecko","tag-turecko"],"acf":[],"_links":{"self":[{"href":"https:\/\/savourturkey.com\/cz\/wp-json\/wp\/v2\/pages\/213","targetHints":{"allow":["GET"]}}],"collection":[{"href":"https:\/\/savourturkey.com\/cz\/wp-json\/wp\/v2\/pages"}],"about":[{"href":"https:\/\/savourturkey.com\/cz\/wp-json\/wp\/v2\/types\/page"}],"author":[{"embeddable":true,"href":"https:\/\/savourturkey.com\/cz\/wp-json\/wp\/v2\/users\/1"}],"replies":[{"embeddable":true,"href":"https:\/\/savourturkey.com\/cz\/wp-json\/wp\/v2\/comments?post=213"}],"version-history":[{"count":7,"href":"https:\/\/savourturkey.com\/cz\/wp-json\/wp\/v2\/pages\/213\/revisions"}],"predecessor-version":[{"id":1140,"href":"https:\/\/savourturkey.com\/cz\/wp-json\/wp\/v2\/pages\/213\/revisions\/1140"}],"up":[{"embeddable":true,"href":"https:\/\/savourturkey.com\/cz\/wp-json\/wp\/v2\/pages\/58"}],"wp:attachment":[{"href":"https:\/\/savourturkey.com\/cz\/wp-json\/wp\/v2\/media?parent=213"}],"wp:term":[{"taxonomy":"post_tag","embeddable":true,"href":"https:\/\/savourturkey.com\/cz\/wp-json\/wp\/v2\/tags?post=213"}],"curies":[{"name":"wp","href":"https:\/\/api.w.org\/{rel}","templated":true}]}}