{"id":215,"date":"2015-10-25T22:11:07","date_gmt":"2015-10-25T21:11:07","guid":{"rendered":"http:\/\/savourturkey.com\/cz\/?page_id=215"},"modified":"2025-09-26T18:41:39","modified_gmt":"2025-09-26T17:41:39","slug":"istanbulske-delikatesy","status":"publish","type":"page","link":"https:\/\/savourturkey.com\/cz\/turistika\/gastronomicka-turistika\/istanbulske-delikatesy\/","title":{"rendered":"Gastroturistika v Istanbulu"},"content":{"rendered":"<p><a href=\"https:\/\/savourturkey.com\/cz\/wp-content\/uploads\/sites\/2\/2025\/09\/kumpir.jpeg\"><img loading=\"lazy\" decoding=\"async\" class=\"alignnone size-full wp-image-1190\" src=\"https:\/\/savourturkey.com\/cz\/wp-content\/uploads\/sites\/2\/2025\/09\/kumpir.jpeg\" alt=\"\" width=\"4624\" height=\"3083\" srcset=\"https:\/\/savourturkey.com\/cz\/wp-content\/uploads\/sites\/2\/2025\/09\/kumpir.jpeg 4624w, https:\/\/savourturkey.com\/cz\/wp-content\/uploads\/sites\/2\/2025\/09\/kumpir-300x200.jpeg 300w, https:\/\/savourturkey.com\/cz\/wp-content\/uploads\/sites\/2\/2025\/09\/kumpir-768x512.jpeg 768w, https:\/\/savourturkey.com\/cz\/wp-content\/uploads\/sites\/2\/2025\/09\/kumpir-1024x683.jpeg 1024w\" sizes=\"auto, (max-width: 4624px) 100vw, 4624px\" \/><\/a><\/p>\n<p>\u00a9Savour Turkey &#8211; j\u00eddlo v Istanbulu<\/p>\n<p>&nbsp;<\/p>\n<p>Istanbul to je lavina omamn\u00fdch chut\u00ed a v\u016fn\u00ed, kter\u00e1 v\u00e1s zaval\u00ed, jakmile p\u0159ijdete do m\u011bsta. Od pikantn\u00edch kebab\u016f, p\u0159es lahodn\u00e9 ryb\u00ed pokrmy a\u017e po neodolateln\u00e9 sladkosti.<\/p>\n<p>Poj\u010fte s n\u00e1mi ochutnat v\u0161echny lah\u016fdky Istanbulu v r\u00e1mci na\u0161eho kulin\u00e1\u0159sk\u00e9ho v\u00fdletu.<\/p>\n<p>&nbsp;<\/p>\n<p>&nbsp;<\/p>\n<p><a href=\"https:\/\/savourturkey.com\/cz\/wp-content\/uploads\/sites\/2\/2025\/09\/20230415_120249.jpg\"><img loading=\"lazy\" decoding=\"async\" class=\"alignnone size-full wp-image-1191\" src=\"https:\/\/savourturkey.com\/cz\/wp-content\/uploads\/sites\/2\/2025\/09\/20230415_120249.jpg\" alt=\"\" width=\"4624\" height=\"3468\" srcset=\"https:\/\/savourturkey.com\/cz\/wp-content\/uploads\/sites\/2\/2025\/09\/20230415_120249.jpg 4624w, https:\/\/savourturkey.com\/cz\/wp-content\/uploads\/sites\/2\/2025\/09\/20230415_120249-300x225.jpg 300w, https:\/\/savourturkey.com\/cz\/wp-content\/uploads\/sites\/2\/2025\/09\/20230415_120249-768x576.jpg 768w, https:\/\/savourturkey.com\/cz\/wp-content\/uploads\/sites\/2\/2025\/09\/20230415_120249-1024x768.jpg 1024w\" sizes=\"auto, (max-width: 4624px) 100vw, 4624px\" \/><\/a><\/p>\n<p>\u00a9Savour Turkey &#8211; j\u00eddlo v Istanbulu<\/p>\n<p>&nbsp;<\/p>\n<p>&nbsp;<\/p>\n<p><strong>PROGRAM<\/strong><\/p>\n<p style=\"text-align: justify;\">Vyraz\u00edme na <strong>kurdsk\u00fd trh,<\/strong> kde v\u00e1s sezn\u00e1m\u00edme se specialitami V\u00fdchodn\u00ed Anat\u00f3lie. Pod\u00edv\u00e1me se do \u0159eznictv\u00ed, s\u00fdr\u00e1ren a samoz\u0159ejm\u011b budeme tak\u00e9 ochutn\u00e1vat m\u00edstn\u00ed lah\u016fdky. Z\u016fstaneme zde i na ob\u011bd a chu\u0165ov\u00e9 bu\u0148ky pot\u011b\u0161\u00edme m\u00edstn\u00ed specialitou \u201eb\u00fcryan\u00a0kebab\u201c a \u201eperde pilaf\u201c.<\/p>\n<p style=\"text-align: justify;\"><strong>Boza<\/strong>\u00a0je velmi chutn\u00fd a zdrav\u00fd tureck\u00fd n\u00e1poj p\u0159ipraven\u00fd z\u00a0kva\u0161en\u00e9ho prosa. Zajdeme si spolu na skleni\u010dku, kde v\u00e1m osv\u011btl\u00edme jeho historii, p\u0159\u00edpravu a zdravotn\u00ed \u00fa\u010dinky.<\/p>\n<p style=\"text-align: justify;\"><strong>Simit<\/strong> se v\u00a0Istanbulu vyr\u00e1b\u00ed u\u017e od 16. stolet\u00ed. Nasl\u00e1dl\u00e9 pe\u010divo se sezamov\u00fdmi sem\u00ednky pat\u0159\u00ed ke ka\u017edodenn\u00edmu pit\u00ed \u010dern\u00e9ho \u010daje. P\u0159\u00edpravu tradi\u010dn\u00ed pochoutky shl\u00e9dneme p\u0159\u00edmo v\u00a0pek\u00e1rn\u011b.<\/p>\n<p style=\"text-align: justify;\"><strong>Tureck\u00e1 k\u00e1va<\/strong> to je trochu jin\u00e1 k\u00e1va. Va\u0159\u00ed se v\u00a0ibriku, v\u00a0kovov\u00e9 konvi\u010dce s\u00a0dlouhou rukojet\u00ed p\u0159\u00edmo na ohni. \u010casto se do n\u00ed p\u0159id\u00e1v\u00e1 kardamom a velkou roli hraje i r\u016fzn\u00e9 mno\u017estv\u00ed cukru.\u00a0Od dob Osmansk\u00e9 \u0159\u00ed\u0161e a\u017e po sou\u010dasnost, k\u00e1va hraje d\u016fle\u017eitou roli v\u00a0tureck\u00e9 spole\u010dnosti. Vypr\u00e1v\u00edme se spolu na <strong>kurz p\u0159\u00edpravy tureck\u00e9 k\u00e1vy,<\/strong> kde se nau\u010d\u00edte techniku cel\u00e9ho ritu\u00e1lu.\u00a0 B\u011bhem degustace k\u00e1vy v\u00e1s tak\u00e9 sezn\u00e1m\u00edme s celou historii a tradic\u00ed tohoto pov\u011bstn\u00e9ho n\u00e1poje. Zav\u00edt\u00e1me tak\u00e9 do jedn\u00e9 z\u00a0nejstar\u0161\u00edch pra\u017e\u00edren k\u00e1vy v\u00a0Istanbulu, kde si m\u016f\u017eete zakoupit \u010derstv\u011b upra\u017eenou k\u00e1vu.<\/p>\n<p style=\"text-align: justify;\">V\u00fdte\u010dn\u00e1<strong> tureck\u00e1 kuchyn\u011b<\/strong> \u2013 to je spousta omamn\u00fdch <strong>sm\u011bs\u00ed ko\u0159en\u00ed<\/strong>. Vyprav\u00edme se za nimi na nejv\u011bt\u0161\u00ed trh s\u00a0ko\u0159en\u00edm \u2013 na Egyptsk\u00fd bazar, kde v\u00e1s zasv\u011bt\u00edme do v\u0161ech exotick\u00fdch druh\u016f <strong>ko\u0159en\u00ed, \u010daj\u016f a bylin.<\/strong> Pozn\u00e1te, kter\u00e9 byliny se p\u0159id\u00e1valy do n\u00e1poj\u016f l\u00e1sky v\u00a0har\u00e9mu a tak\u00e9 ochutn\u00e1me \u201etureckou viagru\u201c!<\/p>\n<p style=\"text-align: justify;\">Ochutn\u00e1me tak\u00e9 nep\u0159ebern\u00e9 druhy <strong>baklavy<\/strong> rozpl\u00fdvaj\u00edc\u00ed se na jazyku a <strong>lokumu<\/strong> (tureck\u00fd med) s\u00a0r\u016f\u017eovou nebo pomeran\u010dovou vodou, s\u00a0pist\u00e1ciemi, gran\u00e1tov\u00fdm jablkem, mandlemi. Nahl\u00e9dneme tak\u00e9 pod pokli\u010dku jejich p\u0159\u00edpravy.<\/p>\n<p style=\"text-align: justify;\">Vypr\u00e1v\u00edme se na ve\u010de\u0159i do proslul\u00e9 ryb\u00e1\u0159sk\u00e9 \u010dtvrti, kde ochutn\u00e1me delik\u00e1tn\u00ed pokrmy z\u00a0\u010derstv\u011b uloven\u00fdch<strong> ryb<\/strong>. Za\u017eijeme nezapomenutelnou atmosf\u00e9ru se spoustou hudby, vesel\u00ed a z\u00e1bavy v\u00a0jedn\u00e9 z\u00a0nejstar\u0161\u00edch m\u011bstsk\u00fdch \u010d\u00e1st\u00ed Istanbulu.<\/p>\n<p>Zajedeme tak\u00e9 na asijskou stranu Istanbulu, kde nav\u0161t\u00edv\u00edme vyhl\u00e1\u0161en\u00fd m\u00edstn\u00ed trh. U\u017eijeme si v\u0161ech dobrot na trhu (dle sez\u00f3nn\u00ed nab\u00eddky) &#8211; od \u010derstv\u00fdch ryb, sladk\u00fdch moru\u0161\u00ed, jedl\u00fdch ka\u0161tan\u016f, aromatick\u00fdch vinn\u00fdch list\u016f a\u017e po lahodn\u00e9 datle. Po n\u00e1vratu zp\u011bt na evropskou stranu zav\u00edt\u00e1me do plovouc\u00edch st\u00e1nk\u016f, kde ochutn\u00e1me vynikaj\u00edc\u00ed \u201ebalik ekmek\u201c (ryb\u00ed sendvi\u010d).<\/p>\n<p>&nbsp;<\/p>\n<p>&nbsp;<\/p>\n<p><a href=\"https:\/\/savourturkey.com\/cz\/wp-content\/uploads\/sites\/2\/2019\/05\/014.jpg\"><img loading=\"lazy\" decoding=\"async\" class=\"alignnone size-full wp-image-954\" src=\"https:\/\/savourturkey.com\/cz\/wp-content\/uploads\/sites\/2\/2019\/05\/014.jpg\" alt=\"\" width=\"4128\" height=\"2322\" srcset=\"https:\/\/savourturkey.com\/cz\/wp-content\/uploads\/sites\/2\/2019\/05\/014.jpg 4128w, https:\/\/savourturkey.com\/cz\/wp-content\/uploads\/sites\/2\/2019\/05\/014-300x169.jpg 300w, https:\/\/savourturkey.com\/cz\/wp-content\/uploads\/sites\/2\/2019\/05\/014-768x432.jpg 768w, https:\/\/savourturkey.com\/cz\/wp-content\/uploads\/sites\/2\/2019\/05\/014-1024x576.jpg 1024w\" sizes=\"auto, (max-width: 4128px) 100vw, 4128px\" \/><\/a><\/p>\n<p>\u00a9Savour Turkey &#8211; trh s ko\u0159en\u00edm v Istanbulu<\/p>\n<p>&nbsp;<\/p>\n<p>&nbsp;<\/p>\n<p><strong>NA\u0160E SLU\u017dBY<\/strong><\/p>\n<p>Pr\u016fvodcovsk\u00e9 slu\u017eby poskytujeme v Istanbulu pro jednotlivce nebo skupiny.<\/p>\n<p>D\u00edky tomu, \u017ee st\u0159\u00eddav\u011b pracujeme a \u017eijeme v\u00a0\u010cesk\u00e9 republice a v\u00a0Turecku za\u017eijete autentickou a velmi atraktivn\u00ed prohl\u00eddku Istanbulu.<\/p>\n<p>Navrhne v\u00e1m prohl\u00eddkovou trasu na z\u00e1klad\u011b va\u0161\u00ed dostupnosti, \u010dasu, va\u0161ich p\u0159\u00e1n\u00ed a preferenc\u00ed.<\/p>\n<p>&nbsp;<\/p>\n<p><a href=\"https:\/\/savourturkey.com\/cz\/wp-content\/uploads\/sites\/2\/2025\/09\/Istanbul-ryb\u00ed-tal\u00ed\u0159.jpg\"><img loading=\"lazy\" decoding=\"async\" class=\"alignnone size-full wp-image-1193\" src=\"https:\/\/savourturkey.com\/cz\/wp-content\/uploads\/sites\/2\/2025\/09\/Istanbul-ryb\u00ed-tal\u00ed\u0159.jpg\" alt=\"\" width=\"1600\" height=\"1200\" srcset=\"https:\/\/savourturkey.com\/cz\/wp-content\/uploads\/sites\/2\/2025\/09\/Istanbul-ryb\u00ed-tal\u00ed\u0159.jpg 1600w, https:\/\/savourturkey.com\/cz\/wp-content\/uploads\/sites\/2\/2025\/09\/Istanbul-ryb\u00ed-tal\u00ed\u0159-300x225.jpg 300w, https:\/\/savourturkey.com\/cz\/wp-content\/uploads\/sites\/2\/2025\/09\/Istanbul-ryb\u00ed-tal\u00ed\u0159-768x576.jpg 768w, https:\/\/savourturkey.com\/cz\/wp-content\/uploads\/sites\/2\/2025\/09\/Istanbul-ryb\u00ed-tal\u00ed\u0159-1024x768.jpg 1024w\" sizes=\"auto, (max-width: 1600px) 100vw, 1600px\" \/><\/a><\/p>\n<p>\u00a9Savour Turkey &#8211; j\u00eddlo v Istanbulu<\/p>\n<p>&nbsp;<\/p>\n<p>&nbsp;<\/p>\n<p><strong>VA\u0160E V\u00ddHODY, KDY\u017d SI NAJMETE SOUKROM\u00c9HO PR\u016eVODCE:<\/strong><\/p>\n<p>Dostanete individu\u00e1ln\u00ed p\u00e9\u010di zalo\u017eenou na va\u0161ich p\u0159\u00e1n\u00edch, z\u00e1jmech a preferenc\u00edch.<\/p>\n<p>Nav\u0161t\u00edv\u00edte m\u00edsta, kam se b\u011b\u017en\u00ed turist\u00e9 nedostanou, a kter\u00e1 nejsou v turistick\u00fdch pr\u016fvodc\u00edch.<\/p>\n<p>Budete m\u00edt dostatek \u010dasu na dotazy, zast\u00e1vky, ochutn\u00e1vky a po\u0159izov\u00e1n\u00ed fotografi\u00ed dle va\u0161\u00ed pot\u0159eby.<\/p>\n<p>U\u0161et\u0159\u00edte spoustu \u010dasu \u2013 nezabloud\u00edte, nebudete hledat lokality, kter\u00e9 chcete vid\u011bt.<\/p>\n<p>Velmi efektivn\u011b str\u00e1v\u00edte \u010das v Istanbulu \u2013 b\u011bhem va\u0161eho pobytu uvid\u00edte velk\u00e9 mno\u017estv\u00ed lokalit (samoz\u0159ejm\u011b dle va\u0161ich p\u0159\u00e1n\u00ed) a u\u017eijete si spoustu z\u00e1\u017eitk\u016f.<\/p>\n<p>Setk\u00e1te se s m\u00edstn\u00edmi obyvateli a pozn\u00e1te jejich autentick\u00fd \u017eivot.<\/p>\n<p>Z\u00edsk\u00e1te p\u0159ehled o m\u00edstn\u00ed gastronomii.<\/p>\n<p>Pozn\u00e1te zaj\u00edmav\u00e9 p\u0159\u00edb\u011bhy, kter\u00e9 nejsou uvedeny v\u00a0pr\u016fvodc\u00edch.<\/p>\n<p>Dozv\u00edte se kvalifikovan\u00e9 a nezkreslen\u00e9\u00a0 informace.<\/p>\n<p>Dostanete tipy na dobr\u00e9 restaurace, skv\u011bl\u00e9 nakupov\u00e1n\u00ed a veselou ve\u010dern\u00ed z\u00e1bavu.<\/p>\n<p>&nbsp;<\/p>\n<p>&nbsp;<\/p>\n<p><strong>PRO INFORMACE A REZERVACE PI\u0160TE NA MAIL<\/strong><\/p>\n<p>e-mail: savourturkey@gmail.com<\/p>\n<p>&nbsp;<\/p>\n","protected":false},"excerpt":{"rendered":"<p>\u00a9Savour Turkey &#8211; j\u00eddlo v Istanbulu &nbsp; Istanbul to je lavina omamn\u00fdch chut\u00ed a v\u016fn\u00ed, kter\u00e1 v\u00e1s zaval\u00ed, jakmile p\u0159ijdete do m\u011bsta. Od pikantn\u00edch kebab\u016f, p\u0159es lahodn\u00e9 ryb\u00ed pokrmy a\u017e po neodolateln\u00e9 sladkosti. Poj\u010fte s n\u00e1mi ochutnat v\u0161echny lah\u016fdky Istanbulu&hellip; <\/p>\n","protected":false},"author":1,"featured_media":0,"parent":40,"menu_order":0,"comment_status":"closed","ping_status":"closed","template":"","meta":{"_acf_changed":false,"footnotes":""},"tags":[256,637,439,454,50,389,447,446,448,579,474,578,577,391,441,440,394,46,212,13,547],"class_list":["post-215","page","type-page","status-publish","hentry","tag-bazary-v-istanbulu","tag-cesky-mluvici-pruvodce-v-istanbulu","tag-dovolena-turecko","tag-dovolena-v-istanbulu","tag-egyptsky-trh","tag-eurovikend-istanbul","tag-gastroturistika-istanbul","tag-gastroturistika-turecko","tag-jidlo-istanbul","tag-jidlo-v-istanbulu","tag-jidlo-v-turecku","tag-kulinarska-turistika-istanbul","tag-kulinarska-turistika-turecko","tag-nakupy-istanbul","tag-prodlouzeny-vikend-istanbul","tag-pruvodce-istanbul","tag-pruvodce-v-istanbulu","tag-turecka-kava","tag-turecka-kuchyne","tag-turecko","tag-zajezd-istanbul"],"acf":[],"_links":{"self":[{"href":"https:\/\/savourturkey.com\/cz\/wp-json\/wp\/v2\/pages\/215","targetHints":{"allow":["GET"]}}],"collection":[{"href":"https:\/\/savourturkey.com\/cz\/wp-json\/wp\/v2\/pages"}],"about":[{"href":"https:\/\/savourturkey.com\/cz\/wp-json\/wp\/v2\/types\/page"}],"author":[{"embeddable":true,"href":"https:\/\/savourturkey.com\/cz\/wp-json\/wp\/v2\/users\/1"}],"replies":[{"embeddable":true,"href":"https:\/\/savourturkey.com\/cz\/wp-json\/wp\/v2\/comments?post=215"}],"version-history":[{"count":23,"href":"https:\/\/savourturkey.com\/cz\/wp-json\/wp\/v2\/pages\/215\/revisions"}],"predecessor-version":[{"id":1196,"href":"https:\/\/savourturkey.com\/cz\/wp-json\/wp\/v2\/pages\/215\/revisions\/1196"}],"up":[{"embeddable":true,"href":"https:\/\/savourturkey.com\/cz\/wp-json\/wp\/v2\/pages\/40"}],"wp:attachment":[{"href":"https:\/\/savourturkey.com\/cz\/wp-json\/wp\/v2\/media?parent=215"}],"wp:term":[{"taxonomy":"post_tag","embeddable":true,"href":"https:\/\/savourturkey.com\/cz\/wp-json\/wp\/v2\/tags?post=215"}],"curies":[{"name":"wp","href":"https:\/\/api.w.org\/{rel}","templated":true}]}}