{"id":221,"date":"2015-10-26T15:24:13","date_gmt":"2015-10-26T14:24:13","guid":{"rendered":"http:\/\/savourturkey.com\/cz\/?page_id=221"},"modified":"2021-01-04T15:30:54","modified_gmt":"2021-01-04T14:30:54","slug":"suphan-ararat","status":"publish","type":"page","link":"https:\/\/savourturkey.com\/cz\/turistika\/horska-turistika\/suphan-ararat\/","title":{"rendered":"S\u00fcphan &#8211; Ararat"},"content":{"rendered":"<p>&nbsp;<\/p>\n<p><a href=\"https:\/\/savourturkey.com\/cz\/wp-content\/uploads\/sites\/2\/2015\/11\/ST-Suphan.jpg\"><img loading=\"lazy\" decoding=\"async\" class=\"alignnone size-full wp-image-436\" src=\"https:\/\/savourturkey.com\/cz\/wp-content\/uploads\/sites\/2\/2015\/11\/ST-Suphan.jpg\" alt=\"\" width=\"2048\" height=\"1536\" srcset=\"https:\/\/savourturkey.com\/cz\/wp-content\/uploads\/sites\/2\/2015\/11\/ST-Suphan.jpg 2048w, https:\/\/savourturkey.com\/cz\/wp-content\/uploads\/sites\/2\/2015\/11\/ST-Suphan-300x225.jpg 300w, https:\/\/savourturkey.com\/cz\/wp-content\/uploads\/sites\/2\/2015\/11\/ST-Suphan-1024x768.jpg 1024w\" sizes=\"auto, (max-width: 2048px) 100vw, 2048px\" \/><\/a><\/p>\n<p>&nbsp;<\/p>\n<p><strong>D\u00e9lka programu: <\/strong>12 dn\u00ed<\/p>\n<p><strong>Term\u00edn:<\/strong>\u00a0\u010derven &#8211; prvn\u00ed polovina z\u00e1\u0159\u00ed<\/p>\n<p>&nbsp;<\/p>\n<p><strong>Podm\u00ednky realizace: <\/strong><\/p>\n<p>Skupina minim\u00e1ln\u011b osmi lid\u00ed.<\/p>\n<p>Je-li v\u00e1s men\u0161\u00ed po\u010det, kontaktujte n\u00e1s.<\/p>\n<p>&nbsp;<\/p>\n<p><strong>POD\u00cdVEJTE SE NA MAPU, NA M\u00cdSTO NA\u0160\u00cd CESTY<\/strong><\/p>\n<p><iframe loading=\"lazy\" style=\"border: 0;\" src=\"https:\/\/www.google.com\/maps\/embed?pb=!1m14!1m12!1m3!1d790831.5764757945!2d42.96277368405886!3d39.26134967503412!2m3!1f0!2f0!3f0!3m2!1i1024!2i768!4f13.1!5e0!3m2!1scs!2sus!4v1449331712400\" width=\"400\" height=\"300\" frameborder=\"0\" allowfullscreen=\"allowfullscreen\"><\/iframe><\/p>\n<p>&nbsp;<\/p>\n<p>&nbsp;<\/p>\n<p><strong>PROGRAM<\/strong>:<\/p>\n<p style=\"text-align: justify;\">Po stezce vyjdeme na <strong><em>Vansk\u00fd hrad.<\/em><\/strong> Z impozantn\u00edho komplexu zalo\u017een\u00e9ho v\u00a0dob\u011b \u017eelezn\u00e9 budeme m\u00edt v\u00fdhled na celou planinu se zelen\u00fdmi poli a na \u00a0modrou hladinu jezera Van. Z pta\u010d\u00ed perspektivy uvid\u00edme i zbytky star\u00e9ho Vanu (me\u0161ity s\u00a0minarety, hrobka). Vz\u00e1cn\u00e9 n\u00e1pisy vyryt\u00e9 do skl\u00e1ly kl\u00ednov\u00fdm p\u00edsmem pak uvid\u00edme cestou do poh\u0159ebn\u00ed komory kr\u00e1le Argishtiho.<\/p>\n<p style=\"text-align: justify;\"><strong><em>Jezero Van j<\/em><\/strong>e nejv\u011bt\u0161\u00ed jezero v\u00a0Turecku (plocha 3,755\u00a0km<sup>2<\/sup>, \u0161\u00ed\u0159ka 119 km, maxim\u00e1ln\u00ed hloubka 451 m). Pat\u0159\u00ed mezi soln\u00e1 jezera. Jeho vodn\u00ed plochu tvo\u0159\u00ed potoky st\u00e9kaj\u00edc\u00ed z okoln\u00edch hor. Jezero je Van bezodtok\u00e9, m\u00e1 tedy siln\u011b alkalickou vodu bohatou na uhli\u010ditan sodn\u00fd a dal\u0161\u00ed soli.<\/p>\n<p style=\"text-align: justify;\">U\u017eijeme si v\u00fdstup na druhou nejvy\u0161\u0161\u00ed horu Turecka &#8211;\u00a0<strong><em>S\u00fcphan<\/em>. <\/strong>Mohutn\u00fd hrbol, kter\u00fd je vid\u011bt daleko na obzoru bude pro v\u00e1s dobr\u00fdm tr\u00e9ninkem p\u0159ed n\u00e1ro\u010dn\u011bj\u0161\u00edm v\u00fdstupem na Ararat. Z vrcholu (4.058 m) budeme m\u00edt \u00fa\u017easn\u00fd v\u00fdhled na jezero Van a starou seld\u017euckou pevnost v Adilcelvazu.<\/p>\n<p style=\"text-align: justify;\">Nav\u0161t\u00edv\u00edme vodop\u00e1dov\u00fd r\u00e1j &#8211;<strong>\u00a0<em>Muradiye<\/em><\/strong>, na n\u011bj\u017e se dostaneme po d\u0159ev\u011bn\u00e9m visut\u00e9m most\u011b.<\/p>\n<p style=\"text-align: justify;\">Na vlastn\u00ed o\u010di pozn\u00e1me b\u00e1jnou <em><strong>Noemovu archu<\/strong><\/em>, po n\u00ed\u017e se m\u016f\u017eeme proj\u00edt a nav\u0161t\u00edv\u00edme m\u00edstn\u00ed muzeum.<\/p>\n<p style=\"text-align: justify;\">Vykoupeme se v<em><strong> hork\u00fdch sirn\u00fdch pramenech u \u0159eky Murat<\/strong>,<\/em> kter\u00e9 dodaj\u00ed novou vzpruhu na\u0161im kloub\u016fm a sval\u016fm.<\/p>\n<p style=\"text-align: justify;\">Vystoup\u00edme na nejvy\u0161\u0161\u00ed horu Turecka, na b\u00e1jn\u00fd<em><strong> Ararat<\/strong> <\/em>(5.165 m), kter\u00fd je uct\u00edvan\u00fd jako svat\u00e1 hora. V\u00fdstup je technicky snadn\u00fd a prob\u00edh\u00e1 po jedin\u00e9 povolen\u00e9 trase.\u00a0Cestou uvid\u00edte kurdsk\u00e9 rodiny \u017eij\u00edc\u00ed na svaz\u00edch Araratu jako nom\u00e1di.<\/p>\n<p style=\"text-align: justify;\">N\u00e1vrat do poh\u00e1dky &#8222;Tis\u00edc a jedna noc&#8220; za\u017eijeme v pal\u00e1ci <strong>Ishaka Pa\u0161i.<\/strong> Fascinuj\u00edc\u00ed komplex ze 17. stolet\u00ed\u00a0byl postaven na jedn\u00e9 z velk\u00fdch skaln\u00edch mas na vrchu Karaburun, na plo\u0161e 7.600 m2. Prohl\u00e9dneme si cel\u00fd are\u00e1l v\u010detn\u011b\u00a0 haremliku (\u010d\u00e1st pro rodinu a pro \u017eeny), selamliku (\u010d\u00e1st pro mu\u017ee, kde je tak\u00e9 me\u0161ita a zasedac\u00ed s\u00e1l) a \u00a0provozn\u00ed \u010d\u00e1sti ( byty str\u00e1\u017e\u00ed, sluh\u016f).<\/p>\n<p>Po v\u00fdstupu si dop\u0159ejeme b\u00e1je\u010dnou relaxaci v tureck\u00e9 l\u00e1zni &#8211; v <em><strong>hamamu v\u00a0Do\u011fubayazitu.<\/strong><\/em><\/p>\n<p style=\"text-align: justify;\"><em><strong>Tradi\u010dn\u00ed ve\u010de\u0159e v kurdsk\u00e9 rodin\u011b.<\/strong><\/em>\u00a0Za\u017eijete pov\u011bstnou kurdskou pohostinnost a va\u0161e chu\u0165ov\u00e9 bu\u0148ky pot\u011b\u0161\u00ed v\u00fdborn\u00e1, dom\u00e1c\u00ed kurdsk\u00e1 kuchyn\u011b.<\/p>\n<p>&nbsp;<\/p>\n<p>&nbsp;<\/p>\n<p><strong>ITINER\u00c1\u0158:<\/strong><\/p>\n<p><strong>1. den<\/strong><\/p>\n<p>p\u0159\u00edlet do Vanu, transfer do hotelu, ve\u010de\u0159e, p\u0159enocov\u00e1n\u00ed v hotelu<\/p>\n<p><strong>2. den<\/strong><\/p>\n<p>sn\u00eddan\u011b, prohl\u00eddka Vansk\u00e9ho hradu s\u00a0v\u00fdhledem na Vansk\u00e9 jezero. Ob\u011bd (ob\u011bdov\u00fd bal\u00ed\u010dek). V\u00a0p\u0159\u00edpad\u011b z\u00e1jmu koup\u00e1n\u00ed ve Vansk\u00e9m jeze\u0159e. Ve\u010de\u0159e. P\u0159enocov\u00e1n\u00ed v hotelu.<\/p>\n<p><strong>3. den<\/strong><\/p>\n<p style=\"text-align: justify;\">Sn\u00eddan\u011b. Transfer pod horu S\u00fcphan do v\u00fd\u0161ky 2.500 m, kde postav\u00edme t\u00e1bor. Ob\u011bd (ob\u011bdov\u00fd bal\u00ed\u010dek). V\u00a0p\u0159\u00edpad\u011b pot\u0159eby aklimatiza\u010dn\u00ed v\u00fdstup do v\u00fd\u0161ky 3.100 m (3, 5 hodiny). Ve\u010de\u0159e, p\u0159enocov\u00e1n\u00ed ve stanech.<\/p>\n<p><strong>4. den<\/strong><\/p>\n<p style=\"text-align: justify;\">Sn\u00eddan\u011b. Pot\u00e9 kolem t\u0159et\u00ed r\u00e1no za\u010dneme pro v\u00fdstup na vrchol Suphan (4.058 m), kter\u00e9ho dos\u00e1hneme kolem \u0161est\u00e9 hodiny rann\u00ed. V z\u00e1vislosti na ro\u010dn\u00edm obdob\u00ed by mohlo b\u00fdt sn\u00edh v vrcholov\u00e9 oblasti, v horn\u00edch oblastech balvany a sk\u00e1ly. Sestup do t\u00e1bora, ob\u011bd (ob\u011bdov\u00fd bal\u00ed\u010dek). Odjezd z\u00a0t\u00e1bora do Do\u011fubayazitu (1.950 m, cca 3 hodiny) se zast\u00e1vkou u vodop\u00e1du Muradiye. Spole\u010dn\u00e1 ve\u010de\u0159e a p\u0159enocov\u00e1n\u00ed v hotelu.<\/p>\n<p><strong>5. den<\/strong><\/p>\n<p style=\"text-align: justify;\">Sn\u00eddan\u011b, n\u00e1v\u0161t\u011bva Noemovy archy. Ob\u011bd (ob\u011bdov\u00fd bal\u00ed\u010dek). Prohl\u00eddka fam\u00f3zn\u00edho pal\u00e1ce Ishaka Pa\u0161i s\u00a0n\u00e1dhern\u00fdm v\u00fdhledem na n\u00e1horn\u00ed plo\u0161inu a okoln\u00ed hory. V odpoledn\u00edch hodin\u00e1ch v\u00fdlet k\u00a0\u0159ece Murat, kter\u00e1 je zdrojnic\u00ed \u0159eky Eufratu, koup\u00e1n\u00ed v hork\u00fdch sirn\u00fdch pramen\u016f. Ve\u010de\u0159e &#8211; piknik zp\u00e1te\u010dn\u00ed cesta a p\u0159enocov\u00e1n\u00ed v hotelu.<\/p>\n<p><strong>6.den <\/strong><\/p>\n<p>Sn\u00eddan\u011b, transfer z\u00a0hotelu k\u00a0v\u00fdchoz\u00edmu bodu v\u00fdstupu (2.200 m), cca 4 hodinov\u00fd v\u00fdstup do z\u00e1kladn\u00edho t\u00e1bora do v\u00fd\u0161ky 3.200 m, ob\u011bdov\u00fd bal\u00ed\u010dek, zavazadla budou p\u0159evezena ko\u0148mi, ve\u010de\u0159e, p\u0159enocov\u00e1n\u00ed ve stanech.<\/p>\n<p><strong>7. den<\/strong><\/p>\n<p style=\"text-align: justify;\">Sn\u00eddan\u011b, aklimatiza\u010dn\u00ed v\u00fdstup (5 hodin) bez zavazadel. B\u011bhem t\u00fary se m\u016f\u017eete pokochat n\u00e1dhern\u00fdmi pohledy na Mal\u00fd Ararat a v\u00fdhledem do \u00cdr\u00e1nu. Ob\u011bd (ob\u011bdov\u00fd bal\u00ed\u010dek). Sestup do z\u00e1kladn\u00edho t\u00e1bora, voln\u00fd \u010das na odpo\u010dinek, ve\u010de\u0159e, p\u0159enocov\u00e1n\u00ed ve stanech.<\/p>\n<p style=\"text-align: justify;\"><strong>8.den <\/strong><\/p>\n<p style=\"text-align: justify;\">Sn\u00eddan\u011b, balen\u00ed stan\u016f a cca 5 hodinov\u00fd v\u00fdstup do druh\u00e9ho v\u00fd\u0161kov\u00e9ho t\u00e1bora (4.200 m); zavazadla budou p\u0159evezena ko\u0148mi; ob\u011bd (ob\u011bdov\u00fd bal\u00ed\u010dek), ve\u010de\u0159e, kr\u00e1tk\u00fd pobyt p\u0159es noc ve stanech (stany jsou chr\u00e1n\u011bny p\u0159ed v\u011btrem ze zd\u00ed kamen\u016f)<\/p>\n<p><strong>9. den<\/strong><\/p>\n<p style=\"text-align: justify;\">Sn\u00eddan\u011b, 4 &#8211; 5 hodinov\u00fd v\u00fdstup na vrchol (5.165 m). V\u00fdstup za\u010d\u00edn\u00e1 ve 3 hodiny r\u00e1no. Nejprve polezeme p\u0159es balvany, pot\u00e9 budeme pokra\u010dovat na sn\u011bhu a ledu a\u017e na vrchol, kde v z\u00e1vislosti na podm\u00ednk\u00e1ch, pou\u017eijeme ma\u010dky. Ob\u011bd (ob\u011bdov\u00fd bal\u00ed\u010dek). V\u00a0p\u0159\u00edpad\u011b dobr\u00e9ho po\u010das\u00ed, \u010das na v\u011bt\u0161\u00ed odpo\u010dinek na vrcholu. U\u017eijete si n\u00e1dhern\u00fd v\u00fdhled do Arm\u00e9nie, \u00cdr\u00e1nu, na Do\u011fubayazit a S\u00fcphan. Pot\u00e9 sestoup\u00edme do druh\u00e9ho v\u00fd\u0161kov\u00e9ho t\u00e1bora a n\u00e1sledn\u011b do z\u00e1kladn\u00edho t\u00e1bora (sestup trv\u00e1 5 \u2013 6 hodin). Ve\u010de\u0159e a oslava va\u0161eho \u00fasp\u011b\u0161n\u00e9ho dobit\u00ed vrcholu Araratu. P\u0159enocov\u00e1n\u00ed ve stanech.<\/p>\n<p><strong>10. den <\/strong><\/p>\n<p>Sn\u00eddan\u011b, sestup ze z\u00e1kladn\u00edho t\u00e1bora do Eli, transfer do Do\u011fubayazitu, ubytov\u00e1n\u00ed v\u00a0hotelu. Ob\u011bd (ob\u011bdov\u00fd bal\u00ed\u010dek). Odpoledne prohl\u00eddka fam\u00f3zn\u00edho pal\u00e1ce Ishaka Pa\u0161i s\u00a0n\u00e1dhern\u00fdm v\u00fdhledem na n\u00e1horn\u00ed plo\u0161inu a okoln\u00ed hory. Nave\u010der hamam, tradi\u010dn\u00ed ve\u010de\u0159e v\u00a0kurdsk\u00e9 rodin\u011b, p\u0159enocov\u00e1n\u00ed v\u00a0hotelu.<\/p>\n<p><strong>11. den<\/strong><\/p>\n<p>Sn\u00eddan\u011b, transfer do Vanu. Ob\u011bd (ob\u011bdov\u00fd bal\u00ed\u010dek). Odpoledne volno. Na ve\u010de\u0159i s na\u0161\u00edm horsk\u00fdm v\u016fdcem pr\u016fvodcem budete m\u00edt mo\u017enost mluvit o v\u0161ech sv\u00fdch zku\u0161enostech. P\u0159enocov\u00e1n\u00ed v hotelu.<\/p>\n<p><strong>12. den<\/strong><\/p>\n<p>Sn\u00eddan\u011b. Transfer na leti\u0161t\u011b ve Vanu.<\/p>\n<p>&nbsp;<\/p>\n<p>&nbsp;<\/p>\n<p><strong>PRAKTICK\u00c9 INFORMACE:<\/strong><\/p>\n<p>Pro v\u00fdstup na Ararat mus\u00edte b\u00fdt sezn\u00e1meni s\u00a0technikou lezen\u00ed ve sn\u011bhu s\u00a0ma\u010dkami ve v\u00fd\u0161k\u00e1ch nad 4.800 m.\u00a0Od v\u00fd\u0161ky 4.400 m se ji\u017e objevuje sn\u00edh, o 400 metr\u016f d\u00e1l za\u010d\u00edn\u00e1 ledovec.<\/p>\n<p>&nbsp;<\/p>\n<p style=\"text-align: justify;\"><strong>CENA:<\/strong> na vy\u017e\u00e1d\u00e1n\u00ed<\/p>\n<p>&nbsp;<\/p>\n<p><strong>CENA OBSAHUJE:<\/strong><\/p>\n<p style=\"text-align: justify;\">Transfer z leti\u0161t\u011b Van do Do\u011fubayazitu a zp\u011bt<\/p>\n<p style=\"text-align: justify;\">Dopravu b\u011bhem pobytu<\/p>\n<p style=\"text-align: justify;\">5x nocleh v\u00a0hotelu (dvoul\u016f\u017ekov\u00e9 pokoje s\u00a0vlastn\u00ed sprchou a toaletou)<\/p>\n<p style=\"text-align: justify;\">Vstup do hamamu<\/p>\n<p style=\"text-align: justify;\">Stravov\u00e1n\u00ed (sn\u00eddan\u011b, ob\u011bdov\u00e9 bal\u00ed\u010dky, tepl\u00e9 ve\u010de\u0159e, n\u00e1poje \u2013 all inclusive, ve\u010de\u0159i v kurdsk\u00e9 rodin\u011b)<\/p>\n<p style=\"text-align: justify;\">Povolen\u00ed tureck\u00e9 vl\u00e1dy pro v\u00fdstup na Ararat<\/p>\n<p style=\"text-align: justify;\">Povolen\u00ed pro v\u00fdstup na\u00a0S\u00fcphan<\/p>\n<p style=\"text-align: justify;\">Vstupn\u00e9 do n\u00e1rodn\u00ed parku Ararat<\/p>\n<p style=\"text-align: justify;\">Licencovan\u00e9ho kurdsk\u00e9ho horsk\u00e9ho v\u016fdce mluv\u00edc\u00edho anglicky nebo n\u011bmecky<\/p>\n<p style=\"text-align: justify;\">Kurdsk\u00e9ho kucha\u0159e<\/p>\n<p style=\"text-align: justify;\">Dopravu zavazadel na kon\u00edch od v\u00fdchoz\u00edho bodu v\u00fdstupu a\u017e do druh\u00e9ho v\u00fd\u0161kov\u00e9ho t\u00e1bora<\/p>\n<p style=\"text-align: justify;\">Stan pro dv\u011b osoby v\u010detn\u011b dvou karimatek (stan pro jednu osoba je mo\u017en\u00fd za p\u0159\u00edplatek)<\/p>\n<p>&nbsp;<\/p>\n<p><strong>CENA NEOBSAHUJE:<\/strong><\/p>\n<p style=\"text-align: justify;\">Letenku<\/p>\n<p>Zdravotn\u00ed a jin\u00e1 poji\u0161t\u011bn\u00ed<\/p>\n<p>Alkoholick\u00e9 n\u00e1poje<\/p>\n<p>Spropitn\u00e9 pro pr\u016fvodce<\/p>\n<p>&nbsp;<\/p>\n<p><strong>INFORMACE A REZERVACE:<\/strong><\/p>\n<p>e-mail: savourturkey@gmail.com<\/p>\n<p>tel. 603 520 697<\/p>\n","protected":false},"excerpt":{"rendered":"<p>&nbsp; &nbsp; D\u00e9lka programu: 12 dn\u00ed Term\u00edn:\u00a0\u010derven &#8211; prvn\u00ed polovina z\u00e1\u0159\u00ed &nbsp; Podm\u00ednky realizace: Skupina minim\u00e1ln\u011b osmi lid\u00ed. Je-li v\u00e1s men\u0161\u00ed po\u010det, kontaktujte n\u00e1s. &nbsp; POD\u00cdVEJTE SE NA MAPU, NA M\u00cdSTO NA\u0160\u00cd CESTY &nbsp; &nbsp; PROGRAM: Po stezce vyjdeme na&hellip; <\/p>\n","protected":false},"author":1,"featured_media":0,"parent":34,"menu_order":0,"comment_status":"closed","ping_status":"closed","template":"","meta":{"_acf_changed":false,"footnotes":""},"tags":[17,21,528,512,63,87,66,32,61,33,570,13,569,573,571,572,568,34,67,14,567],"class_list":["post-221","page","type-page","status-publish","hentry","tag-ararat","tag-dogubayazit","tag-horsky-vudce-ararat","tag-horsky-vudce-turecko","tag-ishak-pasa","tag-jezero-van","tag-maly-ararat","tag-muradiye","tag-noemova-archa","tag-suphan","tag-suphan-vystup","tag-turecko","tag-turecko-hory","tag-turecko-poznavaci-turisticke-zajezdy","tag-turecko-trek","tag-turecko-trekking","tag-turistika-v-turecku","tag-van","tag-vansky-hrad","tag-vychodni-anatolie","tag-vystup-ararat"],"acf":[],"_links":{"self":[{"href":"https:\/\/savourturkey.com\/cz\/wp-json\/wp\/v2\/pages\/221","targetHints":{"allow":["GET"]}}],"collection":[{"href":"https:\/\/savourturkey.com\/cz\/wp-json\/wp\/v2\/pages"}],"about":[{"href":"https:\/\/savourturkey.com\/cz\/wp-json\/wp\/v2\/types\/page"}],"author":[{"embeddable":true,"href":"https:\/\/savourturkey.com\/cz\/wp-json\/wp\/v2\/users\/1"}],"replies":[{"embeddable":true,"href":"https:\/\/savourturkey.com\/cz\/wp-json\/wp\/v2\/comments?post=221"}],"version-history":[{"count":16,"href":"https:\/\/savourturkey.com\/cz\/wp-json\/wp\/v2\/pages\/221\/revisions"}],"predecessor-version":[{"id":1053,"href":"https:\/\/savourturkey.com\/cz\/wp-json\/wp\/v2\/pages\/221\/revisions\/1053"}],"up":[{"embeddable":true,"href":"https:\/\/savourturkey.com\/cz\/wp-json\/wp\/v2\/pages\/34"}],"wp:attachment":[{"href":"https:\/\/savourturkey.com\/cz\/wp-json\/wp\/v2\/media?parent=221"}],"wp:term":[{"taxonomy":"post_tag","embeddable":true,"href":"https:\/\/savourturkey.com\/cz\/wp-json\/wp\/v2\/tags?post=221"}],"curies":[{"name":"wp","href":"https:\/\/api.w.org\/{rel}","templated":true}]}}