{"id":238,"date":"2015-10-27T09:29:37","date_gmt":"2015-10-27T08:29:37","guid":{"rendered":"http:\/\/savourturkey.com\/cz\/?page_id=238"},"modified":"2021-04-06T15:16:38","modified_gmt":"2021-04-06T14:16:38","slug":"vychodni-anatolie-van-dogubayazit","status":"publish","type":"page","link":"https:\/\/savourturkey.com\/cz\/turistika\/kulturni-turistika\/vychodni-anatolie-van-dogubayazit\/","title":{"rendered":"Perly v\u00fdchodn\u00ed Anat\u00f3lie &#8211; Van, Do\u011fubayazit"},"content":{"rendered":"<p>&nbsp;<\/p>\n<p><a href=\"https:\/\/savourturkey.com\/cz\/wp-content\/uploads\/sites\/2\/2015\/10\/001.jpg\"><img loading=\"lazy\" decoding=\"async\" class=\"alignnone size-full wp-image-750\" src=\"https:\/\/savourturkey.com\/cz\/wp-content\/uploads\/sites\/2\/2015\/10\/001.jpg\" alt=\"001\" width=\"1280\" height=\"960\" srcset=\"https:\/\/savourturkey.com\/cz\/wp-content\/uploads\/sites\/2\/2015\/10\/001.jpg 1280w, https:\/\/savourturkey.com\/cz\/wp-content\/uploads\/sites\/2\/2015\/10\/001-300x225.jpg 300w, https:\/\/savourturkey.com\/cz\/wp-content\/uploads\/sites\/2\/2015\/10\/001-768x576.jpg 768w, https:\/\/savourturkey.com\/cz\/wp-content\/uploads\/sites\/2\/2015\/10\/001-1024x768.jpg 1024w\" sizes=\"auto, (max-width: 1280px) 100vw, 1280px\" \/><\/a><\/p>\n<p>\u00a9Savour Turkey &#8211; pal\u00e1c Ishak Pa\u0161a<\/p>\n<p>&nbsp;<\/p>\n<p><strong>D\u00e9lka programu:<\/strong>\u00a07 dn\u016f<\/p>\n<p><strong>Term\u00edn:<\/strong>\u00a0kv\u011bten &#8211; z\u00e1\u0159\u00ed<\/p>\n<p><strong>Podm\u00ednky pro realizaci:<\/strong> skupina minim\u00e1ln\u011b 8 lid\u00ed<\/p>\n<p>&nbsp;<\/p>\n<p>&nbsp;<\/p>\n<p><strong>POD\u00cdVEJTE SE NA MAPU, NA NA\u0160I CESTU<\/strong><\/p>\n<p><iframe loading=\"lazy\" style=\"border: 0;\" src=\"https:\/\/www.google.com\/maps\/embed?pb=!1m14!1m12!1m3!1d793914.8276798669!2d43.205210656430914!3d38.987251499425795!2m3!1f0!2f0!3f0!3m2!1i1024!2i768!4f13.1!5e0!3m2!1scs!2sus!4v1449260618988\" width=\"400\" height=\"300\" frameborder=\"0\" allowfullscreen=\"allowfullscreen\"><\/iframe><\/p>\n<p>&nbsp;<\/p>\n<p>Nav\u0161t\u00edv\u00edme \u201e<strong>Van Kedisi Evi<\/strong>\u201c \u2013 domov unik\u00e1tn\u00edho sv\u011btov\u00e9ho plemene\u00a0<strong>vansk\u00fdch ko\u010dek.<\/strong>\u00a0 Sn\u011bhob\u00edl\u00ed krasavci, je\u017e maj\u00ed jedno oko tyrkysov\u00e9 a druh\u00e9 jantarov\u00e9, plavou, miluj\u00ed spole\u010dnost, \u017eerou vodn\u00ed melouny i zmrzlinu. Uk\u00e1\u017eeme v\u00e1m jejich v\u00fdb\u011bhy, j\u00eddelny i ob\u00fdv\u00e1ky, kde poslouchaj\u00ed relaxa\u010dn\u00ed hudbu pro jejich pohodu.<\/p>\n<p>Pokoch\u00e1me se vodop\u00e1dov\u00fdm r\u00e1jem\u00a0<strong><em>Muradiye<\/em><\/strong>, na n\u011bj\u017e se dostaneme po d\u0159ev\u011bn\u00e9m visut\u00e9m most\u011b.<\/p>\n<p>V roce 1959 tureck\u00fd arm\u00e1dn\u00ed kapit\u00e1n Ilhan Durupinar objevil p\u0159i po\u0159izov\u00e1n\u00ed leteck\u00fdch fotografi\u00ed neobvykl\u00fd \u00fatvar. Zvl\u00e1\u0161tn\u00ed celek, v\u011bt\u0161\u00ed ne\u017e fotbalov\u00e9 h\u0159i\u0161t\u011b, vystupoval z drsn\u00e9ho a skalnat\u00e9ho ter\u00e9nu v nadmo\u0159sk\u00e9 v\u00fd\u0161ce 1.966 metr\u016f, v bl\u00edzkosti turecko \u2013 \u00edr\u00e1nsk\u00e9 hranice. Noemova archa byla objevena! B\u011bhem na\u0161eho v\u00fdletu pozn\u00e1me na vlastn\u00ed o\u010di\u00a0b\u00e1jnou\u00a0<em><strong>Noemovu archu<\/strong><\/em>, po n\u00ed\u017e se m\u016f\u017eeme proj\u00edt a nav\u0161t\u00edv\u00edme m\u00edstn\u00ed muzeum.<\/p>\n<p>Vykoupeme se v\u00a0<em><strong>hork\u00fdch sirn\u00fdch pramenech u \u0159eky Murat<\/strong><\/em><em>,<\/em>\u00a0kter\u00e9 dodaj\u00ed novou vzpruhu na\u0161im kloub\u016fm a sval\u016fm a u\u017eijeme si piknik v\u00a0n\u00e1dhern\u00e9 panensk\u00e9 p\u0159\u00edrod\u011b.<\/p>\n<p>Za\u017eijeme n\u00e1vrat do poh\u00e1dky \u201eTis\u00edc a jedna noc\u201c v pal\u00e1ci\u00a0<strong>Ishaka Pa\u0161i.\u00a0<\/strong>Fascinuj\u00edc\u00ed komplex ze 17. stolet\u00ed postavil kurdsk\u00fd em\u00edr na jedn\u00e9 z velk\u00fdch skaln\u00edch mas na vrchu Karaburun, na plo\u0161e 7.600 m2. Strategick\u00e9 m\u00edsto chr\u00e1n\u00edc\u00ed kupeckou stezku vedouc\u00ed horsk\u00fdm pr\u016fsmykem spojovalo v historii Osmanskou a Perskou \u0159\u00ed\u0161i. Prohl\u00e9dneme si cel\u00fd are\u00e1l v\u010detn\u011b haremliku (\u010d\u00e1st pro rodinu a pro \u017eeny), selamliku (\u010d\u00e1st pro mu\u017ee, kde je tak\u00e9 me\u0161ita a zasedac\u00ed s\u00e1l) a \u00a0provozn\u00ed \u010d\u00e1st (byty str\u00e1\u017e\u00ed, sluh\u016f).<\/p>\n<p>V\u00a0p\u0159\u00edjemn\u00e9 kav\u00e1rn\u011b nad pal\u00e1cem v\u00e1m nad \u0161\u00e1lkem\u00a0<strong>vonn\u00e9 tureck\u00e9 k\u00e1vy<\/strong>\u00a0prozrad\u00edme celou historii a tradici tradi\u010dn\u00edho n\u00e1poje, kter\u00fd od dob Osmansk\u00e9 \u0159\u00ed\u0161e a\u017e po sou\u010dasnost hraje d\u016fle\u017eitou roli v\u00a0tureck\u00e9 spole\u010dnosti. Tureck\u00e1 k\u00e1va se toti\u017e va\u0159\u00ed v\u00a0ibriku, v\u00a0kovov\u00e9 konvi\u010dce s\u00a0dlouhou rukojet\u00ed p\u0159\u00edmo na ohni. \u010casto se do n\u00ed p\u0159id\u00e1v\u00e1 kardamom a rozli\u0161uje se i r\u016fzn\u00e9 mno\u017estv\u00ed cukru. N\u00e1dhern\u00fd v\u00fdhled na Do\u011fubayazit a celou planinu n\u00e1m korunuje gastronomick\u00fd z\u00e1\u017eitek.<\/p>\n<p>Dop\u0159ejeme si b\u00e1je\u010dnou relaxaci v\u00a0<strong>hamamu<\/strong>. Sezn\u00e1m\u00edme v\u00e1s s\u00a0histori\u00ed tureck\u00fdch koupel\u00ed a s\u00a0celou procedurou. A pak ji\u017e na vlastn\u00ed t\u011blo i du\u0161i si vychutn\u00e1me orient\u00e1ln\u00ed atmosf\u00e9ru hamamu a celou proceduru, v\u010detn\u011b skv\u011bl\u00e9 tureck\u00e9 mas\u00e1\u017ee.<\/p>\n<p><em><strong>Zav\u00edt\u00e1me do kurdsk\u00e9 rodiny,<\/strong><\/em>kde za\u017eijeme pov\u011bstnou kurdskou pohostinnost v\u00a0podob\u011b tradi\u010dn\u00ed ve\u010de\u0159e. Va\u0161e chu\u0165ov\u00e9 bu\u0148ky pot\u011b\u0161\u00ed v\u00fdborn\u00e1, dom\u00e1c\u00ed kurdsk\u00e1 kuchyn\u011b \u010dasto doprov\u00e1zen\u00e1 i zp\u011bvem a \u017eivou hudbou.<\/p>\n<p>Vy\u0161plh\u00e1me na mohutn\u00fd komplex\u00a0<strong>Vansk\u00e9ho hradu,<\/strong><strong>\u00a0<\/strong>kter\u00fd byl zalo\u017een\u00fd v dob\u011b \u017eelezn\u00e9. Z impozantn\u00ed z\u0159\u00edceniny na sk\u00e1le uvid\u00edme z\u00a0pta\u010d\u00ed perspektivy zelen\u00e1 pole, modrou hladinu jezera Van a tak\u00e9 poz\u016fstatky star\u00e9ho m\u011bsta\u00a0<strong>Tuspa\u00a0<\/strong>\u00a0\u2013 hlavn\u00edho m\u011bsta kr\u00e1lovstv\u00ed Urartu. Na hrad\u011b pak nav\u0161t\u00edv\u00edme poh\u0159ebn\u00ed komoru kr\u00e1le Argishtiho a pohl\u00e9dneme na historick\u00e9 memo\u00e1ry psan\u00e9 kl\u00ednov\u00fdm p\u00edsmem.<\/p>\n<p>Lod\u00ed se pak p\u0159eprav\u00edme na ostrov<strong>\u00a0<\/strong><strong>Akdamar.<\/strong><strong>\u00a0<\/strong>Na jeho z\u00e1padn\u00edm konci\u00a0si prohl\u00e9dneme pam\u00e1tku\u00a0zapsanou v UNESCO \u2013 kostel\u00a0<strong>Svat\u00e9ho k\u0159\u00ed\u017ee<\/strong>,\u00a0je\u017e\u00a0byl\u00a0t\u00e9m\u011b\u0159 sedm set osmdes\u00e1t let s\u00eddlem Arm\u00e9nsk\u00e9 apo\u0161tolsk\u00e9 c\u00edrkve. Po prvn\u00ed sv\u011btov\u00e9 v\u00e1lky byl skvost arm\u00e9nsk\u00e9 architektury opu\u0161t\u011bn a ponech\u00e1n ve \u0161patn\u00e9m stavu a\u017e do roku 2005, kdy do\u0161lo k\u00a0jeho obnov\u011b.<\/p>\n<p>Vykoupeme se v\u00a0nejv\u011bt\u0161\u00edm jezeru v\u00a0Turecku, v\u00a0soln\u00e9m\u00a0<strong>jeze\u0159e Van<\/strong>. Za zvuk\u016f \u0161um\u00edc\u00edch list\u016f mandlon\u00ed si u\u017eijeme klidnou relaxaci zav\u00e1n\u011bj\u00edc\u00ed st\u0159edomo\u0159skou atmosf\u00e9rou.<\/p>\n<p>&nbsp;<\/p>\n<p><a href=\"https:\/\/savourturkey.com\/cz\/wp-content\/uploads\/sites\/2\/2015\/11\/072-e1448223031105.jpg\"><img loading=\"lazy\" decoding=\"async\" class=\"alignnone size-full wp-image-407\" src=\"https:\/\/savourturkey.com\/cz\/wp-content\/uploads\/sites\/2\/2015\/11\/072-e1448223031105.jpg\" alt=\"\" width=\"1000\" height=\"1333\" \/><\/a><\/p>\n<p>\u00a9Savour Turkey &#8211; vodop\u00e1dy Muradiye<\/p>\n<p>&nbsp;<\/p>\n<p>&nbsp;<\/p>\n<p><strong>ITINER\u00c1\u0158<\/strong><\/p>\n<p><strong>1. den<\/strong><\/p>\n<p>P\u0159\u00edlet do Vanu, setk\u00e1n\u00ed s\u00a0pr\u016fvodcem, transfer do hotelu, ve\u010de\u0159e a p\u0159enocov\u00e1n\u00ed.<\/p>\n<p><strong>2. den<\/strong><\/p>\n<p style=\"text-align: justify;\">Sn\u00eddan\u011b. Pot\u00e9 se vyd\u00e1me do \u201eko\u010di\u010d\u00edho r\u00e1je\u201c do \u201eVan Kedisi Evi\u201c, do domova vansk\u00fdch ko\u010dek. Transfer z\u00a0Vanu do Do\u011fubayazitu. Cestou n\u00e1v\u0161t\u00edv\u00edme vodop\u00e1dy Muradiye, kde si v\u00a0p\u0159\u00edrod\u011b za zvuku \u0161um\u00edc\u00ed vody vychutn\u00e1me ob\u011bd (bal\u00ed\u010dek) ve voln\u00e9 p\u0159\u00edrod\u011b. Ubytov\u00e1n\u00ed v\u00a0hotelu, spole\u010dn\u00e1 ve\u010de\u0159e.<\/p>\n<p><strong>3. den<\/strong><\/p>\n<p style=\"text-align: justify;\">Po sn\u00eddani nav\u0161t\u00edv\u00edme pal\u00e1c Ishaka Pa\u0161i a star\u00e9 hrady \u0159\u00ed\u0161e Urartu. Ob\u011bd a k\u00e1vu si vychutn\u00e1me v\u00a0kav\u00e1rn\u011b nad pal\u00e1cem. Odpoledne si u\u017eijeme slastnou tureckou koupel \u2013 hamam. Ve\u010der p\u0159ijmeme pozv\u00e1n\u00ed na ve\u010de\u0159i do\u00a0kurdsk\u00e9 rodiny, kde n\u00e1s \u010dek\u00e1 spousta skv\u011bl\u00e9ho j\u00eddla, \u017eiv\u00e9 hudby a z\u00e1bavy.<\/p>\n<p><strong>4. den<\/strong><\/p>\n<p style=\"text-align: justify;\">Sn\u00eddan\u011b. \u00a0Zajedeme na prohl\u00eddku Noemovy archy a prohl\u00e9dneme si m\u00edstn\u00ed muzeum. Pot\u00e9 se vyd\u00e1me na v\u00fdlet k\u00a0\u0159ece Murat, kter\u00e1 je zdrojnic\u00ed Eufratu. Vykoupeme se v hork\u00fdch sirn\u00fdch pramenech a uspo\u0159\u00e1d\u00e1me piknik v\u00a0n\u00e1dhern\u00e9 p\u0159\u00edrod\u011b. N\u00e1vrat do hotelu. Ve\u010de\u0159e.<\/p>\n<p><strong>5. den<\/strong><\/p>\n<p style=\"text-align: justify;\">Sn\u00eddan\u011b. Transfer z\u00a0Do\u011fubayazitu do Vanu. Ob\u011bdov\u00fd bal\u00ed\u010dek b\u011bhem cesty. Ubytov\u00e1n\u00ed v\u00a0hotelu, voln\u00fd \u010das na n\u00e1kupy v\u00fdchodoanatolsk\u00fdch specialit (med, \u010daje, ko\u0159en\u00ed, s\u00fdry). Ve\u010de\u0159e.<\/p>\n<p><strong>6. den<\/strong><\/p>\n<p style=\"text-align: justify;\">Po sn\u00eddani se vyd\u00e1me na prohl\u00eddku are\u00e1lu \u201eVan Kalesi\u201c &#8211; Vansk\u00e9ho hradu s\u00a0v\u00fdhledem na Vansk\u00e9 jezero. Transfer busem a posl\u00e9ze lod\u00ed na ostrov Akdamar, n\u00e1v\u0161t\u011bva arm\u00e9nsk\u00e9ho kostela, koup\u00e1n\u00ed v\u00a0jeze\u0159e. Ob\u011bd v\u00a0restauraci. N\u00e1vrat do hotelu. Spole\u010dn\u00e1 ve\u010de\u0159e na rozlou\u010denou.<\/p>\n<p><strong>7. den<\/strong><\/p>\n<p style=\"text-align: justify;\">Sn\u00eddan\u011b. Transfer na leti\u0161t\u011b do Vanu. Odlet dom\u016f.<\/p>\n<p>&nbsp;<\/p>\n<p><a href=\"https:\/\/savourturkey.com\/cz\/wp-content\/uploads\/sites\/2\/2015\/11\/212-e1448224134552.jpg\"><img loading=\"lazy\" decoding=\"async\" class=\"alignnone size-full wp-image-500\" src=\"https:\/\/savourturkey.com\/cz\/wp-content\/uploads\/sites\/2\/2015\/11\/212-e1448224134552.jpg\" alt=\"\" width=\"1000\" height=\"750\" \/><\/a><\/p>\n<p>\u00a9Savour Turkey &#8211; Van hrad<\/p>\n<p>&nbsp;<\/p>\n<p>&nbsp;<\/p>\n<p><strong>CENA:<\/strong><\/p>\n<p>&nbsp;<\/p>\n<p><strong>CENA OBSAHUJE:<\/strong><\/p>\n<p>Transfer z\u00a0leti\u0161t\u011b ve Vanu a zp\u011bt.<\/p>\n<p>Ubytov\u00e1n\u00ed v\u00a0hotelu ve dvojl\u016f\u017ekov\u00fdch pokoj\u00edch s\u00a0vlastn\u00ed toaletou a sprchou (jednol\u016f\u017ekov\u00fd pokoj za p\u0159\u00edplatek).<\/p>\n<p>Ve\u0161kerou dopravu b\u011bhem pobytu v Turecku<\/p>\n<p>Ve\u0161ker\u00e9 stravov\u00e1n\u00ed b\u011bhem pobytu v\u010detn\u011b ve\u010de\u0159e v\u00a0kurdsk\u00e9 rodin\u011b.<\/p>\n<p>Prohl\u00eddku domova vansk\u00fdch ko\u010dek.<\/p>\n<p>Vstupn\u00e9 do pal\u00e1ce Ishaka Pa\u0161i,\u00a0do hamamu\u00a0a do Vansk\u00e9ho hradu.<\/p>\n<p>Prohl\u00eddku ostrova Akdamar v\u010detn\u011b arm\u00e9nsk\u00e9ho kostela.<\/p>\n<p>Trajekt lod\u00ed na ostrov Akdamar.<\/p>\n<p>Certifikovan\u00e9ho profesion\u00e1ln\u00edho pr\u016fvodce mluv\u00edc\u00edho \u010desky a m\u00edstn\u00edho pr\u016fvodce.<\/p>\n<p>&nbsp;<\/p>\n<p>&nbsp;<\/p>\n<p><a href=\"https:\/\/savourturkey.com\/cz\/wp-content\/uploads\/sites\/2\/2015\/11\/207-e1448224209895.jpg\"><img loading=\"lazy\" decoding=\"async\" class=\"alignnone size-full wp-image-502\" src=\"https:\/\/savourturkey.com\/cz\/wp-content\/uploads\/sites\/2\/2015\/11\/207-e1448224209895.jpg\" alt=\"\" width=\"1000\" height=\"1333\" \/><\/a><\/p>\n<p>\u00a9Savour Turkey &#8211; Akdamar<\/p>\n<p>&nbsp;<\/p>\n<p>&nbsp;<\/p>\n<p><strong>CENA NEOBSAHUJE:<\/strong><\/p>\n<p style=\"text-align: justify;\">Letenku<\/p>\n<p style=\"text-align: justify;\">Zdravotn\u00ed a jin\u00e1 poji\u0161t\u011bn\u00ed<\/p>\n<p style=\"text-align: justify;\">Spropitn\u00e9 pro pr\u016fvodce<\/p>\n<p>&nbsp;<\/p>\n<p>&nbsp;<\/p>\n<p><strong>LEVN\u00c9 LETENKY:<\/strong><\/p>\n<p>Tipy na n\u00e1kup cenov\u011b v\u00fdhodn\u00fdch letenek naleznete na:<\/p>\n<p><a href=\"https:\/\/savourturkey.com\/cz\/faq\/kde-sezenu-letenky-do-turecka\/\">https:\/\/savourturkey.com\/cz\/faq\/kde-sezenu-letenky-do-turecka\/<\/a><\/p>\n<p>Letenky si rezervujte do Istanbulu (mezin\u00e1rodn\u00ed let) a pot\u00e9 z Istanbulu do Vanu (vnitrost\u00e1tn\u00ed let).<\/p>\n<p>&nbsp;<\/p>\n<p><a href=\"https:\/\/savourturkey.com\/cz\/wp-content\/uploads\/sites\/2\/2015\/11\/186-e1448224306840.jpg\"><img loading=\"lazy\" decoding=\"async\" class=\"alignnone size-full wp-image-501\" src=\"https:\/\/savourturkey.com\/cz\/wp-content\/uploads\/sites\/2\/2015\/11\/186-e1448224306840.jpg\" alt=\"\" width=\"1000\" height=\"1333\" \/><\/a><\/p>\n<p>\u00a9Savour Turkey &#8211; Vansk\u00e9 ko\u010dky<\/p>\n<p>&nbsp;<\/p>\n<p>&nbsp;<\/p>\n<p><strong>INFORMACE A REZERVACE<\/strong><\/p>\n<p>e-mail: <a href=\"mailto:info@savourturkey.com\">savourturkey@gmail.com<\/a><\/p>\n<p>&nbsp;<\/p>\n<p>&nbsp;<\/p>\n","protected":false},"excerpt":{"rendered":"<p>&nbsp; \u00a9Savour Turkey &#8211; pal\u00e1c Ishak Pa\u0161a &nbsp; D\u00e9lka programu:\u00a07 dn\u016f Term\u00edn:\u00a0kv\u011bten &#8211; z\u00e1\u0159\u00ed Podm\u00ednky pro realizaci: skupina minim\u00e1ln\u011b 8 lid\u00ed &nbsp; &nbsp; POD\u00cdVEJTE SE NA MAPU, NA NA\u0160I CESTU &nbsp; Nav\u0161t\u00edv\u00edme \u201eVan Kedisi Evi\u201c \u2013 domov unik\u00e1tn\u00edho sv\u011btov\u00e9ho plemene\u00a0vansk\u00fdch&hellip; <\/p>\n","protected":false},"author":1,"featured_media":0,"parent":36,"menu_order":0,"comment_status":"closed","ping_status":"closed","template":"","meta":{"_acf_changed":false,"footnotes":""},"tags":[88,21,439,63,87,106,545,46,13,543,584,536,573,585,576,34,28,67,14,586],"class_list":["post-238","page","type-page","status-publish","hentry","tag-akdamar","tag-dogubayazit","tag-dovolena-turecko","tag-ishak-pasa","tag-jezero-van","tag-kurdska-kuchyne","tag-levne-letenky-turecko","tag-turecka-kava","tag-turecko","tag-turecko-dovolena","tag-turecko-noemova-archa","tag-turecko-poznavaci-dovolena","tag-turecko-poznavaci-turisticke-zajezdy","tag-turecko-vychodni-anatolie-zajezd","tag-turecko-zajezd","tag-van","tag-vanske-kocky","tag-vansky-hrad","tag-vychodni-anatolie","tag-vychodni-turecko"],"acf":[],"_links":{"self":[{"href":"https:\/\/savourturkey.com\/cz\/wp-json\/wp\/v2\/pages\/238","targetHints":{"allow":["GET"]}}],"collection":[{"href":"https:\/\/savourturkey.com\/cz\/wp-json\/wp\/v2\/pages"}],"about":[{"href":"https:\/\/savourturkey.com\/cz\/wp-json\/wp\/v2\/types\/page"}],"author":[{"embeddable":true,"href":"https:\/\/savourturkey.com\/cz\/wp-json\/wp\/v2\/users\/1"}],"replies":[{"embeddable":true,"href":"https:\/\/savourturkey.com\/cz\/wp-json\/wp\/v2\/comments?post=238"}],"version-history":[{"count":31,"href":"https:\/\/savourturkey.com\/cz\/wp-json\/wp\/v2\/pages\/238\/revisions"}],"predecessor-version":[{"id":858,"href":"https:\/\/savourturkey.com\/cz\/wp-json\/wp\/v2\/pages\/238\/revisions\/858"}],"up":[{"embeddable":true,"href":"https:\/\/savourturkey.com\/cz\/wp-json\/wp\/v2\/pages\/36"}],"wp:attachment":[{"href":"https:\/\/savourturkey.com\/cz\/wp-json\/wp\/v2\/media?parent=238"}],"wp:term":[{"taxonomy":"post_tag","embeddable":true,"href":"https:\/\/savourturkey.com\/cz\/wp-json\/wp\/v2\/tags?post=238"}],"curies":[{"name":"wp","href":"https:\/\/api.w.org\/{rel}","templated":true}]}}