{"id":28,"date":"2015-10-21T11:14:43","date_gmt":"2015-10-21T10:14:43","guid":{"rendered":"http:\/\/savourturkey.com\/cz\/?page_id=28"},"modified":"2022-12-27T15:18:12","modified_gmt":"2022-12-27T14:18:12","slug":"o-nas","status":"publish","type":"page","link":"https:\/\/savourturkey.com\/cz\/o-nas\/","title":{"rendered":"O n\u00e1s"},"content":{"rendered":"<p>&nbsp;<\/p>\n<p><a href=\"https:\/\/savourturkey.com\/cz\/wp-content\/uploads\/sites\/2\/2019\/05\/20190507_124343-01.jpeg\"><img loading=\"lazy\" decoding=\"async\" class=\"alignnone size-full wp-image-950\" src=\"https:\/\/savourturkey.com\/cz\/wp-content\/uploads\/sites\/2\/2019\/05\/20190507_124343-01.jpeg\" alt=\"\" width=\"4128\" height=\"2322\" srcset=\"https:\/\/savourturkey.com\/cz\/wp-content\/uploads\/sites\/2\/2019\/05\/20190507_124343-01.jpeg 4128w, https:\/\/savourturkey.com\/cz\/wp-content\/uploads\/sites\/2\/2019\/05\/20190507_124343-01-300x169.jpeg 300w, https:\/\/savourturkey.com\/cz\/wp-content\/uploads\/sites\/2\/2019\/05\/20190507_124343-01-768x432.jpeg 768w, https:\/\/savourturkey.com\/cz\/wp-content\/uploads\/sites\/2\/2019\/05\/20190507_124343-01-1024x576.jpeg 1024w\" sizes=\"auto, (max-width: 4128px) 100vw, 4128px\" \/><\/a><\/p>\n<p>\u00a9Savour\u00a0Turkey &#8211; pohled na Bosporsk\u00fd most<\/p>\n<p>&nbsp;<\/p>\n<p>&nbsp;<\/p>\n<p>Organizujeme exkluzivn\u00ed z\u00e1jezdy v Turecku pro soukrom\u00e9 skupiny nebo individu\u00e1ln\u00ed cestovatele s osobn\u00edm p\u0159\u00edstupem.<\/p>\n<p>Jsme dr\u017eitel\u00e9 certifik\u00e1t\u016f\u00a0T\u00fcrkiye Tourism Specialist.<\/p>\n<p>Spolupracujeme s v\u00e1mi, abychom vytvo\u0159ili perfektn\u00ed program na m\u00edru, kter\u00fd vyhovuje va\u0161im pot\u0159eb\u00e1m.<\/p>\n<p>\u0158eknete n\u00e1m, kam byste cht\u011bli v Turecku jet, co chcete d\u011blat, jak\u00e9 jsou va\u0161e p\u0159\u00e1n\u00ed a p\u0159edstavy, a my pro v\u00e1s navrhneme program p\u0159\u00edmo na m\u00edru.<\/p>\n<p>N\u00e1\u0161 program pl\u00e1nujeme tak, aby jste m\u011bli \u010das nas\u00e1t atmosf\u00e9ru, kr\u00e1su Turecka a v klidu si u\u017eili v\u0161echny skv\u011bl\u00e9 z\u00e1\u017eitky.<\/p>\n<p>Zn\u00e1me dan\u00e9 lokality a v\u00edme, kam v\u00e1s zav\u00e9st za autentick\u00fdmi, jedine\u010dn\u00fdmi a zvl\u00e1\u0161tn\u00edmi m\u00edsty, kter\u00e1 hled\u00e1te. Vyd\u00e1me se s v\u00e1mi mimo &#8222;vy\u0161lapan\u00e9 cesty&#8220;, kter\u00e9 zahrnuj\u00ed i setk\u00e1n\u00ed s m\u00edstn\u00edm \u017eivotem, obyvateli, v\u00fdrobky a gastronomi\u00ed.<\/p>\n<p>Prov\u011b\u0159ujeme ka\u017edou restauraci a ka\u017ed\u00fd hotel v na\u0161ich itiner\u00e1\u0159\u00edch, abychom se ujistili, \u017ee spl\u0148uj\u00ed na\u0161e standardy, bezpe\u010dnost a n\u00e1roky na\u0161ich klient\u016f.<\/p>\n<p>Star\u00e1me se o v\u0161echny podrobnosti va\u0161\u00ed dovolen\u00e9 od za\u010d\u00e1tku a\u017e do konce.<\/p>\n<p>Od prvn\u00edho kontaktu po e-mailu a\u017e do konce va\u0161\u00ed dovolen\u00e9 jsme s v\u00e1mi, abychom zajistili perfektn\u00ed chod programu.<\/p>\n<p>&nbsp;<\/p>\n<p>&nbsp;<\/p>\n<p>&nbsp;<\/p>\n<p>&nbsp;<\/p>\n<p>&nbsp;<\/p>\n<p>&nbsp;<\/p>\n<p>&nbsp;<\/p>\n<p>&nbsp;<\/p>\n<p>&nbsp;<\/p>\n<p>&nbsp;<\/p>\n<p>&nbsp;<\/p>\n<p>&nbsp;<\/p>\n<p>&nbsp;<\/p>\n<p>&nbsp;<\/p>\n<p>&nbsp;<\/p>\n<p>&nbsp;<\/p>\n<p>&nbsp;<\/p>\n<p>&nbsp;<\/p>\n<p>&nbsp;<\/p>\n<p>&nbsp;<\/p>\n<p style=\"text-align: justify;\">\n","protected":false},"excerpt":{"rendered":"<p>&nbsp; \u00a9Savour\u00a0Turkey &#8211; pohled na Bosporsk\u00fd most &nbsp; &nbsp; Organizujeme exkluzivn\u00ed z\u00e1jezdy v Turecku pro soukrom\u00e9 skupiny nebo individu\u00e1ln\u00ed cestovatele s osobn\u00edm p\u0159\u00edstupem. Jsme dr\u017eitel\u00e9 certifik\u00e1t\u016f\u00a0T\u00fcrkiye Tourism Specialist. Spolupracujeme s v\u00e1mi, abychom vytvo\u0159ili perfektn\u00ed program na m\u00edru, kter\u00fd vyhovuje va\u0161im&hellip; <\/p>\n","protected":false},"author":1,"featured_media":0,"parent":0,"menu_order":0,"comment_status":"closed","ping_status":"closed","template":"","meta":{"_acf_changed":false,"footnotes":""},"tags":[454,453,389,602,600,599,601,441,440,442,394,455,13,604,543,603,538,547,546],"class_list":["post-28","page","type-page","status-publish","hentry","tag-dovolena-v-istanbulu","tag-dovolena-v-turecku","tag-eurovikend-istanbul","tag-eurovikendy-pro-seniory-istanbul","tag-istanbul-55","tag-istanbul-pro-seniory","tag-pobyty-a-dovolena-pro-seniory-istanbul","tag-prodlouzeny-vikend-istanbul","tag-pruvodce-istanbul","tag-pruvodce-turecko","tag-pruvodce-v-istanbulu","tag-pruvodce-v-turecku","tag-turecko","tag-turecko-55","tag-turecko-dovolena","tag-turecko-pro-seniory","tag-turecko-zajezdy","tag-zajezd-istanbul","tag-zajezd-turecko"],"acf":[],"_links":{"self":[{"href":"https:\/\/savourturkey.com\/cz\/wp-json\/wp\/v2\/pages\/28","targetHints":{"allow":["GET"]}}],"collection":[{"href":"https:\/\/savourturkey.com\/cz\/wp-json\/wp\/v2\/pages"}],"about":[{"href":"https:\/\/savourturkey.com\/cz\/wp-json\/wp\/v2\/types\/page"}],"author":[{"embeddable":true,"href":"https:\/\/savourturkey.com\/cz\/wp-json\/wp\/v2\/users\/1"}],"replies":[{"embeddable":true,"href":"https:\/\/savourturkey.com\/cz\/wp-json\/wp\/v2\/comments?post=28"}],"version-history":[{"count":27,"href":"https:\/\/savourturkey.com\/cz\/wp-json\/wp\/v2\/pages\/28\/revisions"}],"predecessor-version":[{"id":1174,"href":"https:\/\/savourturkey.com\/cz\/wp-json\/wp\/v2\/pages\/28\/revisions\/1174"}],"wp:attachment":[{"href":"https:\/\/savourturkey.com\/cz\/wp-json\/wp\/v2\/media?parent=28"}],"wp:term":[{"taxonomy":"post_tag","embeddable":true,"href":"https:\/\/savourturkey.com\/cz\/wp-json\/wp\/v2\/tags?post=28"}],"curies":[{"name":"wp","href":"https:\/\/api.w.org\/{rel}","templated":true}]}}