{"id":284,"date":"2015-10-30T11:24:23","date_gmt":"2015-10-30T10:24:23","guid":{"rendered":"http:\/\/savourturkey.com\/cz\/?page_id=284"},"modified":"2019-05-08T16:49:52","modified_gmt":"2019-05-08T15:49:52","slug":"istanbulske-trhy","status":"publish","type":"page","link":"https:\/\/savourturkey.com\/cz\/turistika\/nakupni-turistika\/istanbulske-trhy\/","title":{"rendered":"Trhy a nakupov\u00e1n\u00ed v Istanbulu"},"content":{"rendered":"<p>&nbsp;<\/p>\n<p><a href=\"https:\/\/savourturkey.com\/cz\/wp-content\/uploads\/sites\/2\/2016\/01\/ST-pantofle-e1451745359692.jpg\"><img loading=\"lazy\" decoding=\"async\" class=\"alignnone size-full wp-image-645\" src=\"https:\/\/savourturkey.com\/cz\/wp-content\/uploads\/sites\/2\/2016\/01\/ST-pantofle-e1451745359692.jpg\" alt=\"\" width=\"3000\" height=\"1108\" \/><\/a><\/p>\n<p>&nbsp;<\/p>\n<p style=\"text-align: justify;\">Pozice Istanbulu na star\u00e9 obchodn\u00ed cest\u011b mezi Evropou a Asi\u00ed u\u010dinila z jeho obyvatel zdatn\u00e9 obchodn\u00edky. Od osmansk\u00fdch staro\u017eitnost\u00ed, koberc\u016f, p\u0159ehoz\u016f, pol\u0161t\u00e1\u0159\u016f, dek, \u0161perk\u016f, d\u00fdmek z mo\u0159sk\u00e9 p\u011bny, mosazn\u00e9ho a m\u011bd\u011bn\u00e9ho n\u00e1dob\u00ed, um\u011bleck\u00fdch d\u011bl, ru\u010dn\u011b d\u011blan\u00fdch ko\u017een\u00fdch bot, oble\u010den\u00ed, kaligrafie, n\u00e1bytku, keramiky, star\u00fdch map, knih, tisk\u016f a\u017e po potraviny a ko\u0159en\u00ed, se\u017eenete v Istanbulu nep\u0159ebern\u00e9 mno\u017estv\u00ed n\u00e1dhern\u00fdch v\u011bc\u00ed z Orientu.<\/p>\n<p style=\"text-align: justify;\">Av\u0161ak najdete zde i v\u00edc &#8211; elegantn\u00ed butiky, vintage obchody, designov\u00e1 centra i modern\u00ed, luxusn\u00ed obchodn\u00ed domy. Istanbul je po\u0159\u00e1dnou konkurenc\u00ed Lond\u00fdna a Pa\u0159\u00ed\u017ee, kde m\u016f\u017eete utratit sv\u00e9 pen\u00edze. \u00a0Ov\u0161em jako v\u017edy v t\u00e9to rozlehl\u00e9 metropoli, mus\u00edte v\u011bd\u011bt, kam j\u00edt za t\u011bmi spr\u00e1vn\u00fdmi n\u00e1kupy.<\/p>\n<p>&nbsp;<\/p>\n<p><a href=\"https:\/\/savourturkey.com\/cz\/wp-content\/uploads\/sites\/2\/2018\/12\/005.jpeg\"><img loading=\"lazy\" decoding=\"async\" class=\"alignnone size-large wp-image-840\" src=\"https:\/\/savourturkey.com\/cz\/wp-content\/uploads\/sites\/2\/2018\/12\/005-1024x576.jpeg\" alt=\"\" width=\"700\" height=\"394\" srcset=\"https:\/\/savourturkey.com\/cz\/wp-content\/uploads\/sites\/2\/2018\/12\/005-1024x576.jpeg 1024w, https:\/\/savourturkey.com\/cz\/wp-content\/uploads\/sites\/2\/2018\/12\/005-300x169.jpeg 300w, https:\/\/savourturkey.com\/cz\/wp-content\/uploads\/sites\/2\/2018\/12\/005-768x432.jpeg 768w\" sizes=\"auto, (max-width: 700px) 100vw, 700px\" \/><\/a><\/p>\n<p>&nbsp;<\/p>\n<p>S na\u0161im pr\u016fvodcem se dostanete na ty nejlep\u0161\u00ed a nejatraktivn\u011bj\u0161\u00ed bazary v Istanbulu, kde dostanete zbo\u017e\u00ed za v\u00fdborn\u00e9 ceny. Z\u00e1rove\u0148 v\u00e1s zavede i do jednotliv\u00fdch istanbulsk\u00fdch \u010dtvrt\u00ed, kter\u00e9 jsou proslaven\u00e9 specifick\u00fdm zbo\u017e\u00edm. Sta\u010d\u00ed jen \u0159\u00edct, co si p\u0159ejete nakupovat a n\u00e1\u0161 pr\u016fvodce v\u00e1s vezme do konkr\u00e9tn\u00edch m\u00edst.<\/p>\n<p>&nbsp;<\/p>\n<p>Klikn\u011bte na tento odkaz a dozv\u00edte se v\u00edce informac\u00ed o soukrom\u00fdch prohl\u00eddk\u00e1ch Istanbulu<\/p>\n<p><a href=\"https:\/\/savourturkey.com\/cz\/turistika\/istanbul\/soukrome-prohlidky-v-istanbulu\/\">https:\/\/savourturkey.com\/cz\/turistika\/istanbul\/soukrome-prohlidky-v-istanbulu\/<\/a><\/p>\n<p>&nbsp;<\/p>\n<p style=\"text-align: justify;\">PRO INFORMACE A REZERVACE PI\u0160TE NA EMAIL<\/p>\n<p>savourturkey@gmail.com<\/p>\n<p style=\"text-align: justify;\">\n","protected":false},"excerpt":{"rendered":"<p>&nbsp; &nbsp; Pozice Istanbulu na star\u00e9 obchodn\u00ed cest\u011b mezi Evropou a Asi\u00ed u\u010dinila z jeho obyvatel zdatn\u00e9 obchodn\u00edky. Od osmansk\u00fdch staro\u017eitnost\u00ed, koberc\u016f, p\u0159ehoz\u016f, pol\u0161t\u00e1\u0159\u016f, dek, \u0161perk\u016f, d\u00fdmek z mo\u0159sk\u00e9 p\u011bny, mosazn\u00e9ho a m\u011bd\u011bn\u00e9ho n\u00e1dob\u00ed, um\u011bleck\u00fdch d\u011bl, ru\u010dn\u011b d\u011blan\u00fdch ko\u017een\u00fdch bot,&hellip; <\/p>\n","protected":false},"author":1,"featured_media":0,"parent":52,"menu_order":0,"comment_status":"closed","ping_status":"closed","template":"","meta":{"_acf_changed":false,"footnotes":""},"tags":[256,449,439,453,29,391,498,282,441,440,394,499,257,13,231],"class_list":["post-284","page","type-page","status-publish","hentry","tag-bazary-v-istanbulu","tag-dovolena-istanbul","tag-dovolena-turecko","tag-dovolena-v-turecku","tag-istanbul","tag-nakupy-istanbul","tag-nakupy-v-istanbulu","tag-obchodni-domy","tag-prodlouzeny-vikend-istanbul","tag-pruvodce-istanbul","tag-pruvodce-v-istanbulu","tag-trhy-istanbul","tag-trhy-v-istanbulu","tag-turecko","tag-velky-bazar"],"acf":[],"_links":{"self":[{"href":"https:\/\/savourturkey.com\/cz\/wp-json\/wp\/v2\/pages\/284","targetHints":{"allow":["GET"]}}],"collection":[{"href":"https:\/\/savourturkey.com\/cz\/wp-json\/wp\/v2\/pages"}],"about":[{"href":"https:\/\/savourturkey.com\/cz\/wp-json\/wp\/v2\/types\/page"}],"author":[{"embeddable":true,"href":"https:\/\/savourturkey.com\/cz\/wp-json\/wp\/v2\/users\/1"}],"replies":[{"embeddable":true,"href":"https:\/\/savourturkey.com\/cz\/wp-json\/wp\/v2\/comments?post=284"}],"version-history":[{"count":9,"href":"https:\/\/savourturkey.com\/cz\/wp-json\/wp\/v2\/pages\/284\/revisions"}],"predecessor-version":[{"id":966,"href":"https:\/\/savourturkey.com\/cz\/wp-json\/wp\/v2\/pages\/284\/revisions\/966"}],"up":[{"embeddable":true,"href":"https:\/\/savourturkey.com\/cz\/wp-json\/wp\/v2\/pages\/52"}],"wp:attachment":[{"href":"https:\/\/savourturkey.com\/cz\/wp-json\/wp\/v2\/media?parent=284"}],"wp:term":[{"taxonomy":"post_tag","embeddable":true,"href":"https:\/\/savourturkey.com\/cz\/wp-json\/wp\/v2\/tags?post=284"}],"curies":[{"name":"wp","href":"https:\/\/api.w.org\/{rel}","templated":true}]}}