{"id":32,"date":"2015-10-21T11:34:00","date_gmt":"2015-10-21T10:34:00","guid":{"rendered":"http:\/\/savourturkey.com\/cz\/?page_id=32"},"modified":"2025-09-26T17:24:18","modified_gmt":"2025-09-26T16:24:18","slug":"istanbul","status":"publish","type":"page","link":"https:\/\/savourturkey.com\/cz\/turistika\/istanbul\/","title":{"rendered":"Istanbul"},"content":{"rendered":"<p>&nbsp;<\/p>\n<p><a href=\"https:\/\/savourturkey.com\/cz\/wp-content\/uploads\/sites\/2\/2025\/06\/Yeni-Cami-vnit\u0159ek.jpg\"><img loading=\"lazy\" decoding=\"async\" class=\"alignnone size-full wp-image-1153\" src=\"https:\/\/savourturkey.com\/cz\/wp-content\/uploads\/sites\/2\/2025\/06\/Yeni-Cami-vnit\u0159ek.jpg\" alt=\"\" width=\"4624\" height=\"3468\" srcset=\"https:\/\/savourturkey.com\/cz\/wp-content\/uploads\/sites\/2\/2025\/06\/Yeni-Cami-vnit\u0159ek.jpg 4624w, https:\/\/savourturkey.com\/cz\/wp-content\/uploads\/sites\/2\/2025\/06\/Yeni-Cami-vnit\u0159ek-300x225.jpg 300w, https:\/\/savourturkey.com\/cz\/wp-content\/uploads\/sites\/2\/2025\/06\/Yeni-Cami-vnit\u0159ek-768x576.jpg 768w, https:\/\/savourturkey.com\/cz\/wp-content\/uploads\/sites\/2\/2025\/06\/Yeni-Cami-vnit\u0159ek-1024x768.jpg 1024w\" sizes=\"auto, (max-width: 4624px) 100vw, 4624px\" \/><\/a><\/p>\n<p>\u00a9 Savour Turkey &#8211; Istanbul<\/p>\n<p>&nbsp;<\/p>\n<p style=\"text-align: justify;\">Istanbul je horkokrevn\u00e9 m\u011bsto, kter\u00e9 v\u00e1s nenech\u00e1 vydechnout. V\u00e1b\u00ed v\u00e1s, provokuje a p\u0159in\u00e1\u0161\u00ed<\/p>\n<p style=\"text-align: justify;\">spoustu z\u00e1\u017eitk\u016f a po\u017eitk\u016f.<\/p>\n<p>&nbsp;<\/p>\n<p style=\"text-align: justify;\">Str\u00e1v\u00edte v\u00a0n\u011bm \u010das, ve kter\u00e9m va\u0161e chu\u0165ov\u00e9 bu\u0148ky laskaj\u00ed delikatesy tureck\u00e9 kuchyn\u011b, smysly<\/p>\n<p style=\"text-align: justify;\">probouz\u00ed aroma ko\u0159en\u00ed, vo\u0148av\u00e1 k\u00e1va a vonn\u00e9 esence v hamamu vstupuj\u00ed do va\u0161eho t\u011bla i du\u0161e.<\/p>\n<p>&nbsp;<\/p>\n<p style=\"text-align: justify;\">Pozn\u00e1te m\u011bsto, kde po tis\u00edcilet\u00ed spolu \u017eij\u00ed r\u016fzn\u00e9 kultury, n\u00e1rody i n\u00e1bo\u017eenstv\u00ed. M\u011bsto, kde<\/p>\n<p style=\"text-align: justify;\">nez\u00e1le\u017e\u00ed na tom, jestli jste muslim, k\u0159es\u0165an nebo \u017eid, proto\u017ee mezi v\u0161emi lidmi panuje tolerance,<\/p>\n<p style=\"text-align: justify;\">\u00facta a vst\u0159\u00edcnost.<\/p>\n<p>&nbsp;<\/p>\n<p style=\"text-align: justify;\">A okus\u00edte i re\u00e1ln\u00fd \u017eivot &#8222;Istanbullites&#8220; &#8211; m\u00edstn\u00edch obyvatel, proto\u017ee v\u00e1s vezmeme na m\u00edsta, kam<\/p>\n<p style=\"text-align: justify;\">se b\u011b\u017en\u00fd turista nedostane.<\/p>\n<p>&nbsp;<\/p>\n<p>Ct\u00ed n\u00e1s a t\u011b\u0161\u00ed, \u017ee jste na\u0161imi hosty v Istanbulu.<\/p>\n<p>&nbsp;<\/p>\n<p>&nbsp;<\/p>\n<p>&nbsp;<\/p>\n","protected":false},"excerpt":{"rendered":"<p>&nbsp; \u00a9 Savour Turkey &#8211; Istanbul &nbsp; Istanbul je horkokrevn\u00e9 m\u011bsto, kter\u00e9 v\u00e1s nenech\u00e1 vydechnout. V\u00e1b\u00ed v\u00e1s, provokuje a p\u0159in\u00e1\u0161\u00ed spoustu z\u00e1\u017eitk\u016f a po\u017eitk\u016f. &nbsp; Str\u00e1v\u00edte v\u00a0n\u011bm \u010das, ve kter\u00e9m va\u0161e chu\u0165ov\u00e9 bu\u0148ky laskaj\u00ed delikatesy tureck\u00e9 kuchyn\u011b, smysly probouz\u00ed aroma&hellip; <\/p>\n","protected":false},"author":1,"featured_media":0,"parent":30,"menu_order":0,"comment_status":"closed","ping_status":"closed","template":"","meta":{"_acf_changed":false,"footnotes":""},"tags":[637,449,439,453,389,587,29,588,441,440,442,394,455,13,634,635,547,546],"class_list":["post-32","page","type-page","status-publish","hentry","tag-cesky-mluvici-pruvodce-v-istanbulu","tag-dovolena-istanbul","tag-dovolena-turecko","tag-dovolena-v-turecku","tag-eurovikend-istanbul","tag-festival-tulipanu-istanbul","tag-istanbul","tag-poznavaci-zajezdy-istanbul","tag-prodlouzeny-vikend-istanbul","tag-pruvodce-istanbul","tag-pruvodce-turecko","tag-pruvodce-v-istanbulu","tag-pruvodce-v-turecku","tag-turecko","tag-vikend-istanbul","tag-vikend-v-istanbulu","tag-zajezd-istanbul","tag-zajezd-turecko"],"acf":[],"_links":{"self":[{"href":"https:\/\/savourturkey.com\/cz\/wp-json\/wp\/v2\/pages\/32","targetHints":{"allow":["GET"]}}],"collection":[{"href":"https:\/\/savourturkey.com\/cz\/wp-json\/wp\/v2\/pages"}],"about":[{"href":"https:\/\/savourturkey.com\/cz\/wp-json\/wp\/v2\/types\/page"}],"author":[{"embeddable":true,"href":"https:\/\/savourturkey.com\/cz\/wp-json\/wp\/v2\/users\/1"}],"replies":[{"embeddable":true,"href":"https:\/\/savourturkey.com\/cz\/wp-json\/wp\/v2\/comments?post=32"}],"version-history":[{"count":16,"href":"https:\/\/savourturkey.com\/cz\/wp-json\/wp\/v2\/pages\/32\/revisions"}],"predecessor-version":[{"id":1156,"href":"https:\/\/savourturkey.com\/cz\/wp-json\/wp\/v2\/pages\/32\/revisions\/1156"}],"up":[{"embeddable":true,"href":"https:\/\/savourturkey.com\/cz\/wp-json\/wp\/v2\/pages\/30"}],"wp:attachment":[{"href":"https:\/\/savourturkey.com\/cz\/wp-json\/wp\/v2\/media?parent=32"}],"wp:term":[{"taxonomy":"post_tag","embeddable":true,"href":"https:\/\/savourturkey.com\/cz\/wp-json\/wp\/v2\/tags?post=32"}],"curies":[{"name":"wp","href":"https:\/\/api.w.org\/{rel}","templated":true}]}}