{"id":328,"date":"2015-10-30T17:32:51","date_gmt":"2015-10-30T16:32:51","guid":{"rendered":"http:\/\/savourturkey.com\/cz\/?page_id=328"},"modified":"2015-11-06T22:01:47","modified_gmt":"2015-11-06T21:01:47","slug":"gallipoli","status":"publish","type":"page","link":"https:\/\/savourturkey.com\/cz\/turistika\/vojenska-turistika\/gallipoli\/","title":{"rendered":"Gallipoli"},"content":{"rendered":"<p>Tento program pro v\u00e1s pr\u00e1v\u011b p\u0159ipravujeme. Ji\u017e brzy ho najdete na t\u011bchto str\u00e1nk\u00e1ch.<\/p>\n","protected":false},"excerpt":{"rendered":"<p>Tento program pro v\u00e1s pr\u00e1v\u011b p\u0159ipravujeme. Ji\u017e brzy ho najdete na t\u011bchto str\u00e1nk\u00e1ch.<\/p>\n","protected":false},"author":1,"featured_media":0,"parent":44,"menu_order":0,"comment_status":"closed","ping_status":"closed","template":"","meta":{"_acf_changed":false,"footnotes":""},"tags":[69],"class_list":["post-328","page","type-page","status-publish","hentry","tag-gallipoli"],"acf":[],"_links":{"self":[{"href":"https:\/\/savourturkey.com\/cz\/wp-json\/wp\/v2\/pages\/328","targetHints":{"allow":["GET"]}}],"collection":[{"href":"https:\/\/savourturkey.com\/cz\/wp-json\/wp\/v2\/pages"}],"about":[{"href":"https:\/\/savourturkey.com\/cz\/wp-json\/wp\/v2\/types\/page"}],"author":[{"embeddable":true,"href":"https:\/\/savourturkey.com\/cz\/wp-json\/wp\/v2\/users\/1"}],"replies":[{"embeddable":true,"href":"https:\/\/savourturkey.com\/cz\/wp-json\/wp\/v2\/comments?post=328"}],"version-history":[{"count":3,"href":"https:\/\/savourturkey.com\/cz\/wp-json\/wp\/v2\/pages\/328\/revisions"}],"predecessor-version":[{"id":453,"href":"https:\/\/savourturkey.com\/cz\/wp-json\/wp\/v2\/pages\/328\/revisions\/453"}],"up":[{"embeddable":true,"href":"https:\/\/savourturkey.com\/cz\/wp-json\/wp\/v2\/pages\/44"}],"wp:attachment":[{"href":"https:\/\/savourturkey.com\/cz\/wp-json\/wp\/v2\/media?parent=328"}],"wp:term":[{"taxonomy":"post_tag","embeddable":true,"href":"https:\/\/savourturkey.com\/cz\/wp-json\/wp\/v2\/tags?post=328"}],"curies":[{"name":"wp","href":"https:\/\/api.w.org\/{rel}","templated":true}]}}