{"id":34,"date":"2015-10-21T11:34:08","date_gmt":"2015-10-21T10:34:08","guid":{"rendered":"http:\/\/savourturkey.com\/cz\/?page_id=34"},"modified":"2022-12-27T15:20:25","modified_gmt":"2022-12-27T14:20:25","slug":"horska-turistika","status":"publish","type":"page","link":"https:\/\/savourturkey.com\/cz\/turistika\/horska-turistika\/","title":{"rendered":"Horsk\u00e1 turistika"},"content":{"rendered":"<p>&nbsp;<\/p>\n<p><a href=\"https:\/\/savourturkey.com\/cz\/wp-content\/uploads\/sites\/2\/2015\/10\/ST-Germany-group-e1446142876236.jpg\"><img loading=\"lazy\" decoding=\"async\" class=\"alignnone size-full wp-image-260\" src=\"https:\/\/savourturkey.com\/cz\/wp-content\/uploads\/sites\/2\/2015\/10\/ST-Germany-group-e1446142876236.jpg\" alt=\"\" width=\"800\" height=\"1067\" \/><\/a><\/p>\n<p>\u00a9Savour Turkey &#8211; Ararat<\/p>\n<p>&nbsp;<\/p>\n<p style=\"text-align: justify;\">V Turecku budou nad\u0161en\u00ed v\u0161ichni milovn\u00edci horsk\u00fdch t\u00far a trekkingu. &#8222;Kv\u011btinov\u00e9 poho\u0159\u00ed&#8220; Ka\u00e7kar v\u00e1m nab\u00eddne n\u00e1dhern\u00e9 v\u00fdhledy na vysokohorsk\u00e9 pastviny. Na Nemrut se vyd\u00e1te kolem vulkanick\u00fdch jezer \u00a0a\u00a0S\u00fcphan bude va\u0161\u00edm dobr\u00fdm tr\u00e9ninkem na nejvy\u0161\u0161\u00ed horu Turecka &#8211; na Ararat.<\/p>\n","protected":false},"excerpt":{"rendered":"<p>&nbsp; \u00a9Savour Turkey &#8211; Ararat &nbsp; V Turecku budou nad\u0161en\u00ed v\u0161ichni milovn\u00edci horsk\u00fdch t\u00far a trekkingu. &#8222;Kv\u011btinov\u00e9 poho\u0159\u00ed&#8220; Ka\u00e7kar v\u00e1m nab\u00eddne n\u00e1dhern\u00e9 v\u00fdhledy na vysokohorsk\u00e9 pastviny. Na Nemrut se vyd\u00e1te kolem vulkanick\u00fdch jezer \u00a0a\u00a0S\u00fcphan bude va\u0161\u00edm dobr\u00fdm tr\u00e9ninkem na nejvy\u0161\u0161\u00ed&hellip; <\/p>\n","protected":false},"author":1,"featured_media":0,"parent":30,"menu_order":0,"comment_status":"closed","ping_status":"closed","template":"","meta":{"_acf_changed":false,"footnotes":""},"tags":[17,453,530,575,512,463,59,86,33,580,13,604,536,603,576,567,581,583,582],"class_list":["post-34","page","type-page","status-publish","hentry","tag-ararat","tag-dovolena-v-turecku","tag-horska-turistika-turecko","tag-horska-turistika-v-turecku","tag-horsky-vudce-turecko","tag-hory-turecko","tag-kackar","tag-nemrut","tag-suphan","tag-turecke-hory","tag-turecko","tag-turecko-55","tag-turecko-poznavaci-dovolena","tag-turecko-pro-seniory","tag-turecko-zajezd","tag-vystup-ararat","tag-vystup-na-kackar","tag-vystup-nemrut","tag-vystup-suphan"],"acf":[],"_links":{"self":[{"href":"https:\/\/savourturkey.com\/cz\/wp-json\/wp\/v2\/pages\/34","targetHints":{"allow":["GET"]}}],"collection":[{"href":"https:\/\/savourturkey.com\/cz\/wp-json\/wp\/v2\/pages"}],"about":[{"href":"https:\/\/savourturkey.com\/cz\/wp-json\/wp\/v2\/types\/page"}],"author":[{"embeddable":true,"href":"https:\/\/savourturkey.com\/cz\/wp-json\/wp\/v2\/users\/1"}],"replies":[{"embeddable":true,"href":"https:\/\/savourturkey.com\/cz\/wp-json\/wp\/v2\/comments?post=34"}],"version-history":[{"count":9,"href":"https:\/\/savourturkey.com\/cz\/wp-json\/wp\/v2\/pages\/34\/revisions"}],"predecessor-version":[{"id":1061,"href":"https:\/\/savourturkey.com\/cz\/wp-json\/wp\/v2\/pages\/34\/revisions\/1061"}],"up":[{"embeddable":true,"href":"https:\/\/savourturkey.com\/cz\/wp-json\/wp\/v2\/pages\/30"}],"wp:attachment":[{"href":"https:\/\/savourturkey.com\/cz\/wp-json\/wp\/v2\/media?parent=34"}],"wp:term":[{"taxonomy":"post_tag","embeddable":true,"href":"https:\/\/savourturkey.com\/cz\/wp-json\/wp\/v2\/tags?post=34"}],"curies":[{"name":"wp","href":"https:\/\/api.w.org\/{rel}","templated":true}]}}