{"id":42,"date":"2015-10-21T11:34:52","date_gmt":"2015-10-21T10:34:52","guid":{"rendered":"http:\/\/savourturkey.com\/cz\/?page_id=42"},"modified":"2022-12-27T15:52:05","modified_gmt":"2022-12-27T14:52:05","slug":"filmova-turistika","status":"publish","type":"page","link":"https:\/\/savourturkey.com\/cz\/turistika\/filmova-turistika\/","title":{"rendered":"Filmov\u00e1 turistika"},"content":{"rendered":"<p>&nbsp;<\/p>\n<p><a href=\"https:\/\/savourturkey.com\/cz\/wp-content\/uploads\/sites\/2\/2022\/12\/20221027_093759-2.jpg\"><img loading=\"lazy\" decoding=\"async\" class=\"alignnone size-full wp-image-1099\" src=\"https:\/\/savourturkey.com\/cz\/wp-content\/uploads\/sites\/2\/2022\/12\/20221027_093759-2.jpg\" alt=\"\" width=\"4503\" height=\"3377\" srcset=\"https:\/\/savourturkey.com\/cz\/wp-content\/uploads\/sites\/2\/2022\/12\/20221027_093759-2.jpg 4503w, https:\/\/savourturkey.com\/cz\/wp-content\/uploads\/sites\/2\/2022\/12\/20221027_093759-2-300x225.jpg 300w, https:\/\/savourturkey.com\/cz\/wp-content\/uploads\/sites\/2\/2022\/12\/20221027_093759-2-768x576.jpg 768w, https:\/\/savourturkey.com\/cz\/wp-content\/uploads\/sites\/2\/2022\/12\/20221027_093759-2-1024x768.jpg 1024w\" sizes=\"auto, (max-width: 4503px) 100vw, 4503px\" \/><\/a><\/p>\n<p>\u00a9Savour Turkey &#8211; Yerebatan cisterna<\/p>\n<p>&nbsp;<\/p>\n<p>&nbsp;<\/p>\n<p style=\"text-align: justify;\">Turecko je d\u00edky sv\u00e9 mimo\u0159\u00e1dn\u00e9 geografick\u00e9 a kulturn\u00ed rozmanitosti velmi obl\u00edbenou filmovou lokalitou. Zemi b\u00edl\u00e9ho p\u016flm\u011bs\u00edce vyhled\u00e1vaj\u00ed v\u011bt\u0161inou americk\u00e9 a z\u00e1padn\u00ed filmov\u00e9 spole\u010dnosti, ale p\u0159il\u00e1kala i filma\u0159e z v\u00fdchodn\u00ed Evropy.<\/p>\n<p style=\"text-align: justify;\">Hlavn\u00ed z\u00e1jem filmov\u00e9 \u0161t\u00e1by projevuj\u00ed o Istanbul, do n\u011bho\u017e ji\u017e zav\u00edtala cel\u00e1 \u0159ada hollywoodsk\u00fdch hv\u011bzd &#8211; nap\u0159\u00edklad Kevin Costner, Daniel Craig, Morgan Freeman, Tom Hanks a Matt Dillon. M\u011bsto na Bosporu poslou\u017eilo jako filmov\u00e1 lokace pro bondovky Srde\u010dn\u00e9 pozdravy z Ruska, Jeden sv\u011bt nesta\u010d\u00ed, Skyfall, oskarov\u00fd film Argo, \u0161pion\u00e1\u017en\u00ed thriller Jeden mus\u00ed z kola ven (Tom Hardy, Colin Firth a Gary Oldman), thriller 96 hodin: Odplata (Liam Neeson), pro ak\u010dn\u00ed film Ghost Rider 2 (Nicolas Cage), drama Cesta nad\u011bje (Russel Crowe) nebo mysteri\u00f3zn\u00ed thriller Inferno (Tom Hanks).<\/p>\n<p style=\"text-align: justify;\">Nat\u00e1\u010d\u00ed se v\u0161ak i v jin\u00fdch \u010d\u00e1stech Turecka, ve\u00a0Fethiyi, Antalyii, Adan\u011b, Mardinu, Pamukkale nebo v Kappadokii.<\/p>\n<p style=\"text-align: justify;\">Vydejte se s n\u00e1mi do z\u00e1kulis\u00ed nat\u00e1\u010den\u00ed a poznejte m\u00edsta, kde slavn\u00e9 filmy vznikaly.<\/p>\n<p>&nbsp;<\/p>\n<p>&nbsp;<\/p>\n<p>&nbsp;<\/p>\n<p><iframe loading=\"lazy\" title=\"YouTube video player\" src=\"https:\/\/www.youtube.com\/embed\/u3dqiq0uFdg\" width=\"560\" height=\"315\" frameborder=\"0\" allowfullscreen=\"allowfullscreen\"><\/iframe><\/p>\n","protected":false},"excerpt":{"rendered":"<p>&nbsp; \u00a9Savour Turkey &#8211; Yerebatan cisterna &nbsp; &nbsp; Turecko je d\u00edky sv\u00e9 mimo\u0159\u00e1dn\u00e9 geografick\u00e9 a kulturn\u00ed rozmanitosti velmi obl\u00edbenou filmovou lokalitou. Zemi b\u00edl\u00e9ho p\u016flm\u011bs\u00edce vyhled\u00e1vaj\u00ed v\u011bt\u0161inou americk\u00e9 a z\u00e1padn\u00ed filmov\u00e9 spole\u010dnosti, ale p\u0159il\u00e1kala i filma\u0159e z v\u00fdchodn\u00ed Evropy. Hlavn\u00ed z\u00e1jem&hellip; <\/p>\n","protected":false},"author":1,"featured_media":0,"parent":30,"menu_order":0,"comment_status":"closed","ping_status":"closed","template":"","meta":{"_acf_changed":false,"footnotes":""},"tags":[373,453,607,614,608,605,611,609,610,606,612,613,483,29,394,13],"class_list":["post-42","page","type-page","status-publish","hentry","tag-bondovka","tag-dovolena-v-turecku","tag-filmova-mista-bondovky","tag-filmova-mista-cesta-nadeje","tag-filmova-mista-inferno","tag-filmova-mista-istanbul","tag-filmova-mista-jeden-svet-nestaci","tag-filmova-mista-skyffal","tag-filmova-mista-srdecne-pozdravy-z-ruska","tag-filmova-mista-turecko","tag-filmova-turistika-istanbul","tag-filmova-turistika-turecko","tag-filmove-lokality-v-turecku","tag-istanbul","tag-pruvodce-v-istanbulu","tag-turecko"],"acf":[],"_links":{"self":[{"href":"https:\/\/savourturkey.com\/cz\/wp-json\/wp\/v2\/pages\/42","targetHints":{"allow":["GET"]}}],"collection":[{"href":"https:\/\/savourturkey.com\/cz\/wp-json\/wp\/v2\/pages"}],"about":[{"href":"https:\/\/savourturkey.com\/cz\/wp-json\/wp\/v2\/types\/page"}],"author":[{"embeddable":true,"href":"https:\/\/savourturkey.com\/cz\/wp-json\/wp\/v2\/users\/1"}],"replies":[{"embeddable":true,"href":"https:\/\/savourturkey.com\/cz\/wp-json\/wp\/v2\/comments?post=42"}],"version-history":[{"count":14,"href":"https:\/\/savourturkey.com\/cz\/wp-json\/wp\/v2\/pages\/42\/revisions"}],"predecessor-version":[{"id":680,"href":"https:\/\/savourturkey.com\/cz\/wp-json\/wp\/v2\/pages\/42\/revisions\/680"}],"up":[{"embeddable":true,"href":"https:\/\/savourturkey.com\/cz\/wp-json\/wp\/v2\/pages\/30"}],"wp:attachment":[{"href":"https:\/\/savourturkey.com\/cz\/wp-json\/wp\/v2\/media?parent=42"}],"wp:term":[{"taxonomy":"post_tag","embeddable":true,"href":"https:\/\/savourturkey.com\/cz\/wp-json\/wp\/v2\/tags?post=42"}],"curies":[{"name":"wp","href":"https:\/\/api.w.org\/{rel}","templated":true}]}}