{"id":438,"date":"2015-11-05T20:11:41","date_gmt":"2015-11-05T19:11:41","guid":{"rendered":"http:\/\/savourturkey.com\/cz\/?page_id=438"},"modified":"2019-12-02T16:54:02","modified_gmt":"2019-12-02T15:54:02","slug":"jake-vybaveni-potrebuji-sebou-na-horske-tury","status":"publish","type":"page","link":"https:\/\/savourturkey.com\/cz\/faq\/jake-vybaveni-potrebuji-sebou-na-horske-tury\/","title":{"rendered":"Jak\u00e9 vybaven\u00ed pot\u0159ebuji sebou na horskou turistiku v Turecku?"},"content":{"rendered":"<p>&nbsp;<\/p>\n<p>Pro horskou turistiku v Turecku (Ararat, Kackar, Nemrut,\u00a0S\u00fcphan) v\u00e1m doporu\u010dujeme toto vybaven\u00ed:<\/p>\n<p>&nbsp;<\/p>\n<p>Pas s fotokopi\u00ed<\/p>\n<p>Letenku s fotokopi\u00ed<\/p>\n<p>Cestovn\u00ed \u0161eky, hotovost, bankovn\u00ed karty<\/p>\n<p>Ve\u0161ker\u00e1 poji\u0161t\u011bn\u00ed (v\u010detn\u011b p\u0159ipoji\u0161t\u011bn\u00ed pro rizikov\u00e9 sporty a sportovn\u00ed aktivity)<\/p>\n<p>Batoh pro denn\u00ed t\u00fary (objem 30 &#8211; 40 l)<\/p>\n<p>Vodot\u011bsn\u00fd kryt batohu nebo nepromokavou vlo\u017eku uvnit\u0159 batohu<\/p>\n<p>Spac\u00ed pytel (p\u00e9\u0159ov\u00fd \/ + 15 \u00b0 a\u017e &#8211; 20 \u00b0 C)<\/p>\n<p>Nafukovac\u00ed termo podlo\u017eku (chcete-li si vz\u00edt vlastn\u00ed, nyn\u00ed m\u00e1me 5 cm vysok\u00e9 p\u011bnov\u00e9 izola\u010dn\u00ed podlo\u017eky, velmi pohodln\u00e9)<\/p>\n<p>Pohorky nebo pevn\u00e9 turistick\u00e9 boty vhodn\u00e9 pro ma\u010dky<\/p>\n<p>Ma\u010dky (lze zap\u016fj\u010dit na m\u00edst\u011b, jen n\u00e1m dejte pros\u00edm v\u011bd\u011bt p\u0159edem)<\/p>\n<p>Kama\u0161e<\/p>\n<p>Trekingov\u00e9 teleskopick\u00e9 hole (cep\u00edn nen\u00ed pot\u0159eba)<\/p>\n<p>Anorakov\u00e9 svrchn\u00ed kalhoty<\/p>\n<p>Vln\u011bn\u00e9 nebo\u00a0 fleecov\u00e9 \u010depice, \u010delenky, rukavice<\/p>\n<p>Softshellov\u00e9 bundy, svetry<\/p>\n<p>Tenk\u00fd fleecov\u00fd svetr<\/p>\n<p>2 horolezeck\u00e1 tri\u010dka s dlouh\u00fdm ruk\u00e1vem<\/p>\n<p>2 tri\u010dka s kr\u00e1tk\u00fdm ruk\u00e1vem<\/p>\n<p>2 \u2013 3 tri\u010dka<\/p>\n<p>Horolezectv\u00ed kalhoty (doporu\u010dujeme dole na zap\u00edn\u00e1n\u00ed na zip)<\/p>\n<p>2 &#8211; 4 p\u00e1ry tlust\u00fdch turistick\u00fdch pono\u017eek<\/p>\n<p>Dlouh\u00e9 spodky, tepl\u00e1 vesta (termo spodn\u00ed pr\u00e1dlo)<\/p>\n<p>Spodn\u00ed pr\u00e1dlo<\/p>\n<p>Termoska (1 litr)<\/p>\n<p>Slune\u010dn\u00ed br\u00fdle (s UV pro vysok\u00e9 nadmo\u0159sk\u00e9 v\u00fd\u0161ky)<\/p>\n<p>Opalovac\u00ed kr\u00e9m, balz\u00e1m na rty, p\u0159\u00edpadn\u011b o\u010dn\u00ed kapky na zklidn\u011bn\u00ed podr\u00e1\u017ed\u011bn\u00fdch o\u010di<\/p>\n<p>Toaletn\u00ed pot\u0159eby, ru\u010dn\u00edk<\/p>\n<p>\u010celovka<\/p>\n<p>Hodinky, mobiln\u00ed telefon, fotoapar\u00e1t<\/p>\n<p>Psac\u00ed pot\u0159eby<\/p>\n<p>Osobn\u00ed l\u00e9ky, kter\u00e9 u\u017e\u00edv\u00e1te (nap\u0159. na vysok\u00fd krevn\u00ed tlak)<\/p>\n<p>Cestovn\u00ed l\u00e9k\u00e1rni\u010dka: l\u00e9ky na \u017ealude\u010dn\u00ed pot\u00ed\u017ee, nachlazen\u00ed, ka\u0161el, bolesti hlavy a jin\u00e9 bolesti<\/p>\n<p>Steriln\u00ed obvazy, elastick\u00e1 obinadla, n\u00e1plasti, n\u00e1plasti na puch\u00fd\u0159e, 2 troj\u00faheln\u00edkov\u00e9 obvazy<\/p>\n<p>Steriliza\u010dn\u00ed tablety pro pitnou vodu (Mikropur)<\/p>\n<p>Repelent<\/p>\n<p>Vodot\u011bsn\u00fd plastov\u00fd vak nebo igelitov\u00e1 ta\u0161ka na \u0161pinav\u00e9 pr\u00e1dlo nebo na specifick\u00fd odpad (nap\u0159. baterie a hlin\u00edkov\u00e9 f\u00f3lie)<\/p>\n<p>Dal\u0161\u00ed osobn\u00ed v\u011bci<\/p>\n","protected":false},"excerpt":{"rendered":"<p>&nbsp; Pro horskou turistiku v Turecku (Ararat, Kackar, Nemrut,\u00a0S\u00fcphan) v\u00e1m doporu\u010dujeme toto vybaven\u00ed: &nbsp; Pas s fotokopi\u00ed Letenku s fotokopi\u00ed Cestovn\u00ed \u0161eky, hotovost, bankovn\u00ed karty Ve\u0161ker\u00e1 poji\u0161t\u011bn\u00ed (v\u010detn\u011b p\u0159ipoji\u0161t\u011bn\u00ed pro rizikov\u00e9 sporty a sportovn\u00ed aktivity) Batoh pro denn\u00ed t\u00fary (objem&hellip; <\/p>\n","protected":false},"author":1,"featured_media":0,"parent":58,"menu_order":0,"comment_status":"closed","ping_status":"closed","template":"","meta":{"_acf_changed":false,"footnotes":""},"tags":[17,530,59,86,20,33,13,531,484,525],"class_list":["post-438","page","type-page","status-publish","hentry","tag-ararat","tag-horska-turistika-turecko","tag-kackar","tag-nemrut","tag-savour-turkey","tag-suphan","tag-turecko","tag-vybaveni-na-horskou-turistiku-v-turecku","tag-vybaveni-na-horskou-turu","tag-vystup-na-ararat"],"acf":[],"_links":{"self":[{"href":"https:\/\/savourturkey.com\/cz\/wp-json\/wp\/v2\/pages\/438","targetHints":{"allow":["GET"]}}],"collection":[{"href":"https:\/\/savourturkey.com\/cz\/wp-json\/wp\/v2\/pages"}],"about":[{"href":"https:\/\/savourturkey.com\/cz\/wp-json\/wp\/v2\/types\/page"}],"author":[{"embeddable":true,"href":"https:\/\/savourturkey.com\/cz\/wp-json\/wp\/v2\/users\/1"}],"replies":[{"embeddable":true,"href":"https:\/\/savourturkey.com\/cz\/wp-json\/wp\/v2\/comments?post=438"}],"version-history":[{"count":4,"href":"https:\/\/savourturkey.com\/cz\/wp-json\/wp\/v2\/pages\/438\/revisions"}],"predecessor-version":[{"id":987,"href":"https:\/\/savourturkey.com\/cz\/wp-json\/wp\/v2\/pages\/438\/revisions\/987"}],"up":[{"embeddable":true,"href":"https:\/\/savourturkey.com\/cz\/wp-json\/wp\/v2\/pages\/58"}],"wp:attachment":[{"href":"https:\/\/savourturkey.com\/cz\/wp-json\/wp\/v2\/media?parent=438"}],"wp:term":[{"taxonomy":"post_tag","embeddable":true,"href":"https:\/\/savourturkey.com\/cz\/wp-json\/wp\/v2\/tags?post=438"}],"curies":[{"name":"wp","href":"https:\/\/api.w.org\/{rel}","templated":true}]}}