{"id":46,"date":"2015-10-21T11:35:13","date_gmt":"2015-10-21T10:35:13","guid":{"rendered":"http:\/\/savourturkey.com\/cz\/?page_id=46"},"modified":"2015-11-04T19:48:01","modified_gmt":"2015-11-04T18:48:01","slug":"geneticka-turistika","status":"publish","type":"page","link":"https:\/\/savourturkey.com\/cz\/turistika\/geneticka-turistika\/","title":{"rendered":"Genetick\u00e1 turistika"},"content":{"rendered":"<p>Zjistili jste, \u017ee m\u00e1te tureck\u00e9 nebo kurdsk\u00e9 ko\u0159eny a r\u00e1di by jste se pod\u00edvali na m\u00edsta odkud va\u0161i p\u0159edci poch\u00e1zej\u00ed?<\/p>\n<p>Chcete poznat historii sv\u00e9ho rodu \u010di rodiny, m\u00edsta odkud poch\u00e1z\u00ed?<\/p>\n<p>Chcete poznat sv\u00e9 nov\u011b nalezen\u00e9 p\u0159\u00edbuzn\u00e9 v Turecku?<\/p>\n<p>&nbsp;<\/p>\n<p>Pak n\u00e1m napi\u0161te na\u00a0e-mail<\/p>\n<p>info@savourturkey.com<\/p>\n<p>&nbsp;<\/p>\n<p>R\u00e1di v\u00e1m pom\u016f\u017eeme s cestou, pobytem a poskytneme v\u00e1m pr\u016fvodce.<\/p>\n<p>&nbsp;<\/p>\n","protected":false},"excerpt":{"rendered":"<p>Zjistili jste, \u017ee m\u00e1te tureck\u00e9 nebo kurdsk\u00e9 ko\u0159eny a r\u00e1di by jste se pod\u00edvali na m\u00edsta odkud va\u0161i p\u0159edci poch\u00e1zej\u00ed? Chcete poznat historii sv\u00e9ho rodu \u010di rodiny, m\u00edsta odkud poch\u00e1z\u00ed? Chcete poznat sv\u00e9 nov\u011b nalezen\u00e9 p\u0159\u00edbuzn\u00e9 v Turecku? &nbsp; Pak&hellip; <\/p>\n","protected":false},"author":1,"featured_media":0,"parent":30,"menu_order":0,"comment_status":"closed","ping_status":"closed","template":"","meta":{"_acf_changed":false,"footnotes":""},"tags":[79,81,78,15,20,80,13],"class_list":["post-46","page","type-page","status-publish","hentry","tag-geneticka-turistika","tag-kurdske-koreny","tag-predci","tag-pruvodce","tag-savour-turkey","tag-turecke-koreny","tag-turecko"],"acf":[],"_links":{"self":[{"href":"https:\/\/savourturkey.com\/cz\/wp-json\/wp\/v2\/pages\/46","targetHints":{"allow":["GET"]}}],"collection":[{"href":"https:\/\/savourturkey.com\/cz\/wp-json\/wp\/v2\/pages"}],"about":[{"href":"https:\/\/savourturkey.com\/cz\/wp-json\/wp\/v2\/types\/page"}],"author":[{"embeddable":true,"href":"https:\/\/savourturkey.com\/cz\/wp-json\/wp\/v2\/users\/1"}],"replies":[{"embeddable":true,"href":"https:\/\/savourturkey.com\/cz\/wp-json\/wp\/v2\/comments?post=46"}],"version-history":[{"count":2,"href":"https:\/\/savourturkey.com\/cz\/wp-json\/wp\/v2\/pages\/46\/revisions"}],"predecessor-version":[{"id":349,"href":"https:\/\/savourturkey.com\/cz\/wp-json\/wp\/v2\/pages\/46\/revisions\/349"}],"up":[{"embeddable":true,"href":"https:\/\/savourturkey.com\/cz\/wp-json\/wp\/v2\/pages\/30"}],"wp:attachment":[{"href":"https:\/\/savourturkey.com\/cz\/wp-json\/wp\/v2\/media?parent=46"}],"wp:term":[{"taxonomy":"post_tag","embeddable":true,"href":"https:\/\/savourturkey.com\/cz\/wp-json\/wp\/v2\/tags?post=46"}],"curies":[{"name":"wp","href":"https:\/\/api.w.org\/{rel}","templated":true}]}}