{"id":48,"date":"2015-10-21T11:35:23","date_gmt":"2015-10-21T10:35:23","guid":{"rendered":"http:\/\/savourturkey.com\/cz\/?page_id=48"},"modified":"2015-12-05T14:14:01","modified_gmt":"2015-12-05T13:14:01","slug":"turistika-pro-specialni-zajmy","status":"publish","type":"page","link":"https:\/\/savourturkey.com\/cz\/turistika\/turistika-pro-specialni-zajmy\/","title":{"rendered":"Turistika pro speci\u00e1ln\u00ed z\u00e1jmy"},"content":{"rendered":"<p>&nbsp;<\/p>\n<p><img loading=\"lazy\" decoding=\"async\" class=\"alignnone wp-image-418\" src=\"https:\/\/savourturkey.com\/cz\/wp-content\/uploads\/sites\/2\/2015\/11\/DSC_0609.jpg\" alt=\"DSC_0609\" width=\"4928\" height=\"3264\" srcset=\"https:\/\/savourturkey.com\/cz\/wp-content\/uploads\/sites\/2\/2015\/11\/DSC_0609.jpg 4928w, https:\/\/savourturkey.com\/cz\/wp-content\/uploads\/sites\/2\/2015\/11\/DSC_0609-300x199.jpg 300w, https:\/\/savourturkey.com\/cz\/wp-content\/uploads\/sites\/2\/2015\/11\/DSC_0609-1024x678.jpg 1024w\" sizes=\"auto, (max-width: 4928px) 100vw, 4928px\" \/><\/p>\n<p>&nbsp;<\/p>\n<p>Jste botanik, zoolog, etnolog, fotograf nebo architekt?<\/p>\n<p>Nebo m\u00e1te jin\u00e9 specifick\u00e9 z\u00e1jmy?<\/p>\n<p>&nbsp;<\/p>\n<p>Chcete-li roz\u0161\u00ed\u0159it sv\u00e9 obzory v Turecku, m\u016f\u017eete se s n\u00e1mi absolvovat v\u00fdpravy za<\/p>\n<p>pozorov\u00e1n\u00edm pt\u00e1k\u016f<\/p>\n<p>po\u010detnou a pestrobarevnou kv\u011btenou<\/p>\n<p>pozn\u00e1v\u00e1n\u00edm m\u00edstn\u00edch \u0159emesel, zvyk\u016f a tradic<\/p>\n<p>architektonick\u00fdmi pam\u00e1tkami<\/p>\n<p>p\u0159\u00edrodn\u00ed medic\u00ednou (fytoterapie a aromaterapie)<\/p>\n<p>nebo absolvovat kurzy ture\u010dtiny<\/p>\n<p>&nbsp;<\/p>\n<p>R\u00e1di v\u00e1m pom\u016f\u017eeme a d\u00e1me skv\u011bl\u00e9 tipy.<\/p>\n<p>&nbsp;<\/p>\n<p>Kontaktujte n\u00e1s pros\u00edm na<\/p>\n<p>e-mail: <a href=\"mailto:info@savourturkey.com\">info@savourturkey.com<\/a><\/p>\n<p>mobile:\u00a0+420 603 520 697<\/p>\n<p>&nbsp;<\/p>\n","protected":false},"excerpt":{"rendered":"<p>&nbsp; &nbsp; Jste botanik, zoolog, etnolog, fotograf nebo architekt? Nebo m\u00e1te jin\u00e9 specifick\u00e9 z\u00e1jmy? &nbsp; Chcete-li roz\u0161\u00ed\u0159it sv\u00e9 obzory v Turecku, m\u016f\u017eete se s n\u00e1mi absolvovat v\u00fdpravy za pozorov\u00e1n\u00edm pt\u00e1k\u016f po\u010detnou a pestrobarevnou kv\u011btenou pozn\u00e1v\u00e1n\u00edm m\u00edstn\u00edch \u0159emesel, zvyk\u016f a tradic&hellip; <\/p>\n","protected":false},"author":1,"featured_media":0,"parent":30,"menu_order":0,"comment_status":"closed","ping_status":"closed","template":"","meta":{"_acf_changed":false,"footnotes":""},"tags":[115,186,187,113,116,190,188,185,184,189,20,13,114],"class_list":["post-48","page","type-page","status-publish","hentry","tag-architekt","tag-birdwatcher","tag-birdwatching","tag-botanik","tag-etnolog","tag-kurzy-turectiny","tag-kvetena","tag-ornitolog","tag-pozorovani-ptaku","tag-prirodni-medicina","tag-savour-turkey","tag-turecko","tag-zoolog"],"acf":[],"_links":{"self":[{"href":"https:\/\/savourturkey.com\/cz\/wp-json\/wp\/v2\/pages\/48","targetHints":{"allow":["GET"]}}],"collection":[{"href":"https:\/\/savourturkey.com\/cz\/wp-json\/wp\/v2\/pages"}],"about":[{"href":"https:\/\/savourturkey.com\/cz\/wp-json\/wp\/v2\/types\/page"}],"author":[{"embeddable":true,"href":"https:\/\/savourturkey.com\/cz\/wp-json\/wp\/v2\/users\/1"}],"replies":[{"embeddable":true,"href":"https:\/\/savourturkey.com\/cz\/wp-json\/wp\/v2\/comments?post=48"}],"version-history":[{"count":5,"href":"https:\/\/savourturkey.com\/cz\/wp-json\/wp\/v2\/pages\/48\/revisions"}],"predecessor-version":[{"id":419,"href":"https:\/\/savourturkey.com\/cz\/wp-json\/wp\/v2\/pages\/48\/revisions\/419"}],"up":[{"embeddable":true,"href":"https:\/\/savourturkey.com\/cz\/wp-json\/wp\/v2\/pages\/30"}],"wp:attachment":[{"href":"https:\/\/savourturkey.com\/cz\/wp-json\/wp\/v2\/media?parent=48"}],"wp:term":[{"taxonomy":"post_tag","embeddable":true,"href":"https:\/\/savourturkey.com\/cz\/wp-json\/wp\/v2\/tags?post=48"}],"curies":[{"name":"wp","href":"https:\/\/api.w.org\/{rel}","templated":true}]}}