{"id":490,"date":"2015-11-19T11:43:56","date_gmt":"2015-11-19T10:43:56","guid":{"rendered":"http:\/\/savourturkey.com\/cz\/?page_id=490"},"modified":"2025-08-26T12:41:31","modified_gmt":"2025-08-26T11:41:31","slug":"je-pro-mne-bezpecne-cestovat-do-vychodni-anatolie","status":"publish","type":"page","link":"https:\/\/savourturkey.com\/cz\/faq\/je-pro-mne-bezpecne-cestovat-do-vychodni-anatolie\/","title":{"rendered":"Je pro mne bezpe\u010dn\u00e9 cestovat do v\u00fdchodn\u00ed Anat\u00f3lie?"},"content":{"rendered":"<p>&nbsp;<\/p>\n<p><a href=\"https:\/\/savourturkey.com\/cz\/wp-content\/uploads\/sites\/2\/2015\/11\/ST-Suphan.jpg\"><img loading=\"lazy\" decoding=\"async\" class=\"alignnone size-full wp-image-436\" src=\"https:\/\/savourturkey.com\/cz\/wp-content\/uploads\/sites\/2\/2015\/11\/ST-Suphan.jpg\" alt=\"\" width=\"2048\" height=\"1536\" srcset=\"https:\/\/savourturkey.com\/cz\/wp-content\/uploads\/sites\/2\/2015\/11\/ST-Suphan.jpg 2048w, https:\/\/savourturkey.com\/cz\/wp-content\/uploads\/sites\/2\/2015\/11\/ST-Suphan-300x225.jpg 300w, https:\/\/savourturkey.com\/cz\/wp-content\/uploads\/sites\/2\/2015\/11\/ST-Suphan-1024x768.jpg 1024w\" sizes=\"auto, (max-width: 2048px) 100vw, 2048px\" \/><\/a><\/p>\n<p>\u00a9 Savour Turkey &#8211;\u00a0Ararat, v\u00fdchodn\u00ed Anatolie<\/p>\n<p>&nbsp;<\/p>\n<p style=\"text-align: justify;\">Cestov\u00e1n\u00ed do Vanu, Do\u011fubayazitu, Erzurumu a na v\u0161echny hory (Ararat, S\u00fcphan, Nemrut, Ka\u00e7kar) je zcela bezpe\u010dn\u00e9. Hranice se S\u00fdri\u00ed se nal\u00e9z\u00e1 na jihu Turecka &#8211; my jsme na v\u00fdchod\u011b zem\u011b. Boje mezi tureckou arm\u00e1dou a kurdskou separatistickou politickou stranou PKK skon\u010dily v\u00a0roce 1998. Mezin\u00e1rodn\u00ed vztahy Turecka s\u00a0\u00cdr\u00e1nem, \u00c1zerb\u00e1jd\u017e\u00e1nem, Arm\u00e9ni\u00ed a Gruzi\u00ed jsou m\u00edrov\u00e9 a na velmi dobr\u00e9 \u00farovni. Mimochodem, na\u0161imi klienty jsou mimo jin\u00e9 i turist\u00e9 z\u00a0\u00cdr\u00e1nu, kte\u0159\u00ed hojn\u011b nav\u0161t\u011bvuj\u00ed n\u00e1\u0161 region. Nav\u00edc v\u0161ichni na\u0161i hor\u0161t\u00ed v\u016fdci a pr\u016fvodci v\u00a0tomto regionu \u017eij\u00ed. To znamen\u00e1, \u017ee m\u00e1me ka\u017ed\u00fd den aktu\u00e1ln\u00ed informace z\u00a0t\u00e9to oblasti.<\/p>\n<p>&nbsp;<\/p>\n<p style=\"text-align: justify;\">Dostanete-li se do pochybnost\u00ed (nap\u0159\u00edklad v\u00a0d\u016fsledku zkreslen\u00fdch zpr\u00e1v v\u00a0m\u00e9di\u00edch nebo na internetu), kontaktujte n\u00e1s na e-mailu savourturkey@gmail.com<\/p>\n<p style=\"text-align: justify;\">R\u00e1di v\u00e1m sd\u011bl\u00edme \u010derstv\u00e9 informace z\u00a0na\u0161\u00ed oblasti. V\u011b\u0159te, \u017ee pro v\u00e1s, na\u0161e klienty chceme to nejlep\u0161\u00ed a rozhodn\u011b poskytujeme na\u0161e slu\u017eby tak, aby cestov\u00e1n\u00ed ve v\u00fdchodn\u00ed Anat\u00f3lii bylo pro v\u00e1s zcela bezpe\u010dn\u00e9.<\/p>\n","protected":false},"excerpt":{"rendered":"<p>&nbsp; \u00a9 Savour Turkey &#8211;\u00a0Ararat, v\u00fdchodn\u00ed Anatolie &nbsp; Cestov\u00e1n\u00ed do Vanu, Do\u011fubayazitu, Erzurumu a na v\u0161echny hory (Ararat, S\u00fcphan, Nemrut, Ka\u00e7kar) je zcela bezpe\u010dn\u00e9. Hranice se S\u00fdri\u00ed se nal\u00e9z\u00e1 na jihu Turecka &#8211; my jsme na v\u00fdchod\u011b zem\u011b. Boje mezi&hellip; <\/p>\n","protected":false},"author":1,"featured_media":0,"parent":58,"menu_order":0,"comment_status":"closed","ping_status":"closed","template":"","meta":{"_acf_changed":false,"footnotes":""},"tags":[17,434,125,565,566,14],"class_list":["post-490","page","type-page","status-publish","hentry","tag-ararat","tag-cestovani-do-turecka","tag-cestovani-do-vychodni-anatolie","tag-turecko-bezpecnost","tag-turecko-bezpecnostni-situace","tag-vychodni-anatolie"],"acf":[],"_links":{"self":[{"href":"https:\/\/savourturkey.com\/cz\/wp-json\/wp\/v2\/pages\/490","targetHints":{"allow":["GET"]}}],"collection":[{"href":"https:\/\/savourturkey.com\/cz\/wp-json\/wp\/v2\/pages"}],"about":[{"href":"https:\/\/savourturkey.com\/cz\/wp-json\/wp\/v2\/types\/page"}],"author":[{"embeddable":true,"href":"https:\/\/savourturkey.com\/cz\/wp-json\/wp\/v2\/users\/1"}],"replies":[{"embeddable":true,"href":"https:\/\/savourturkey.com\/cz\/wp-json\/wp\/v2\/comments?post=490"}],"version-history":[{"count":6,"href":"https:\/\/savourturkey.com\/cz\/wp-json\/wp\/v2\/pages\/490\/revisions"}],"predecessor-version":[{"id":1159,"href":"https:\/\/savourturkey.com\/cz\/wp-json\/wp\/v2\/pages\/490\/revisions\/1159"}],"up":[{"embeddable":true,"href":"https:\/\/savourturkey.com\/cz\/wp-json\/wp\/v2\/pages\/58"}],"wp:attachment":[{"href":"https:\/\/savourturkey.com\/cz\/wp-json\/wp\/v2\/media?parent=490"}],"wp:term":[{"taxonomy":"post_tag","embeddable":true,"href":"https:\/\/savourturkey.com\/cz\/wp-json\/wp\/v2\/tags?post=490"}],"curies":[{"name":"wp","href":"https:\/\/api.w.org\/{rel}","templated":true}]}}