{"id":52,"date":"2015-10-21T11:35:44","date_gmt":"2015-10-21T10:35:44","guid":{"rendered":"http:\/\/savourturkey.com\/cz\/?page_id=52"},"modified":"2019-05-08T16:57:26","modified_gmt":"2019-05-08T15:57:26","slug":"nakupni-turistika","status":"publish","type":"page","link":"https:\/\/savourturkey.com\/cz\/turistika\/nakupni-turistika\/","title":{"rendered":"N\u00e1kupy v Turecku"},"content":{"rendered":"<p>&nbsp;<\/p>\n<p><a href=\"https:\/\/savourturkey.com\/cz\/wp-content\/uploads\/sites\/2\/2016\/01\/ST-trh-parf\u00e9my.jpg\"><img loading=\"lazy\" decoding=\"async\" class=\"alignnone size-full wp-image-646\" src=\"https:\/\/savourturkey.com\/cz\/wp-content\/uploads\/sites\/2\/2016\/01\/ST-trh-parf\u00e9my.jpg\" alt=\"\" width=\"2672\" height=\"4000\" srcset=\"https:\/\/savourturkey.com\/cz\/wp-content\/uploads\/sites\/2\/2016\/01\/ST-trh-parf\u00e9my.jpg 2672w, https:\/\/savourturkey.com\/cz\/wp-content\/uploads\/sites\/2\/2016\/01\/ST-trh-parf\u00e9my-200x300.jpg 200w, https:\/\/savourturkey.com\/cz\/wp-content\/uploads\/sites\/2\/2016\/01\/ST-trh-parf\u00e9my-684x1024.jpg 684w\" sizes=\"auto, (max-width: 2672px) 100vw, 2672px\" \/><\/a><\/p>\n<p>&nbsp;<\/p>\n<p style=\"text-align: justify;\">Turecko bylo v\u017edy v\u00fdznamn\u00fdm obchodn\u00edm centrem. Mnoh\u00e9 d\u016fle\u017eit\u00e9 obchodn\u00ed cesty vedly p\u0159es Anat\u00f3lii po cel\u00e1 stalet\u00ed. V sou\u010dasn\u00e9 dob\u011b v\u00e1s Turecko uchv\u00e1t\u00ed nejenom rozmanitost\u00ed n\u00e1kupn\u00edch m\u00edst (od historick\u00fdch bazar\u016f a\u017e po \u00a0modern\u00ed n\u00e1kupn\u00ed centra), n\u00fdbr\u017e tak\u00e9 rozmanitost\u00ed produkt\u016f.<\/p>\n<p style=\"text-align: justify;\">V Istanbulu rozhodn\u011b mus\u00edte zaj\u00edt Velk\u00fd Bazar\u00a0(Kapali\u00e7ar\u015fi), jeden z nejstar\u0161\u00edch trh\u016f, kter\u00fd funguje od roku 1461. \u00dachvatn\u00fd labyrint 3.600 obchod\u016f, kde obchodn\u00edci nab\u00edzej\u00ed sv\u00e9 zbo\u017e\u00ed, v\u00e1s p\u0159enese do historick\u00fdch \u010das\u016f Osmansk\u00e9 \u0159\u00ed\u0161e.<\/p>\n<p style=\"text-align: justify;\">Egyptsk\u00fd Bazar (Misir \u00c7ar\u015fisi) zase fascinuje n\u00e1v\u0161t\u011bvn\u00edky oslniv\u00fdmi barvami. Od 17. stolet\u00ed si zde vyb\u00edraj\u00ed\u00a0barevn\u00e9 ko\u0159en\u00ed, vonn\u00e9 \u010daje, su\u0161en\u00e9 ovoce, k\u0159upav\u00e9 o\u0159echy, hust\u00fd med, l\u00e9\u010div\u00e9 byliny, oleje a m\u00fddla.<\/p>\n<p style=\"text-align: justify;\">Hany a karavans\u00e1je st\u00e1le \u017eij\u00ed ve velk\u00fdch m\u011bstech, jako je Bursa, Gaziantep, Izmir, Antalya a Trabzon. Od d\u00e1vn\u00fdch v\u011bk\u016f slou\u017eily jako obchodn\u00ed centra pro kupce na d\u016fle\u017eit\u00fdch obchodn\u00edch cest\u00e1ch (nap\u0159\u00edklad na Hedv\u00e1bn\u00e9 stezce) a st\u00e1le zde m\u016f\u017eete zakoupit n\u00e1dhern\u00e9 a kvalitn\u00ed v\u00fdrobky.<\/p>\n<p style=\"text-align: justify;\">Jste-li v\u0161ak p\u0159\u00edznivci modern\u00edch shopping park\u016f, v \u00a0cel\u00e9m Turecku m\u016f\u017eete nav\u0161t\u00edvit p\u0159es 300 n\u00e1kupn\u00edch center s mo\u017enost\u00ed z\u00e1bavy. V\u011bt\u0161ina z nich m\u00e1 otev\u0159eno sedm dn\u00ed v t\u00fddnu od 10 do 10 hodin. Bezpe\u010dn\u011b zde m\u016f\u017eete platit kreditn\u00edmi kartami nebo v hotovosti v tureck\u00fdch lir\u00e1ch. V\u011bt\u0161ina velk\u00fdch obchod\u016f a n\u00e1kupn\u00edch center tak\u00e9 p\u0159ij\u00edm\u00e1 platby v americk\u00fdch dolarech nebo eurech.<\/p>\n<p style=\"text-align: justify;\">\n","protected":false},"excerpt":{"rendered":"<p>&nbsp; &nbsp; Turecko bylo v\u017edy v\u00fdznamn\u00fdm obchodn\u00edm centrem. Mnoh\u00e9 d\u016fle\u017eit\u00e9 obchodn\u00ed cesty vedly p\u0159es Anat\u00f3lii po cel\u00e1 stalet\u00ed. V sou\u010dasn\u00e9 dob\u011b v\u00e1s Turecko uchv\u00e1t\u00ed nejenom rozmanitost\u00ed n\u00e1kupn\u00edch m\u00edst (od historick\u00fdch bazar\u016f a\u017e po \u00a0modern\u00ed n\u00e1kupn\u00ed centra), n\u00fdbr\u017e tak\u00e9 rozmanitost\u00ed produkt\u016f.&hellip; <\/p>\n","protected":false},"author":1,"featured_media":0,"parent":30,"menu_order":0,"comment_status":"closed","ping_status":"closed","template":"","meta":{"_acf_changed":false,"footnotes":""},"tags":[108,501,453,349,29,391,503,500,282,440,442,394,455,502,13,231],"class_list":["post-52","page","type-page","status-publish","hentry","tag-bazary","tag-bazary-v-turecku","tag-dovolena-v-turecku","tag-egyptsky-bazar","tag-istanbul","tag-nakupy-istanbul","tag-nakupy-turecko","tag-nakupy-v-turecku","tag-obchodni-domy","tag-pruvodce-istanbul","tag-pruvodce-turecko","tag-pruvodce-v-istanbulu","tag-pruvodce-v-turecku","tag-trhy-v-turecku","tag-turecko","tag-velky-bazar"],"acf":[],"_links":{"self":[{"href":"https:\/\/savourturkey.com\/cz\/wp-json\/wp\/v2\/pages\/52","targetHints":{"allow":["GET"]}}],"collection":[{"href":"https:\/\/savourturkey.com\/cz\/wp-json\/wp\/v2\/pages"}],"about":[{"href":"https:\/\/savourturkey.com\/cz\/wp-json\/wp\/v2\/types\/page"}],"author":[{"embeddable":true,"href":"https:\/\/savourturkey.com\/cz\/wp-json\/wp\/v2\/users\/1"}],"replies":[{"embeddable":true,"href":"https:\/\/savourturkey.com\/cz\/wp-json\/wp\/v2\/comments?post=52"}],"version-history":[{"count":7,"href":"https:\/\/savourturkey.com\/cz\/wp-json\/wp\/v2\/pages\/52\/revisions"}],"predecessor-version":[{"id":934,"href":"https:\/\/savourturkey.com\/cz\/wp-json\/wp\/v2\/pages\/52\/revisions\/934"}],"up":[{"embeddable":true,"href":"https:\/\/savourturkey.com\/cz\/wp-json\/wp\/v2\/pages\/30"}],"wp:attachment":[{"href":"https:\/\/savourturkey.com\/cz\/wp-json\/wp\/v2\/media?parent=52"}],"wp:term":[{"taxonomy":"post_tag","embeddable":true,"href":"https:\/\/savourturkey.com\/cz\/wp-json\/wp\/v2\/tags?post=52"}],"curies":[{"name":"wp","href":"https:\/\/api.w.org\/{rel}","templated":true}]}}