{"id":54,"date":"2015-10-21T11:35:52","date_gmt":"2015-10-21T10:35:52","guid":{"rendered":"http:\/\/savourturkey.com\/cz\/?page_id=54"},"modified":"2024-03-07T15:03:41","modified_gmt":"2024-03-07T14:03:41","slug":"kontakt","status":"publish","type":"page","link":"https:\/\/savourturkey.com\/cz\/kontakt\/","title":{"rendered":"Kontakt"},"content":{"rendered":"<div class=\"gmail_default\">\n<p>&nbsp;<\/p>\n<p><a href=\"https:\/\/savourturkey.com\/cz\/wp-content\/uploads\/sites\/2\/2019\/05\/20190507_090655-01.jpeg\"><img loading=\"lazy\" decoding=\"async\" class=\"alignnone size-full wp-image-949\" src=\"https:\/\/savourturkey.com\/cz\/wp-content\/uploads\/sites\/2\/2019\/05\/20190507_090655-01.jpeg\" alt=\"\" width=\"4128\" height=\"2322\" srcset=\"https:\/\/savourturkey.com\/cz\/wp-content\/uploads\/sites\/2\/2019\/05\/20190507_090655-01.jpeg 4128w, https:\/\/savourturkey.com\/cz\/wp-content\/uploads\/sites\/2\/2019\/05\/20190507_090655-01-300x169.jpeg 300w, https:\/\/savourturkey.com\/cz\/wp-content\/uploads\/sites\/2\/2019\/05\/20190507_090655-01-768x432.jpeg 768w, https:\/\/savourturkey.com\/cz\/wp-content\/uploads\/sites\/2\/2019\/05\/20190507_090655-01-1024x576.jpeg 1024w\" sizes=\"auto, (max-width: 4128px) 100vw, 4128px\" \/><\/a><\/p>\n<\/div>\n<p>\u00a9 Savour Turkey &#8211;\u00a0Istanbul v\u00fdhled na Bospor<\/p>\n<p>&nbsp;<\/p>\n<div class=\"gmail_default\">\n<p style=\"text-align: justify;\">D\u011bkujeme v\u00e1m za v\u00e1\u0161 z\u00e1jem o na\u0161e slu\u017eby.<\/p>\n<p style=\"text-align: justify;\">M\u00e1te-li n\u011bjak\u00e9 koment\u00e1\u0159e, dotazy, p\u0159\u00e1n\u00ed nebo n\u00e1vrhy, napi\u0161te n\u00e1m je na email savourturkey@gmail.com<\/p>\n<\/div>\n<p>Moment\u00e1ln\u011b prob\u00edh\u00e1 p\u0159estavba na\u0161ich webov\u00fdch str\u00e1nek a kontaktn\u00ed formul\u00e1\u0159 ji\u017e nebude fungovat.<\/p>\n<div class=\"gmail_default\">\n<p>&nbsp;<\/p>\n<\/div>\n<div class=\"gmail_default\"><\/div>\n\n<div class=\"wpcf7 no-js\" id=\"wpcf7-f87-o1\" lang=\"en-US\" dir=\"ltr\" data-wpcf7-id=\"87\">\n<div class=\"screen-reader-response\"><p role=\"status\" aria-live=\"polite\" aria-atomic=\"true\"><\/p> <ul><\/ul><\/div>\n<form action=\"\/cz\/wp-json\/wp\/v2\/pages\/54#wpcf7-f87-o1\" method=\"post\" class=\"wpcf7-form init\" aria-label=\"Contact form\" novalidate=\"novalidate\" data-status=\"init\">\n<fieldset class=\"hidden-fields-container\"><input type=\"hidden\" name=\"_wpcf7\" value=\"87\" \/><input type=\"hidden\" name=\"_wpcf7_version\" value=\"6.1.2\" \/><input type=\"hidden\" name=\"_wpcf7_locale\" value=\"en_US\" \/><input type=\"hidden\" name=\"_wpcf7_unit_tag\" value=\"wpcf7-f87-o1\" \/><input type=\"hidden\" name=\"_wpcf7_container_post\" value=\"0\" \/><input type=\"hidden\" name=\"_wpcf7_posted_data_hash\" value=\"\" \/>\n<\/fieldset>\n<p>Va\u0161e jm\u00e9no (vy\u017eadov\u00e1no)\n<\/p>\n<p><span class=\"wpcf7-form-control-wrap\" data-name=\"your-name\"><input size=\"40\" maxlength=\"400\" class=\"wpcf7-form-control wpcf7-text wpcf7-validates-as-required\" aria-required=\"true\" aria-invalid=\"false\" value=\"\" type=\"text\" name=\"your-name\" \/><\/span>\n<\/p>\n<p>V\u00e1\u0161 email (vy\u017eadov\u00e1no)\n<\/p>\n<p><span class=\"wpcf7-form-control-wrap\" data-name=\"your-email\"><input size=\"40\" maxlength=\"400\" class=\"wpcf7-form-control wpcf7-email wpcf7-validates-as-required wpcf7-text wpcf7-validates-as-email\" aria-required=\"true\" aria-invalid=\"false\" value=\"\" type=\"email\" name=\"your-email\" \/><\/span>\n<\/p>\n<p>P\u0159edm\u011bt\n<\/p>\n<p><span class=\"wpcf7-form-control-wrap\" data-name=\"your-subject\"><input size=\"40\" maxlength=\"400\" class=\"wpcf7-form-control wpcf7-text\" aria-invalid=\"false\" value=\"\" type=\"text\" name=\"your-subject\" \/><\/span>\n<\/p>\n<p>Va\u0161e zpr\u00e1va\n<\/p>\n<p><span class=\"wpcf7-form-control-wrap\" data-name=\"your-message\"><textarea cols=\"40\" rows=\"10\" maxlength=\"2000\" class=\"wpcf7-form-control wpcf7-textarea\" aria-invalid=\"false\" name=\"your-message\"><\/textarea><\/span>\n<\/p>\n<p><input class=\"wpcf7-form-control wpcf7-submit has-spinner\" type=\"submit\" value=\"Odeslat\" \/>\n<\/p><div class=\"wpcf7-response-output\" aria-hidden=\"true\"><\/div>\n<\/form>\n<\/div>\n\n","protected":false},"excerpt":{"rendered":"<p>&nbsp; \u00a9 Savour Turkey &#8211;\u00a0Istanbul v\u00fdhled na Bospor &nbsp; D\u011bkujeme v\u00e1m za v\u00e1\u0161 z\u00e1jem o na\u0161e slu\u017eby. M\u00e1te-li n\u011bjak\u00e9 koment\u00e1\u0159e, dotazy, p\u0159\u00e1n\u00ed nebo n\u00e1vrhy, napi\u0161te n\u00e1m je na email savourturkey@gmail.com Moment\u00e1ln\u011b prob\u00edh\u00e1 p\u0159estavba na\u0161ich webov\u00fdch str\u00e1nek a kontaktn\u00ed formul\u00e1\u0159 ji\u017e&hellip; <\/p>\n","protected":false},"author":1,"featured_media":0,"parent":0,"menu_order":0,"comment_status":"closed","ping_status":"closed","template":"","meta":{"_acf_changed":false,"footnotes":""},"class_list":["post-54","page","type-page","status-publish","hentry"],"acf":[],"_links":{"self":[{"href":"https:\/\/savourturkey.com\/cz\/wp-json\/wp\/v2\/pages\/54","targetHints":{"allow":["GET"]}}],"collection":[{"href":"https:\/\/savourturkey.com\/cz\/wp-json\/wp\/v2\/pages"}],"about":[{"href":"https:\/\/savourturkey.com\/cz\/wp-json\/wp\/v2\/types\/page"}],"author":[{"embeddable":true,"href":"https:\/\/savourturkey.com\/cz\/wp-json\/wp\/v2\/users\/1"}],"replies":[{"embeddable":true,"href":"https:\/\/savourturkey.com\/cz\/wp-json\/wp\/v2\/comments?post=54"}],"version-history":[{"count":14,"href":"https:\/\/savourturkey.com\/cz\/wp-json\/wp\/v2\/pages\/54\/revisions"}],"predecessor-version":[{"id":1136,"href":"https:\/\/savourturkey.com\/cz\/wp-json\/wp\/v2\/pages\/54\/revisions\/1136"}],"wp:attachment":[{"href":"https:\/\/savourturkey.com\/cz\/wp-json\/wp\/v2\/media?parent=54"}],"curies":[{"name":"wp","href":"https:\/\/api.w.org\/{rel}","templated":true}]}}