{"id":56,"date":"2015-10-21T11:36:17","date_gmt":"2015-10-21T10:36:17","guid":{"rendered":"http:\/\/savourturkey.com\/cz\/?page_id=56"},"modified":"2019-12-28T19:19:47","modified_gmt":"2019-12-28T18:19:47","slug":"press-media","status":"publish","type":"page","link":"https:\/\/savourturkey.com\/cz\/press-media\/","title":{"rendered":"Tisk &#038; media"},"content":{"rendered":"<p>&nbsp;<\/p>\n<p><strong>\u010cESK\u00c1 TELEVIZE<\/strong><\/p>\n<p><strong>SAMA DOMA &#8211; HOST PO\u0158ADU PAVLA APOSTOLAKI<\/strong><\/p>\n<p><strong>3. listopadu 2015<\/strong><\/p>\n<p style=\"text-align: justify;\">Pavla v\u00e1s v po\u0159adu \u201eSama doma&#8220; \u00a0zavedla do hamamu. Provedla v\u00e1s tureckou l\u00e1zn\u00ed a p\u0159edstavila v\u00e1m tento slastn\u00fd ritu\u00e1l, kter\u00fd u\u017e za\u017e\u00edvali mu\u017ei a \u017eeny v dob\u00e1ch Osmansk\u00e9 \u0159\u00ed\u0161e.<\/p>\n<p style=\"text-align: justify;\"><a href=\"https:\/\/savourturkey.com\/cz\/wp-content\/uploads\/sites\/2\/2015\/11\/pavla-sama-doma2.jpg\"><img loading=\"lazy\" decoding=\"async\" class=\"alignnone size-full wp-image-404\" src=\"https:\/\/savourturkey.com\/cz\/wp-content\/uploads\/sites\/2\/2015\/11\/pavla-sama-doma2.jpg\" alt=\"\" width=\"4608\" height=\"3456\" srcset=\"https:\/\/savourturkey.com\/cz\/wp-content\/uploads\/sites\/2\/2015\/11\/pavla-sama-doma2.jpg 4608w, https:\/\/savourturkey.com\/cz\/wp-content\/uploads\/sites\/2\/2015\/11\/pavla-sama-doma2-300x225.jpg 300w, https:\/\/savourturkey.com\/cz\/wp-content\/uploads\/sites\/2\/2015\/11\/pavla-sama-doma2-1024x768.jpg 1024w\" sizes=\"auto, (max-width: 4608px) 100vw, 4608px\" \/><\/a><\/p>\n<p>&nbsp;<\/p>\n<p>Chcete-li se pod\u00edvat na z\u00e1znam po\u0159adu, klikn\u011bte na tyto odkazy:<\/p>\n<p><a href=\"http:\/\/www.ceskatelevize.cz\/porady\/1148499747-sama-doma\/215562220600119\/\">http:\/\/www.ceskatelevize.cz\/porady\/1148499747-sama-doma\/215562220600119\/<\/a><\/p>\n<p><a href=\"http:\/\/www.ceskatelevize.cz\/porady\/1148499747-sama-doma\/215562220600119\/\">http:\/\/www.ceskatelevize.cz\/porady\/1148499747-sama-doma\/215562220600119\/<\/a><\/p>\n<p><a href=\"http:\/\/www.ceskatelevize.cz\/porady\/1148499747-sama-doma\/215562220600119\/\">http:\/\/www.ceskatelevize.cz\/porady\/1148499747-sama-doma\/215562220600119\/<\/a><\/p>\n<p>&nbsp;<\/p>\n<p>&nbsp;<\/p>\n<p>&nbsp;<\/p>\n<p>&nbsp;<\/p>\n<p><strong>\u010cESK\u00dd ROZHLAS RADIO\u017dURN\u00c1L<\/strong><\/p>\n<p><strong>HOST VE\u010cERN\u00cdHO RADIO\u017dURN\u00c1LU \u2013 PAVLA APOSTOLAKI<\/strong><br \/>\n<strong>14. b\u0159ezna 2016<\/strong><\/p>\n<p><a href=\"https:\/\/savourturkey.com\/cz\/wp-content\/uploads\/sites\/2\/2016\/03\/007-e1458203549468.jpg\"><img loading=\"lazy\" decoding=\"async\" class=\"alignnone size-full wp-image-719\" src=\"https:\/\/savourturkey.com\/cz\/wp-content\/uploads\/sites\/2\/2016\/03\/007-e1458203549468.jpg\" alt=\"\" width=\"250\" height=\"333\" \/><\/a><\/p>\n<p>S moder\u00e1torkou Zuzanou Bure\u0161ovou jsme zav\u00edtaly do Istanbulu. P\u0159edstavily jsme v\u00e1m bostany &#8211; star\u00e9 osmansk\u00e9 zahrady, projely se po Bosporu a pozvaly v\u00e1s na festival tulip\u00e1n\u016f, p\u0159i kter\u00e9m rozkvete na t\u0159icet mili\u00f3n\u016f pestrobarevn\u00fdch kv\u011bt\u016f.<\/p>\n<p><iframe loading=\"lazy\" style=\"border: none; height: 160px; width: 100%; overflow: hidden;\" src=\"http:\/\/prehravac.rozhlas.cz\/audio\/3588398\/embedded\" width=\"300\" height=\"150\" scrolling=\"no\"><\/iframe><\/p>\n<p>&nbsp;<\/p>\n<p>&nbsp;<\/p>\n<p><strong>\u010cESK\u00dd ROZHLAS RADIO\u017dURN\u00c1L<\/strong><\/p>\n<p><strong>HOST VE\u010cERN\u00cdHO RADIO\u017dURN\u00c1LU \u2013 PAVLA APOSTOLAKI<\/strong><br \/>\n<strong>13. \u0159\u00edjna 2015<\/strong><\/p>\n<p><a href=\"https:\/\/savourturkey.com\/cz\/wp-content\/uploads\/sites\/2\/2015\/10\/Radiozurnal-e1445436231720.jpg\"><img loading=\"lazy\" decoding=\"async\" class=\"alignnone size-full wp-image-121\" src=\"https:\/\/savourturkey.com\/cz\/wp-content\/uploads\/sites\/2\/2015\/10\/Radiozurnal-e1445436231720.jpg\" alt=\"Radiozurnal\" width=\"300\" height=\"225\" \/><\/a><\/p>\n<p>S moder\u00e1torkou Zuzanou Bure\u0161ovou jsme hovo\u0159ily o v\u00fdchodn\u00ed Anat\u00f3lii. Zav\u00edtaly jsme na magick\u00fd Ararat, ochutnaly zmrzlinu s vansk\u00fdmi ko\u010dkami a pobyly v\u00a0drsn\u00fdch podm\u00ednk\u00e1ch kurdsk\u00fdch vesnic.<\/p>\n<p><iframe loading=\"lazy\" style=\"border: none; height: 160px; width: 100%; overflow: hidden;\" src=\"http:\/\/prehravac.rozhlas.cz\/audio\/3491200\/embedded\" width=\"300\" height=\"150\" scrolling=\"no\"><\/iframe><\/p>\n<p>&nbsp;<\/p>\n<p>&nbsp;<\/p>\n<p><strong>\u010cESK\u00dd ROZHLAS DVOJKA<\/strong><\/p>\n<p><strong>JAK TO VID\u00cd PAVLA APOSTOLAKI<\/strong><br \/>\n<strong>19. srpna 2015<\/strong><\/p>\n<p><a href=\"https:\/\/savourturkey.com\/cz\/wp-content\/uploads\/sites\/2\/2015\/10\/Ro-Dvojka-e1445436265523.jpg\"><img loading=\"lazy\" decoding=\"async\" class=\"alignnone size-full wp-image-122\" src=\"https:\/\/savourturkey.com\/cz\/wp-content\/uploads\/sites\/2\/2015\/10\/Ro-Dvojka-e1445436265523.jpg\" alt=\"\u010cRo Dvojka\" width=\"300\" height=\"225\" \/><\/a><\/p>\n<p>S moder\u00e1torkou Zitou Senkovou jsme v\u00e1m p\u0159edstavily Istanbul a jeho\u00a0stavby hodn\u00e9 obdivu. Podmo\u0159sk\u00e9 metro pod Bosporem, projekt t\u0159et\u00edho leti\u0161t\u011b, gigantick\u00fd most sult\u00e1na Selima i zam\u00fd\u0161len\u00fd nov\u00fd vodn\u00ed kan\u00e1l.<\/p>\n<p><iframe loading=\"lazy\" style=\"border: none; height: 160px; width: 100%; overflow: hidden;\" src=\"http:\/\/prehravac.rozhlas.cz\/audio\/3452865\/embedded\" width=\"300\" height=\"150\" scrolling=\"no\"><\/iframe><\/p>\n<p>&nbsp;<\/p>\n<p>&nbsp;<\/p>\n<p>&nbsp;<\/p>\n<p><strong>\u010cASOPIS E15<\/strong><\/p>\n<p><strong>GAZIANTEP &#8211; RODN\u00c9 M\u011aSTO BAKLAVY<\/strong><\/p>\n<p><strong>\u010derven 2016<\/strong><\/p>\n<p><a href=\"https:\/\/savourturkey.com\/cz\/wp-content\/uploads\/sites\/2\/2016\/07\/E15.png\"><img loading=\"lazy\" decoding=\"async\" class=\"alignnone wp-image-755 size-thumbnail\" src=\"https:\/\/savourturkey.com\/cz\/wp-content\/uploads\/sites\/2\/2016\/07\/E15-150x150.png\" width=\"150\" height=\"150\" srcset=\"https:\/\/savourturkey.com\/cz\/wp-content\/uploads\/sites\/2\/2016\/07\/E15-150x150.png 150w, https:\/\/savourturkey.com\/cz\/wp-content\/uploads\/sites\/2\/2016\/07\/E15.png 200w\" sizes=\"auto, (max-width: 150px) 100vw, 150px\" \/><\/a><\/p>\n<p style=\"text-align: justify;\">Pr\u016fm\u011brn\u00e1 spot\u0159eba baklavy \u00a0\u010din\u00ed v Turecku p\u0159ibli\u017en\u011b \u010dty\u0159i a p\u016fl kilogramu na osobu. \u00a0Konzumace nejpopul\u00e1rn\u011bj\u0161\u00edho dezertu v zemi b\u00edl\u00e9ho p\u016flm\u011bs\u00edce je p\u0159\u00edmo spole\u010densk\u00fdm ritu\u00e1lem. Av\u0161ak v\u00fdroba baklavy pot\u0159ebuje zru\u010dn\u00e9ho a zku\u0161en\u00e9ho mistra, kter\u00fd se \u0161kol\u00ed i dvacet let.<\/p>\n<p>&nbsp;<\/p>\n<p>&nbsp;<\/p>\n<p><strong>\u010cASOPIS LID\u00c9 A ZEM\u011a<\/strong><\/p>\n<p>&nbsp;<\/p>\n<p><strong>BOSPOR &#8211; RU\u0160N\u00dd PR\u016eLIV 21. STOLET\u00cd<\/strong><\/p>\n<p><strong>srpen 2017<\/strong><\/p>\n<p><a href=\"https:\/\/savourturkey.com\/cz\/wp-content\/uploads\/sites\/2\/2018\/12\/LaZ8.jpg\"><img loading=\"lazy\" decoding=\"async\" class=\"alignnone size-medium wp-image-835\" src=\"https:\/\/savourturkey.com\/cz\/wp-content\/uploads\/sites\/2\/2018\/12\/LaZ8-202x300.jpg\" alt=\"\" width=\"202\" height=\"300\" srcset=\"https:\/\/savourturkey.com\/cz\/wp-content\/uploads\/sites\/2\/2018\/12\/LaZ8-202x300.jpg 202w, https:\/\/savourturkey.com\/cz\/wp-content\/uploads\/sites\/2\/2018\/12\/LaZ8.jpg 600w\" sizes=\"auto, (max-width: 202px) 100vw, 202px\" \/><\/a><\/p>\n<p>Magick\u00fd, p\u0159elidn\u011bn\u00fd a odjak\u017eiva spjat\u00fd s Istanbulem. Takov\u00fd je Bospor. \u0160r\u00e1m, kter\u00fd rozsekl m\u011bsto vedv\u00ed, tvo\u0159\u00ed hranici mezi Evropou a Asi\u00ed. \u010cil\u00fd \u017eivot pulzuje na jeho hladin\u011b i pod n\u00ed.<\/p>\n<p>&nbsp;<\/p>\n<p>&nbsp;<\/p>\n<p><strong>VAN &#8211; M\u011aSTO U\u0160LECHTIL\u00ddCH KO\u010cEK<\/strong><\/p>\n<p><strong>duben 2016<\/strong><\/p>\n<p><a href=\"https:\/\/savourturkey.com\/cz\/wp-content\/uploads\/sites\/2\/2016\/07\/LaZ4.jpg\"><img loading=\"lazy\" decoding=\"async\" class=\"alignnone wp-image-754 size-medium\" src=\"https:\/\/savourturkey.com\/cz\/wp-content\/uploads\/sites\/2\/2016\/07\/LaZ4-208x300.jpg\" width=\"208\" height=\"300\" srcset=\"https:\/\/savourturkey.com\/cz\/wp-content\/uploads\/sites\/2\/2016\/07\/LaZ4-208x300.jpg 208w, https:\/\/savourturkey.com\/cz\/wp-content\/uploads\/sites\/2\/2016\/07\/LaZ4.jpg 256w\" sizes=\"auto, (max-width: 208px) 100vw, 208px\" \/><\/a><\/p>\n<p style=\"text-align: justify;\">Chcete-li za\u017e\u00edt nejb\u00e1je\u010dn\u011bj\u0161\u00ed sn\u00eddani na sv\u011bt\u011b, vypravte se do Vanu. Nad tal\u00ed\u0159i pln\u00fdch delikates se tady sejdete s\u00a0t\u0159i sta pades\u00e1ti spolustoluj\u00edc\u00edmi. Posiln\u011bni kurdsk\u00fdmi specialitami se pak m\u016f\u017eete vy\u0161plhat na Vansk\u00fd hrad nebo nav\u0161t\u00edvit domov vansk\u00fdch ko\u010dek s\u00a0odli\u0161nou barvou o\u010d\u00ed.<\/p>\n<p>&nbsp;<\/p>\n<p>&nbsp;<\/p>\n<p><strong>CHUTN\u00c1 POSILA OSMANSK\u00c9 \u0158\u00cd\u0160E<br \/>\n\u00fanor 2016<\/strong><\/p>\n<p><a href=\"https:\/\/savourturkey.com\/cz\/wp-content\/uploads\/sites\/2\/2016\/03\/LaZ-unor-e1458204196238.jpg\"><img loading=\"lazy\" decoding=\"async\" class=\"alignnone size-full wp-image-724\" src=\"https:\/\/savourturkey.com\/cz\/wp-content\/uploads\/sites\/2\/2016\/03\/LaZ-unor-e1458204196238.jpg\" alt=\"\" width=\"183\" height=\"263\" \/><\/a><\/p>\n<p>\u010cl\u00e1nek o boze &#8211; tradi\u010dn\u00edm tureck\u00e9m n\u00e1poji.<\/p>\n<p><strong>\u00a0<\/strong><\/p>\n<p>&nbsp;<\/p>\n<p><strong>R\u016e\u017dOV\u00c1 MISE Z TURECKA<br \/>\n\u010derven 2015<\/strong><\/p>\n<p><a href=\"https:\/\/savourturkey.com\/cz\/wp-content\/uploads\/sites\/2\/2015\/10\/LaZ-\u010derven-2015.jpg\"><img loading=\"lazy\" decoding=\"async\" class=\"alignnone size-full wp-image-112\" src=\"https:\/\/savourturkey.com\/cz\/wp-content\/uploads\/sites\/2\/2015\/10\/LaZ-\u010derven-2015.jpg\" alt=\"LaZ \u010derven 2015\" width=\"183\" height=\"275\" \/><\/a><\/p>\n<p>\u010cl\u00e1nek o sklizni a zpracov\u00e1n\u00ed r\u016f\u017eov\u00fdch pl\u00e1tk\u016f v Ispart\u011b.<\/p>\n","protected":false},"excerpt":{"rendered":"<p>&nbsp; \u010cESK\u00c1 TELEVIZE SAMA DOMA &#8211; HOST PO\u0158ADU PAVLA APOSTOLAKI 3. listopadu 2015 Pavla v\u00e1s v po\u0159adu \u201eSama doma&#8220; \u00a0zavedla do hamamu. Provedla v\u00e1s tureckou l\u00e1zn\u00ed a p\u0159edstavila v\u00e1m tento slastn\u00fd ritu\u00e1l, kter\u00fd u\u017e za\u017e\u00edvali mu\u017ei a \u017eeny v dob\u00e1ch&hellip; <\/p>\n","protected":false},"author":1,"featured_media":0,"parent":0,"menu_order":0,"comment_status":"closed","ping_status":"closed","template":"","meta":{"_acf_changed":false,"footnotes":""},"tags":[559,558,556,557,13],"class_list":["post-56","page","type-page","status-publish","hentry","tag-ceska-televize-turecko","tag-cesky-rozhlas-turecko","tag-clanky-o-turecku","tag-radiozurnal-turecko","tag-turecko"],"acf":[],"_links":{"self":[{"href":"https:\/\/savourturkey.com\/cz\/wp-json\/wp\/v2\/pages\/56","targetHints":{"allow":["GET"]}}],"collection":[{"href":"https:\/\/savourturkey.com\/cz\/wp-json\/wp\/v2\/pages"}],"about":[{"href":"https:\/\/savourturkey.com\/cz\/wp-json\/wp\/v2\/types\/page"}],"author":[{"embeddable":true,"href":"https:\/\/savourturkey.com\/cz\/wp-json\/wp\/v2\/users\/1"}],"replies":[{"embeddable":true,"href":"https:\/\/savourturkey.com\/cz\/wp-json\/wp\/v2\/comments?post=56"}],"version-history":[{"count":24,"href":"https:\/\/savourturkey.com\/cz\/wp-json\/wp\/v2\/pages\/56\/revisions"}],"predecessor-version":[{"id":1033,"href":"https:\/\/savourturkey.com\/cz\/wp-json\/wp\/v2\/pages\/56\/revisions\/1033"}],"wp:attachment":[{"href":"https:\/\/savourturkey.com\/cz\/wp-json\/wp\/v2\/media?parent=56"}],"wp:term":[{"taxonomy":"post_tag","embeddable":true,"href":"https:\/\/savourturkey.com\/cz\/wp-json\/wp\/v2\/tags?post=56"}],"curies":[{"name":"wp","href":"https:\/\/api.w.org\/{rel}","templated":true}]}}