{"id":686,"date":"2016-02-18T15:52:55","date_gmt":"2016-02-18T14:52:55","guid":{"rendered":"http:\/\/savourturkey.com\/cz\/?page_id=686"},"modified":"2019-05-08T17:01:27","modified_gmt":"2019-05-08T16:01:27","slug":"cestovatelske-prednasky","status":"publish","type":"page","link":"https:\/\/savourturkey.com\/cz\/cestovatelske-prednasky\/","title":{"rendered":"P\u0159edn\u00e1\u0161ky o Turecku"},"content":{"rendered":"","protected":false},"excerpt":{"rendered":"","protected":false},"author":1,"featured_media":0,"parent":0,"menu_order":0,"comment_status":"closed","ping_status":"closed","template":"","meta":{"_acf_changed":false,"footnotes":""},"tags":[],"class_list":["post-686","page","type-page","status-publish","hentry"],"acf":[],"_links":{"self":[{"href":"https:\/\/savourturkey.com\/cz\/wp-json\/wp\/v2\/pages\/686","targetHints":{"allow":["GET"]}}],"collection":[{"href":"https:\/\/savourturkey.com\/cz\/wp-json\/wp\/v2\/pages"}],"about":[{"href":"https:\/\/savourturkey.com\/cz\/wp-json\/wp\/v2\/types\/page"}],"author":[{"embeddable":true,"href":"https:\/\/savourturkey.com\/cz\/wp-json\/wp\/v2\/users\/1"}],"replies":[{"embeddable":true,"href":"https:\/\/savourturkey.com\/cz\/wp-json\/wp\/v2\/comments?post=686"}],"version-history":[{"count":2,"href":"https:\/\/savourturkey.com\/cz\/wp-json\/wp\/v2\/pages\/686\/revisions"}],"predecessor-version":[{"id":937,"href":"https:\/\/savourturkey.com\/cz\/wp-json\/wp\/v2\/pages\/686\/revisions\/937"}],"wp:attachment":[{"href":"https:\/\/savourturkey.com\/cz\/wp-json\/wp\/v2\/media?parent=686"}],"wp:term":[{"taxonomy":"post_tag","embeddable":true,"href":"https:\/\/savourturkey.com\/cz\/wp-json\/wp\/v2\/tags?post=686"}],"curies":[{"name":"wp","href":"https:\/\/api.w.org\/{rel}","templated":true}]}}