{"id":688,"date":"2016-02-18T15:54:38","date_gmt":"2016-02-18T14:54:38","guid":{"rendered":"http:\/\/savourturkey.com\/cz\/?page_id=688"},"modified":"2019-05-08T17:09:00","modified_gmt":"2019-05-08T16:09:00","slug":"istanbul-mesto-dvou-kontinentu","status":"publish","type":"page","link":"https:\/\/savourturkey.com\/cz\/cestovatelske-prednasky\/istanbul-mesto-dvou-kontinentu\/","title":{"rendered":"Istanbul &#8211; m\u011bsto dvou kontinent\u016f"},"content":{"rendered":"<p style=\"text-align: justify;\"><a href=\"https:\/\/savourturkey.com\/cz\/wp-content\/uploads\/sites\/2\/2015\/12\/ST-Galata-tower-street.jpg\"><img loading=\"lazy\" decoding=\"async\" class=\"alignnone size-full wp-image-602\" src=\"https:\/\/savourturkey.com\/cz\/wp-content\/uploads\/sites\/2\/2015\/12\/ST-Galata-tower-street.jpg\" alt=\"\" width=\"720\" height=\"720\" srcset=\"https:\/\/savourturkey.com\/cz\/wp-content\/uploads\/sites\/2\/2015\/12\/ST-Galata-tower-street.jpg 720w, https:\/\/savourturkey.com\/cz\/wp-content\/uploads\/sites\/2\/2015\/12\/ST-Galata-tower-street-150x150.jpg 150w, https:\/\/savourturkey.com\/cz\/wp-content\/uploads\/sites\/2\/2015\/12\/ST-Galata-tower-street-300x300.jpg 300w, https:\/\/savourturkey.com\/cz\/wp-content\/uploads\/sites\/2\/2015\/12\/ST-Galata-tower-street-230x230.jpg 230w\" sizes=\"auto, (max-width: 720px) 100vw, 720px\" \/><\/a><\/p>\n<p>&nbsp;<\/p>\n<p style=\"text-align: justify;\">Istanbul je horkokrevn\u00e9 m\u011bsto, kter\u00e9 v\u00e1s nenech\u00e1 vydechnout.\u00a0V\u00e1b\u00ed v\u00e1s, provokuje a p\u0159in\u00e1\u0161\u00ed spoustu impuls\u016f.<\/p>\n<p style=\"text-align: justify;\">Je to m\u011bsto, kde po tis\u00edcilet\u00ed \u017eij\u00ed pospolu r\u016fzn\u00e9 kultury, n\u00e1rody i n\u00e1bo\u017eenstv\u00ed, kter\u00e9 jsou pestr\u00e9 jako sm\u011bsi ko\u0159en\u00ed na istanbulsk\u00fdch bazarech.<\/p>\n<p style=\"text-align: justify;\">Pavla Apostolaki v\u00e1s zavede na m\u00edsta, kter\u00e1 z\u016fst\u00e1vaj\u00ed b\u011b\u017en\u00fdm turist\u016fm skryta a p\u0159edstav\u00ed v\u00e1m autentick\u00fd \u017eivot v\u00a0nejv\u011bt\u0161\u00edm tureck\u00e9m m\u011bst\u011b.<\/p>\n<p>&nbsp;<\/p>\n<p><strong>PROGRAM P\u0158EDN\u00c1\u0160KY:<\/strong><\/p>\n<p>Istanbulites \u2013 nezam\u011bniteln\u00e9 postavy m\u011bsta<\/p>\n<p>Bospor \u2013 tekouc\u00ed hranice mezi Evropou a Asi\u00ed<\/p>\n<p>Asijsk\u00e1 strana Istanbulu \u2013 relaxace pro sult\u00e1ny<\/p>\n<p>Tulip\u00e1n \u2013 symbol Istanbulu<\/p>\n<p>Hamam \u2013 koupel v\u00a0osmansk\u00fdch \u010dasech<\/p>\n<p>Tureck\u00e1 k\u00e1va \u2013 na turka s\u00a0Turkem<\/p>\n<p>Diskuze<\/p>\n<p>&nbsp;<\/p>\n<p><a href=\"https:\/\/savourturkey.com\/cz\/wp-content\/uploads\/sites\/2\/2018\/12\/124.jpeg\"><img loading=\"lazy\" decoding=\"async\" class=\"alignnone size-large wp-image-831\" src=\"https:\/\/savourturkey.com\/cz\/wp-content\/uploads\/sites\/2\/2018\/12\/124-1024x576.jpeg\" alt=\"\" width=\"700\" height=\"394\" \/><\/a><\/p>\n<p>&nbsp;<\/p>\n<p>&nbsp;<\/p>\n<p><strong>CHARAKTERISTIKA PROGRAMU P\u0158EDN\u00c1\u0160KY:<\/strong><\/p>\n<p style=\"text-align: justify;\"><strong>Istanbulites<\/strong><\/p>\n<p style=\"text-align: justify;\">\u010cisti\u010di bot u Yeni Camii, obchodn\u00edci na Velk\u00e9m bazaru, ryb\u00e1\u0159i na Galatsk\u00e9m most\u011b, prodava\u010di dondurmy \u2013 ti v\u0161ichni tvo\u0159\u00ed specifick\u00e9 postavy, se kter\u00fdmi se jinde na sv\u011bt\u011b nesetk\u00e1te. Pospolu p\u0159edstavuj\u00ed nezam\u011bniteln\u00fd kolorit, bez kter\u00e9ho by Istanbul nebyl Istanbulem.<\/p>\n<p style=\"text-align: justify;\"><strong>Asijsk\u00e1 strana<\/strong><\/p>\n<p style=\"text-align: justify;\">Pro turisty nezn\u00e1m\u00e1 a nepr\u00e1vem opom\u00edjen\u00e1. P\u0159itom tato \u010d\u00e1st Istanbulu skr\u00fdv\u00e1 mnoho kr\u00e1sn\u00fdch, zaj\u00edmav\u00fdch m\u00edst. Od sult\u00e1nsk\u00fdch pal\u00e1c\u016f, p\u0159es ryb\u00e1\u0159sk\u00e9 vesni\u010dky a\u017e po romantickou Kiz Kulesi (D\u00edv\u010d\u00ed v\u011b\u017e), kde se nat\u00e1\u010dela bondovka s\u00a0Piercem Brosnanem \u201eJeden sv\u011bt nesta\u010d\u00ed\u201c.<\/p>\n<p style=\"text-align: justify;\"><strong>Bospor<\/strong><\/p>\n<p style=\"text-align: justify;\">Jako \u0161r\u00e1m prot\u00edn\u00e1 Bospor Istanbul a rozd\u011bluje jej na evropskou a asijskou \u010d\u00e1st. T\u0159icet jedna kilometr\u016f dlouh\u00fd pr\u016fliv mezi \u010cern\u00fdm a Marmarsk\u00fdm mo\u0159em byl odjak\u017eiva strategickou n\u00e1mo\u0159n\u00ed cestou. Pat\u0159\u00ed v\u0161ak mezi nejnebezpe\u010dn\u011bj\u0161\u00edm na sv\u011bt\u011b. A to nejen pro lodn\u00ed, n\u00fdbr\u017e i pro podvodn\u00ed dopravu.<\/p>\n<p style=\"text-align: justify;\"><strong>Tulip\u00e1n \u2013 symbol sult\u00e1n\u016f<\/strong><\/p>\n<p style=\"text-align: justify;\">Za\u010d\u00e1tkem jara rozkvete v\u00a0Istanbulu \u201eFestival tulip\u00e1n\u016f\u201c. P\u0159es dvacet milion\u016f barevn\u00fdch kv\u011btin zaplav\u00ed cel\u00e9 m\u011bsto. Tulip\u00e1n toti\u017e poch\u00e1z\u00ed ze st\u0159edn\u00ed Asie a po jeho p\u0159\u00edchodu do Turecka se stal obl\u00edbenou kv\u011btinou sult\u00e1n\u016f i symbolem Istanbulu.<\/p>\n<p style=\"text-align: justify;\"><strong>Hamam \u2013 tureck\u00e1 l\u00e1ze\u0148<\/strong><\/p>\n<p style=\"text-align: justify;\">Pro Turky znamen\u00e1 hamam mnohem v\u00edc ne\u017e o\u010distu t\u011bla. Je spjat s jejich ka\u017edodenn\u00edm \u017eivotem. Od jeho prvn\u00edch t\u00fddn\u016f a\u017e po posledn\u00ed dny pozemsk\u00e9 pouti. Hamam je m\u00edsto, kde se setk\u00e1vaj\u00ed\u00a0 lid\u00e9 r\u016fzn\u00e9ho postaven\u00ed, mlad\u00ed, sta\u0159\u00ed, bohat\u00ed i chud\u00ed. M\u00edsto, kde se v\u00edtaj\u00ed na sv\u011bt novorozenci, \u017eeny lou\u010d\u00ed se svobodou a kde chlapci slav\u00ed svoji ob\u0159\u00edzku. M\u00edsto, kde se l\u00e1ze\u0148 dotkne va\u0161\u00ed du\u0161e.<\/p>\n<p style=\"text-align: justify;\"><strong>Tureck\u00e1 k\u00e1va <\/strong><\/p>\n<p style=\"text-align: justify;\">Tureck\u00e1 k\u00e1va to je trochu jin\u00e1 k\u00e1va. Va\u0159\u00ed se v\u00a0ibriku, v\u00a0kovov\u00e9 konvi\u010dce s\u00a0dlouhou rukojet\u00ed p\u0159\u00edmo na ohni. \u010casto se do n\u00ed p\u0159id\u00e1v\u00e1 kardamom a velkou roli hraje i r\u016fzn\u00e9 mno\u017estv\u00ed cukru. Od dob Osmansk\u00e9 \u0159\u00ed\u0161e a\u017e po sou\u010dasnost, k\u00e1va hraje d\u016fle\u017eitou roli v\u00a0tureck\u00e9 spole\u010dnosti v\u010detn\u011b v\u011b\u0161t\u011bn\u00ed z\u00a0k\u00e1vov\u00e9 sedliny.<\/p>\n<p>&nbsp;<\/p>\n<p>&nbsp;<\/p>\n<p style=\"text-align: justify;\"><strong><a href=\"https:\/\/savourturkey.com\/cz\/wp-content\/uploads\/sites\/2\/2016\/02\/PK-Instinkt-e1455823064337.jpg\"><img loading=\"lazy\" decoding=\"async\" class=\"alignleft wp-image-699 size-full\" src=\"https:\/\/savourturkey.com\/cz\/wp-content\/uploads\/sites\/2\/2016\/02\/PK-Instinkt-e1455823064337.jpg\" alt=\"\" width=\"150\" height=\"225\" \/><\/a>PROFIL LEKTORKY:<\/strong><\/p>\n<p style=\"text-align: justify;\">Pavla Apostolaki\u00a0pracuje jako nez\u00e1visl\u00e1 novin\u00e1\u0159ka.\u00a0Cestuje po sv\u011bt\u011b a p\u00ed\u0161e \u010dl\u00e1nky, se kter\u00fdmi se m\u016f\u017eete pravideln\u011b setk\u00e1vat v \u010dasopise Lid\u00e9 a Zem\u011b, Xantypa, E15, \u017dena a \u017eivot, Hotelnictv\u00ed, v p\u0159\u00edloze Mlad\u00e9 Fronty Ona Dnes\u00a0 a v dal\u0161\u00edch novin\u00e1ch, \u010dasopisech a na internetov\u00fdch port\u00e1lech. Pravideln\u011b vystupuje v \u010cesk\u00e9m rozhlase Dvojka, na Radio\u017eurn\u00e1lu, \u00a0spolupracuje s\u00a0\u010ceskou televiz\u00ed.\u00a0Pracuje a \u017eije st\u0159\u00eddav\u011b v\u00a0\u010cesk\u00e9 republice a v\u00a0Turecku.<\/p>\n<p>&nbsp;<\/p>\n<p>&nbsp;<\/p>\n<p>&nbsp;<\/p>\n<p style=\"text-align: justify;\"><strong>D\u00c9LKA TRV\u00c1N\u00cd P\u0158EDN\u00c1\u0160KY:<\/strong><\/p>\n<p style=\"text-align: justify;\">1 &#8211; 2 hodiny na z\u00e1klad\u011b domluvy s organiz\u00e1torem<\/p>\n<p>&nbsp;<\/p>\n<p><strong>TECHNICK\u00c9 VYBAVEN\u00cd PRO P\u0158EDN\u00c1\u0160KU:<\/strong><\/p>\n<p>Mikroport pop\u0159. mikrofon<\/p>\n<p>PC, projek\u010dn\u00ed pl\u00e1tno<\/p>\n<p><strong>\u00a0<\/strong><\/p>\n<p><strong>OBJEDN\u00c1VKA P\u0158EDN\u00c1\u0160KY:<\/strong><\/p>\n<p>M\u00e1te-li z\u00e1jem o p\u0159edn\u00e1\u0161ku &#8222;Istanbul &#8211; m\u011bsto dvou kontinent\u016f&#8220;, pi\u0161te na e-mail<\/p>\n<p>savourturkey@gmail.com<\/p>\n<p>&nbsp;<\/p>\n<p>&nbsp;<\/p>\n","protected":false},"excerpt":{"rendered":"<p>&nbsp; Istanbul je horkokrevn\u00e9 m\u011bsto, kter\u00e9 v\u00e1s nenech\u00e1 vydechnout.\u00a0V\u00e1b\u00ed v\u00e1s, provokuje a p\u0159in\u00e1\u0161\u00ed spoustu impuls\u016f. Je to m\u011bsto, kde po tis\u00edcilet\u00ed \u017eij\u00ed pospolu r\u016fzn\u00e9 kultury, n\u00e1rody i n\u00e1bo\u017eenstv\u00ed, kter\u00e9 jsou pestr\u00e9 jako sm\u011bsi ko\u0159en\u00ed na istanbulsk\u00fdch bazarech. Pavla Apostolaki v\u00e1s&hellip; <\/p>\n","protected":false},"author":1,"featured_media":0,"parent":686,"menu_order":1,"comment_status":"closed","ping_status":"closed","template":"","meta":{"_acf_changed":false,"footnotes":""},"tags":[30,29,11,505,504,506,46,13],"class_list":["post-688","page","type-page","status-publish","hentry","tag-bospor","tag-istanbul","tag-pavla-apostolaki","tag-prednaska-istanbul","tag-prednaska-turecko","tag-prednasky-o-turecku","tag-turecka-kava","tag-turecko"],"acf":[],"_links":{"self":[{"href":"https:\/\/savourturkey.com\/cz\/wp-json\/wp\/v2\/pages\/688","targetHints":{"allow":["GET"]}}],"collection":[{"href":"https:\/\/savourturkey.com\/cz\/wp-json\/wp\/v2\/pages"}],"about":[{"href":"https:\/\/savourturkey.com\/cz\/wp-json\/wp\/v2\/types\/page"}],"author":[{"embeddable":true,"href":"https:\/\/savourturkey.com\/cz\/wp-json\/wp\/v2\/users\/1"}],"replies":[{"embeddable":true,"href":"https:\/\/savourturkey.com\/cz\/wp-json\/wp\/v2\/comments?post=688"}],"version-history":[{"count":12,"href":"https:\/\/savourturkey.com\/cz\/wp-json\/wp\/v2\/pages\/688\/revisions"}],"predecessor-version":[{"id":941,"href":"https:\/\/savourturkey.com\/cz\/wp-json\/wp\/v2\/pages\/688\/revisions\/941"}],"up":[{"embeddable":true,"href":"https:\/\/savourturkey.com\/cz\/wp-json\/wp\/v2\/pages\/686"}],"wp:attachment":[{"href":"https:\/\/savourturkey.com\/cz\/wp-json\/wp\/v2\/media?parent=688"}],"wp:term":[{"taxonomy":"post_tag","embeddable":true,"href":"https:\/\/savourturkey.com\/cz\/wp-json\/wp\/v2\/tags?post=688"}],"curies":[{"name":"wp","href":"https:\/\/api.w.org\/{rel}","templated":true}]}}