{"id":77,"date":"2015-10-21T11:40:10","date_gmt":"2015-10-21T10:40:10","guid":{"rendered":"http:\/\/savourturkey.com\/cz\/?page_id=77"},"modified":"2022-12-27T16:20:31","modified_gmt":"2022-12-27T15:20:31","slug":"james-bond","status":"publish","type":"page","link":"https:\/\/savourturkey.com\/cz\/turistika\/filmova-turistika\/james-bond\/","title":{"rendered":"James Bond Tour v Istanbulu"},"content":{"rendered":"<p>&nbsp;<\/p>\n<p><a href=\"https:\/\/savourturkey.com\/cz\/wp-content\/uploads\/sites\/2\/2019\/01\/786.jpg\"><img loading=\"lazy\" decoding=\"async\" class=\"alignnone size-full wp-image-850\" src=\"https:\/\/savourturkey.com\/cz\/wp-content\/uploads\/sites\/2\/2019\/01\/786.jpg\" alt=\"\" width=\"2064\" height=\"1161\" srcset=\"https:\/\/savourturkey.com\/cz\/wp-content\/uploads\/sites\/2\/2019\/01\/786.jpg 2064w, https:\/\/savourturkey.com\/cz\/wp-content\/uploads\/sites\/2\/2019\/01\/786-300x169.jpg 300w, https:\/\/savourturkey.com\/cz\/wp-content\/uploads\/sites\/2\/2019\/01\/786-768x432.jpg 768w, https:\/\/savourturkey.com\/cz\/wp-content\/uploads\/sites\/2\/2019\/01\/786-1024x576.jpg 1024w\" sizes=\"auto, (max-width: 2064px) 100vw, 2064px\" \/><\/a><\/p>\n<p>\u00a9Savour Turkey &#8211; Hagia Sophia<\/p>\n<p>&nbsp;<\/p>\n<p style=\"text-align: justify;\">Jste fanou\u0161ci agenta 007 a nenech\u00e1te si uj\u00edt ani jednu bondovku?<\/p>\n<p style=\"text-align: justify;\">Tak se s n\u00e1mi vydejte do z\u00e1kulis\u00ed nat\u00e1\u010den\u00ed a poznejte m\u00edsta, kde se slavn\u00e9 filmy v Istanbulu nat\u00e1\u010dely.<\/p>\n<p style=\"text-align: justify;\">Na sv\u011bt\u011b existuje jen m\u00e1lo m\u011bst (s v\u00fdjimkou Lond\u00fdna), kter\u00e9 hraj\u00ed tak velkou roli v historii bondovek. Istanbul je rozhodn\u011b jedn\u00edm z nich. S n\u00e1mi m\u016f\u017eete sledovat t\u0159i r\u016fzn\u00e9 bondovky, je\u017e v Istanbulu nat\u00e1\u010deli slavn\u00ed re\u017eis\u00e9\u0159i a herci v odli\u0161n\u00fdch \u010dasov\u00fdch obdob\u00edch.<\/p>\n<p>&nbsp;<\/p>\n<p>&nbsp;<\/p>\n<p><strong>PROGRAM:<\/strong><\/p>\n<p style=\"text-align: justify;\">Na <strong>Kapali\u00e7ar\u015fi (Velk\u00fd Bazar)<\/strong> vejdeme jednou z\u00a0jeho osmn\u00e1cti bran. Kupeck\u00e9 m\u011bste\u010dko s me\u0161itami, font\u00e1nami a vodn\u00ed n\u00e1dr\u017e\u00ed tvo\u0159\u00ed \u00fachvatn\u00fd labyrint t\u0159i tis\u00edce \u0161esti set obchod\u016f, kter\u00e9 jsou podle druhu zbo\u017e\u00ed rozd\u011bleny do jednotliv\u00fdch \u010d\u00e1st\u00ed a ulic. Zde filma\u0159i to\u010dili slavn\u00e9 motocyklov\u00e9 honi\u010dky agenta 007.<\/p>\n<p style=\"text-align: justify;\">Trhem projdeme do nejkr\u00e1sn\u011bj\u0161\u00edho hanu (obchodn\u00ed centrum pro kupce) v\u00a0Istanbulu \u2013 do r\u016f\u017eov\u00e9ho <strong>Zincirli Hanu<\/strong>, kde se James Bond setkal s\u00a0Kerim Beyem. Tady se p\u0159ed n\u00e1mi otev\u0159e kousek \u017eiv\u00e9 historie. Uvid\u00edte pracuj\u00edc\u00ed \u0159emesln\u00edky, majitele obchod\u016f hraj\u00edc\u00ed tavlu (backgammon) a pomalu plynouc\u00ed \u010das nad tulip\u00e1nov\u00fdmi skleni\u010dkami s \u010dajem.<\/p>\n<p style=\"text-align: justify;\">Ulicemi Sultanahmetu dojdeme a\u017e na \u017eelezni\u010dn\u00ed n\u00e1dra\u017e\u00ed <strong>Sirkeci.<\/strong> Na kone\u010dn\u00e9 zast\u00e1vce v\u011bhlasn\u00e9ho Orient Expressu nav\u0161t\u00edv\u00edme mal\u00e9 muzeum a n\u00e1dhernou architekturu budovy z\u00a019. stolet\u00ed.<\/p>\n<p style=\"text-align: justify;\">Vyprav\u00edme se do pam\u00e1tky zapsan\u00e9 na seznamu UNESCO \u00a0&#8211; <strong>do Hagia Sophie.<\/strong> B\u00fdval\u00fd kostel, me\u0161ita a nyn\u00ed muzeum je m\u00edsto, kde agent 007 i jeho \u201eBond Girl\u201c T\u00e1\u0148a m\u011bli tajnou sch\u016fzku. Projdeme cel\u00fd velkolep\u00fd prostor nejslavn\u011bj\u0161\u00ed istanbulsk\u00e9 pam\u011btihodnosti. Sezn\u00e1m\u00edme se jak s\u00a0jej\u00ed slavnou histori\u00ed, tak i s\u00a0m\u00edsty, kde se proslul\u00e1 bondovka nat\u00e1\u010dela.<\/p>\n<p>&nbsp;<\/p>\n<p><iframe loading=\"lazy\" width=\"700\" height=\"525\" src=\"https:\/\/www.youtube.com\/embed\/q-vBFzqKu8I?feature=oembed\" frameborder=\"0\" allow=\"accelerometer; autoplay; clipboard-write; encrypted-media; gyroscope; picture-in-picture\" allowfullscreen title=\"Thriller sequence 2\"><\/iframe><\/p>\n<p>&nbsp;<\/p>\n<p style=\"text-align: justify;\">Sestoup\u00edme pod zem do <strong>cisterny Yerebatan,<\/strong> kde se v\u00a0magick\u00fdch prostorech byzantsk\u00e9 stavby Sean Connery plavil na lodi. Prohl\u00e9dneme si celou n\u00e1dr\u017e na sto tis\u00edc tun vody s\u00a0t\u0159i sta t\u0159iceti \u0161esti sloupy p\u0159ipom\u00ednaj\u00edc\u00ed podzemn\u00ed antick\u00fd chr\u00e1m.<\/p>\n<p>&nbsp;<\/p>\n<p><iframe loading=\"lazy\" width=\"700\" height=\"525\" src=\"https:\/\/www.youtube.com\/embed\/bVtwNzF1BP8?feature=oembed\" frameborder=\"0\" allow=\"accelerometer; autoplay; clipboard-write; encrypted-media; gyroscope; picture-in-picture\" allowfullscreen title=\"james_bond_basilica.wmv\"><\/iframe><\/p>\n<p>&nbsp;<\/p>\n<p style=\"text-align: justify;\">P\u0159ed tis\u00edci lety na <strong>Hippodromu<\/strong> z\u00e1vodila ko\u0148sk\u00e1 sp\u0159e\u017een\u00ed, dnes se po n\u011bm proh\u00e1n\u00ed James Bond. Projdeme si \u010dty\u0159i sta pades\u00e1t metr\u016f dlouh\u00e9 n\u00e1m\u011bst\u00ed, na kter\u00e9m jsou um\u00edst\u011bn\u00e9 historick\u00e9 v\u00e1le\u010dn\u00e9 trofeje \u2013 <strong>Dikilita\u015f<\/strong> (Theodosi\u016fv obelisk), <strong>Y\u0131lanl\u0131 S\u00fctun<\/strong>\u00a0(Had\u00ed sloup), <strong>Zd\u011bn\u00fd obelisk.<\/strong>\u00a0Prohl\u00e9dneme si i d\u00e1rek pro sult\u00e1na Abd\u00fclhamida &#8211; <strong>Alman \u00c7e\u015fmesi<\/strong> (n\u011bmeck\u00e1 ka\u0161na).<\/p>\n<p><strong>Emin\u00f6n\u00fc<\/strong> je ru\u0161n\u00e1 istanbulsk\u00e1 \u010dtvr\u0165 pln\u00e1 kancel\u00e1\u0159\u00ed, obchod\u016f a d\u00edlen. Zav\u00edt\u00e1me do m\u00edst, kde se proh\u00e1n\u011bl blon\u010fat\u00fd Bond \u2013 Daniel Craig. Pozn\u00e1me tak \u010dty\u0159i sta let starou me\u0161itu <strong>Yeni Camii<\/strong> a nejv\u011bt\u0161\u00ed po\u0161tovn\u00ed budovu v\u00a0Turecku &#8211;\u00a0<strong>Velkou po\u0161tu.<\/strong><\/p>\n<p>&nbsp;<\/p>\n<p><iframe loading=\"lazy\" width=\"700\" height=\"394\" src=\"https:\/\/www.youtube.com\/embed\/tHRLX8jRjq8?feature=oembed\" frameborder=\"0\" allow=\"accelerometer; autoplay; clipboard-write; encrypted-media; gyroscope; picture-in-picture\" allowfullscreen title=\"Skyfall - Opening Scene: Motorbike Chase (1080p)\"><\/iframe><\/p>\n<p>&nbsp;<\/p>\n<p style=\"text-align: justify;\"><strong>Kiz Kulesi <\/strong>se ty\u010d\u00ed na mal\u00e9m ostr\u016fvku u asijsk\u00e9ho pob\u0159e\u017e\u00ed. <strong>D\u00edv\u010d\u00ed v\u011b\u017e<\/strong> slou\u017eila d\u0159\u00edve k\u00a0v\u00fdb\u011bru m\u00fdtn\u00e9ho a obran\u011b Bosporu. Tady pozn\u00e1me interi\u00e9ry, kde se nat\u00e1\u010dela bondovka &#8222;Jeden sv\u011bt nesta\u010d\u00ed&#8220; a \u201e\u00fakryt teroristy Renarda.<\/p>\n<p style=\"text-align: justify;\">Osv\u011b\u017e\u00edme se v m\u00edstn\u00ed kav\u00e1rn\u011b a pot\u00e9 se vyd\u00e1me na plavbu po Bosporu stejn\u011b jako Pierce Brosnan a Sean Connery.<\/p>\n<p style=\"text-align: justify;\">T\u0159icet jedna kilometr\u016f dlouh\u00fd<strong> Bosporsk\u00fd pr\u016fliv<\/strong> spojuje \u010cern\u00e9 a Marmarsk\u00e9 mo\u0159e. Tvo\u0159\u00ed tak\u00e9 hranici mezi Evropou a Asi\u00ed. Stejn\u011b jako Bond na n\u00e1dhern\u00e9 plavb\u011b Bosporsk\u00fdm pr\u016flivem uvid\u00edme dech berouc\u00ed sult\u00e1nsk\u00e9 pal\u00e1ce\u00a0<strong>Dolmabah\u00e7e, \u00c7ira\u011fan, Beylerbeyi,<\/strong> poh\u00e1dkovou me\u0161itu v\u00a0<strong>Ortak\u00f6y,<\/strong> st\u0159edov\u011bk\u00e9 pevnosti <strong>Rumeli Hisari, Anadolu Hisari,<\/strong> monstr\u00f3zn\u00ed mosty p\u0159es Bospor a d\u0159ev\u011bn\u00e9 osmansk\u00e9 vily.<\/p>\n<p style=\"text-align: justify;\">Celou na\u0161i \u201eistanbulskou bondovku\u201c uzav\u0159eme ve stylu agenta 007 a na rozlou\u010denou si zajdeme na &#8222;Bond\u016fv drink&#8220; &#8211; martini.<\/p>\n<p>&nbsp;<\/p>\n<p>&nbsp;<\/p>\n<p><a href=\"https:\/\/savourturkey.com\/cz\/wp-content\/uploads\/sites\/2\/2015\/12\/055-e1450642709547.jpg\"><img loading=\"lazy\" decoding=\"async\" class=\"alignnone size-full wp-image-633\" src=\"https:\/\/savourturkey.com\/cz\/wp-content\/uploads\/sites\/2\/2015\/12\/055-e1450642709547.jpg\" alt=\"\" width=\"1000\" height=\"750\" \/><\/a><\/p>\n<p>\u00a9Savour Turkey &#8211; Kiz Kulesi (D\u00edv\u010d\u00ed v\u011b\u017e)<\/p>\n<p>&nbsp;<\/p>\n<p>&nbsp;<\/p>\n<p>&nbsp;<\/p>\n<p>&nbsp;<\/p>\n<p><strong>INFORMACE O JEDNOTLIV\u00ddCH BONDOVK\u00c1CH, KTER\u00c9 SE NAT\u00c1\u010cELY V ISTANBULU<\/strong><\/p>\n<p>&nbsp;<\/p>\n<p><strong>James Bond zp\u00e1tky v Istanbulu<\/strong><\/p>\n<p>&nbsp;<\/p>\n<p><iframe loading=\"lazy\" width=\"700\" height=\"394\" src=\"https:\/\/www.youtube.com\/embed\/l71nrJxLLEI?feature=oembed\" frameborder=\"0\" allow=\"accelerometer; autoplay; clipboard-write; encrypted-media; gyroscope; picture-in-picture\" allowfullscreen title=\"Bond Back In Istanbul\"><\/iframe><\/p>\n<p>&nbsp;<\/p>\n<p>&nbsp;<\/p>\n<p><strong>Srde\u010dn\u00e9 pozdravy z Ruska (1963)<\/strong><\/p>\n<p style=\"text-align: justify;\">Sean Connery jako agent 007 prov\u00e1d\u00ed \u0161pion\u00e1\u017e proti sov\u011btsk\u00e9mu velvyslanectv\u00ed. Sc\u00e9ny v Istanbulu za\u010d\u00ednaj\u00ed v mystick\u00e9m chr\u00e1mu Hagia Sophia. Pokra\u010duj\u00ed pak v r\u016fzn\u00fdch \u010d\u00e1stech historick\u00e9ho m\u011bsta, v\u010detn\u011b Kapali\u00e7ar\u015fi\u00a0(Velk\u00fd bazar) a Yerebatan Sarn\u0131c\u0131\u00a0 (cisterna Yerebatan), kde Bond p\u00e1dluje na lodi v magick\u00e9 podzemn\u00ed n\u00e1dr\u017ei. Ve filmu se objevuje i pal\u00e1c Dolmabah\u00e7e a n\u00e1dra\u017e\u00ed Sirke\u00e7i &#8211; tam Bond nastupuje\u00a0do Orient Expressu. Sn\u00edmek pat\u0159\u00ed mezi nejobl\u00edben\u011bj\u0161\u00ed bondovky a ukazuje tak\u00e9 zaj\u00edmavou podobu star\u00e9ho Istanbulu .<\/p>\n<p>&nbsp;<\/p>\n<p><iframe loading=\"lazy\" width=\"700\" height=\"525\" src=\"https:\/\/www.youtube.com\/embed\/VqAOf66o1Wg?feature=oembed\" frameborder=\"0\" allow=\"accelerometer; autoplay; clipboard-write; encrypted-media; gyroscope; picture-in-picture\" allowfullscreen title=\"FROM RUSSIA WITH LOVE TRAILER\"><\/iframe><\/p>\n<p>&nbsp;<\/p>\n<p>&nbsp;<\/p>\n<p style=\"text-align: justify;\"><strong>Jeden sv\u011bt nesta\u010d\u00ed (1999)<\/strong><\/p>\n<p style=\"text-align: justify;\">O t\u0159icet \u0161est let a sedmn\u00e1ct film\u016f pozd\u011bji, nav\u0161t\u00edvil Pierce Brosnan v roli agenta 007 Istanbul znovu. Jedn\u00edm z kl\u00ed\u010dov\u00fdch m\u00edst ve filmu je Bospor a slavn\u00e1 Kiz Kulesi (D\u00edv\u010d\u00ed v\u011b\u017e), slou\u017e\u00edc\u00ed ve filmu jako Renard\u016fv \u00fakryt.<\/p>\n<p>&nbsp;<\/p>\n<p><iframe loading=\"lazy\" width=\"700\" height=\"394\" src=\"https:\/\/www.youtube.com\/embed\/9nH1DwQP2Xs?feature=oembed\" frameborder=\"0\" allow=\"accelerometer; autoplay; clipboard-write; encrypted-media; gyroscope; picture-in-picture\" allowfullscreen title=\"The World Is Not Enough (1999) Official Trailer - Pierce Brosnan James Bond Movie HD\"><\/iframe><\/p>\n<p>&nbsp;<\/p>\n<p>&nbsp;<\/p>\n<p style=\"text-align: justify;\"><strong>Skyfall (2012)<\/strong><\/p>\n<p style=\"text-align: justify;\">&#8222;Skyfall&#8220; pat\u0159\u00ed mezi nejuzn\u00e1van\u011bj\u0161\u00ed bondovky. V Istanbulu byl filmov\u00e1n p\u0159ed budovou Velk\u00e9 po\u0161ty a v \u00fazk\u00fdch uli\u010dk\u00e1ch \u010dtvrti Emin\u00f6n\u00fc. Slavn\u00e9 motocyklov\u00e9 sc\u00e9ny pak pokra\u010dovaly na st\u0159ech\u00e1ch starobyl\u00e9ho Velk\u00e9ho bazaru.<\/p>\n<p>&nbsp;<\/p>\n<p><iframe loading=\"lazy\" width=\"700\" height=\"394\" src=\"https:\/\/www.youtube.com\/embed\/6kw1UVovByw?feature=oembed\" frameborder=\"0\" allow=\"accelerometer; autoplay; clipboard-write; encrypted-media; gyroscope; picture-in-picture\" allowfullscreen title=\"SKYFALL - Official Trailer\"><\/iframe><\/p>\n<p>&nbsp;<\/p>\n<p>&nbsp;<\/p>\n<p><strong>PRO INFORMACE A REZERVACE PI\u0160TE NA MAIL:<\/strong><\/p>\n<p>e-mail: savourturkey@gmail.com<\/p>\n<p>&nbsp;<\/p>\n","protected":false},"excerpt":{"rendered":"<p>&nbsp; \u00a9Savour Turkey &#8211; Hagia Sophia &nbsp; Jste fanou\u0161ci agenta 007 a nenech\u00e1te si uj\u00edt ani jednu bondovku? Tak se s n\u00e1mi vydejte do z\u00e1kulis\u00ed nat\u00e1\u010den\u00ed a poznejte m\u00edsta, kde se slavn\u00e9 filmy v Istanbulu nat\u00e1\u010dely. Na sv\u011bt\u011b existuje jen&hellip; <\/p>\n","protected":false},"author":1,"featured_media":0,"parent":42,"menu_order":0,"comment_status":"closed","ping_status":"closed","template":"","meta":{"_acf_changed":false,"footnotes":""},"tags":[452,615,449,439,450,607,605,611,609,610,612,29,53,441,440,13],"class_list":["post-77","page","type-page","status-publish","hentry","tag-bond-istanbul","tag-bondovky-istanbul","tag-dovolena-istanbul","tag-dovolena-turecko","tag-filmova-lokalita-istanbul","tag-filmova-mista-bondovky","tag-filmova-mista-istanbul","tag-filmova-mista-jeden-svet-nestaci","tag-filmova-mista-skyffal","tag-filmova-mista-srdecne-pozdravy-z-ruska","tag-filmova-turistika-istanbul","tag-istanbul","tag-james-bond","tag-prodlouzeny-vikend-istanbul","tag-pruvodce-istanbul","tag-turecko"],"acf":[],"_links":{"self":[{"href":"https:\/\/savourturkey.com\/cz\/wp-json\/wp\/v2\/pages\/77","targetHints":{"allow":["GET"]}}],"collection":[{"href":"https:\/\/savourturkey.com\/cz\/wp-json\/wp\/v2\/pages"}],"about":[{"href":"https:\/\/savourturkey.com\/cz\/wp-json\/wp\/v2\/types\/page"}],"author":[{"embeddable":true,"href":"https:\/\/savourturkey.com\/cz\/wp-json\/wp\/v2\/users\/1"}],"replies":[{"embeddable":true,"href":"https:\/\/savourturkey.com\/cz\/wp-json\/wp\/v2\/comments?post=77"}],"version-history":[{"count":42,"href":"https:\/\/savourturkey.com\/cz\/wp-json\/wp\/v2\/pages\/77\/revisions"}],"predecessor-version":[{"id":1104,"href":"https:\/\/savourturkey.com\/cz\/wp-json\/wp\/v2\/pages\/77\/revisions\/1104"}],"up":[{"embeddable":true,"href":"https:\/\/savourturkey.com\/cz\/wp-json\/wp\/v2\/pages\/42"}],"wp:attachment":[{"href":"https:\/\/savourturkey.com\/cz\/wp-json\/wp\/v2\/media?parent=77"}],"wp:term":[{"taxonomy":"post_tag","embeddable":true,"href":"https:\/\/savourturkey.com\/cz\/wp-json\/wp\/v2\/tags?post=77"}],"curies":[{"name":"wp","href":"https:\/\/api.w.org\/{rel}","templated":true}]}}