{"id":79,"date":"2015-10-21T11:40:20","date_gmt":"2015-10-21T10:40:20","guid":{"rendered":"http:\/\/savourturkey.com\/cz\/?page_id=79"},"modified":"2025-09-26T18:13:13","modified_gmt":"2025-09-26T17:13:13","slug":"velkolepe-stoleti","status":"publish","type":"page","link":"https:\/\/savourturkey.com\/cz\/turistika\/filmova-turistika\/velkolepe-stoleti\/","title":{"rendered":"Velkolep\u00e9 stolet\u00ed"},"content":{"rendered":"<p>&nbsp;<\/p>\n<p><a href=\"https:\/\/savourturkey.com\/cz\/wp-content\/uploads\/sites\/2\/2025\/09\/Sulejmanova-me\u0161ita.jpg\"><img loading=\"lazy\" decoding=\"async\" class=\"alignnone size-full wp-image-1185\" src=\"https:\/\/savourturkey.com\/cz\/wp-content\/uploads\/sites\/2\/2025\/09\/Sulejmanova-me\u0161ita.jpg\" alt=\"\" width=\"4000\" height=\"3000\" srcset=\"https:\/\/savourturkey.com\/cz\/wp-content\/uploads\/sites\/2\/2025\/09\/Sulejmanova-me\u0161ita.jpg 4000w, https:\/\/savourturkey.com\/cz\/wp-content\/uploads\/sites\/2\/2025\/09\/Sulejmanova-me\u0161ita-300x225.jpg 300w, https:\/\/savourturkey.com\/cz\/wp-content\/uploads\/sites\/2\/2025\/09\/Sulejmanova-me\u0161ita-768x576.jpg 768w, https:\/\/savourturkey.com\/cz\/wp-content\/uploads\/sites\/2\/2025\/09\/Sulejmanova-me\u0161ita-1024x768.jpg 1024w\" sizes=\"auto, (max-width: 4000px) 100vw, 4000px\" \/><\/a><\/p>\n<p>\u00a9 Savour Turkey \u2013\u00a0Istanbul<\/p>\n<p>&nbsp;<\/p>\n<p>Jste-li fanou\u0161ci historick\u00e9ho seri\u00e1lu Velkolep\u00e9ho stolet\u00ed (<span class=\"goog-text-highlight\">Muhte\u015fem Y\u00fczy\u0131l), bude se v\u00e1m dozajista l\u00edbit na\u0161e prohl\u00eddka po stop\u00e1ch nat\u00e1\u010den\u00ed\u00a0<\/span>\u00a0jednoho z\u00a0nej\u00fasp\u011b\u0161n\u011bj\u0161\u00edch projekt\u016f tureck\u00e9 televize.<\/p>\n<p>V Istanbulu nav\u0161t\u00edv\u00edme m\u00edsta, kde se seri\u00e1l nat\u00e1\u010del.<\/p>\n<p>Dozv\u00edte se zaj\u00edmosti z\u00a0nat\u00e1\u010den\u00ed, informace o hlavn\u00edch akt\u00e9rech i samotn\u00e9 p\u0159\u00edb\u011bhy z historie.<\/p>\n<p>P\u0159ipravte se na luxusn\u00ed pal\u00e1ce, impozantn\u00ed me\u0161ity, tajemn\u00fd har\u00e9m a bo\u017esk\u00fd hamam.<\/p>\n<p>Budete ohromeni kr\u00e1sou, vzne\u0161enost\u00ed a velkolepost\u00ed doby, v n\u00ed\u017e vl\u00e1dnul sult\u00e1n Sulejman I. N\u00e1dhern\u00fd.<\/p>\n<p>&nbsp;<\/p>\n<p><a href=\"https:\/\/savourturkey.com\/cz\/wp-content\/uploads\/sites\/2\/2025\/09\/20250404_125429.jpg\"><img loading=\"lazy\" decoding=\"async\" class=\"alignnone size-full wp-image-1187\" src=\"https:\/\/savourturkey.com\/cz\/wp-content\/uploads\/sites\/2\/2025\/09\/20250404_125429.jpg\" alt=\"\" width=\"4624\" height=\"3468\" srcset=\"https:\/\/savourturkey.com\/cz\/wp-content\/uploads\/sites\/2\/2025\/09\/20250404_125429.jpg 4624w, https:\/\/savourturkey.com\/cz\/wp-content\/uploads\/sites\/2\/2025\/09\/20250404_125429-300x225.jpg 300w, https:\/\/savourturkey.com\/cz\/wp-content\/uploads\/sites\/2\/2025\/09\/20250404_125429-768x576.jpg 768w, https:\/\/savourturkey.com\/cz\/wp-content\/uploads\/sites\/2\/2025\/09\/20250404_125429-1024x768.jpg 1024w\" sizes=\"auto, (max-width: 4624px) 100vw, 4624px\" \/><\/a><\/p>\n<p>\u00a9 Savour Turkey \u2013\u00a0Istanbul<\/p>\n<p>&nbsp;<\/p>\n<p><strong>PROGRAM<\/strong><\/p>\n<p><strong>Pal\u00e1c Topkapi<\/strong><\/p>\n<p>Po \u010dty\u0159i stolet\u00ed byl pal\u00e1c Topkapi s\u00eddlem sult\u00e1n\u016f Osmansk\u00e9 \u0159\u00ed\u0161e. Zilo v\u00a0n\u011bm p\u0159es \u010dty\u0159i tis\u00edce osob. Od kucha\u0159\u016f, \u0159emesln\u00edk\u016f, \u00fa\u0159edn\u00edk\u016f, p\u0159es eunuchy, konkub\u00edny, a\u017e po samotnou sult\u00e1novu rodinu. Dnes je sedmdes\u00e1ti hektarov\u00fd are\u00e1l zaps\u00e1n do seznamu sv\u011btov\u00e9ho d\u011bdictv\u00ed UNESCO. N\u00e1v\u0161t\u011bva luxusn\u00edch komnat, rozko\u0161n\u00fdch alt\u00e1n\u016f a pokladnic pln\u00fdch \u0161perk\u016f v\u00e1m p\u0159edstav\u00ed bohatstv\u00ed Osmansk\u00e9 \u0159\u00ed\u0161e a p\u0159inese se v\u00e1m nezapomenuteln\u00fd z\u00e1\u017eitek.<\/p>\n<p>&nbsp;<\/p>\n<p><strong>V har\u00e9mu <\/strong>za\u017eijete fascinuj\u00edc\u00ed pohled do \u017eivota sult\u00e1na a jeho rodiny. Proniknete za jeho tajemn\u00e9 zdi\u00a0 a pozn\u00e1te \u017eivot\u00a0konkub\u00edn, sult\u00e1nek a vykastrovan\u00fdch eunuch\u016f.<\/p>\n<p>&nbsp;<\/p>\n<p><strong>Tulip\u00e1nov\u00e1 zahrada\u00a0<\/strong>slou\u017eila pro relaxaci a odpo\u010dinek sult\u00e1na a jeho rodiny. Za\u017eijeme zde poklidnou atmosf\u00e9ru a sezn\u00e1m\u00edme se s\u00a0kv\u011btinami, kter\u00e9 byly obl\u00edben\u00e9 na sult\u00e1nsk\u00e9m dvo\u0159e.<\/p>\n<p>&nbsp;<\/p>\n<p>Za vl\u00e1dy sult\u00e1na Sulejmana byl p<strong>ark G\u00fclhane\u00a0<\/strong>sou\u010d\u00e1st\u00ed pal\u00e1ce Topkapi. Projdeme osv\u011b\u017euj\u00edc\u00ed zelenou o\u00e1zou plnou pt\u00e1k\u016f a z\u00a0pod hradeb Topkapi se tak\u00e9 pokoch\u00e1me n\u00e1dhern\u00fdm v\u00fdhledem na Bospor.<\/p>\n<p>&nbsp;<\/p>\n<p>Nav\u0161t\u00edv\u00edme n\u00e1dhern\u00fd komplex <strong>Sulejm\u00e1nie,<\/strong> kde n\u00e1s \u010dek\u00e1 prohl\u00eddka cel\u00e9ho are\u00e1lu v\u010detn\u011b Sulejmanovy me\u0161ity, hrobky sult\u00e1na Sulejmana, jeho dcery Mihrimach a sult\u00e1nky H\u00fcrrem. Z\u00a0jednoho ze sedmi vrcholk\u016f Istanbulu se p\u0159ed n\u00e1mi tak\u00e9 p\u0159edest\u0159e okouzluj\u00edc\u00ed v\u00fdhled na Zlat\u00fd roh.<\/p>\n<p>&nbsp;<\/p>\n<p>N\u00e1dhern\u00fd<strong> pal\u00e1c velkovez\u00edra Ibrahima pa\u0161i <\/strong>je\u00a0jedin\u00fdm dochovan\u00fdm\u00a0 pal\u00e1cem \u00fa\u0159edn\u00edka osmansk\u00e9ho \u0159\u00ed\u0161e v Istanbulu. Rezidence se \u010dty\u0159mi n\u00e1dvo\u0159\u00edmi ukazuje n\u00e1dhernou osmanskou architekturu 16. stolet\u00ed. V pal\u00e1ci se konalo mnoho slavnost\u00ed, oslav a svateb.<\/p>\n<p>&nbsp;<\/p>\n<p>Ne p\u0159\u00edli\u0161 zn\u00e1m\u00e1, o to v\u0161ak kr\u00e1sn\u011bj\u0161\u00ed je <strong>me\u0161ita velkovez\u00edra R\u00fcstema pa\u0161i.<\/strong> N\u00e1dhern\u00fd interi\u00e9r vyzdoben\u00fd modrob\u00edl\u00fdmi dla\u017edi\u010dkami ukazuje bohatstv\u00ed zet\u011b sult\u00e1na sult\u00e1na Sulejmana, kter\u00fd v\u00fdstavbu me\u0161ity sv\u011b\u0159il do rukou proslul\u00e9ho architekta Sinana. Zcela jist\u011b v\u00e1s tak\u00e9 uchv\u00e1t\u00ed neobvykl\u00e9 um\u00edst\u011bn\u00ed me\u0161ity.<\/p>\n<p>&nbsp;<\/p>\n<p>Nav\u0161t\u00edv\u00edme spolu jeden z\u00a0nejkr\u00e1sn\u011bj\u0161\u00edch <strong>hamam\u016f<\/strong> v\u00a0Istanbulu. Nad sklenkou \u0161erbetu se sezn\u00e1m\u00edme s\u00a0histori\u00ed tureck\u00fdch koupel\u00ed a s\u00a0t\u00edm, co \u00a0hamam obn\u00e1\u0161\u00ed. A pak ji\u017e na vlastn\u00ed t\u011blo i du\u0161i si vychutn\u00e1te orient\u00e1ln\u00ed atmosf\u00e9ru hamamu a celou proceduru, v\u010detn\u011b skv\u011bl\u00e9 tureck\u00e9 mas\u00e1\u017ee.<\/p>\n<p>&nbsp;<\/p>\n<p><strong>\u00a0<\/strong><\/p>\n<p><strong>\u00a0<\/strong><\/p>\n<p>&nbsp;<\/p>\n<p><strong>PRO INFORMACE A REZERVACE PI\u0160TE NA MAIL:<\/strong><\/p>\n<p>e-mail: savourturkey@gmail.com<\/p>\n","protected":false},"excerpt":{"rendered":"<p>&nbsp; \u00a9 Savour Turkey \u2013\u00a0Istanbul &nbsp; Jste-li fanou\u0161ci historick\u00e9ho seri\u00e1lu Velkolep\u00e9ho stolet\u00ed (Muhte\u015fem Y\u00fczy\u0131l), bude se v\u00e1m dozajista l\u00edbit na\u0161e prohl\u00eddka po stop\u00e1ch nat\u00e1\u010den\u00ed\u00a0\u00a0jednoho z\u00a0nej\u00fasp\u011b\u0161n\u011bj\u0161\u00edch projekt\u016f tureck\u00e9 televize. V Istanbulu nav\u0161t\u00edv\u00edme m\u00edsta, kde se seri\u00e1l nat\u00e1\u010del. Dozv\u00edte se zaj\u00edmosti z\u00a0nat\u00e1\u010den\u00ed,&hellip; <\/p>\n","protected":false},"author":1,"featured_media":0,"parent":42,"menu_order":0,"comment_status":"closed","ping_status":"closed","template":"","meta":{"_acf_changed":false,"footnotes":""},"tags":[605,618,620,616,612,29,617,619,639,13],"class_list":["post-79","page","type-page","status-publish","hentry","tag-filmova-mista-istanbul","tag-filmova-mista-muhtesem-yuzyil","tag-filmova-mista-turecke-serialy","tag-filmova-mista-velkolepe-stoleti","tag-filmova-turistika-istanbul","tag-istanbul","tag-muhtesem-yuzyil","tag-serial-velkolepe-stoleti","tag-turecke-serialy","tag-turecko"],"acf":[],"_links":{"self":[{"href":"https:\/\/savourturkey.com\/cz\/wp-json\/wp\/v2\/pages\/79","targetHints":{"allow":["GET"]}}],"collection":[{"href":"https:\/\/savourturkey.com\/cz\/wp-json\/wp\/v2\/pages"}],"about":[{"href":"https:\/\/savourturkey.com\/cz\/wp-json\/wp\/v2\/types\/page"}],"author":[{"embeddable":true,"href":"https:\/\/savourturkey.com\/cz\/wp-json\/wp\/v2\/users\/1"}],"replies":[{"embeddable":true,"href":"https:\/\/savourturkey.com\/cz\/wp-json\/wp\/v2\/comments?post=79"}],"version-history":[{"count":10,"href":"https:\/\/savourturkey.com\/cz\/wp-json\/wp\/v2\/pages\/79\/revisions"}],"predecessor-version":[{"id":1184,"href":"https:\/\/savourturkey.com\/cz\/wp-json\/wp\/v2\/pages\/79\/revisions\/1184"}],"up":[{"embeddable":true,"href":"https:\/\/savourturkey.com\/cz\/wp-json\/wp\/v2\/pages\/42"}],"wp:attachment":[{"href":"https:\/\/savourturkey.com\/cz\/wp-json\/wp\/v2\/media?parent=79"}],"wp:term":[{"taxonomy":"post_tag","embeddable":true,"href":"https:\/\/savourturkey.com\/cz\/wp-json\/wp\/v2\/tags?post=79"}],"curies":[{"name":"wp","href":"https:\/\/api.w.org\/{rel}","templated":true}]}}