{"id":796,"date":"2017-09-16T09:39:30","date_gmt":"2017-09-16T08:39:30","guid":{"rendered":"http:\/\/savourturkey.com\/cz\/?page_id=796"},"modified":"2024-03-07T15:01:36","modified_gmt":"2024-03-07T14:01:36","slug":"kalendar-prednasek","status":"publish","type":"page","link":"https:\/\/savourturkey.com\/cz\/cestovatelske-prednasky\/kalendar-prednasek\/","title":{"rendered":"Kalend\u00e1\u0159 p\u0159edn\u00e1\u0161ek"},"content":{"rendered":"<p>&nbsp;<\/p>\n<p>Moment\u00e1ln\u011b \u017e\u00e1dn\u00e9 p\u0159edn\u00e1\u0161ky nejsou v pl\u00e1nu.<\/p>\n<p>&nbsp;<\/p>\n<p>&nbsp;<\/p>\n<p>&nbsp;<\/p>\n<p>&nbsp;<\/p>\n<p>&nbsp;<\/p>\n<p>&nbsp;<\/p>\n<p>&nbsp;<\/p>\n<p>&nbsp;<\/p>\n<p>&nbsp;<\/p>\n","protected":false},"excerpt":{"rendered":"<p>&nbsp; Moment\u00e1ln\u011b \u017e\u00e1dn\u00e9 p\u0159edn\u00e1\u0161ky nejsou v pl\u00e1nu. &nbsp; &nbsp; &nbsp; &nbsp; &nbsp; &nbsp; &nbsp; &nbsp; &nbsp;<\/p>\n","protected":false},"author":1,"featured_media":0,"parent":686,"menu_order":0,"comment_status":"closed","ping_status":"closed","template":"","meta":{"_acf_changed":false,"footnotes":""},"tags":[],"class_list":["post-796","page","type-page","status-publish","hentry"],"acf":[],"_links":{"self":[{"href":"https:\/\/savourturkey.com\/cz\/wp-json\/wp\/v2\/pages\/796","targetHints":{"allow":["GET"]}}],"collection":[{"href":"https:\/\/savourturkey.com\/cz\/wp-json\/wp\/v2\/pages"}],"about":[{"href":"https:\/\/savourturkey.com\/cz\/wp-json\/wp\/v2\/types\/page"}],"author":[{"embeddable":true,"href":"https:\/\/savourturkey.com\/cz\/wp-json\/wp\/v2\/users\/1"}],"replies":[{"embeddable":true,"href":"https:\/\/savourturkey.com\/cz\/wp-json\/wp\/v2\/comments?post=796"}],"version-history":[{"count":14,"href":"https:\/\/savourturkey.com\/cz\/wp-json\/wp\/v2\/pages\/796\/revisions"}],"predecessor-version":[{"id":1133,"href":"https:\/\/savourturkey.com\/cz\/wp-json\/wp\/v2\/pages\/796\/revisions\/1133"}],"up":[{"embeddable":true,"href":"https:\/\/savourturkey.com\/cz\/wp-json\/wp\/v2\/pages\/686"}],"wp:attachment":[{"href":"https:\/\/savourturkey.com\/cz\/wp-json\/wp\/v2\/media?parent=796"}],"wp:term":[{"taxonomy":"post_tag","embeddable":true,"href":"https:\/\/savourturkey.com\/cz\/wp-json\/wp\/v2\/tags?post=796"}],"curies":[{"name":"wp","href":"https:\/\/api.w.org\/{rel}","templated":true}]}}