{"id":81,"date":"2015-10-21T11:40:29","date_gmt":"2015-10-21T10:40:29","guid":{"rendered":"http:\/\/savourturkey.com\/cz\/?page_id=81"},"modified":"2025-09-26T17:58:02","modified_gmt":"2025-09-26T16:58:02","slug":"cesta-nadeje","status":"publish","type":"page","link":"https:\/\/savourturkey.com\/cz\/turistika\/filmova-turistika\/cesta-nadeje\/","title":{"rendered":"Cesta nad\u011bje"},"content":{"rendered":"<p>&nbsp;<\/p>\n<p><a href=\"https:\/\/savourturkey.com\/cz\/wp-content\/uploads\/sites\/2\/2025\/09\/Modr\u00e1-me\u0161ita.jpg\"><img loading=\"lazy\" decoding=\"async\" class=\"alignnone size-full wp-image-1181\" src=\"https:\/\/savourturkey.com\/cz\/wp-content\/uploads\/sites\/2\/2025\/09\/Modr\u00e1-me\u0161ita.jpg\" alt=\"\" width=\"4624\" height=\"3468\" srcset=\"https:\/\/savourturkey.com\/cz\/wp-content\/uploads\/sites\/2\/2025\/09\/Modr\u00e1-me\u0161ita.jpg 4624w, https:\/\/savourturkey.com\/cz\/wp-content\/uploads\/sites\/2\/2025\/09\/Modr\u00e1-me\u0161ita-300x225.jpg 300w, https:\/\/savourturkey.com\/cz\/wp-content\/uploads\/sites\/2\/2025\/09\/Modr\u00e1-me\u0161ita-768x576.jpg 768w, https:\/\/savourturkey.com\/cz\/wp-content\/uploads\/sites\/2\/2025\/09\/Modr\u00e1-me\u0161ita-1024x768.jpg 1024w\" sizes=\"auto, (max-width: 4624px) 100vw, 4624px\" \/><\/a><\/p>\n<p>\u00a9Savour Turkey &#8211; Modr\u00e1 me\u0161ita<\/p>\n<p>&nbsp;<\/p>\n<p>&nbsp;<\/p>\n<p>Drama Cesta nad\u011bje (The Water Diviner) bylo nato\u010deno podle skute\u010dn\u00e9 ud\u00e1losti a je re\u017eis\u00e9rsk\u00fdm debutem herce Russela Crowea.<\/p>\n<p>Australsk\u00fd farm\u00e1\u0159\u00a0 Connor (Russel Crowe) se vyd\u00e1v\u00e1 do Konstantinopole (Istanbul) naj\u00edt sv\u00e9 t\u0159i syny, kte\u0159\u00ed byli vyhl\u00e1\u0161eni za nezv\u011bstn\u00e9 b\u011bhem prvn\u00ed sv\u011btov\u00e9 v\u00e1lky po bitv\u011b u Gallipoli.\u00a0 \u00a0V Konstantinopoli se Connor setk\u00e1v\u00e1 s kr\u00e1snou tureckou \u017eenou. S nad\u011bj\u00ed, v\u00edrou a s pomoc\u00ed tureck\u00e9ho d\u016fstojn\u00edka se pak farm\u00e1\u0159 vyd\u00e1v\u00e1 na cestu po Turecku, aby zjistil, co se stalo s jeho syny.<\/p>\n<p>&nbsp;<\/p>\n<p>&nbsp;<\/p>\n<p><iframe loading=\"lazy\" width=\"700\" height=\"394\" src=\"https:\/\/www.youtube.com\/embed\/c-hU96CwWHI?feature=oembed\" frameborder=\"0\" allow=\"accelerometer; autoplay; clipboard-write; encrypted-media; gyroscope; picture-in-picture; web-share\" referrerpolicy=\"strict-origin-when-cross-origin\" allowfullscreen title=\"The Water Diviner Official US Release Trailer (2015) - Russell Crowe Movie HD\"><\/iframe><\/p>\n<p>&nbsp;<\/p>\n<p>&nbsp;<\/p>\n<p>&nbsp;<\/p>\n<p>Ze z\u00e1kulis\u00ed nat\u00e1\u010den\u00ed filmu Cesta nad\u011bje<\/p>\n<p><iframe loading=\"lazy\" width=\"700\" height=\"394\" src=\"https:\/\/www.youtube.com\/embed\/Wnb_UJhq-Cw?feature=oembed\" frameborder=\"0\" allow=\"accelerometer; autoplay; clipboard-write; encrypted-media; gyroscope; picture-in-picture; web-share\" referrerpolicy=\"strict-origin-when-cross-origin\" allowfullscreen title=\"The Water Diviner - &quot;Cast&quot; Featurette [HD]\"><\/iframe><\/p>\n<p>&nbsp;<\/p>\n<p>&nbsp;<\/p>\n<p><strong>PRO INFORMACE A REZERVACE PI\u0160TE NA MAIL:<\/strong><\/p>\n<p>e-mail: savourturkey@gmail.com<\/p>\n<p>&nbsp;<\/p>\n","protected":false},"excerpt":{"rendered":"<p>&nbsp; \u00a9Savour Turkey &#8211; Modr\u00e1 me\u0161ita &nbsp; &nbsp; Drama Cesta nad\u011bje (The Water Diviner) bylo nato\u010deno podle skute\u010dn\u00e9 ud\u00e1losti a je re\u017eis\u00e9rsk\u00fdm debutem herce Russela Crowea. Australsk\u00fd farm\u00e1\u0159\u00a0 Connor (Russel Crowe) se vyd\u00e1v\u00e1 do Konstantinopole (Istanbul) naj\u00edt sv\u00e9 t\u0159i syny,&hellip; <\/p>\n","protected":false},"author":1,"featured_media":0,"parent":42,"menu_order":0,"comment_status":"closed","ping_status":"closed","template":"","meta":{"_acf_changed":false,"footnotes":""},"tags":[68,614,605,612,613,29,638,97,13],"class_list":["post-81","page","type-page","status-publish","hentry","tag-cesta-nadeje","tag-filmova-mista-cesta-nadeje","tag-filmova-mista-istanbul","tag-filmova-turistika-istanbul","tag-filmova-turistika-turecko","tag-istanbul","tag-modra-mesita-istanbul","tag-russel-crowe","tag-turecko"],"acf":[],"_links":{"self":[{"href":"https:\/\/savourturkey.com\/cz\/wp-json\/wp\/v2\/pages\/81","targetHints":{"allow":["GET"]}}],"collection":[{"href":"https:\/\/savourturkey.com\/cz\/wp-json\/wp\/v2\/pages"}],"about":[{"href":"https:\/\/savourturkey.com\/cz\/wp-json\/wp\/v2\/types\/page"}],"author":[{"embeddable":true,"href":"https:\/\/savourturkey.com\/cz\/wp-json\/wp\/v2\/users\/1"}],"replies":[{"embeddable":true,"href":"https:\/\/savourturkey.com\/cz\/wp-json\/wp\/v2\/comments?post=81"}],"version-history":[{"count":12,"href":"https:\/\/savourturkey.com\/cz\/wp-json\/wp\/v2\/pages\/81\/revisions"}],"predecessor-version":[{"id":1183,"href":"https:\/\/savourturkey.com\/cz\/wp-json\/wp\/v2\/pages\/81\/revisions\/1183"}],"up":[{"embeddable":true,"href":"https:\/\/savourturkey.com\/cz\/wp-json\/wp\/v2\/pages\/42"}],"wp:attachment":[{"href":"https:\/\/savourturkey.com\/cz\/wp-json\/wp\/v2\/media?parent=81"}],"wp:term":[{"taxonomy":"post_tag","embeddable":true,"href":"https:\/\/savourturkey.com\/cz\/wp-json\/wp\/v2\/tags?post=81"}],"curies":[{"name":"wp","href":"https:\/\/api.w.org\/{rel}","templated":true}]}}