{"id":811,"date":"2017-09-16T12:28:13","date_gmt":"2017-09-16T11:28:13","guid":{"rendered":"http:\/\/savourturkey.com\/cz\/?page_id=811"},"modified":"2017-09-16T12:36:19","modified_gmt":"2017-09-16T11:36:19","slug":"vychodni-anatolie-divoka-a-krasna-dcera-turecka","status":"publish","type":"page","link":"https:\/\/savourturkey.com\/cz\/cestovatelske-prednasky\/vychodni-anatolie-divoka-a-krasna-dcera-turecka\/","title":{"rendered":"V\u00fdchodn\u00ed Anatolie &#8211; divok\u00e1 a kr\u00e1sn\u00e1 dcera Turecka"},"content":{"rendered":"<p><a href=\"https:\/\/savourturkey.com\/cz\/wp-content\/uploads\/sites\/2\/2016\/02\/143-e1455825123265.jpg\"><img loading=\"lazy\" decoding=\"async\" class=\"alignnone size-large wp-image-710\" src=\"https:\/\/savourturkey.com\/cz\/wp-content\/uploads\/sites\/2\/2016\/02\/143-1024x768.jpg\" alt=\"\" width=\"700\" height=\"525\" \/><\/a><\/p>\n<p>&nbsp;<\/p>\n<p>&nbsp;<\/p>\n<p style=\"text-align: justify;\">T\u0159i m\u011bs\u00edce Pavla Apostolaki putovala po v\u00fdchodn\u00ed Anat\u00f3li\u00ed. Str\u00e1vila \u010das s\u00a0horsk\u00fdmi v\u016fdci na Araratu, \u017eila v\u00a0kurdsk\u00fdch vesnic\u00edch a poznala tvrd\u00fd \u017eivot na v\u00fdchodoanatolsk\u00e9m venkov\u011b.<\/p>\n<p style=\"text-align: justify;\">Pavla Apostolaki v\u00e1s zavede na m\u00edsta, kter\u00e1 z\u016fst\u00e1vaj\u00ed b\u011b\u017en\u00fdm turist\u016fm skryta a p\u0159edstav\u00ed v\u00e1m autentick\u00fd \u017eivot v\u00a0drsn\u00e9 a kr\u00e1sn\u00e9 v\u00fdchodn\u00ed Anat\u00f3lii.<\/p>\n<p>&nbsp;<\/p>\n<p>&nbsp;<\/p>\n<p><strong>PROGRAM P\u0158EDN\u00c1\u0160KY<\/strong><\/p>\n<p>Jezero Van \u2013 koupel s\u00a0prac\u00edm pr\u00e1\u0161kem<\/p>\n<p>Akdamar \u2013 k\u0159es\u0165ansk\u00fd ostrov v\u00a0muslimsk\u00e9 zemi<\/p>\n<p>Vansk\u00e9 sn\u00eddan\u011b \u2013 gastronomick\u00e9 orgie<\/p>\n<p>Vansk\u00e9 ko\u010dky \u2013 aristokrat\u00e9 s\u00a0oh\u00e1\u0148kou<\/p>\n<p>Ararat \u2013 biblick\u00e1 hora s\u00a0Noemovou archou<\/p>\n<p>Do\u011fubayaz\u0131t \u2013 m\u011bsto testosteronu<\/p>\n<p>Pal\u00e1c Ishak Pa\u0161a \u2013 n\u00e1vrat do poh\u00e1dky Tis\u00edc a jedna noc<\/p>\n<p>Diskuze<\/p>\n<p>&nbsp;<\/p>\n<p>&nbsp;<\/p>\n<p><strong>CHARAKTERISTIKA PROGRAMU P\u0158EDN\u00c1\u0160KY<\/strong><\/p>\n<p><strong>Jezero Van<\/strong><\/p>\n<p>Nejv\u011bt\u0161\u00ed jezero v\u00a0Turecku m\u00e1 siln\u011b slanou vodu. Jej\u00ed alkalick\u00e9 slo\u017een\u00ed bohat\u00e9 na uhli\u010ditan sodn\u00fd i dal\u0161\u00ed soli, slou\u017e\u00ed po odpa\u0159en\u00ed kapaliny jako skv\u011bl\u00e9 pr\u00e1\u0161ky na pran\u00ed. Ov\u0161em i koupel ve slizk\u00e9 vod\u011b v\u00a0samotn\u00e9m jeze\u0159e pat\u0159\u00ed k\u00a0nezapomenuteln\u00fdm z\u00e1\u017eitk\u016fm.<\/p>\n<p>&nbsp;<\/p>\n<p><a href=\"http:\/\/pavlaapostolaki.com\/wp-content\/uploads\/2017\/07\/019.jpg\"><img loading=\"lazy\" decoding=\"async\" class=\"alignnone size-large wp-image-1720\" src=\"http:\/\/pavlaapostolaki.com\/wp-content\/uploads\/2017\/07\/019-1024x768.jpg\" sizes=\"auto, (max-width: 700px) 100vw, 700px\" srcset=\"http:\/\/pavlaapostolaki.com\/wp-content\/uploads\/2017\/07\/019-1024x768.jpg 1024w, http:\/\/pavlaapostolaki.com\/wp-content\/uploads\/2017\/07\/019-300x225.jpg 300w, http:\/\/pavlaapostolaki.com\/wp-content\/uploads\/2017\/07\/019-768x576.jpg 768w, http:\/\/pavlaapostolaki.com\/wp-content\/uploads\/2017\/07\/019.jpg 1280w\" alt=\"\" width=\"700\" height=\"525\" \/><\/a><\/p>\n<p>&nbsp;<\/p>\n<p><strong>Akdamar<\/strong><\/p>\n<p>Akdamar je druh\u00fd nejv\u011bt\u0161\u00ed ze \u010dty\u0159 ostrov\u016f na jeze\u0159e Van ve v\u00fdchodn\u00ed Anat\u00f3lii. Na jeho z\u00e1padn\u00edm konci\u00a0stoj\u00ed\u00a0kostel Svat\u00e9ho k\u0159\u00ed\u017ee,\u00a0 b\u00fdval\u00e9 s\u00eddlo Arm\u00e9nsk\u00e9 apo\u0161tolsk\u00e9 c\u00edrkve. Pozoruhodn\u00e1 pam\u00e1tka byla v\u00a0dubnu 2015 zaps\u00e1na na seznam UNESCO.<\/p>\n<p>&nbsp;<\/p>\n<p><a href=\"http:\/\/pavlaapostolaki.com\/wp-content\/uploads\/2016\/02\/207.jpg\"><img loading=\"lazy\" decoding=\"async\" class=\"alignnone size-large wp-image-198\" src=\"http:\/\/pavlaapostolaki.com\/wp-content\/uploads\/2016\/02\/207-768x1024.jpg\" sizes=\"auto, (max-width: 700px) 100vw, 700px\" srcset=\"http:\/\/pavlaapostolaki.com\/wp-content\/uploads\/2016\/02\/207-768x1024.jpg 768w, http:\/\/pavlaapostolaki.com\/wp-content\/uploads\/2016\/02\/207-225x300.jpg 225w\" alt=\"\" width=\"700\" height=\"933\" \/><\/a><\/p>\n<p>&nbsp;<\/p>\n<p><strong>Vansk\u00e9 sn\u00eddan\u011b<\/strong><\/p>\n<p>Van je proslul\u00fd sv\u00fdmi sn\u00eddan\u011bmi, kter\u00e9 jsou vyhl\u00e1\u0161en\u00e9 v\u00a0cel\u00e9m Turecku. \u00a0Gastronomick\u00e9 orgie prob\u00edhaj\u00ed v bezpo\u010dtu \u201ekahvalt\u0131 salonlar\u0131\u201c a je b\u011b\u017en\u00e9, \u017ee se v\u00a0rann\u00edch hodin\u00e1ch nad tal\u00ed\u0159i delikates sejde spolu a\u017e t\u0159i sta pades\u00e1t spoluhoduj\u00edc\u00edch.<\/p>\n<p><strong>\u00a0<\/strong><\/p>\n<p><a href=\"http:\/\/pavlaapostolaki.com\/wp-content\/uploads\/2017\/07\/Istanbul-mobil-2015-127.jpg\"><img loading=\"lazy\" decoding=\"async\" class=\"size-large wp-image-1717\" src=\"http:\/\/pavlaapostolaki.com\/wp-content\/uploads\/2017\/07\/Istanbul-mobil-2015-127-1024x614.jpg\" sizes=\"auto, (max-width: 700px) 100vw, 700px\" srcset=\"http:\/\/pavlaapostolaki.com\/wp-content\/uploads\/2017\/07\/Istanbul-mobil-2015-127-1024x614.jpg 1024w, http:\/\/pavlaapostolaki.com\/wp-content\/uploads\/2017\/07\/Istanbul-mobil-2015-127-300x180.jpg 300w, http:\/\/pavlaapostolaki.com\/wp-content\/uploads\/2017\/07\/Istanbul-mobil-2015-127-768x461.jpg 768w\" alt=\"I\" width=\"700\" height=\"420\" \/><\/a><\/p>\n<p>&nbsp;<\/p>\n<p><strong>Vansk\u00e9 ko\u010dky<\/strong><\/p>\n<p>Unik\u00e1tn\u00ed plemeno ko\u010dek se vyskytuje jen na jedin\u00e9m m\u00edst\u011b na sv\u011bt\u011b \u2013 ve Vanu<strong>.<\/strong>\u00a0 Sn\u011bhob\u00edl\u00ed krasavci, je\u017e maj\u00ed jedno oko tyrkysov\u00e9 a druh\u00e9 jantarov\u00e9, plavou, miluj\u00ed spole\u010dnost, \u017eerou vodn\u00ed melouny, zmrzlinu a poslouchaj\u00ed relaxa\u010dn\u00ed hudbu.<\/p>\n<p>&nbsp;<\/p>\n<p><strong><a href=\"http:\/\/pavlaapostolaki.com\/wp-content\/uploads\/2016\/02\/186.jpg\"><img loading=\"lazy\" decoding=\"async\" class=\"alignnone size-large wp-image-197\" src=\"http:\/\/pavlaapostolaki.com\/wp-content\/uploads\/2016\/02\/186-768x1024.jpg\" sizes=\"auto, (max-width: 700px) 100vw, 700px\" srcset=\"http:\/\/pavlaapostolaki.com\/wp-content\/uploads\/2016\/02\/186-768x1024.jpg 768w, http:\/\/pavlaapostolaki.com\/wp-content\/uploads\/2016\/02\/186-225x300.jpg 225w\" alt=\"\" width=\"700\" height=\"933\" \/><\/a><\/strong><\/p>\n<p>&nbsp;<\/p>\n<p><strong>Ararat<\/strong><\/p>\n<p>Nejvy\u0161\u0161\u00ed hora Turecka je spojena s\u00a0biblick\u00fdm\u00a0p\u0159\u00edb\u011bhem o p\u0159ist\u00e1n\u00ed Noemovy Archy. Magick\u00e1 p\u011bti tis\u00edcovka, kterou tvo\u0159\u00ed ohromn\u00fd vulk\u00e1n se dv\u011bma vrcholy, p\u0159itahuje horolezce z\u00a0cel\u00e9ho sv\u011bta. \u017divot na svaz\u00edch hory se sn\u011bhovou \u010depic\u00ed je v\u0161ak mnohem pest\u0159ej\u0161\u00ed, proto\u017ee za\u010d\u00e1tkem l\u00e9ta se mnoho kurdsk\u00fdch rodin p\u0159est\u011bhuje z\u00a0vesnic na Ararat, kde \u017eij\u00ed jako nom\u00e1di.<\/p>\n<p>&nbsp;<\/p>\n<p><a href=\"http:\/\/pavlaapostolaki.com\/wp-content\/uploads\/2017\/07\/113.jpg\"><img loading=\"lazy\" decoding=\"async\" class=\"alignnone size-large wp-image-1715\" src=\"http:\/\/pavlaapostolaki.com\/wp-content\/uploads\/2017\/07\/113-1024x768.jpg\" sizes=\"auto, (max-width: 700px) 100vw, 700px\" srcset=\"http:\/\/pavlaapostolaki.com\/wp-content\/uploads\/2017\/07\/113-1024x768.jpg 1024w, http:\/\/pavlaapostolaki.com\/wp-content\/uploads\/2017\/07\/113-300x225.jpg 300w, http:\/\/pavlaapostolaki.com\/wp-content\/uploads\/2017\/07\/113-768x576.jpg 768w\" alt=\"\" width=\"700\" height=\"525\" \/><\/a><\/p>\n<p>&nbsp;<\/p>\n<p><strong>Do\u011fubayaz\u0131t<\/strong><strong>\u00a0<\/strong><\/p>\n<p>M\u011bsto testosteronu vzd\u00e1len\u00e9 pouh\u00fdch t\u0159icet kilometr\u016f od \u00edr\u00e1nsk\u00fdch hranic, pat\u0159\u00ed voj\u00e1k\u016fm, obchodn\u00edk\u016fm a horolezc\u016fm. A tak nen\u00ed divu, \u017ee se tu moc \u017een nevyskytuje. Nav\u00edc zde panuje i konzervativn\u00ed etiketa. Na ve\u0159ejnosti se zde mu\u017e se \u017eenou nel\u00edb\u00e1, nedr\u017e\u00ed za ruku, neobj\u00edm\u00e1, i kdy\u017e jsou partne\u0159i \u010di man\u017eel\u00e9.<\/p>\n<p>&nbsp;<\/p>\n<p><a href=\"http:\/\/pavlaapostolaki.com\/wp-content\/uploads\/2016\/02\/072.jpg\"><img loading=\"lazy\" decoding=\"async\" class=\"alignnone size-large wp-image-194\" src=\"http:\/\/pavlaapostolaki.com\/wp-content\/uploads\/2016\/02\/072-768x1024.jpg\" sizes=\"auto, (max-width: 700px) 100vw, 700px\" srcset=\"http:\/\/pavlaapostolaki.com\/wp-content\/uploads\/2016\/02\/072-768x1024.jpg 768w, http:\/\/pavlaapostolaki.com\/wp-content\/uploads\/2016\/02\/072-225x300.jpg 225w\" alt=\"\" width=\"700\" height=\"933\" \/><\/a><\/p>\n<p>&nbsp;<\/p>\n<p><strong>Pal\u00e1c Ishak Pa\u0161a<\/strong><\/p>\n<p>Pobyt ve velkolep\u00e9 stavb\u011b na vrcholu hory Karaburn p\u0159ipom\u00edn\u00e1 poh\u00e1dku \u201eTis\u00edc a jedna noc\u201c. Fascinuj\u00edc\u00ed komplex ze 17. stolet\u00ed byl strategick\u00fdm m\u00edstem chr\u00e1n\u00edc\u00edm kupeckou stezku vedouc\u00ed mezi Osmanskou a Perskou \u0159\u00ed\u0161\u00ed.<\/p>\n<p>&nbsp;<\/p>\n<p><a href=\"http:\/\/pavlaapostolaki.com\/wp-content\/uploads\/2016\/02\/002.jpeg\"><img loading=\"lazy\" decoding=\"async\" class=\"alignnone size-large wp-image-1063\" src=\"http:\/\/pavlaapostolaki.com\/wp-content\/uploads\/2016\/02\/002-1024x768.jpeg\" sizes=\"auto, (max-width: 700px) 100vw, 700px\" srcset=\"http:\/\/pavlaapostolaki.com\/wp-content\/uploads\/2016\/02\/002-1024x768.jpeg 1024w, http:\/\/pavlaapostolaki.com\/wp-content\/uploads\/2016\/02\/002-300x225.jpeg 300w, http:\/\/pavlaapostolaki.com\/wp-content\/uploads\/2016\/02\/002-768x576.jpeg 768w, http:\/\/pavlaapostolaki.com\/wp-content\/uploads\/2016\/02\/002.jpeg 1280w\" alt=\"\" width=\"700\" height=\"525\" \/><\/a><\/p>\n<p>&nbsp;<\/p>\n<p>&nbsp;<\/p>\n<p><strong>\u00a0<\/strong><\/p>\n<p>&nbsp;<\/p>\n<p style=\"text-align: justify;\"><strong><a href=\"https:\/\/savourturkey.com\/cz\/wp-content\/uploads\/sites\/2\/2016\/02\/PK-Instinkt-e1455823064337.jpg\"><img loading=\"lazy\" decoding=\"async\" class=\"alignleft wp-image-699 size-full\" src=\"https:\/\/savourturkey.com\/cz\/wp-content\/uploads\/sites\/2\/2016\/02\/PK-Instinkt-e1455823064337.jpg\" alt=\"\" width=\"150\" height=\"225\" \/><\/a>LEKTORKA: Mgr. Pavla Apostolaki<\/strong><\/p>\n<p style=\"text-align: justify;\">Pavla Apostolaki\u00a0pracuje jako nez\u00e1visl\u00e1 novin\u00e1\u0159ka.\u00a0Cestuje po sv\u011bt\u011b a p\u00ed\u0161e \u010dl\u00e1nky, se kter\u00fdmi se m\u016f\u017eete pravideln\u011b setk\u00e1vat v \u010dasopise Lid\u00e9 a Zem\u011b, Xantypa, E15, Moje Zdrav\u00ed, Venkov a styl, Fitness, Ski Magaz\u00edn a v dal\u0161\u00edch novin\u00e1ch, \u010dasopisech a na internetov\u00fdch port\u00e1lech. Pro internetov\u00fd den\u00edk Svobodn\u00e9 f\u00f3rum pracuje jako zvl\u00e1\u0161tn\u00ed zpravodajka z\u00a0Turecka.\u00a0Pravideln\u011b vystupuje v \u010cesk\u00e9m rozhlase Dvojka, na Radio\u017eurn\u00e1lu, \u00a0spolupracuje s\u00a0\u010ceskou televiz\u00ed.\u00a0Pracuje a \u017eije st\u0159\u00eddav\u011b v\u00a0\u010cesk\u00e9 republice a v\u00a0Turecku.<\/p>\n<p>&nbsp;<\/p>\n<p>&nbsp;<\/p>\n<p><strong>D\u00c9LKA TRV\u00c1N\u00cd P\u0158EDN\u00c1\u0160KY:<\/strong><\/p>\n<p>1 &#8211; 2 hodiny (na z\u00e1klad\u011b dohody s organiz\u00e1torem p\u0159edn\u00e1\u0161ky)<\/p>\n<p>&nbsp;<\/p>\n<p><strong>TECHNICK\u00c9 VYBAVEN\u00cd PRO P\u0158EDN\u00c1\u0160KU:<\/strong><\/p>\n<p>Mikroport pop\u0159. mikrofon<\/p>\n<p>PC, projek\u010dn\u00ed pl\u00e1tno<\/p>\n<p><strong>\u00a0<\/strong><\/p>\n<p>&nbsp;<\/p>\n<p><strong>OBJEDN\u00c1VKA P\u0158EDN\u00c1\u0160KY:<\/strong><\/p>\n<p>M\u00e1te-li z\u00e1jem o p\u0159edn\u00e1\u0161ku &#8222;Vychodn\u00ed Anatolie &#8211; divok\u00e1 a kr\u00e1sn\u00e1 dcera Turecka&#8220;, kontaktujte n\u00e1s pros\u00edm na info@savourturkey.com<\/p>\n","protected":false},"excerpt":{"rendered":"<p>&nbsp; &nbsp; T\u0159i m\u011bs\u00edce Pavla Apostolaki putovala po v\u00fdchodn\u00ed Anat\u00f3li\u00ed. Str\u00e1vila \u010das s\u00a0horsk\u00fdmi v\u016fdci na Araratu, \u017eila v\u00a0kurdsk\u00fdch vesnic\u00edch a poznala tvrd\u00fd \u017eivot na v\u00fdchodoanatolsk\u00e9m venkov\u011b. Pavla Apostolaki v\u00e1s zavede na m\u00edsta, kter\u00e1 z\u016fst\u00e1vaj\u00ed b\u011b\u017en\u00fdm turist\u016fm skryta a p\u0159edstav\u00ed v\u00e1m&hellip; <\/p>\n","protected":false},"author":1,"featured_media":0,"parent":686,"menu_order":4,"comment_status":"closed","ping_status":"closed","template":"","meta":{"_acf_changed":false,"footnotes":""},"tags":[88,17,21,87,61,399,11,431,432,429,13,34,28,14],"class_list":["post-811","page","type-page","status-publish","hentry","tag-akdamar","tag-ararat","tag-dogubayazit","tag-jezero-van","tag-noemova-archa","tag-palac-ishak-pasa","tag-pavla-apostolaki","tag-prednaska","tag-prednaska-vychodni-anatolie","tag-prednasky-turecko","tag-turecko","tag-van","tag-vanske-kocky","tag-vychodni-anatolie"],"acf":[],"_links":{"self":[{"href":"https:\/\/savourturkey.com\/cz\/wp-json\/wp\/v2\/pages\/811","targetHints":{"allow":["GET"]}}],"collection":[{"href":"https:\/\/savourturkey.com\/cz\/wp-json\/wp\/v2\/pages"}],"about":[{"href":"https:\/\/savourturkey.com\/cz\/wp-json\/wp\/v2\/types\/page"}],"author":[{"embeddable":true,"href":"https:\/\/savourturkey.com\/cz\/wp-json\/wp\/v2\/users\/1"}],"replies":[{"embeddable":true,"href":"https:\/\/savourturkey.com\/cz\/wp-json\/wp\/v2\/comments?post=811"}],"version-history":[{"count":3,"href":"https:\/\/savourturkey.com\/cz\/wp-json\/wp\/v2\/pages\/811\/revisions"}],"predecessor-version":[{"id":816,"href":"https:\/\/savourturkey.com\/cz\/wp-json\/wp\/v2\/pages\/811\/revisions\/816"}],"up":[{"embeddable":true,"href":"https:\/\/savourturkey.com\/cz\/wp-json\/wp\/v2\/pages\/686"}],"wp:attachment":[{"href":"https:\/\/savourturkey.com\/cz\/wp-json\/wp\/v2\/media?parent=811"}],"wp:term":[{"taxonomy":"post_tag","embeddable":true,"href":"https:\/\/savourturkey.com\/cz\/wp-json\/wp\/v2\/tags?post=811"}],"curies":[{"name":"wp","href":"https:\/\/api.w.org\/{rel}","templated":true}]}}