{"id":861,"date":"2019-02-02T19:03:14","date_gmt":"2019-02-02T18:03:14","guid":{"rendered":"http:\/\/savourturkey.com\/cz\/?page_id=861"},"modified":"2019-02-02T19:17:41","modified_gmt":"2019-02-02T18:17:41","slug":"bursa","status":"publish","type":"page","link":"https:\/\/savourturkey.com\/cz\/turistika\/kulturni-turistika\/bursa\/","title":{"rendered":"Bursa"},"content":{"rendered":"<p>&nbsp;<\/p>\n<p><a href=\"https:\/\/savourturkey.com\/cz\/wp-content\/uploads\/sites\/2\/2019\/01\/119.jpeg\"><img loading=\"lazy\" decoding=\"async\" class=\"alignnone size-full wp-image-855\" src=\"https:\/\/savourturkey.com\/cz\/wp-content\/uploads\/sites\/2\/2019\/01\/119.jpeg\" alt=\"\" width=\"4128\" height=\"2322\" srcset=\"https:\/\/savourturkey.com\/cz\/wp-content\/uploads\/sites\/2\/2019\/01\/119.jpeg 4128w, https:\/\/savourturkey.com\/cz\/wp-content\/uploads\/sites\/2\/2019\/01\/119-300x169.jpeg 300w, https:\/\/savourturkey.com\/cz\/wp-content\/uploads\/sites\/2\/2019\/01\/119-768x432.jpeg 768w, https:\/\/savourturkey.com\/cz\/wp-content\/uploads\/sites\/2\/2019\/01\/119-1024x576.jpeg 1024w\" sizes=\"auto, (max-width: 4128px) 100vw, 4128px\" \/><\/a><\/p>\n<p>&nbsp;<\/p>\n<p>\u010ctvrt\u00e9 nejv\u011bt\u0161\u00ed m\u011bsto Turecka bylo sv\u00e9ho \u010dasu hlavn\u00edm s\u00eddlem Osmansk\u00e9 \u0159\u00ed\u0161e.<\/p>\n<p>Jej\u00ed lesk a sl\u00e1va Bursy se odrazila na jej\u00ed historii, kultu\u0159e a gastronomii.<\/p>\n<p>Je pln\u00e1 architektonick\u00fdch skvost\u016f, tradi\u010dn\u00edch \u0159emesel, hedv\u00e1bn\u00fdch kr\u00e1mk\u016f a skv\u011bl\u00fdch lah\u016fdek.<\/p>\n<p>Poj\u010fte s n\u00e1mi poznat to nejlep\u0161\u00ed z Bursy a za\u017e\u00edt jej\u00ed autentickou atmosf\u00e9ru.<\/p>\n<p>&nbsp;<\/p>\n<p>&nbsp;<\/p>\n<p><strong>PROGRAM:<\/strong><\/p>\n<p><strong>Koza Han<\/strong><\/p>\n<p>Bursa byla jednou ze zast\u00e1vek Hedv\u00e1bn\u00e9 stezky, kter\u00e1 vedla z v\u00fdchodn\u00ed Asie do St\u0159edomo\u0159\u00ed. Proto se stala v\u00fdznamn\u00fdm prodejn\u00edm centrem hedv\u00e1b\u00ed a pozd\u011bji dokonce jeho v\u00fdrobcem. D\u00edky t\u00e9to skute\u010dnosti vzniklo v Burse mnoho historick\u00fdch budov \u201ehan\u016f\u201c, kde se hedv\u00e1b\u00ed skladovalo a prod\u00e1valo. Vyprav\u00edme se do slavn\u00e9ho Koza Hanu, kde nav\u0161t\u00edv\u00edme kr\u00e1mky s hedv\u00e1bn\u00fdmi \u0161\u00e1tky, \u0161\u00e1lami. Dozv\u00edte se jak se\u00a0hedv\u00e1b\u00ed dov\u00e1\u017eelo, vyr\u00e1b\u011blo a jak jeho v\u00fdroba pokra\u010duje dnes.<\/p>\n<p>&nbsp;<\/p>\n<p><strong>Ulu Cami\u00a0<\/strong><\/p>\n<p>Me\u0161ita Ulu Cami pat\u0159\u00ed k nejv\u011bt\u0161\u00edm a k nejkr\u00e1sn\u011bj\u0161\u00edm v Turecku. Jej\u00ed elegantn\u00ed interi\u00e9r zdob\u00ed b\u00e9\u017eovo \u2013 hn\u011bd\u00e1 barva, obdivuhodn\u00e9 kaligrafick\u00e9 n\u00e1pisy a n\u00e1dhern\u011b vy\u0159ez\u00e1van\u00e9 d\u0159ev\u011bn\u00e9 minbary. Raritou v Ulu Cami je pak font\u00e1na s vodou um\u00edst\u011bn\u00e1 p\u0159\u00edmo ve st\u0159edu svatost\u00e1nku.<\/p>\n<p>&nbsp;<\/p>\n<p><strong>Irgandi most<\/strong><\/p>\n<p>Irgandi most je jedn\u00edm ze t\u0159\u00ed most\u016f na sv\u011bt\u011b, na kter\u00e9m je um\u00edst\u011bn bazar a d\u00edlny \u0159emesln\u00edk\u016f. Nav\u0161t\u00edv\u00edme ojedin\u011blou stavbu, nahl\u00e9dneme do d\u00edlen a sezn\u00e1m\u00edme se s tradi\u010dn\u00edmi tureck\u00fdmi \u0159emesly.<\/p>\n<p>&nbsp;<\/p>\n<p><strong>Ye\u015fil komplex<\/strong><\/p>\n<p>N\u00e1dhernou uk\u00e1zkou osmansk\u00e9 architektury je Ye\u015fil komplex. Tvo\u0159\u00ed jej me\u0161ita, v\u00fdva\u0159ovna pro chud\u00e9, hamam a hrobka. A pr\u00e1v\u011b m\u00edsto posledn\u00edho odpo\u010dinku osmansk\u00fdch sult\u00e1n\u016f je venku i uvnit\u0159 vyzdobeno n\u00e1dhern\u00fdmi zelenomodr\u00fdmi dla\u017edi\u010dkami. Projdeme si spolu mal\u00fd are\u00e1l a nav\u0161t\u00edv\u00edme i p\u016fvabn\u00e9 Hedv\u00e1bn\u00e9 domy v bl\u00edzk\u00e9m sousedstv\u00ed.<\/p>\n<p>&nbsp;<\/p>\n<p><strong>Atat\u00fcrk\u016fv d\u016fm<\/strong><\/p>\n<p>Nav\u0161t\u00edv\u00edme spolu Atat\u00fcrk\u016fv d\u016fm, kter\u00fd tureck\u00fd prezident dostal od m\u011bsta Bursy darem. Atat\u00fcrk zde pob\u00fdval p\u0159i ka\u017ed\u00e9 n\u00e1v\u0161t\u011bv\u011b Bursy. Po jeho smrti z\u016fstal ve\u0161ker\u00fd interi\u00e9r vily zachov\u00e1n. Prohl\u00e9dneme si tak p\u0159ij\u00edmac\u00ed salon, j\u00eddelnu, odpo\u010d\u00edv\u00e1rnu, lo\u017enici, pracovnu a p\u0159edm\u011bty, kter\u00e9 pat\u0159ily zakladateli Tureck\u00e9 republiky. Z\u00e1rove\u0148 se sezn\u00e1m\u00edme se poutav\u00fdm \u017eivotn\u00edm p\u0159\u00edb\u011bhem tohoto vojev\u016fdce a st\u00e1tn\u00edka.<\/p>\n<p>&nbsp;<\/p>\n<p><strong>Karag\u00f6z muzeum<\/strong><\/p>\n<p>St\u00ednov\u00e9 divadlo karag\u00f6z pat\u0159ilo k z\u00e1bav\u011b prost\u00fdch lid\u00ed. Vzniklo ve 14. stolet\u00ed v Burse, odkud se roz\u0161\u00ed\u0159ilo do cel\u00e9 Osmansk\u00e9 \u0159\u00ed\u0161e. Jeho popularita p\u0159etrvala a\u017e do dne\u0161n\u00edch \u010das\u016f a Turci r\u00e1di nav\u0161t\u011bvuj\u00ed p\u0159edstaven\u00ed konaj\u00edc\u00ed se v temn\u00e9 m\u00edstnosti. Nav\u0161t\u00edv\u00edme mal\u00e9 muzeum a pod\u00edv\u00e1me se na tradi\u010dn\u00ed \u017e\u00e1nr tureck\u00e9 kultury.<\/p>\n<p>&nbsp;<\/p>\n<p><strong>Eski Kaplica<\/strong><\/p>\n<p>P\u0159es sedm set let star\u00e9 l\u00e1zn\u011b byly vystav\u011bny na m\u00edst\u011b b\u00fdval\u00fdch byzantsk\u00fdch l\u00e1zn\u00edch. Tomu odpov\u00edd\u00e1 exteri\u00e9r i interi\u00e9r budovy. Je v cihlov\u00e9m, byzantsk\u00e9m stylu s kupolovou st\u0159echou. Uvnit\u0159 l\u00e1zn\u00ed vyv\u011br\u00e1 hork\u00fd l\u00e9\u010div\u00fd pramen. Pobyt v baz\u00e9nu m\u00e1 p\u0159\u00edzniv\u00fd vliv na klouby, ledviny, kardiovaskul\u00e1rn\u00ed soustavu, st\u0159evn\u00ed trakt a na \u017eensk\u00e9 org\u00e1ny.<\/p>\n<p>&nbsp;<\/p>\n<p><strong>Iskender kebab<\/strong><\/p>\n<p>Ka\u017ed\u00e1 z tureck\u00fdch provinci\u00ed m\u00e1 svoji specialitu. Stejn\u011b je tomu i v Burse, kde je nejobl\u00edben\u011bj\u0161\u00edm j\u00eddlem Iskender kebab. Zajdeme ho ochutnat do m\u00edstn\u00edho podniku a p\u0159i ukusov\u00e1n\u00ed lahodn\u00fdch soust, se sezn\u00e1m\u00edme se vznikem a histori\u00ed tohoto pokrmu.<\/p>\n<p>&nbsp;<\/p>\n<p><a href=\"https:\/\/savourturkey.com\/cz\/wp-content\/uploads\/sites\/2\/2019\/01\/193.jpeg\"><img loading=\"lazy\" decoding=\"async\" class=\"alignnone size-large wp-image-856\" src=\"https:\/\/savourturkey.com\/cz\/wp-content\/uploads\/sites\/2\/2019\/01\/193-1024x576.jpeg\" alt=\"\" width=\"700\" height=\"394\" srcset=\"https:\/\/savourturkey.com\/cz\/wp-content\/uploads\/sites\/2\/2019\/01\/193-1024x576.jpeg 1024w, https:\/\/savourturkey.com\/cz\/wp-content\/uploads\/sites\/2\/2019\/01\/193-300x169.jpeg 300w, https:\/\/savourturkey.com\/cz\/wp-content\/uploads\/sites\/2\/2019\/01\/193-768x432.jpeg 768w\" sizes=\"auto, (max-width: 700px) 100vw, 700px\" \/><\/a><\/p>\n<p>&nbsp;<\/p>\n<p>&nbsp;<\/p>\n<p><strong>PR\u016eVODCOVSK\u00c9 SLU\u017dBY:<\/strong><\/p>\n<p>Pr\u016fvodcovsk\u00e9 slu\u017eby poskytujeme v Burse pro jednotlivce nebo skupiny.<\/p>\n<p>D\u00edky tomu, \u017ee st\u0159\u00eddav\u011b pracujeme a \u017eijeme v\u00a0\u010cesk\u00e9 republice a v\u00a0Turecku za\u017eijete autentickou a velmi atraktivn\u00ed prohl\u00eddku Bursy.<\/p>\n<p>Navrhne v\u00e1m prohl\u00eddkovou trasu na z\u00e1klad\u011b va\u0161\u00ed dostupnosti, \u010dasu, va\u0161ich p\u0159\u00e1n\u00ed a preferenc\u00ed.<\/p>\n<p>&nbsp;<\/p>\n<p>&nbsp;<\/p>\n<p><strong>VA\u0160E V\u00ddHODY, KDY\u017d SI NAJMETE SOUKROM\u00c9HO PR\u016eVODCE:<\/strong><\/p>\n<p>Dostanete individu\u00e1ln\u00ed p\u00e9\u010di zalo\u017eenou na va\u0161ich p\u0159\u00e1n\u00edch, z\u00e1jmech a preferenc\u00edch.<\/p>\n<p>Nav\u0161t\u00edv\u00edte m\u00edsta, kam se b\u011b\u017en\u00ed turist\u00e9 nedostanou, a kter\u00e1 nejsou v turistick\u00fdch pr\u016fvodc\u00edch.<\/p>\n<p>Budete m\u00edt dostatek \u010dasu na dotazy, zast\u00e1vky a po\u0159izov\u00e1n\u00ed fotografi\u00ed dle va\u0161\u00ed pot\u0159eby.<\/p>\n<p>U\u0161et\u0159\u00edte spoustu \u010dasu \u2013 nezabloud\u00edte, nebudete st\u00e1t fronty na pam\u00e1tky, nebudete hledat lokality, kter\u00e9 chcete vid\u011bt.<\/p>\n<p>Velmi efektivn\u011b str\u00e1v\u00edte \u010das v Burse \u2013 b\u011bhem va\u0161eho pobytu uvid\u00edte velk\u00e9 mno\u017estv\u00ed lokalit (samoz\u0159ejm\u011b dle va\u0161ich p\u0159\u00e1n\u00ed) a u\u017eijete si spoustu z\u00e1\u017eitk\u016f.<\/p>\n<p>Pozn\u00e1te zaj\u00edmav\u00e9 p\u0159\u00edb\u011bhy, kter\u00e9 nejsou uvedeny v\u00a0pr\u016fvodc\u00edch.<\/p>\n<p>Dozv\u00edte se kvalifikovan\u00e9 a nezkreslen\u00e9\u00a0 informace.<\/p>\n<p>&nbsp;<\/p>\n<p>&nbsp;<\/p>\n<p><strong>PRO INFORMACE A REZERVACE PI\u0160TE NA MAIL:<\/strong><\/p>\n<p>e-mail: savourturkey@gmail.com<\/p>\n","protected":false},"excerpt":{"rendered":"<p>&nbsp; &nbsp; \u010ctvrt\u00e9 nejv\u011bt\u0161\u00ed m\u011bsto Turecka bylo sv\u00e9ho \u010dasu hlavn\u00edm s\u00eddlem Osmansk\u00e9 \u0159\u00ed\u0161e. Jej\u00ed lesk a sl\u00e1va Bursy se odrazila na jej\u00ed historii, kultu\u0159e a gastronomii. Je pln\u00e1 architektonick\u00fdch skvost\u016f, tradi\u010dn\u00edch \u0159emesel, hedv\u00e1bn\u00fdch kr\u00e1mk\u016f a skv\u011bl\u00fdch lah\u016fdek. Poj\u010fte s n\u00e1mi&hellip; <\/p>\n","protected":false},"author":1,"featured_media":0,"parent":36,"menu_order":0,"comment_status":"closed","ping_status":"closed","template":"","meta":{"_acf_changed":false,"footnotes":""},"tags":[110,459,453,457,355,458,460,455,13],"class_list":["post-861","page","type-page","status-publish","hentry","tag-bursa","tag-dovolena-bursa","tag-dovolena-v-turecku","tag-hedvabi","tag-hedvabna-stezka","tag-pruvodce-bursa","tag-pruvodce-v-burse","tag-pruvodce-v-turecku","tag-turecko"],"acf":[],"_links":{"self":[{"href":"https:\/\/savourturkey.com\/cz\/wp-json\/wp\/v2\/pages\/861","targetHints":{"allow":["GET"]}}],"collection":[{"href":"https:\/\/savourturkey.com\/cz\/wp-json\/wp\/v2\/pages"}],"about":[{"href":"https:\/\/savourturkey.com\/cz\/wp-json\/wp\/v2\/types\/page"}],"author":[{"embeddable":true,"href":"https:\/\/savourturkey.com\/cz\/wp-json\/wp\/v2\/users\/1"}],"replies":[{"embeddable":true,"href":"https:\/\/savourturkey.com\/cz\/wp-json\/wp\/v2\/comments?post=861"}],"version-history":[{"count":3,"href":"https:\/\/savourturkey.com\/cz\/wp-json\/wp\/v2\/pages\/861\/revisions"}],"predecessor-version":[{"id":866,"href":"https:\/\/savourturkey.com\/cz\/wp-json\/wp\/v2\/pages\/861\/revisions\/866"}],"up":[{"embeddable":true,"href":"https:\/\/savourturkey.com\/cz\/wp-json\/wp\/v2\/pages\/36"}],"wp:attachment":[{"href":"https:\/\/savourturkey.com\/cz\/wp-json\/wp\/v2\/media?parent=861"}],"wp:term":[{"taxonomy":"post_tag","embeddable":true,"href":"https:\/\/savourturkey.com\/cz\/wp-json\/wp\/v2\/tags?post=861"}],"curies":[{"name":"wp","href":"https:\/\/api.w.org\/{rel}","templated":true}]}}