{"id":867,"date":"2019-02-02T19:20:06","date_gmt":"2019-02-02T18:20:06","guid":{"rendered":"http:\/\/savourturkey.com\/cz\/?page_id=867"},"modified":"2019-12-30T15:48:33","modified_gmt":"2019-12-30T14:48:33","slug":"lyzovani-v-turecku","status":"publish","type":"page","link":"https:\/\/savourturkey.com\/cz\/turistika\/lyzovani-v-turecku\/","title":{"rendered":"Ly\u017eov\u00e1n\u00ed v Turecku"},"content":{"rendered":"<p><a href=\"https:\/\/savourturkey.com\/cz\/wp-content\/uploads\/sites\/2\/2019\/02\/033.jpg\"><img loading=\"lazy\" decoding=\"async\" class=\"alignnone size-full wp-image-879\" src=\"https:\/\/savourturkey.com\/cz\/wp-content\/uploads\/sites\/2\/2019\/02\/033.jpg\" alt=\"\" width=\"960\" height=\"540\" srcset=\"https:\/\/savourturkey.com\/cz\/wp-content\/uploads\/sites\/2\/2019\/02\/033.jpg 960w, https:\/\/savourturkey.com\/cz\/wp-content\/uploads\/sites\/2\/2019\/02\/033-300x169.jpg 300w, https:\/\/savourturkey.com\/cz\/wp-content\/uploads\/sites\/2\/2019\/02\/033-768x432.jpg 768w\" sizes=\"auto, (max-width: 960px) 100vw, 960px\" \/><\/a><\/p>\n<p>&nbsp;<\/p>\n<p>Turecko je jednou z nejkr\u00e1sn\u011bj\u0161\u00edch destinac\u00ed pro zimn\u00ed turistiku a dovolenou na ly\u017e\u00edch.<\/p>\n<p>D\u00edky impozantn\u00edm hor\u00e1m, kde v\u017edy le\u017e\u00ed bohat\u00e1 sn\u011bhov\u00e1 nad\u00edlka, jsou ly\u017ea\u0159sk\u00e1 st\u0159ediska v Turecku ide\u00e1ln\u00ed pro zimn\u00ed dovolenou.<\/p>\n<p>Disponuj\u00ed kvalitn\u00edmi sjezdovkami, ter\u00e9ny pro skialpov\u00e9 t\u00fary,\u00a0<span style=\"font-size: 14px;\">b\u011b\u017eeck\u00fdmi trat\u011bmi, luxusn\u00edmi a elegantn\u00edmi hotely v okouzluj\u00edc\u00ed p\u0159\u00edrod\u011b.<\/span><\/p>\n<p>Milovn\u00edci rychl\u00fdch skluznic si\u00a0v Turecku\u00a0u\u017eij\u00ed nejen par\u00e1dn\u00ed ly\u017eov\u00e1n\u00ed, n\u00fdbr\u017e i skv\u011blou tureckou kuchyni, koup\u00e1n\u00ed v term\u00e1ln\u00edch pramenech a tureckou\u00a0koupel (hamam).<\/p>\n<p>&nbsp;<\/p>\n<p>&nbsp;<\/p>\n<p>&nbsp;<\/p>\n","protected":false},"excerpt":{"rendered":"<p>&nbsp; Turecko je jednou z nejkr\u00e1sn\u011bj\u0161\u00edch destinac\u00ed pro zimn\u00ed turistiku a dovolenou na ly\u017e\u00edch. D\u00edky impozantn\u00edm hor\u00e1m, kde v\u017edy le\u017e\u00ed bohat\u00e1 sn\u011bhov\u00e1 nad\u00edlka, jsou ly\u017ea\u0159sk\u00e1 st\u0159ediska v Turecku ide\u00e1ln\u00ed pro zimn\u00ed dovolenou. Disponuj\u00ed kvalitn\u00edmi sjezdovkami, ter\u00e9ny pro skialpov\u00e9 t\u00fary,\u00a0b\u011b\u017eeck\u00fdmi trat\u011bmi,&hellip; <\/p>\n","protected":false},"author":1,"featured_media":0,"parent":30,"menu_order":0,"comment_status":"closed","ping_status":"closed","template":"","meta":{"_acf_changed":false,"footnotes":""},"tags":[453,463,465,469,461,466],"class_list":["post-867","page","type-page","status-publish","hentry","tag-dovolena-v-turecku","tag-hory-turecko","tag-lyze-turecko","tag-lyzovani-turecko","tag-lyzovani-v-turecku","tag-skialp-v-turecku"],"acf":[],"_links":{"self":[{"href":"https:\/\/savourturkey.com\/cz\/wp-json\/wp\/v2\/pages\/867","targetHints":{"allow":["GET"]}}],"collection":[{"href":"https:\/\/savourturkey.com\/cz\/wp-json\/wp\/v2\/pages"}],"about":[{"href":"https:\/\/savourturkey.com\/cz\/wp-json\/wp\/v2\/types\/page"}],"author":[{"embeddable":true,"href":"https:\/\/savourturkey.com\/cz\/wp-json\/wp\/v2\/users\/1"}],"replies":[{"embeddable":true,"href":"https:\/\/savourturkey.com\/cz\/wp-json\/wp\/v2\/comments?post=867"}],"version-history":[{"count":6,"href":"https:\/\/savourturkey.com\/cz\/wp-json\/wp\/v2\/pages\/867\/revisions"}],"predecessor-version":[{"id":880,"href":"https:\/\/savourturkey.com\/cz\/wp-json\/wp\/v2\/pages\/867\/revisions\/880"}],"up":[{"embeddable":true,"href":"https:\/\/savourturkey.com\/cz\/wp-json\/wp\/v2\/pages\/30"}],"wp:attachment":[{"href":"https:\/\/savourturkey.com\/cz\/wp-json\/wp\/v2\/media?parent=867"}],"wp:term":[{"taxonomy":"post_tag","embeddable":true,"href":"https:\/\/savourturkey.com\/cz\/wp-json\/wp\/v2\/tags?post=867"}],"curies":[{"name":"wp","href":"https:\/\/api.w.org\/{rel}","templated":true}]}}