{"id":875,"date":"2019-02-04T14:37:26","date_gmt":"2019-02-04T13:37:26","guid":{"rendered":"http:\/\/savourturkey.com\/cz\/?page_id=875"},"modified":"2019-12-30T16:30:21","modified_gmt":"2019-12-30T15:30:21","slug":"uludag-bursa","status":"publish","type":"page","link":"https:\/\/savourturkey.com\/cz\/turistika\/lyzovani-v-turecku\/uludag-bursa\/","title":{"rendered":"Uluda\u011f (Bursa)"},"content":{"rendered":"<p>&nbsp;<\/p>\n<p><iframe loading=\"lazy\" width=\"700\" height=\"394\" src=\"https:\/\/www.youtube.com\/embed\/Vd8d3jI3Tu0?feature=oembed\" frameborder=\"0\" allow=\"accelerometer; autoplay; encrypted-media; gyroscope; picture-in-picture\" allowfullscreen><\/iframe><\/p>\n<p>zdroj Joey Weinman<\/p>\n<p>&nbsp;<\/p>\n<p>&nbsp;<\/p>\n<p>Horsk\u00e9 st\u0159edisko Uluda\u011f le\u017e\u00edc\u00ed t\u0159icet p\u011bt kilometr\u016f od Bursy, pat\u0159\u00ed mezi nejpopul\u00e1rn\u011bj\u0161\u00ed ly\u017ea\u0159sk\u00e9 are\u00e1ly v Turecku.<\/p>\n<p>Ly\u017ea\u0159sk\u00e1 sez\u00f3na zde za\u010d\u00edn\u00e1 v prosinci a kon\u010d\u00ed v p\u016flce dubna.<\/p>\n<p>&#8222;Tureck\u00fd Aspen&#8220; nav\u0161t\u011bvuje jak dom\u00e1c\u00ed, tak i zahrani\u010dn\u00ed klientela (p\u0159ev\u00e1\u017en\u011b Britov\u00e9, Nizozemci a N\u011bmci).<\/p>\n<p>Ly\u017ea\u0159i maj\u00ed k dispozici sedm seda\u010dkov\u00fdch lanovek a \u0161est ly\u017ea\u0159sk\u00fdch vlek\u016f.<\/p>\n<p>Celkov\u00e1 d\u00e9lka jeden\u00e1cti sjezdovek \u010din\u00ed 25 kilometr\u016f a sjezdov\u00e9 trat\u011b jsou um\u00edst\u011bn\u00e9\u00a0<span style=\"font-size: 14px;\">ve v\u00fd\u0161ce od 1750 a\u017e po 2235 metr\u016f nad mo\u0159em.\u00a0<\/span><\/p>\n<p>N\u00e1ro\u010dn\u00e9 ly\u017ea\u0159e uspokoj\u00ed ter\u00e9ny pro freeride a heliskiing (helikopt\u00e9ra v\u00e1s doprav\u00ed na a\u017e vrchol do v\u00fd\u0161ky 2543 metr\u016f nad mo\u0159em).<\/p>\n<p>Kvalita slu\u017eeb v ly\u017ea\u0159sk\u00e9m\u00a0st\u0159edisku Uluda\u011f (v\u010detn\u011b p\u016fj\u010doven ly\u017ea\u0159sk\u00e9ho vybaven\u00ed, instruktor\u016f a ly\u017ea\u0159sk\u00fdch \u0161kol) spl\u0148uje vysok\u00e9 n\u00e1roky.<\/p>\n<p>Uluda\u011f je malebnou lokalitou\u00a0 a krom\u011b hotel\u016f jej zdob\u00ed horsk\u00e9 d\u0159ev\u011bn\u00e9 chaty obklopen\u00e9 \u0161est set let star\u00fdm lesem.<\/p>\n<p>Je to ide\u00e1ln\u00ed m\u00edsto pro zimn\u00ed dovolenou v Turecku.<\/p>\n<p>&nbsp;<\/p>\n<p>&nbsp;<\/p>\n<p><strong>DOPRAVA:<\/strong><\/p>\n<p>Z Prahy p\u0159\u00edm\u00fd let do Istanbulu. Pot\u00e9 v\u00e1m zajist\u00edme dopravu z leti\u0161t\u011b v Istanbulu do Bursy (vzd\u00e1lenost je 150 km).<\/p>\n<p>Z \u010cesk\u00e9 republiky m\u016f\u017eete do Turecka let\u011bt se svou vlastn\u00ed ly\u017ea\u0159skou v\u00fdbavou. Leteck\u00e1 spole\u010dnost Turkish Airlines p\u0159epravuje zdarma jednu sadu (ly\u017ee nebo snowboard, h\u016flky, p\u0159ezk\u00e1\u010de, helma) nep\u0159esahuj\u00edc\u00ed dvacet t\u0159i kilogram\u016f.<\/p>\n<p>&nbsp;<\/p>\n<p>&nbsp;<\/p>\n<p><a href=\"https:\/\/savourturkey.com\/cz\/wp-content\/uploads\/sites\/2\/2019\/01\/004.jpeg\"><img loading=\"lazy\" decoding=\"async\" class=\"alignnone size-full wp-image-854\" src=\"https:\/\/savourturkey.com\/cz\/wp-content\/uploads\/sites\/2\/2019\/01\/004.jpeg\" alt=\"\" width=\"4608\" height=\"3456\" srcset=\"https:\/\/savourturkey.com\/cz\/wp-content\/uploads\/sites\/2\/2019\/01\/004.jpeg 4608w, https:\/\/savourturkey.com\/cz\/wp-content\/uploads\/sites\/2\/2019\/01\/004-300x225.jpeg 300w, https:\/\/savourturkey.com\/cz\/wp-content\/uploads\/sites\/2\/2019\/01\/004-768x576.jpeg 768w, https:\/\/savourturkey.com\/cz\/wp-content\/uploads\/sites\/2\/2019\/01\/004-1024x768.jpeg 1024w\" sizes=\"auto, (max-width: 4608px) 100vw, 4608px\" \/><\/a><\/p>\n<p>&nbsp;<\/p>\n<p>&nbsp;<\/p>\n<p><strong>DOPL\u0147KOV\u00dd PROGRAM:<\/strong><\/p>\n<p>Uluda\u011f je vzd\u00e1len\u00fd jen t\u0159icet p\u011bt kilometr\u016f od Bursy, od b\u00fdval\u00e9ho\u00a0hlavn\u00edho s\u00eddla Osmansk\u00e9 \u0159\u00ed\u0161e.<\/p>\n<p>Proto je Bursa pln\u00e1 kr\u00e1sn\u00fdch pam\u00e1tek a architektonick\u00fdch skvost\u016f.<\/p>\n<p>Najdete zde tak\u00e9 tradi\u010dn\u00ed \u0159emesla, bazary, kr\u00e1mky s hedv\u00e1b\u00edm a skv\u011bl\u00e9 gastronomick\u00e9 lah\u016fdky.<\/p>\n<p>Z\u00e1rove\u0148 si odpo\u010dinete ve starobyl\u00fdch byzantsk\u00fdch l\u00e1zn\u00edch, v term\u00e1ln\u00edch pramenech a v hamamu.<\/p>\n<p>Poj\u010fte s n\u00e1mi poznat to nejlep\u0161\u00ed z Bursy a za\u017e\u00edt jej\u00ed autentickou atmosf\u00e9ru.<\/p>\n<p>Pro bli\u017e\u0161\u00ed informace o programu v Burse klikn\u011bte na tento odkaz<\/p>\n<p><a href=\"https:\/\/savourturkey.com\/cz\/turistika\/kulturni-turistika\/bursa\/\">https:\/\/savourturkey.com\/cz\/turistika\/kulturni-turistika\/bursa\/<\/a><\/p>\n<p>&nbsp;<\/p>\n<p>Rozhodnete-li se z\u016fstat tak\u00e9 na p\u00e1r dn\u00ed v Istanbulu, zajist\u00edme v\u00e1m prohl\u00eddku m\u011bsta dle va\u0161eho p\u0159\u00e1n\u00ed.<\/p>\n<p>Pro bli\u017e\u0161\u00ed informace klikn\u011bte na tento odkaz<\/p>\n<p><a href=\"https:\/\/savourturkey.com\/cz\/turistika\/istanbul\/soukrome-prohlidky-v-istanbulu\/\">https:\/\/savourturkey.com\/cz\/turistika\/istanbul\/soukrome-prohlidky-v-istanbulu\/<\/a><\/p>\n<p>&nbsp;<\/p>\n<p><a href=\"https:\/\/savourturkey.com\/cz\/wp-content\/uploads\/sites\/2\/2019\/01\/119.jpeg\"><img loading=\"lazy\" decoding=\"async\" class=\"alignnone size-full wp-image-855\" src=\"https:\/\/savourturkey.com\/cz\/wp-content\/uploads\/sites\/2\/2019\/01\/119.jpeg\" alt=\"\" width=\"4128\" height=\"2322\" srcset=\"https:\/\/savourturkey.com\/cz\/wp-content\/uploads\/sites\/2\/2019\/01\/119.jpeg 4128w, https:\/\/savourturkey.com\/cz\/wp-content\/uploads\/sites\/2\/2019\/01\/119-300x169.jpeg 300w, https:\/\/savourturkey.com\/cz\/wp-content\/uploads\/sites\/2\/2019\/01\/119-768x432.jpeg 768w, https:\/\/savourturkey.com\/cz\/wp-content\/uploads\/sites\/2\/2019\/01\/119-1024x576.jpeg 1024w\" sizes=\"auto, (max-width: 4128px) 100vw, 4128px\" \/><\/a><\/p>\n<p>&nbsp;<\/p>\n<p>&nbsp;<\/p>\n<p><strong>ZAJIST\u00cdME V\u00c1M:<\/strong><\/p>\n<p>dopravu z Istanbulu na\u00a0Uluda\u011f a zp\u011bt<\/p>\n<p>stravov\u00e1n\u00ed a ubytov\u00e1n\u00ed na\u00a0Uluda\u011fu (hotely maj\u00ed k dispozici sauny, fitness centra, baz\u00e9ny)<\/p>\n<p>prohl\u00eddku Bursy<\/p>\n<p>prohl\u00eddku Istanbulu<\/p>\n<p>n\u00e1v\u0161t\u011bvu l\u00e1zn\u00ed, hork\u00fdch pramen\u016f a hamamu<\/p>\n<p>dal\u0161\u00ed va\u0161e p\u0159\u00e1n\u00ed a po\u017eadavky<\/p>\n<p>&nbsp;<\/p>\n<p>&nbsp;<\/p>\n<p><strong>PRO INFORMACE A REZERVACE PI\u0160TE NA EMAIL:<\/strong><\/p>\n<p>savourturkey@gmail.com<\/p>\n<p>&nbsp;<\/p>\n","protected":false},"excerpt":{"rendered":"<p>&nbsp; zdroj Joey Weinman &nbsp; &nbsp; Horsk\u00e9 st\u0159edisko Uluda\u011f le\u017e\u00edc\u00ed t\u0159icet p\u011bt kilometr\u016f od Bursy, pat\u0159\u00ed mezi nejpopul\u00e1rn\u011bj\u0161\u00ed ly\u017ea\u0159sk\u00e9 are\u00e1ly v Turecku. Ly\u017ea\u0159sk\u00e1 sez\u00f3na zde za\u010d\u00edn\u00e1 v prosinci a kon\u010d\u00ed v p\u016flce dubna. &#8222;Tureck\u00fd Aspen&#8220; nav\u0161t\u011bvuje jak dom\u00e1c\u00ed, tak i&hellip; <\/p>\n","protected":false},"author":1,"featured_media":0,"parent":867,"menu_order":0,"comment_status":"closed","ping_status":"closed","template":"","meta":{"_acf_changed":false,"footnotes":""},"tags":[110,562,453,467,468,470,469,461,471,563,560,464,564],"class_list":["post-875","page","type-page","status-publish","hentry","tag-bursa","tag-bursa-turecko","tag-dovolena-v-turecku","tag-freeride-v-turecku","tag-heliskiing-v-turecku","tag-lyzarska-strediska-turecko","tag-lyzovani-turecko","tag-lyzovani-v-turecku","tag-nejlepsi-lyzarske-arealy-v-turecku","tag-prohlidka-bursy","tag-prohlidka-istanbulu","tag-uludag","tag-zimni-dovolena-v-turecku"],"acf":[],"_links":{"self":[{"href":"https:\/\/savourturkey.com\/cz\/wp-json\/wp\/v2\/pages\/875","targetHints":{"allow":["GET"]}}],"collection":[{"href":"https:\/\/savourturkey.com\/cz\/wp-json\/wp\/v2\/pages"}],"about":[{"href":"https:\/\/savourturkey.com\/cz\/wp-json\/wp\/v2\/types\/page"}],"author":[{"embeddable":true,"href":"https:\/\/savourturkey.com\/cz\/wp-json\/wp\/v2\/users\/1"}],"replies":[{"embeddable":true,"href":"https:\/\/savourturkey.com\/cz\/wp-json\/wp\/v2\/comments?post=875"}],"version-history":[{"count":16,"href":"https:\/\/savourturkey.com\/cz\/wp-json\/wp\/v2\/pages\/875\/revisions"}],"predecessor-version":[{"id":1044,"href":"https:\/\/savourturkey.com\/cz\/wp-json\/wp\/v2\/pages\/875\/revisions\/1044"}],"up":[{"embeddable":true,"href":"https:\/\/savourturkey.com\/cz\/wp-json\/wp\/v2\/pages\/867"}],"wp:attachment":[{"href":"https:\/\/savourturkey.com\/cz\/wp-json\/wp\/v2\/media?parent=875"}],"wp:term":[{"taxonomy":"post_tag","embeddable":true,"href":"https:\/\/savourturkey.com\/cz\/wp-json\/wp\/v2\/tags?post=875"}],"curies":[{"name":"wp","href":"https:\/\/api.w.org\/{rel}","templated":true}]}}