{"id":967,"date":"2019-09-09T09:15:38","date_gmt":"2019-09-09T08:15:38","guid":{"rendered":"http:\/\/savourturkey.com\/cz\/?page_id=967"},"modified":"2022-08-15T13:04:19","modified_gmt":"2022-08-15T12:04:19","slug":"predvanocni-nakupy-v-istanbulu","status":"publish","type":"page","link":"https:\/\/savourturkey.com\/cz\/turistika\/nakupni-turistika\/predvanocni-nakupy-v-istanbulu\/","title":{"rendered":"P\u0159edv\u00e1no\u010dn\u00ed n\u00e1kupy v Istanbulu"},"content":{"rendered":"<p>&nbsp;<\/p>\n<p><a href=\"https:\/\/savourturkey.com\/cz\/wp-content\/uploads\/sites\/2\/2019\/09\/054.jpeg\"><img loading=\"lazy\" decoding=\"async\" class=\"alignnone size-full wp-image-970\" src=\"https:\/\/savourturkey.com\/cz\/wp-content\/uploads\/sites\/2\/2019\/09\/054.jpeg\" alt=\"\" width=\"4128\" height=\"2322\" srcset=\"https:\/\/savourturkey.com\/cz\/wp-content\/uploads\/sites\/2\/2019\/09\/054.jpeg 4128w, https:\/\/savourturkey.com\/cz\/wp-content\/uploads\/sites\/2\/2019\/09\/054-300x169.jpeg 300w, https:\/\/savourturkey.com\/cz\/wp-content\/uploads\/sites\/2\/2019\/09\/054-768x432.jpeg 768w, https:\/\/savourturkey.com\/cz\/wp-content\/uploads\/sites\/2\/2019\/09\/054-1024x576.jpeg 1024w\" sizes=\"auto, (max-width: 4128px) 100vw, 4128px\" \/><\/a><\/p>\n<p>&nbsp;<\/p>\n<p>Chcete pro sebe a sv\u00e9 bl\u00edzk\u00e9 po\u0159\u00eddit po\u0159\u00eddit n\u00e1dhern\u00e9 v\u00e1no\u010dn\u00ed d\u00e1rky z\u00a0Orientu? Pak se s\u00a0n\u00e1mi vydejte na p\u0159edv\u00e1no\u010dn\u00ed n\u00e1kupy do Istanbulu.<\/p>\n<p>&nbsp;<\/p>\n<p>\u0158\u00edk\u00e1 se, \u017ee to co nese\u017eenete na istanbulsk\u00fdch trz\u00edch, nese\u017eenete nikde jinde na sv\u011bt\u011b.<\/p>\n<p>Istanbul je toti\u017e ji\u017e od antick\u00fdch dob v\u00fdznamn\u00fdm obchodn\u00edm centrem. D\u00edky jeho v\u00fdjime\u010dn\u00e9 poloze mezi Evropou a Asi\u00ed proud\u00ed do m\u011bsta nep\u0159ebern\u00e9 mno\u017estv\u00ed n\u00e1dhern\u00fdch v\u011bc\u00ed z Orientu. A\u0165 u\u017e je to oble\u010den\u00ed, ko\u017een\u00e9 zbo\u017e\u00ed, ka\u0161m\u00edrov\u00e9 \u0161\u00e1ly, \u0161perky, keramika, m\u011bd\u011bn\u00e9 n\u00e1dob\u00ed, \u010daje, ko\u0159en\u00ed, vonn\u00e9 oleje, m\u00fddla nebo parf\u00e9my.<\/p>\n<p>Av\u0161ak najdete zde i v\u00edc \u2013 elegantn\u00ed butiky, vintage obchody, designov\u00e1 centra i modern\u00ed, luxusn\u00ed obchodn\u00ed domy. Istanbul je po\u0159\u00e1dnou konkurenc\u00ed Lond\u00fdna a Pa\u0159\u00ed\u017ee, kde m\u016f\u017eete utratit sv\u00e9 pen\u00edze. \u00a0Ov\u0161em jako v\u017edy v t\u00e9to patn\u00e1ctimilionov\u00e9 metropoli, mus\u00edte v\u011bd\u011bt, kam j\u00edt za t\u011bmi spr\u00e1vn\u00fdmi n\u00e1kupy.<\/p>\n<p>S\u00a0na\u0161im pr\u016fvodcem se dostanete na ty nejlep\u0161\u00ed a nejatraktivn\u011bj\u0161\u00ed bazary v Istanbulu, kde dostanete zbo\u017e\u00ed za v\u00fdborn\u00e9 ceny. Z\u00e1rove\u0148 v\u00e1s zavedeme i do jednotliv\u00fdch istanbulsk\u00fdch \u010dtvrt\u00ed, kter\u00e9 jsou proslaven\u00e9 specifick\u00fdm zbo\u017e\u00edm.<\/p>\n<p>V\u00a0r\u00e1mci va\u0161\u00ed p\u0159edv\u00e1no\u010dn\u00ed n\u00e1v\u0161t\u011bvy Istanbulu si tak\u00e9 prohl\u00e9dnete nejkr\u00e1sn\u011bj\u0161\u00ed pam\u00e1tky, a nav\u0161t\u00edv\u00edte luxusn\u00ed hamam.<\/p>\n<p>&nbsp;<\/p>\n<p><a href=\"https:\/\/savourturkey.com\/cz\/wp-content\/uploads\/sites\/2\/2019\/05\/014.jpg\"><img loading=\"lazy\" decoding=\"async\" class=\"alignnone size-large wp-image-954\" src=\"https:\/\/savourturkey.com\/cz\/wp-content\/uploads\/sites\/2\/2019\/05\/014-1024x576.jpg\" alt=\"\" width=\"700\" height=\"394\" srcset=\"https:\/\/savourturkey.com\/cz\/wp-content\/uploads\/sites\/2\/2019\/05\/014-1024x576.jpg 1024w, https:\/\/savourturkey.com\/cz\/wp-content\/uploads\/sites\/2\/2019\/05\/014-300x169.jpg 300w, https:\/\/savourturkey.com\/cz\/wp-content\/uploads\/sites\/2\/2019\/05\/014-768x432.jpg 768w\" sizes=\"auto, (max-width: 700px) 100vw, 700px\" \/><\/a><\/p>\n<p>&nbsp;<\/p>\n<p>&nbsp;<\/p>\n<p><strong>PROGRAM (d\u00e9lka programu 3 dny)<\/strong><\/p>\n<p>N\u00e1v\u0161t\u011bvy nejlep\u0161\u00edch istanbulsk\u00fdch bazar\u016f, nakupov\u00e1n\u00ed v\u00e1no\u010dn\u00edch d\u00e1rk\u016f<\/p>\n<p>Prohl\u00eddka nejkr\u00e1sn\u011bj\u0161\u00edch istanbulsk\u00fdch pam\u00e1tek<\/p>\n<p>N\u00e1v\u0161t\u011bva luxusn\u00edho hamamu, absolvov\u00e1n\u00ed tureck\u00e9 koupele<\/p>\n<p>&nbsp;<\/p>\n<p><strong>\u00a0<\/strong><\/p>\n<p><a href=\"https:\/\/savourturkey.com\/cz\/wp-content\/uploads\/sites\/2\/2015\/12\/ST-trh-susene-ovoce-e1449843312845.jpg\"><img loading=\"lazy\" decoding=\"async\" class=\"alignnone size-large wp-image-586\" src=\"https:\/\/savourturkey.com\/cz\/wp-content\/uploads\/sites\/2\/2015\/12\/ST-trh-susene-ovoce-1024x768.jpg\" alt=\"\" width=\"700\" height=\"525\" \/><\/a><\/p>\n<p>&nbsp;<\/p>\n<p>&nbsp;<\/p>\n<p><strong>PR\u016eVODCOVSK\u00c9 SLU\u017dBY:<\/strong><\/p>\n<p>Pr\u016fvodcovsk\u00e9 slu\u017eby poskytujeme v\u00a0Istanbulu pro jednotlivce nebo skupiny.<\/p>\n<p>D\u00edky tomu, \u017ee st\u0159\u00eddav\u011b pracujeme a \u017eijeme v\u00a0\u010cesk\u00e9 republice a v\u00a0Turecku za\u017eijete autentick\u00fd a velmi atraktivn\u00ed program v Istanbulu.<\/p>\n<p>Navrhneme v\u00e1m program na z\u00e1klad\u011b va\u0161ich p\u0159\u00e1n\u00ed a preferenc\u00ed.<\/p>\n<p><strong>\u00a0<\/strong><\/p>\n<p><strong>\u00a0<a href=\"https:\/\/savourturkey.com\/cz\/wp-content\/uploads\/sites\/2\/2018\/12\/005.jpeg\"><img loading=\"lazy\" decoding=\"async\" class=\"alignnone size-large wp-image-840\" src=\"https:\/\/savourturkey.com\/cz\/wp-content\/uploads\/sites\/2\/2018\/12\/005-1024x576.jpeg\" alt=\"\" width=\"700\" height=\"394\" srcset=\"https:\/\/savourturkey.com\/cz\/wp-content\/uploads\/sites\/2\/2018\/12\/005-1024x576.jpeg 1024w, https:\/\/savourturkey.com\/cz\/wp-content\/uploads\/sites\/2\/2018\/12\/005-300x169.jpeg 300w, https:\/\/savourturkey.com\/cz\/wp-content\/uploads\/sites\/2\/2018\/12\/005-768x432.jpeg 768w\" sizes=\"auto, (max-width: 700px) 100vw, 700px\" \/><\/a><\/strong><\/p>\n<p>&nbsp;<\/p>\n<p>&nbsp;<\/p>\n<p><strong>VA\u0160E V\u00ddHODY, KDY\u017d SI NAJMETE SOUKROM\u00c9HO PR\u016eVODCE:<\/strong><\/p>\n<p>Dostanete individu\u00e1ln\u00ed p\u00e9\u010di zalo\u017eenou na va\u0161ich p\u0159\u00e1n\u00edch, z\u00e1jmech a preferenc\u00edch.<\/p>\n<p>Zav\u00edt\u00e1te na ty nejlep\u0161\u00ed a nejatraktivn\u011bj\u0161\u00ed bazary v Istanbulu, kde dostanete n\u00e1dhern\u00e9 zbo\u017e\u00ed za v\u00fdborn\u00e9 ceny.<\/p>\n<p>Za\u017eijete okouzluj\u00edc\u00ed atmosf\u00e9ru istanbulsk\u00fdch bazar\u016f.<\/p>\n<p>Nav\u0161t\u00edv\u00edte m\u00edsta, kam se b\u011b\u017en\u00ed turist\u00e9 nedostanou, a kter\u00e1 nejsou v turistick\u00fdch pr\u016fvodc\u00edch.<\/p>\n<p>Budete m\u00edt dostatek \u010dasu na p\u0159edv\u00e1no\u010dn\u00ed n\u00e1kupy, dotazy, zast\u00e1vky a po\u0159izov\u00e1n\u00ed fotografi\u00ed dle va\u0161\u00ed pot\u0159eby.<\/p>\n<p>U\u0161et\u0159\u00edte spoustu \u010dasu \u2013 nezabloud\u00edte, nebudete st\u00e1t fronty na pam\u00e1tky, nebudete hledat lokality, kter\u00e9 chcete vid\u011bt.<\/p>\n<p>Velmi efektivn\u011b str\u00e1v\u00edte \u010das v Istanbulu \u2013 b\u011bhem va\u0161eho pobytu uvid\u00edte velk\u00e9 mno\u017estv\u00ed lokalit (samoz\u0159ejm\u011b dle va\u0161ich p\u0159\u00e1n\u00ed) a u\u017eijete si spoustu z\u00e1\u017eitk\u016f.<\/p>\n<p>Pozn\u00e1te zaj\u00edmav\u00e9 p\u0159\u00edb\u011bhy, kter\u00e9 nejsou uvedeny v\u00a0pr\u016fvodc\u00edch.<\/p>\n<p>Za\u017eijete p\u0159edv\u00e1no\u010dn\u00ed \u010das v\u00a0orient\u00e1ln\u00edm duchu.<\/p>\n<p>Dozv\u00edte se kvalifikovan\u00e9 a nezkreslen\u00e9\u00a0 informace.<\/p>\n<p>Rezervace pr\u016fvodcovsk\u00fdch slu\u017eeb je jednoduch\u00e1, p\u0159\u00edm\u00e1 a bez t\u0159et\u00ed strany, bez zprost\u0159edkovatele.<\/p>\n<p>&nbsp;<\/p>\n<p><strong><br \/>\nPRO INFORMACE A REZERVACE PI\u0160TE NA MAIL:<\/strong><\/p>\n<p>e-mail: savourturkey@gmail.com<\/p>\n","protected":false},"excerpt":{"rendered":"<p>&nbsp; &nbsp; Chcete pro sebe a sv\u00e9 bl\u00edzk\u00e9 po\u0159\u00eddit po\u0159\u00eddit n\u00e1dhern\u00e9 v\u00e1no\u010dn\u00ed d\u00e1rky z\u00a0Orientu? Pak se s\u00a0n\u00e1mi vydejte na p\u0159edv\u00e1no\u010dn\u00ed n\u00e1kupy do Istanbulu. &nbsp; \u0158\u00edk\u00e1 se, \u017ee to co nese\u017eenete na istanbulsk\u00fdch trz\u00edch, nese\u017eenete nikde jinde na sv\u011bt\u011b. Istanbul je&hellip; <\/p>\n","protected":false},"author":1,"featured_media":0,"parent":52,"menu_order":0,"comment_status":"closed","ping_status":"closed","template":"","meta":{"_acf_changed":false,"footnotes":""},"tags":[256,449,439,454,389,518,517,514,520,513,515,440,394,455,257,519],"class_list":["post-967","page","type-page","status-publish","hentry","tag-bazary-v-istanbulu","tag-dovolena-istanbul","tag-dovolena-turecko","tag-dovolena-v-istanbulu","tag-eurovikend-istanbul","tag-istanbul-trznice","tag-kde-nakupovat-v-istanbulu","tag-nakupovani-v-istanbulu","tag-predvanocni-istanbul","tag-predvanocni-nakupy-v-istanbulu","tag-prodlouzeny-vikend-v-istanbulu","tag-pruvodce-istanbul","tag-pruvodce-v-istanbulu","tag-pruvodce-v-turecku","tag-trhy-v-istanbulu","tag-vanocni-istanbul"],"acf":[],"_links":{"self":[{"href":"https:\/\/savourturkey.com\/cz\/wp-json\/wp\/v2\/pages\/967","targetHints":{"allow":["GET"]}}],"collection":[{"href":"https:\/\/savourturkey.com\/cz\/wp-json\/wp\/v2\/pages"}],"about":[{"href":"https:\/\/savourturkey.com\/cz\/wp-json\/wp\/v2\/types\/page"}],"author":[{"embeddable":true,"href":"https:\/\/savourturkey.com\/cz\/wp-json\/wp\/v2\/users\/1"}],"replies":[{"embeddable":true,"href":"https:\/\/savourturkey.com\/cz\/wp-json\/wp\/v2\/comments?post=967"}],"version-history":[{"count":5,"href":"https:\/\/savourturkey.com\/cz\/wp-json\/wp\/v2\/pages\/967\/revisions"}],"predecessor-version":[{"id":1087,"href":"https:\/\/savourturkey.com\/cz\/wp-json\/wp\/v2\/pages\/967\/revisions\/1087"}],"up":[{"embeddable":true,"href":"https:\/\/savourturkey.com\/cz\/wp-json\/wp\/v2\/pages\/52"}],"wp:attachment":[{"href":"https:\/\/savourturkey.com\/cz\/wp-json\/wp\/v2\/media?parent=967"}],"wp:term":[{"taxonomy":"post_tag","embeddable":true,"href":"https:\/\/savourturkey.com\/cz\/wp-json\/wp\/v2\/tags?post=967"}],"curies":[{"name":"wp","href":"https:\/\/api.w.org\/{rel}","templated":true}]}}