{"id":47,"date":"2015-10-21T11:17:33","date_gmt":"2015-10-21T10:17:33","guid":{"rendered":"http:\/\/savourturkey.com\/en\/?page_id=47"},"modified":"2024-06-06T15:22:40","modified_gmt":"2024-06-06T14:22:40","slug":"special-interest-tours","status":"publish","type":"page","link":"https:\/\/savourturkey.com\/en\/tours\/special-interest-tours\/","title":{"rendered":"Special Interest Tours"},"content":{"rendered":"<p>&nbsp;<\/p>\n<p><a href=\"https:\/\/savourturkey.com\/en\/wp-content\/uploads\/sites\/3\/2015\/11\/DSC_0609.jpg\"><img loading=\"lazy\" decoding=\"async\" class=\"alignnone size-full wp-image-238\" src=\"https:\/\/savourturkey.com\/en\/wp-content\/uploads\/sites\/3\/2015\/11\/DSC_0609.jpg\" alt=\"\" width=\"4928\" height=\"3264\" srcset=\"https:\/\/savourturkey.com\/en\/wp-content\/uploads\/sites\/3\/2015\/11\/DSC_0609.jpg 4928w, https:\/\/savourturkey.com\/en\/wp-content\/uploads\/sites\/3\/2015\/11\/DSC_0609-300x199.jpg 300w, https:\/\/savourturkey.com\/en\/wp-content\/uploads\/sites\/3\/2015\/11\/DSC_0609-1024x678.jpg 1024w\" sizes=\"auto, (max-width: 4928px) 100vw, 4928px\" \/><\/a><\/p>\n<p>&nbsp;<\/p>\n<p style=\"text-align: justify;\"><span style=\"vertical-align: inherit;\"><span style=\"vertical-align: inherit;\"><span style=\"vertical-align: inherit;\"><span style=\"vertical-align: inherit;\">Jste botanik, biolog, etnograf, fotograf, architekt?<\/span><\/span><\/span><\/span><\/p>\n<p style=\"text-align: justify;\"><span style=\"vertical-align: inherit;\"><span style=\"vertical-align: inherit;\"><span style=\"vertical-align: inherit;\"><span style=\"vertical-align: inherit;\">Nebo m\u00e1te jin\u00fd speci\u00e1ln\u00ed z\u00e1jem?<\/span><\/span><\/span><\/span><\/p>\n<p style=\"text-align: justify;\"><span style=\"vertical-align: inherit;\"><span style=\"vertical-align: inherit;\"><span style=\"vertical-align: inherit;\"><span style=\"vertical-align: inherit;\">Od pozorov\u00e1n\u00ed pt\u00e1k\u016f a fotografov\u00e1n\u00ed a\u017e po pozorov\u00e1n\u00ed divok\u00fdch orchidej\u00ed, m\u00edstn\u00ed \u0159emeslo a v\u00fdrobu, p\u0159\u00edrodn\u00ed medic\u00ednu, historick\u00e9 architektonick\u00e9 styly, sportovn\u00ed akce nebo v\u00fduku ture\u010dtiny, m\u016f\u017eeme navrhnout va\u0161i ide\u00e1ln\u00ed dovolenou tak, aby vyhovovala va\u0161im speci\u00e1ln\u00edm z\u00e1jm\u016fm.<\/span><\/span><\/span><\/span><\/p>\n<p style=\"text-align: justify;\"><span style=\"vertical-align: inherit;\"><span style=\"vertical-align: inherit;\"><span style=\"vertical-align: inherit;\"><span style=\"vertical-align: inherit;\">Pokud sd\u00edl\u00edte z\u00e1jem o pokrok v ur\u010dit\u00e9 oblasti znalost\u00ed a u\u010den\u00ed v Turecku, nev\u00e1hejte n\u00e1s kontaktovat.<\/span><\/span><\/span><\/span><\/p>\n<p>&nbsp;<\/p>\n<p><strong><span style=\"vertical-align: inherit;\"><span style=\"vertical-align: inherit;\"><span style=\"vertical-align: inherit;\"><span style=\"vertical-align: inherit;\">INFORMUJTE REZERVACI<\/span><\/span><\/span><\/span><\/strong><span style=\"vertical-align: inherit;\"><span style=\"vertical-align: inherit;\"><span style=\"vertical-align: inherit;\"><span style=\"vertical-align: inherit;\"> :<\/span><\/span><\/span><\/span><\/p>\n<p><span style=\"color: #000000;\"><span style=\"vertical-align: inherit;\"><span style=\"vertical-align: inherit;\"><span style=\"vertical-align: inherit;\"><span style=\"vertical-align: inherit;\">e-mail: <\/span><\/span><\/span><\/span><a style=\"color: #000000;\" href=\"mailto:info@savourturkey.com\"><span style=\"vertical-align: inherit;\"><span style=\"vertical-align: inherit;\"><span style=\"vertical-align: inherit;\"><span style=\"vertical-align: inherit;\">savourturkey@gmail.com<\/span><\/span><\/span><\/span><\/a><\/span><\/p>\n<p>&nbsp;<\/p>\n","protected":false},"excerpt":{"rendered":"<p>&nbsp; &nbsp; Jste botanik, biolog, etnograf, fotograf, architekt? Nebo m\u00e1te jin\u00fd speci\u00e1ln\u00ed z\u00e1jem? Od pozorov\u00e1n\u00ed pt\u00e1k\u016f a fotografov\u00e1n\u00ed a\u017e po pozorov\u00e1n\u00ed divok\u00fdch orchidej\u00ed, m\u00edstn\u00ed \u0159emeslo a v\u00fdrobu, p\u0159\u00edrodn\u00ed medic\u00ednu, historick\u00e9 architektonick\u00e9 styly, sportovn\u00ed akce nebo v\u00fduku ture\u010dtiny, m\u016f\u017eeme navrhnout va\u0161i&hellip; <\/p>\n","protected":false},"author":1,"featured_media":0,"parent":29,"menu_order":0,"comment_status":"closed","ping_status":"closed","template":"","meta":{"_acf_changed":false,"footnotes":""},"tags":[111,108,46,171,107,31,109,49,29,48,47,110,115,11,50,117,10,118,116,30],"class_list":["post-47","page","type-page","status-publish","hentry","tag-architect","tag-biologist","tag-bird-watching","tag-birdwatcher","tag-botanist","tag-eastern-anatolia","tag-ethnographer","tag-historic-architectural-styles","tag-kackar","tag-lokal-craft-and-production","tag-natural-medicine","tag-photographer","tag-photography","tag-savour-turkey","tag-special-interest-tours","tag-sport-events","tag-turkey","tag-turkish-lessons","tag-wild-orchid-viewing","tag-yaylalar"],"acf":[],"_links":{"self":[{"href":"https:\/\/savourturkey.com\/en\/wp-json\/wp\/v2\/pages\/47","targetHints":{"allow":["GET"]}}],"collection":[{"href":"https:\/\/savourturkey.com\/en\/wp-json\/wp\/v2\/pages"}],"about":[{"href":"https:\/\/savourturkey.com\/en\/wp-json\/wp\/v2\/types\/page"}],"author":[{"embeddable":true,"href":"https:\/\/savourturkey.com\/en\/wp-json\/wp\/v2\/users\/1"}],"replies":[{"embeddable":true,"href":"https:\/\/savourturkey.com\/en\/wp-json\/wp\/v2\/comments?post=47"}],"version-history":[{"count":11,"href":"https:\/\/savourturkey.com\/en\/wp-json\/wp\/v2\/pages\/47\/revisions"}],"predecessor-version":[{"id":800,"href":"https:\/\/savourturkey.com\/en\/wp-json\/wp\/v2\/pages\/47\/revisions\/800"}],"up":[{"embeddable":true,"href":"https:\/\/savourturkey.com\/en\/wp-json\/wp\/v2\/pages\/29"}],"wp:attachment":[{"href":"https:\/\/savourturkey.com\/en\/wp-json\/wp\/v2\/media?parent=47"}],"wp:term":[{"taxonomy":"post_tag","embeddable":true,"href":"https:\/\/savourturkey.com\/en\/wp-json\/wp\/v2\/tags?post=47"}],"curies":[{"name":"wp","href":"https:\/\/api.w.org\/{rel}","templated":true}]}}