{"id":53,"date":"2015-10-21T11:20:37","date_gmt":"2015-10-21T10:20:37","guid":{"rendered":"http:\/\/savourturkey.com\/en\/?page_id=53"},"modified":"2016-02-20T14:57:37","modified_gmt":"2016-02-20T13:57:37","slug":"press-media","status":"publish","type":"page","link":"https:\/\/savourturkey.com\/en\/press-media\/","title":{"rendered":"Press &#038; Media"},"content":{"rendered":"<p><a href=\"https:\/\/savourturkey.com\/en\/wp-content\/uploads\/sites\/3\/2015\/11\/pavla-sama-doma2.jpg\"><img loading=\"lazy\" decoding=\"async\" class=\"alignnone size-full wp-image-221\" src=\"https:\/\/savourturkey.com\/en\/wp-content\/uploads\/sites\/3\/2015\/11\/pavla-sama-doma2.jpg\" alt=\"\" width=\"4608\" height=\"3456\" srcset=\"https:\/\/savourturkey.com\/en\/wp-content\/uploads\/sites\/3\/2015\/11\/pavla-sama-doma2.jpg 4608w, https:\/\/savourturkey.com\/en\/wp-content\/uploads\/sites\/3\/2015\/11\/pavla-sama-doma2-300x225.jpg 300w, https:\/\/savourturkey.com\/en\/wp-content\/uploads\/sites\/3\/2015\/11\/pavla-sama-doma2-1024x768.jpg 1024w\" sizes=\"auto, (max-width: 4608px) 100vw, 4608px\" \/><\/a><\/p>\n<p style=\"text-align: justify;\">Pavla as a passionate voice in tourism, she frequently contributes to media such as, newspapers and magazines Fitness, Cosmopolitan, Lid\u00e9 a Zem\u011b, Ski magaz\u00edn and online newspaper Svobodn\u00e9 f\u00f3rum.<\/p>\n<p style=\"text-align: justify;\">Pavla is covered by the national media including Czech Radio\u00a0and Czech TV.<\/p>\n<p>&nbsp;<\/p>\n<p>&nbsp;<\/p>\n","protected":false},"excerpt":{"rendered":"<p>Pavla as a passionate voice in tourism, she frequently contributes to media such as, newspapers and magazines Fitness, Cosmopolitan, Lid\u00e9 a Zem\u011b, Ski magaz\u00edn and online newspaper Svobodn\u00e9 f\u00f3rum. Pavla is covered by the national media including Czech Radio\u00a0and Czech&hellip; <\/p>\n","protected":false},"author":1,"featured_media":0,"parent":0,"menu_order":0,"comment_status":"closed","ping_status":"closed","template":"","meta":{"_acf_changed":false,"footnotes":""},"tags":[324,23,24,325,19,25],"class_list":["post-53","page","type-page","status-publish","hentry","tag-cosmopolitan","tag-czech-radio","tag-czech-tv","tag-online-newspaper","tag-pavla-apostolaki","tag-tourism"],"acf":[],"_links":{"self":[{"href":"https:\/\/savourturkey.com\/en\/wp-json\/wp\/v2\/pages\/53","targetHints":{"allow":["GET"]}}],"collection":[{"href":"https:\/\/savourturkey.com\/en\/wp-json\/wp\/v2\/pages"}],"about":[{"href":"https:\/\/savourturkey.com\/en\/wp-json\/wp\/v2\/types\/page"}],"author":[{"embeddable":true,"href":"https:\/\/savourturkey.com\/en\/wp-json\/wp\/v2\/users\/1"}],"replies":[{"embeddable":true,"href":"https:\/\/savourturkey.com\/en\/wp-json\/wp\/v2\/comments?post=53"}],"version-history":[{"count":10,"href":"https:\/\/savourturkey.com\/en\/wp-json\/wp\/v2\/pages\/53\/revisions"}],"predecessor-version":[{"id":538,"href":"https:\/\/savourturkey.com\/en\/wp-json\/wp\/v2\/pages\/53\/revisions\/538"}],"wp:attachment":[{"href":"https:\/\/savourturkey.com\/en\/wp-json\/wp\/v2\/media?parent=53"}],"wp:term":[{"taxonomy":"post_tag","embeddable":true,"href":"https:\/\/savourturkey.com\/en\/wp-json\/wp\/v2\/tags?post=53"}],"curies":[{"name":"wp","href":"https:\/\/api.w.org\/{rel}","templated":true}]}}