{"id":673,"date":"2016-07-15T15:58:57","date_gmt":"2016-07-15T14:58:57","guid":{"rendered":"http:\/\/savourturkey.com\/en\/?page_id=673"},"modified":"2017-08-11T15:36:04","modified_gmt":"2017-08-11T14:36:04","slug":"boat-tour-in-istanbul","status":"publish","type":"page","link":"https:\/\/savourturkey.com\/en\/tours\/instanbul\/boat-tour-in-istanbul\/","title":{"rendered":"Boat Tours in Istanbul"},"content":{"rendered":"<p><a href=\"https:\/\/savourturkey.com\/en\/wp-content\/uploads\/sites\/3\/2016\/07\/Sulejmanova-me\u0161ita.jpg\"><img loading=\"lazy\" decoding=\"async\" class=\"alignnone size-full wp-image-672\" src=\"https:\/\/savourturkey.com\/en\/wp-content\/uploads\/sites\/3\/2016\/07\/Sulejmanova-me\u0161ita.jpg\" alt=\"\" width=\"2592\" height=\"1944\" \/><\/a><\/p>\n<p>&nbsp;<\/p>\n<p style=\"text-align: justify;\">Istanbul is the world\u2019s only city situated on two continents and it is only right and proper that this be fully appreciated. Taking a boat up the Bosphorus is an inexpensive way of seeing some of the main sights of both sides of the city and enjoying the beautiful views across the water. Highlights include the Ortak\u00f6y Mosque, the twin fortresses of Rumeli Hisar\u0131 and Anadolu Hisar\u0131, Kuleli Askeri Lisesi (an imposing military academy on the Asian side), the two bridges connecting Asia and Europe, and the splendid Ottoman mansions flanking both shores further up the Bosphorus.<\/p>\n<p>&nbsp;<\/p>\n<p><a href=\"https:\/\/savourturkey.com\/en\/wp-content\/uploads\/sites\/3\/2016\/07\/046.jpg\"><img loading=\"lazy\" decoding=\"async\" class=\"alignnone wp-image-671 size-large\" src=\"https:\/\/savourturkey.com\/en\/wp-content\/uploads\/sites\/3\/2016\/07\/046-768x1024.jpg\" width=\"700\" height=\"933\" srcset=\"https:\/\/savourturkey.com\/en\/wp-content\/uploads\/sites\/3\/2016\/07\/046-768x1024.jpg 768w, https:\/\/savourturkey.com\/en\/wp-content\/uploads\/sites\/3\/2016\/07\/046-225x300.jpg 225w, https:\/\/savourturkey.com\/en\/wp-content\/uploads\/sites\/3\/2016\/07\/046.jpg 1944w\" sizes=\"auto, (max-width: 700px) 100vw, 700px\" \/><\/a><\/p>\n<p>&nbsp;<\/p>\n<p style=\"text-align: justify;\">For a sultanesque experience, you can explore the Bosphorus with Sultan\u2019s Boats, replicas of Ottoman-style boats that Sultans used to travel with. Powered by 12 rowers, these 31-meter-long boats are made of woodwork, golden embellishments, and feature imperial sofas covered with rich, red fabrics.<\/p>\n<p>&nbsp;<\/p>\n<p><a href=\"https:\/\/savourturkey.com\/en\/wp-content\/uploads\/sites\/3\/2016\/07\/ST-Ortakoy-me\u0161ita-e1468594938983.jpg\"><img loading=\"lazy\" decoding=\"async\" class=\"alignnone wp-image-670 size-large\" src=\"https:\/\/savourturkey.com\/en\/wp-content\/uploads\/sites\/3\/2016\/07\/ST-Ortakoy-me\u0161ita-1024x768.jpg\" width=\"700\" height=\"525\" \/><\/a><\/p>\n<p>&nbsp;<\/p>\n<p style=\"text-align: justify;\">If you&#8217;re looking for something a little more tailor-made and unique, book a trip on yacht. You can arrange a tour designed exactly to your needs.<\/p>\n<p style=\"text-align: justify;\">There is a full bar on board, and dinner can be arranged too.<\/p>\n<p style=\"text-align: justify;\">There will be a guide on board who can tell you about the sites that you&#8217;re gliding past, but only if you&#8217;re genuinely curious \ud83d\ude42<\/p>\n<p>&nbsp;<\/p>\n<p>&nbsp;<\/p>\n<p><strong>For information and reservation contact us:<\/strong><\/p>\n<p>e-mail: info@savourturkey.com<\/p>\n<p>mobile: +420\u00a0603 520 697<\/p>\n","protected":false},"excerpt":{"rendered":"<p>&nbsp; Istanbul is the world\u2019s only city situated on two continents and it is only right and proper that this be fully appreciated. Taking a boat up the Bosphorus is an inexpensive way of seeing some of the main sights&hellip; <\/p>\n","protected":false},"author":1,"featured_media":0,"parent":31,"menu_order":3,"comment_status":"closed","ping_status":"closed","template":"","meta":{"_acf_changed":false,"footnotes":""},"tags":[415,418,236,40,281,414,11,416,417],"class_list":["post-673","page","type-page","status-publish","hentry","tag-anadolu-hisari","tag-boat-tours","tag-bosphorus","tag-istanbul","tag-ottoman","tag-rumeli-hisari","tag-savour-turkey","tag-sultans-boats","tag-yacht"],"acf":[],"_links":{"self":[{"href":"https:\/\/savourturkey.com\/en\/wp-json\/wp\/v2\/pages\/673","targetHints":{"allow":["GET"]}}],"collection":[{"href":"https:\/\/savourturkey.com\/en\/wp-json\/wp\/v2\/pages"}],"about":[{"href":"https:\/\/savourturkey.com\/en\/wp-json\/wp\/v2\/types\/page"}],"author":[{"embeddable":true,"href":"https:\/\/savourturkey.com\/en\/wp-json\/wp\/v2\/users\/1"}],"replies":[{"embeddable":true,"href":"https:\/\/savourturkey.com\/en\/wp-json\/wp\/v2\/comments?post=673"}],"version-history":[{"count":6,"href":"https:\/\/savourturkey.com\/en\/wp-json\/wp\/v2\/pages\/673\/revisions"}],"predecessor-version":[{"id":756,"href":"https:\/\/savourturkey.com\/en\/wp-json\/wp\/v2\/pages\/673\/revisions\/756"}],"up":[{"embeddable":true,"href":"https:\/\/savourturkey.com\/en\/wp-json\/wp\/v2\/pages\/31"}],"wp:attachment":[{"href":"https:\/\/savourturkey.com\/en\/wp-json\/wp\/v2\/media?parent=673"}],"wp:term":[{"taxonomy":"post_tag","embeddable":true,"href":"https:\/\/savourturkey.com\/en\/wp-json\/wp\/v2\/tags?post=673"}],"curies":[{"name":"wp","href":"https:\/\/api.w.org\/{rel}","templated":true}]}}