{"id":76,"date":"2015-10-21T11:24:42","date_gmt":"2015-10-21T10:24:42","guid":{"rendered":"http:\/\/savourturkey.com\/en\/?page_id=76"},"modified":"2015-12-19T18:42:44","modified_gmt":"2015-12-19T17:42:44","slug":"james-bond","status":"publish","type":"page","link":"https:\/\/savourturkey.com\/en\/tours\/film\/james-bond\/","title":{"rendered":"James Bond Tour in Istanbul"},"content":{"rendered":"<p>THIS PAGE COMING SOON<\/p>\n<p>&nbsp;<\/p>\n<p>Are you a 007 fan? Join us and visit a location shooting where James Bond films filmed!<\/p>\n<p style=\"text-align: justify;\">Only a few cities except London play a big part in the history of James Bond movies, and Istanbul is definitely one of them. That\u00b4s wonderful to watch three different James Bond films shot in Turkey, by different directors, featuring different lead actors and of course, showing the changing face of Istanbul over the years.<\/p>\n<p>&nbsp;<\/p>\n<p><strong>James Bond back in Istanbul !<\/strong><\/p>\n<p>&nbsp;<\/p>\n<p><iframe loading=\"lazy\" width=\"700\" height=\"394\" src=\"https:\/\/www.youtube.com\/embed\/l71nrJxLLEI?feature=oembed\" frameborder=\"0\" allowfullscreen><\/iframe><\/p>\n<p>&nbsp;<\/p>\n<p>&nbsp;<\/p>\n<p><strong>From Russia with Love (1963)<\/strong><\/p>\n<p style=\"text-align: justify;\">Sean Connery as 007 fights evil among the 1960s era of Istanbul. Scenes in Turkey start with the iconic Hagia Sophia and continue in different parts of Istanbul\u2019s historic peninsula including Basilica Cistern where Bond takes a mysterious underground boat ride. The events lead Bond to visit a gypsy tribe living at the Rumelian Castle and finally end with him boarding the Orient Express from Sirkeci train station to leave Turkey. The film also serves as an important documentary of old Istanbul.<\/p>\n<p>&nbsp;<\/p>\n<p><iframe loading=\"lazy\" width=\"700\" height=\"525\" src=\"https:\/\/www.youtube.com\/embed\/VqAOf66o1Wg?feature=oembed\" frameborder=\"0\" allowfullscreen><\/iframe><\/p>\n<p>&nbsp;<\/p>\n<p>&nbsp;<\/p>\n<p><strong>The World Is Not Enough (1999)<\/strong><\/p>\n<p>36 years and 17 films later, Pierce Brosnan take the role of 007 to visit Istanbul again. One of the key locations in the film is the famous Kiz Kulesi (Maiden\u2019s Tower), used as the hideout of the villain Renard.<\/p>\n<p>&nbsp;<\/p>\n<p><iframe loading=\"lazy\" width=\"700\" height=\"394\" src=\"https:\/\/www.youtube.com\/embed\/9nH1DwQP2Xs?feature=oembed\" frameborder=\"0\" allowfullscreen><\/iframe><\/p>\n<p>&nbsp;<\/p>\n<p>&nbsp;<\/p>\n<p>&nbsp;<\/p>\n<p><strong>Skyfall (2012)<\/strong><\/p>\n<p style=\"text-align: justify;\">\u201cSkyfall\u201c \u00a0is the most recognized James Bond film. The film begins with 007 at the Deutsche Orient Bank building witnessing his fellow MI6 agent being shot. He gets into an off-road vehicle and drives through the narrow streets of the Emin\u00f6n\u00fc district. A big local market, set in Emin\u00f6n\u00fc square for over a week, filmed the first part of the famous motorcycle chasing scenes, which then continued onto the roof of the ancient Grand Bazaar.<\/p>\n<p>&nbsp;<\/p>\n<p><iframe loading=\"lazy\" width=\"700\" height=\"394\" src=\"https:\/\/www.youtube.com\/embed\/6kw1UVovByw?feature=oembed\" frameborder=\"0\" allowfullscreen><\/iframe><\/p>\n<p>&nbsp;<\/p>\n<p>&nbsp;<\/p>\n<p>&nbsp;<\/p>\n<p><strong>Information and reservation:<\/strong><\/p>\n<p>e-mail: info@savourturkey.com<\/p>\n<p>mobile: +420\u00a0603 520 697,\u00a0+90 542 468 5271<\/p>\n","protected":false},"excerpt":{"rendered":"<p>THIS PAGE COMING SOON &nbsp; Are you a 007 fan? Join us and visit a location shooting where James Bond films filmed! Only a few cities except London play a big part in the history of James Bond movies, and&hellip; <\/p>\n","protected":false},"author":1,"featured_media":0,"parent":41,"menu_order":0,"comment_status":"closed","ping_status":"closed","template":"","meta":{"_acf_changed":false,"footnotes":""},"tags":[186,43,188,54,193,42,194,187,40,39,184,185,196,195,45,192,191,19,53,190,11,52,189,41,44,10],"class_list":["post-76","page","type-page","status-publish","hentry","tag-007-fan","tag-agent-007","tag-basilica-cistern","tag-daniel-craig","tag-eminonu","tag-from-russia-with-love","tag-grand-bazaar","tag-hagia-sophia","tag-istanbul","tag-james-bond","tag-james-bond-films","tag-james-bond-movies","tag-james-bond-tour","tag-kapalicarsi","tag-kiz-kulesi","tag-maidens-tower","tag-orient-express","tag-pavla-apostolaki","tag-pierce-brosnan","tag-rumelian-castle","tag-savour-turkey","tag-sean-connery","tag-sirkeci","tag-skyfall","tag-the-world-is-not-enough","tag-turkey"],"acf":[],"_links":{"self":[{"href":"https:\/\/savourturkey.com\/en\/wp-json\/wp\/v2\/pages\/76","targetHints":{"allow":["GET"]}}],"collection":[{"href":"https:\/\/savourturkey.com\/en\/wp-json\/wp\/v2\/pages"}],"about":[{"href":"https:\/\/savourturkey.com\/en\/wp-json\/wp\/v2\/types\/page"}],"author":[{"embeddable":true,"href":"https:\/\/savourturkey.com\/en\/wp-json\/wp\/v2\/users\/1"}],"replies":[{"embeddable":true,"href":"https:\/\/savourturkey.com\/en\/wp-json\/wp\/v2\/comments?post=76"}],"version-history":[{"count":11,"href":"https:\/\/savourturkey.com\/en\/wp-json\/wp\/v2\/pages\/76\/revisions"}],"predecessor-version":[{"id":463,"href":"https:\/\/savourturkey.com\/en\/wp-json\/wp\/v2\/pages\/76\/revisions\/463"}],"up":[{"embeddable":true,"href":"https:\/\/savourturkey.com\/en\/wp-json\/wp\/v2\/pages\/41"}],"wp:attachment":[{"href":"https:\/\/savourturkey.com\/en\/wp-json\/wp\/v2\/media?parent=76"}],"wp:term":[{"taxonomy":"post_tag","embeddable":true,"href":"https:\/\/savourturkey.com\/en\/wp-json\/wp\/v2\/tags?post=76"}],"curies":[{"name":"wp","href":"https:\/\/api.w.org\/{rel}","templated":true}]}}